{"id":9886,"date":"2024-10-28T08:57:21","date_gmt":"2024-10-28T07:57:21","guid":{"rendered":"https:\/\/schulebza.de\/rsplus\/?page_id=9886"},"modified":"2024-10-28T09:02:02","modified_gmt":"2024-10-28T08:02:02","slug":"schuelermitverwaltung-sv","status":"publish","type":"page","link":"https:\/\/schulebza.de\/rsplus\/schuelermitverwaltung-sv\/","title":{"rendered":"Sch\u00fcler\/innenvertretung SV"},"content":{"rendered":"\n<p>Bericht \u00fcber die Tagung der Sch\u00fclervertretung der Alfred Grosser Realschule<br><br>Am 08.10.2024 fand die erste gro\u00dfe Tagung der Sch\u00fclervertretung unserer Realschule in der Jugendherberge in Bad Bergzabern statt. Die Veranstaltung begann fr\u00fch am Morgen, als sich alle Teilnehmer in der Jugendherberge mit unseren SV- Lehrern Frau Krug und Herr Sturm versammelten. Die Atmosph\u00e4re war von Vorfreude und Motivation gepr\u00e4gt, da wir uns darauf vorbereiteten, wichtige Themen zu besprechen, die unsere Schule betreffen.<br><br>Zu Beginn der Tagung haben wir uns in Gruppen aufgeteilt, um gemeinsam zu erarbeiten, was unsere Schule bereits gut macht und wo es noch Verbesserungsbedarf gibt. Jeder Sch\u00fcler hatte die M\u00f6glichkeit, seine Ideen und W\u00fcnsche einzubringen. Wir diskutierten verschiedene Aspekte, wie zum Beispiel die Ausstattung der Klassenr\u00e4ume, die Gestaltung des Pausenhofs und die Organisation von Schulveranstaltungen. Es war beeindruckend zu sehen, wie engagiert und kreativ die Sch\u00fcler waren. Viele Vorschl\u00e4ge wurden gesammelt, die darauf abzielen, das Schulleben f\u00fcr alle zu bereichern.<br><br>Nach einem produktiven Tag voller Diskussionen und Brainstorming war es am Abend Zeit f\u00fcr eine entspannte Aktivit\u00e4t. Wir versammelten uns am Lagerfeuer, wo wir gemeinsam Stockbrot gemacht haben. W\u00e4hrend wir auf das Brot warteten, wurde viel gelacht und Geschichten erz\u00e4hlt. Diese lockere Atmosph\u00e4re st\u00e4rkte den Zusammenhalt innerhalb der Sch\u00fclervertretung und sorgte daf\u00fcr, dass wir uns besser kennenlernen konnten.<br><br>Am n\u00e4chsten Morgen, nach einem gemeinsamen Fr\u00fchst\u00fcck, packten wir unsere Sachen und machten uns bereit, die Jugendherberge zu verlassen. Wir waren alle gespannt darauf, unsere gesammelten Ideen und Vorschl\u00e4ge Frau Ellerwald, unserer Schulleiterin, vorzustellen. In einer Pr\u00e4sentation haben wir die wichtigsten Punkte zusammengefasst und erl\u00e4utert, wie wir die Schule weiter verbessern k\u00f6nnen. Frau Ellerwald zeigte sich interessiert und offen f\u00fcr unsere Vorschl\u00e4ge, was uns ermutigte, weiterhin aktiv an der Gestaltung unserer Schule mitzuwirken.<br><br>Insgesamt war die Tagung ein voller Erfolg. Wir haben nicht nur wertvolle Ideen entwickelt, sondern auch den Teamgeist innerhalb der Sch\u00fclervertretung gest\u00e4rkt. Die Erlebnisse werden uns noch lange in Erinnerung bleiben und motivieren uns, auch in Zukunft f\u00fcr die Belange unserer Mitsch\u00fcler einzutreten. Wir freuen uns darauf, die n\u00e4chsten Schritte in die Tat umzusetzen und unsere Schule gemeinsam zu einem noch besseren Ort zu machen.<\/p>\n\n\n\n<p>geschrieben von Jannik Frey (10R)<\/p>\n\n\n\n<figure class=\"wp-block-gallery has-nested-images columns-default is-cropped wp-block-gallery-1 is-layout-flex wp-block-gallery-is-layout-flex\">\n<figure class=\"wp-block-image size-large\"><img loading=\"lazy\" decoding=\"async\" width=\"768\" height=\"1024\" data-id=\"9887\" src=\"https:\/\/schulebza.de\/rsplus\/wp-content\/uploads\/2024\/10\/FullSizeRender-768x1024.jpeg\" alt=\"\" class=\"wp-image-9887\"\/><\/figure>\n\n\n\n<figure class=\"wp-block-image size-large\"><img loading=\"lazy\" decoding=\"async\" width=\"768\" height=\"1024\" data-id=\"9889\" src=\"https:\/\/schulebza.de\/rsplus\/wp-content\/uploads\/2024\/10\/IMG_8133-768x1024.jpeg\" alt=\"\" class=\"wp-image-9889\"\/><\/figure>\n\n\n\n<figure class=\"wp-block-image size-large\"><img loading=\"lazy\" decoding=\"async\" width=\"1024\" height=\"768\" data-id=\"9888\" src=\"https:\/\/schulebza.de\/rsplus\/wp-content\/uploads\/2024\/10\/IMG_8136-1024x768.jpeg\" alt=\"\" class=\"wp-image-9888\"\/><\/figure>\n<\/figure>\n","protected":false},"excerpt":{"rendered":"<p>Bericht \u00fcber die Tagung der Sch\u00fclervertretung der Alfred Grosser Realschule Am 08.10.2024 fand die erste gro\u00dfe Tagung der Sch\u00fclervertretung unserer Realschule in der Jugendherberge in Bad Bergzabern statt. Die Veranstaltung [&hellip;]<\/p>\n","protected":false},"author":10,"featured_media":0,"parent":0,"menu_order":0,"comment_status":"closed","ping_status":"closed","template":"","meta":{"_et_pb_use_builder":"off","_et_pb_old_content":"","_et_gb_content_width":"","footnotes":""},"class_list":["post-9886","page","type-page","status-publish","hentry"],"_links":{"self":[{"href":"https:\/\/schulebza.de\/rsplus\/wp-json\/wp\/v2\/pages\/9886","targetHints":{"allow":["GET"]}}],"collection":[{"href":"https:\/\/schulebza.de\/rsplus\/wp-json\/wp\/v2\/pages"}],"about":[{"href":"https:\/\/schulebza.de\/rsplus\/wp-json\/wp\/v2\/types\/page"}],"author":[{"embeddable":true,"href":"https:\/\/schulebza.de\/rsplus\/wp-json\/wp\/v2\/users\/10"}],"replies":[{"embeddable":true,"href":"https:\/\/schulebza.de\/rsplus\/wp-json\/wp\/v2\/comments?post=9886"}],"version-history":[{"count":3,"href":"https:\/\/schulebza.de\/rsplus\/wp-json\/wp\/v2\/pages\/9886\/revisions"}],"predecessor-version":[{"id":9894,"href":"https:\/\/schulebza.de\/rsplus\/wp-json\/wp\/v2\/pages\/9886\/revisions\/9894"}],"wp:attachment":[{"href":"https:\/\/schulebza.de\/rsplus\/wp-json\/wp\/v2\/media?parent=9886"}],"curies":[{"name":"wp","href":"https:\/\/api.w.org\/{rel}","templated":true}]}}