{"id":9371,"date":"2024-06-12T08:13:01","date_gmt":"2024-06-12T06:13:01","guid":{"rendered":"https:\/\/schulebza.de\/rsplus\/?page_id=9371"},"modified":"2024-06-12T08:21:28","modified_gmt":"2024-06-12T06:21:28","slug":"antrag-auf-beurlaubung-2","status":"publish","type":"page","link":"https:\/\/schulebza.de\/rsplus\/antrag-auf-beurlaubung-2\/","title":{"rendered":"Antrag auf Beurlaubung"},"content":{"rendered":"\n<p>F\u00fcr jeden Fehltag oder Fehlzeitraum ihres Kindes, der vor dem Termin bekannt ist, muss ein Antrag auf Beurlaubung eingereicht werden. <\/p>\n\n\n\n<p>F\u00fcllen Sie bitte den Antrag <strong>fr\u00fchzeitig<\/strong> vor dem Termin aus und leiten Ihn der Klassenleitung zu. Von dieser erhalten Sie einen Entscheid.<\/p>\n\n\n\n<p>Die Klassenleitungen k\u00f6nnen \u00fcber die Beurlaubungen bis <strong>3 Schultagen<\/strong> entscheiden.<\/p>\n\n\n\n<p>Dar\u00fcber hinausgehende Zeitr\u00e4ume k\u00f6nnen nur von der<strong> Schulleitung bzw. Stufenleitung<\/strong> genehmigt werden. <\/p>\n\n\n\n<p>Eine Beurlaubung vor und nach <strong>Ferienzeiten<\/strong> kann nur in besonderen <strong>Ausnahmef\u00e4llen<\/strong> und alleine von der <strong>Schulleitung<\/strong> genehmigt werden. Sollten Sie eine Genehmigung schriftlich erhalten, ist dieses Schreiben in der Zeit der Beurlaubung mitzuf\u00fchren. Es ist gegebenenfalls der Polizei, dem Ordnungsamt oder dem Zoll vorzulegen. Ein Fehlen dieses Schreibens kann zu empfindlichen Geldbu\u00dfen f\u00fchren. <\/p>\n\n\n\n<p>Leiten Sie alle Antr\u00e4ge \u00fcber die <strong>Klassenleitungen<\/strong> weiter.  <\/p>\n\n\n\n<p><\/p>\n\n\n\n<p><a href=\"https:\/\/schulebza.de\/rsplus\/wp-content\/uploads\/2024\/06\/Antrag-auf-Beurlaubung.pdf\">Antrag auf Beurlaubung<\/a><\/p>\n\n\n\n<p><\/p>\n\n\n\n<p><a href=\"https:\/\/schulebza.de\/rsplus\/wp-content\/uploads\/2024\/06\/Antrag-auf-Beurlaubung-Opferfest.pdf\">Antrag auf Beurlaubung z.B. Opferfest mit arabischer \u00dcbersetzung<\/a> <\/p>\n\n\n\n<p><a href=\"https:\/\/schulebza.de\/rsplus\/wp-content\/uploads\/2024\/06\/Antrag-auf-Beurlaubung-Opferfest.pdf\">\u0637\u0644\u0628 \u0625\u062c\u0627\u0632\u0629 \u0639\u0644\u0649 \u0633\u0628\u064a\u0644 \u0627\u0644\u0645\u062b\u0627\u0644 \u0639\u064a\u062f \u0627\u0644\u0623\u0636\u062d\u0649 \u0645\u0639 \u0627\u0644\u062a\u0631\u062c\u0645\u0629 \u0627\u0644\u0639\u0631\u0628\u064a\u0629talab &#8218;iijazatan ealaa sabil almithal eid al&#8217;adhaa mae altarjamat alearabia<\/a><\/p>\n","protected":false},"excerpt":{"rendered":"<p>F\u00fcr jeden Fehltag oder Fehlzeitraum ihres Kindes, der vor dem Termin bekannt ist, muss ein Antrag auf Beurlaubung eingereicht werden. F\u00fcllen Sie bitte den Antrag fr\u00fchzeitig vor dem Termin aus [&hellip;]<\/p>\n","protected":false},"author":10,"featured_media":0,"parent":0,"menu_order":0,"comment_status":"closed","ping_status":"closed","template":"","meta":{"_et_pb_use_builder":"","_et_pb_old_content":"","_et_gb_content_width":"","footnotes":""},"class_list":["post-9371","page","type-page","status-publish","hentry"],"_links":{"self":[{"href":"https:\/\/schulebza.de\/rsplus\/wp-json\/wp\/v2\/pages\/9371","targetHints":{"allow":["GET"]}}],"collection":[{"href":"https:\/\/schulebza.de\/rsplus\/wp-json\/wp\/v2\/pages"}],"about":[{"href":"https:\/\/schulebza.de\/rsplus\/wp-json\/wp\/v2\/types\/page"}],"author":[{"embeddable":true,"href":"https:\/\/schulebza.de\/rsplus\/wp-json\/wp\/v2\/users\/10"}],"replies":[{"embeddable":true,"href":"https:\/\/schulebza.de\/rsplus\/wp-json\/wp\/v2\/comments?post=9371"}],"version-history":[{"count":6,"href":"https:\/\/schulebza.de\/rsplus\/wp-json\/wp\/v2\/pages\/9371\/revisions"}],"predecessor-version":[{"id":9381,"href":"https:\/\/schulebza.de\/rsplus\/wp-json\/wp\/v2\/pages\/9371\/revisions\/9381"}],"wp:attachment":[{"href":"https:\/\/schulebza.de\/rsplus\/wp-json\/wp\/v2\/media?parent=9371"}],"curies":[{"name":"wp","href":"https:\/\/api.w.org\/{rel}","templated":true}]}}