{"id":9333,"date":"2024-06-05T07:59:26","date_gmt":"2024-06-05T05:59:26","guid":{"rendered":"https:\/\/schulebza.de\/rsplus\/?page_id=9333"},"modified":"2024-06-05T07:59:27","modified_gmt":"2024-06-05T05:59:27","slug":"sei-fit-fuer-dein-leben-berichte-ueber-die-workshops-zum-projekt-stark-ins-leben","status":"publish","type":"page","link":"https:\/\/schulebza.de\/rsplus\/sei-fit-fuer-dein-leben-berichte-ueber-die-workshops-zum-projekt-stark-ins-leben\/","title":{"rendered":"Sei fit f\u00fcr dein Leben &#8211; Berichte \u00fcber die Workshops zum Projekt \u201eStark ins Leben\u201c"},"content":{"rendered":"\n<figure class=\"wp-block-image size-large\"><img loading=\"lazy\" decoding=\"async\" width=\"1024\" height=\"768\" src=\"https:\/\/schulebza.de\/rsplus\/wp-content\/uploads\/2024\/06\/IMG_0334-1024x768.jpg\" alt=\"\" class=\"wp-image-9324\"\/><\/figure>\n\n\n\n<p>\u201eResilienz &#8211; Wie st\u00e4rke ich mich f\u00fcrs (Berufs-)Leben\u201c bzw. \u201eWas kostet das Leben? Reicht mir meine Ausbildungsverg\u00fctung?\u201c waren die Themen, mit denen sich die Sch\u00fclerinnen und Sch\u00fcler der 11. Klasse der Fachoberschule Gesundheit und Gestaltung am 07.05.2024 bei Workshops im Rahmen des Projekts \u201eStark ins Leben\u201c besch\u00e4ftigten.<\/p>\n\n\n\n<p><strong>Resilienz \u2013 Wie st\u00e4rke ich mich f\u00fcrs (Berufs-)Leben<\/strong><\/p>\n\n\n\n<p>Die Sch\u00fclerinnen und Sch\u00fcler, die diesen Workshop gew\u00e4hlt hatten, erfuhren vor Ort im Pfalzklinikum zun\u00e4chst etwas \u00fcber den Begriff Resilienz und die Trainierbarkeit der eigenen Resilienz. Ein pers\u00f6nlicher \u201eResilienz-Briefumschlag\u201c mit Anregungen und Tipps sowie kurze \u00dcbungen veranschaulichten das Thema. Bei einem gemeinsamen Spaziergang auf dem Achtsamkeitswegs des Pfalzklinikums durfte jeder ganz frei von sonstiger Ablenkung die sch\u00f6ne Pfalz bewusst \u00fcber die Sinne Sehen, H\u00f6ren und F\u00fchlen wahrnehmen \u2013 f\u00fcr den ein oder anderen eine neue und vor allem sehr intensive Erfahrung. Mit einem gemeinsamen Mittagessen fand der Tag schlie\u00dflich bei angeregten Gespr\u00e4chen und guter Stimmung seinen Ausklang. Jeder Workshop-Teilnehmer durfte ein von der Ergotherapie im Pfalzklinikum gestaltetes kleines \u201eStehaufm\u00e4nnchen\u201c mitnehmen, um so immer wieder an diesen Workshop, die eigene Resilienz und deren St\u00e4rkung durch \u00dcbung und bewusstes (er)leben erinnert zu werden.<\/p>\n\n\n\n<p>&nbsp;<strong>Was kostet das Leben? Reicht mir meine Ausbildungsverg\u00fctung?<\/strong><\/p>\n\n\n\n<p>Viele Sch\u00fclerinnen und Sch\u00fcler stellen sich diese Frage und wissen nicht, ob der Traum vom selbstst\u00e4ndigen Leben in der Ausbildungszeit \u00fcberhaupt m\u00f6glich ist. Was das Leben kostet, erf\u00e4hrt man am besten im Realitycheck, meinte Moni Vogler, Schulleiterin der Nardini-Pflegeschule in Landau und lud die FOSler zum Einkaufen ein. Nicht in einem normalen Supermarkt, sondern im Herzen von Landau durften die Jugendlichen auf dem Wochenmarkt nach Herzenslust probieren und einkaufen. Br\u00f6tchen, Wurst, K\u00e4se und auch Obst landeten in den Einkaufstaschen der Sch\u00fclerinnen und Sch\u00fcler. Und w\u00e4hrend sich diese f\u00fcllten, gab es so ganz nebenbei noch interessante Diskussionen \u00fcber das Thema gesunde und faire Lebensmittel. Zur\u00fcck in der Pflegeschule am Vinzentiuskrankenhaus, wurde nach einem ausgiebigen Fr\u00fchst\u00fcck die harte Realit\u00e4t des Alltags, genauer des Finanzalltags, in den Blick genommen. Was verdient eine Pflegefachkraft, was gibt man monatlich f\u00fcr Wohnen, Essen, Mobilit\u00e4t und Freizeit aus? Die harten Zahlen zeigten es deutlich, wer in der Ausbildung selbstst\u00e4ndig und alleine leben will, muss sich seiner Ausgaben sehr bewusst sein. \u201eIch habe wirklich was gelernt\u201c, war das positive Fazit der Sch\u00fcler.&nbsp;<\/p>\n\n\n\n<p>Wir danken Frau Alexandra Freitag und Frau Judith Sinn sowie dem gesamten beteiligten Team des Bildungszentrums im Pfalzklinikum f\u00fcr den anregenden Workshop und die Gastfreundschaft. Ebenso bedanken wir uns bei Frau Moni Vogler von der Nardini- Pflegeschule f\u00fcr den interessanten und leckeren Workshop. Wir freuen uns, wenn wir im n\u00e4chsten Jahr mit unseren Sch\u00fclerinnen und Sch\u00fclern wieder einen Ausflug in das Alltagsleben unternehmen d\u00fcrfen.<\/p>\n\n\n\n<figure class=\"wp-block-gallery has-nested-images columns-default is-cropped wp-block-gallery-1 is-layout-flex wp-block-gallery-is-layout-flex\">\n<figure class=\"wp-block-image size-large\"><img loading=\"lazy\" decoding=\"async\" width=\"1024\" height=\"768\" data-id=\"9328\" src=\"https:\/\/schulebza.de\/rsplus\/wp-content\/uploads\/2024\/06\/IMG_2580-1024x768.jpg\" alt=\"\" class=\"wp-image-9328\"\/><\/figure>\n\n\n\n<figure class=\"wp-block-image size-large\"><img loading=\"lazy\" decoding=\"async\" width=\"1024\" height=\"768\" data-id=\"9327\" src=\"https:\/\/schulebza.de\/rsplus\/wp-content\/uploads\/2024\/06\/IMG_2576-1024x768.jpg\" alt=\"\" class=\"wp-image-9327\"\/><\/figure>\n\n\n\n<figure class=\"wp-block-image size-large\"><img loading=\"lazy\" decoding=\"async\" width=\"768\" height=\"1024\" data-id=\"9326\" src=\"https:\/\/schulebza.de\/rsplus\/wp-content\/uploads\/2024\/06\/IMG_2566-768x1024.jpg\" alt=\"\" class=\"wp-image-9326\"\/><\/figure>\n\n\n\n<figure class=\"wp-block-image size-large\"><img loading=\"lazy\" decoding=\"async\" width=\"1024\" height=\"768\" data-id=\"9325\" src=\"https:\/\/schulebza.de\/rsplus\/wp-content\/uploads\/2024\/06\/IMG_0349-1024x768.jpg\" alt=\"\" class=\"wp-image-9325\"\/><\/figure>\n\n\n\n<figure class=\"wp-block-image size-large\"><img loading=\"lazy\" decoding=\"async\" width=\"1024\" height=\"768\" data-id=\"9323\" src=\"https:\/\/schulebza.de\/rsplus\/wp-content\/uploads\/2024\/06\/IMG_0330-1024x768.jpg\" alt=\"\" class=\"wp-image-9323\"\/><\/figure>\n<\/figure>\n","protected":false},"excerpt":{"rendered":"<p>\u201eResilienz &#8211; Wie st\u00e4rke ich mich f\u00fcrs (Berufs-)Leben\u201c bzw. \u201eWas kostet das Leben? Reicht mir meine Ausbildungsverg\u00fctung?\u201c waren die Themen, mit denen sich die Sch\u00fclerinnen und Sch\u00fcler der 11. Klasse [&hellip;]<\/p>\n","protected":false},"author":10,"featured_media":0,"parent":0,"menu_order":0,"comment_status":"closed","ping_status":"closed","template":"","meta":{"_et_pb_use_builder":"off","_et_pb_old_content":"","_et_gb_content_width":"","footnotes":""},"class_list":["post-9333","page","type-page","status-publish","hentry"],"_links":{"self":[{"href":"https:\/\/schulebza.de\/rsplus\/wp-json\/wp\/v2\/pages\/9333","targetHints":{"allow":["GET"]}}],"collection":[{"href":"https:\/\/schulebza.de\/rsplus\/wp-json\/wp\/v2\/pages"}],"about":[{"href":"https:\/\/schulebza.de\/rsplus\/wp-json\/wp\/v2\/types\/page"}],"author":[{"embeddable":true,"href":"https:\/\/schulebza.de\/rsplus\/wp-json\/wp\/v2\/users\/10"}],"replies":[{"embeddable":true,"href":"https:\/\/schulebza.de\/rsplus\/wp-json\/wp\/v2\/comments?post=9333"}],"version-history":[{"count":1,"href":"https:\/\/schulebza.de\/rsplus\/wp-json\/wp\/v2\/pages\/9333\/revisions"}],"predecessor-version":[{"id":9335,"href":"https:\/\/schulebza.de\/rsplus\/wp-json\/wp\/v2\/pages\/9333\/revisions\/9335"}],"wp:attachment":[{"href":"https:\/\/schulebza.de\/rsplus\/wp-json\/wp\/v2\/media?parent=9333"}],"curies":[{"name":"wp","href":"https:\/\/api.w.org\/{rel}","templated":true}]}}