{"id":867,"date":"2020-02-10T14:02:18","date_gmt":"2020-02-10T13:02:18","guid":{"rendered":"http:\/\/rsplusneu.schulebza.de\/?page_id=867"},"modified":"2024-12-12T12:51:34","modified_gmt":"2024-12-12T11:51:34","slug":"benutzerordnung-fuer-die-computersaele","status":"publish","type":"page","link":"https:\/\/schulebza.de\/rsplus\/services\/benutzerordnung-fuer-die-computersaele\/","title":{"rendered":"Benutzerordnung f\u00fcr die Computers\u00e4le"},"content":{"rendered":"\n<h2 class=\"wp-block-heading\"><\/h2>\n\n\n\n<p>Die Computers\u00e4le im \nAlfred-Grosser-Schulzentrum stehen all denjenigen zur Verf\u00fcgung, die an \nLehrveran\u00adstaltungen der gemeinsamen Orientierungsstufe sowie der \nRealschule plus teilnehmen. Eine Be\u00adnut\u00adzung da\u00adr\u00fc\u00adber hinaus ist nur \nnach Absprache mit dem Computersaalbetreuer m\u00f6glich.<\/p>\n\n\n\n<p>Alle benutzerberechtigten Sch\u00fcler und Lehrkr\u00e4fte d\u00fcrfen den Internet-Zugang kostenlos be\u00adnutzen.<\/p>\n\n\n\n<p>Mit seiner Unterschrift und dem Eintrag\n in die Benutzerliste am Arbeitsplatz akzeptiert der Benutzer das \nEin\u00adver\u00adst\u00e4nd\u00adnis dieser Benutzerordnung.<\/p>\n\n\n\n<p>Der Zugang zu dem Computersaal erfolgt  in Absprache mit dem Computersaalbetreuer. Um die st\u00e4ndige Verf\u00fcgbarkeit  der einzelnen Arbeitspl\u00e4tze zu gew\u00e4hrleisten, muss sich jeder Nutzer  ent\u00adsprechend den Hinweisen und Wei\u00adsun\u00adgen des Lehrpersonals verhalten.  Als Grundlage dient die folgende mit den Schulleitern des Schulzentrums  beschlossene Benutzer- und Computersaalordnung.<\/p>\n\n\n\n<ol class=\"wp-block-list\">\n<li>Alle Gegenst\u00e4nde des Computersaals <br>sind mit strengster Sorgfalt zu behandeln. An der \u201eHard\u00adware\u201c d\u00fcrfen <br>keine Ver\u00e4nderungen vorgenommen werden.<\/li>\n\n\n\n<li>Jeder Benutzer hat sich so zu <br>verhalten, dass andere Nutzer ungest\u00f6rt arbeiten k\u00f6n\u00adnen, insbesondere <br>ist jeder f\u00fcr Ruhe und Ordnung selbst verantwortlich.<\/li>\n\n\n\n<li>Im Rechnerraum ist die Einnahme von Speisen und Getr\u00e4nken sowie das Kauen von Kaugummi und \u201eRauchen\u201c strengstens untersagt.<\/li>\n\n\n\n<li>Die Computers\u00e4le stehen all denjenigen<br> zur Verf\u00fcgung, die an Lehrveranstaltungen in der gemein\u00adsamen <br>Orientierungsstufe und der Realschule teilnehmen.<\/li>\n\n\n\n<li>Zu Beginn des Unterrichts begeben sich<br> alle Sch\u00fcler zu ihren Arbeitspl\u00e4tzen und tragen sich in die <br>Benutzerliste ein. Sie schalten gegebenenfalls Monitor und Rechner ein <br>und warten, bis der Lehrer mit dem Unter\u00adricht beginnt. Die Taschen <br>verbleiben entweder im Klassenzimmer oder werden unter den Tisch <br>geschoben.<\/li>\n\n\n\n<li>Ein Ausschalten der Rechneranlage wird vom Lehrer angeordnet und ist meistens nur nach der 6. Stunde notwendig.<\/li>\n\n\n\n<li>Defekte Ger\u00e4te sind der Aufsicht bzw. dem Computersaalbetreuer sofort anzuzeigen und in der Benutzerliste zu vermerken.<\/li>\n\n\n\n<li>Der Aufenthalt von Sch\u00fclern im <br>Computersaal ist au\u00dferhalb der Unterrichtszeit nur mit schrift\u00adlicher <br>Genehmigung des Computersaalbetreuers zul\u00e4ssig.<\/li>\n\n\n\n<li>Vor dem Verlassen des Raumes ist daf\u00fcr<br> Sorge zu tragen, dass jeder Benutzer sich vom Netz\u00adwerk ord\u00adnungsgem\u00e4\u00df <br>abmel\u00addet. Die Arbeitspl\u00e4tze sind in einem ordentlichen Zustand zu <br>hinterlassen<\/li>\n\n\n\n<li>Der Internet-Zugang ist ausschlie\u00dflich f\u00fcr unterrichtliche Zwecke bestimmt. \u201ePrivate\u201c Recherchen sind nicht erlaub<\/li>\n\n\n\n<li>Das Versenden von Emails ist im Rahmen freier E-Mail-Dienste im WWW m\u00f6glich.<\/li>\n\n\n\n<li>Handlungen zum Schaden der Schule <br>(dazu geh\u00f6rt auch das unerlaubte Installieren von Software und damit <br>eventuell die Installation von Computerviren usw.) oder Hand\u00adlungen zum <br>Schaden Dritter (z. B. Bestellungen im Namen anderer Personen) sind <br>verboten<\/li>\n\n\n\n<li>Beim Herunterladen oder Ausdrucken von<br> Texten, Bilder, Software etc. sind die Bestim\u00admungen des Ur\u00adheberrechts<br> zu beachten. Dies gilt insbesondere f\u00fcr die Sonder\u00advor\u00adschrif\u00adten zum <br>Schutz von Com\u00adpu\u00adter\u00adprogrammen (siehe \u00a7 69 a \u2013 g des <br>Urheberrechts\u00adgesetz\u00ades).<\/li>\n\n\n\n<li>Der Abruf von Internet-Seiten oder \u2013 <br>Diensten, die gegen geltendes Recht versto\u00dfen, ist untersagt. Dies gilt <br>insbesondere f\u00fcr die Nutzung von Internet-Angeboten mit <br>porno\u00adgraphischen oder rechtsradikalen Inhalten<\/li>\n\n\n\n<li>Das Schulzentrum haftet nicht f\u00fcr Viren, die auf den Rechnern vorhanden sein k\u00f6nnen.<\/li>\n\n\n\n<li>Ein Versto\u00df gegen die <br>Nutzungsbedingungen kann den sofortigen Ausschluss von der <br>Internet-Nutzung sowie eine Schulstrafe zur Folge haben.<\/li>\n\n\n\n<li>Bei Versto\u00df gegen diese Ordnung k\u00f6nnen<br> Sanktionen gem\u00e4\u00df der Schulordnung ver\u00adh\u00e4ngt wer\u00adden. In schweren F\u00e4llen<br> \u2013 etwa bei grob fahrl\u00e4ssig verursachten Sch\u00e4den \u2013 wird die allgemei\u00adne <br>Nutzung auf Dauer entzogen und der Benutzer beziehungsweise seine <br>Erziehungs\u00adbe\u00adrech\u00adtigten zu Regress\u00adan\u00adspr\u00fcc\u00adh\u00aden herangezogen.<\/li>\n\n\n\n<li>Diese Computersaalordnung wird allen <br>Lernenden ausgeh\u00e4ndigt. Sie best\u00e4tigen mit ihrer Unterschrift, dass sie <br>von dieser Nutzerordnung Kenntnis haben.<\/li>\n\n\n\n<li>Weiterhin verpflichten sie sich, die Regeln dieser Computersaalordnung zu befolgen.<\/li>\n<\/ol>\n\n\n\n<p>Zur Information<\/p>\n\n\n\n<p><strong>Alle aufgerufenen Internet-Seiten k\u00f6nnen protokolliert und somit zur\u00fcckverfolgt werden!<\/strong><\/p>\n\n\n\n<p><strong>Die Monitore aller Rechner k\u00f6nnen vom Lehrerarbeitsplatz eingesehen werden.<\/strong><\/p>\n","protected":false},"excerpt":{"rendered":"<p>Die Computers\u00e4le im Alfred-Grosser-Schulzentrum stehen all denjenigen zur Verf\u00fcgung, die an Lehrveran\u00adstaltungen der gemeinsamen Orientierungsstufe sowie der Realschule plus teilnehmen. Eine Be\u00adnut\u00adzung da\u00adr\u00fc\u00adber hinaus ist nur nach Absprache mit dem [&hellip;]<\/p>\n","protected":false},"author":1,"featured_media":0,"parent":840,"menu_order":10,"comment_status":"closed","ping_status":"closed","template":"","meta":{"_et_pb_use_builder":"off","_et_pb_old_content":"","_et_gb_content_width":"","footnotes":""},"class_list":["post-867","page","type-page","status-publish","hentry"],"_links":{"self":[{"href":"https:\/\/schulebza.de\/rsplus\/wp-json\/wp\/v2\/pages\/867","targetHints":{"allow":["GET"]}}],"collection":[{"href":"https:\/\/schulebza.de\/rsplus\/wp-json\/wp\/v2\/pages"}],"about":[{"href":"https:\/\/schulebza.de\/rsplus\/wp-json\/wp\/v2\/types\/page"}],"author":[{"embeddable":true,"href":"https:\/\/schulebza.de\/rsplus\/wp-json\/wp\/v2\/users\/1"}],"replies":[{"embeddable":true,"href":"https:\/\/schulebza.de\/rsplus\/wp-json\/wp\/v2\/comments?post=867"}],"version-history":[{"count":2,"href":"https:\/\/schulebza.de\/rsplus\/wp-json\/wp\/v2\/pages\/867\/revisions"}],"predecessor-version":[{"id":10300,"href":"https:\/\/schulebza.de\/rsplus\/wp-json\/wp\/v2\/pages\/867\/revisions\/10300"}],"up":[{"embeddable":true,"href":"https:\/\/schulebza.de\/rsplus\/wp-json\/wp\/v2\/pages\/840"}],"wp:attachment":[{"href":"https:\/\/schulebza.de\/rsplus\/wp-json\/wp\/v2\/media?parent=867"}],"curies":[{"name":"wp","href":"https:\/\/api.w.org\/{rel}","templated":true}]}}