{"id":846,"date":"2020-02-10T13:04:50","date_gmt":"2020-02-10T12:04:50","guid":{"rendered":"http:\/\/rsplusneu.schulebza.de\/?page_id=846"},"modified":"2024-03-13T13:30:18","modified_gmt":"2024-03-13T12:30:18","slug":"busfahrplaene","status":"publish","type":"page","link":"https:\/\/schulebza.de\/rsplus\/services\/busfahrplaene\/","title":{"rendered":"Busfahrpl\u00e4ne"},"content":{"rendered":"\n<p>Der folgende Link verweist auf die verschiedenen Verkehrsverb\u00fcnde des \u00f6ffentlichen Nahverkehrs. Auf der entsprechenden Homepage finden Sie die Bus- bzw. Bahnfahrpl\u00e4ne.\u00a0 <a href=\"https:\/\/www.suedliche-weinstrasse.de\/landkreis-suew\/oepnv\/\" target=\"_blank\" rel=\"noreferrer noopener\">Klicken Sie hier<\/a><\/p>\n\n\n\n<p><a href=\"https:\/\/schulebza.de\/rsplus\/wp-content\/uploads\/2022\/12\/SUeW-Medien-Info-2.docx\" target=\"_blank\" rel=\"noreferrer noopener\">Hinweise der Kreisverwaltung bei au\u00dfergew\u00f6hnlichen wetterbedingten Umst\u00e4nden.<\/a><\/p>\n\n\n\n<p><strong>\u00dcbergreifende Schulordnung<\/strong><\/p>\n\n\n\n<p>\u00a7 33 Teilnahme am Unterricht und an sonstigen <br>&nbsp; &nbsp; &nbsp; &nbsp; Schulveranstaltungen<\/p>\n\n\n\n<p>(5) Erschweren au\u00dfergew\u00f6hnliche wetterbedingte Umst\u00e4nde<br>(z.B. Hochwasser, Glatteis oder Windbruch) den Schulbesuch<br>in erheblichem Ma\u00dfe, so entscheiden die Eltern, ob der Schulweg<br>zumutbar ist. F\u00e4llt der gesamte Unterricht f\u00fcr die Sch\u00fclerinnen<br>und Sch\u00fcler aus, so sollen die Eltern nach M\u00f6glichkeit<br>dar\u00fcber unterrichtet werden. Die Grunds\u00e4tze regelt die Schulleiterin<br>oder der Schulleiter im Benehmen mit dem Schulelternbeirat<br>(\u00a7 40 Abs. 5 Nr. 8 SchulG) und der Vertretung f\u00fcr<br>Sch\u00fclerinnen und Sch\u00fcler.<\/p>\n\n\n\n<p>Wir werden die Eltern und die Sch\u00fclerinnen und Sch\u00fcler \u00fcber<\/p>\n\n\n\n<p>www.schulebza.de informieren.<\/p>\n\n\n\n<p>Aufgrund der Wettersituation kann den Sch\u00fclerinnen und Sch\u00fclern der Schulbesuch freigestellt werden. Sch\u00fclerinnen und Sch\u00fcler, die in die Schule kommen, k\u00f6nnen dann beaufsichtigt werden.<\/p>\n","protected":false},"excerpt":{"rendered":"<p>Der folgende Link verweist auf die verschiedenen Verkehrsverb\u00fcnde des \u00f6ffentlichen Nahverkehrs. Auf der entsprechenden Homepage finden Sie die Bus- bzw. Bahnfahrpl\u00e4ne.\u00a0 Klicken Sie hier Hinweise der Kreisverwaltung bei au\u00dfergew\u00f6hnlichen wetterbedingten [&hellip;]<\/p>\n","protected":false},"author":1,"featured_media":0,"parent":840,"menu_order":3,"comment_status":"closed","ping_status":"closed","template":"","meta":{"_et_pb_use_builder":"off","_et_pb_old_content":"","_et_gb_content_width":"","footnotes":""},"class_list":["post-846","page","type-page","status-publish","hentry"],"_links":{"self":[{"href":"https:\/\/schulebza.de\/rsplus\/wp-json\/wp\/v2\/pages\/846","targetHints":{"allow":["GET"]}}],"collection":[{"href":"https:\/\/schulebza.de\/rsplus\/wp-json\/wp\/v2\/pages"}],"about":[{"href":"https:\/\/schulebza.de\/rsplus\/wp-json\/wp\/v2\/types\/page"}],"author":[{"embeddable":true,"href":"https:\/\/schulebza.de\/rsplus\/wp-json\/wp\/v2\/users\/1"}],"replies":[{"embeddable":true,"href":"https:\/\/schulebza.de\/rsplus\/wp-json\/wp\/v2\/comments?post=846"}],"version-history":[{"count":5,"href":"https:\/\/schulebza.de\/rsplus\/wp-json\/wp\/v2\/pages\/846\/revisions"}],"predecessor-version":[{"id":8631,"href":"https:\/\/schulebza.de\/rsplus\/wp-json\/wp\/v2\/pages\/846\/revisions\/8631"}],"up":[{"embeddable":true,"href":"https:\/\/schulebza.de\/rsplus\/wp-json\/wp\/v2\/pages\/840"}],"wp:attachment":[{"href":"https:\/\/schulebza.de\/rsplus\/wp-json\/wp\/v2\/media?parent=846"}],"curies":[{"name":"wp","href":"https:\/\/api.w.org\/{rel}","templated":true}]}}