{"id":821,"date":"2020-04-10T10:55:54","date_gmt":"2020-04-10T08:55:54","guid":{"rendered":"http:\/\/rsplusneu.schulebza.de\/?page_id=821"},"modified":"2025-09-22T12:34:06","modified_gmt":"2025-09-22T10:34:06","slug":"foerderverein","status":"publish","type":"page","link":"https:\/\/schulebza.de\/rsplus\/eltern\/foerderverein\/","title":{"rendered":"F\u00f6rderverein"},"content":{"rendered":"\n<figure class=\"wp-block-image size-large\"><img loading=\"lazy\" decoding=\"async\" width=\"223\" height=\"210\" src=\"https:\/\/schulebza.de\/rsplus\/wp-content\/uploads\/2020\/02\/foerderverein.jpg\" alt=\"\" class=\"wp-image-2337\"\/><\/figure>\n\n\n\n<h2 class=\"wp-block-heading\"><\/h2>\n\n\n\n<h4 class=\"wp-block-heading\">Werden Sie Mitglied!   Der Jahresbeitrag (10 Euro) ist klein. Die Wirkung gro\u00df.<\/h4>\n\n\n\n<p>Zahlreiche Preise an Sch\u00fclerinnen und Sch\u00fcler f\u00fcr soziales Engagement und besondere Leistungen<br>\nF\u00f6rderung besonderer Projekte der Schule<br>\nUnterst\u00fctzung hilfsbed\u00fcrftiger Sch\u00fclerinnen und Sch\u00fcler<\/p>\n\n\n\n<p>1. Vorsitzender: Jens Gollon, Tel.: 06343\/9889012 <\/p>\n\n\n\n<p>2. Vorsitzender: Manfred Hopp, Tel.:  06343\/989043<\/p>\n\n\n\n<p>weiterer Kontakt:<\/p>\n\n\n\n<p><\/p>\n\n\n\n<p>Frau Schmitz, Sekretariat <\/p>\n\n\n\n<p>Tel: 06343 \/ 98900   <\/p>\n\n\n\n<p><strong><a href=\"https:\/\/schulebza.de\/rsplus\/wp-content\/uploads\/2025\/09\/Beitrittserklaerung.pdf\" target=\"_blank\" rel=\"noreferrer noopener\">Beitrittserkl\u00e4rung <\/a><\/strong><\/p>\n","protected":false},"excerpt":{"rendered":"<p>Werden Sie Mitglied! Der Jahresbeitrag (10 Euro) ist klein. Die Wirkung gro\u00df. Zahlreiche Preise an Sch\u00fclerinnen und Sch\u00fcler f\u00fcr soziales Engagement und besondere Leistungen F\u00f6rderung besonderer Projekte der Schule Unterst\u00fctzung [&hellip;]<\/p>\n","protected":false},"author":10,"featured_media":0,"parent":803,"menu_order":7,"comment_status":"closed","ping_status":"closed","template":"","meta":{"_et_pb_use_builder":"off","_et_pb_old_content":"","_et_gb_content_width":"","footnotes":""},"class_list":["post-821","page","type-page","status-publish","hentry"],"_links":{"self":[{"href":"https:\/\/schulebza.de\/rsplus\/wp-json\/wp\/v2\/pages\/821","targetHints":{"allow":["GET"]}}],"collection":[{"href":"https:\/\/schulebza.de\/rsplus\/wp-json\/wp\/v2\/pages"}],"about":[{"href":"https:\/\/schulebza.de\/rsplus\/wp-json\/wp\/v2\/types\/page"}],"author":[{"embeddable":true,"href":"https:\/\/schulebza.de\/rsplus\/wp-json\/wp\/v2\/users\/10"}],"replies":[{"embeddable":true,"href":"https:\/\/schulebza.de\/rsplus\/wp-json\/wp\/v2\/comments?post=821"}],"version-history":[{"count":10,"href":"https:\/\/schulebza.de\/rsplus\/wp-json\/wp\/v2\/pages\/821\/revisions"}],"predecessor-version":[{"id":11548,"href":"https:\/\/schulebza.de\/rsplus\/wp-json\/wp\/v2\/pages\/821\/revisions\/11548"}],"up":[{"embeddable":true,"href":"https:\/\/schulebza.de\/rsplus\/wp-json\/wp\/v2\/pages\/803"}],"wp:attachment":[{"href":"https:\/\/schulebza.de\/rsplus\/wp-json\/wp\/v2\/media?parent=821"}],"curies":[{"name":"wp","href":"https:\/\/api.w.org\/{rel}","templated":true}]}}