{"id":806,"date":"2020-02-10T12:52:12","date_gmt":"2020-02-10T11:52:12","guid":{"rendered":"http:\/\/rsplusneu.schulebza.de\/?page_id=806"},"modified":"2026-01-13T10:02:42","modified_gmt":"2026-01-13T09:02:42","slug":"winterliche-wetterverhaeltnisse","status":"publish","type":"page","link":"https:\/\/schulebza.de\/rsplus\/eltern\/winterliche-wetterverhaeltnisse\/","title":{"rendered":"Winterliche Wetterverh\u00e4ltnisse"},"content":{"rendered":"\n<p><strong>An alle&nbsp;&nbsp;&nbsp;&nbsp;&nbsp;&nbsp;&nbsp;&nbsp;&nbsp;&nbsp;&nbsp;&nbsp;&nbsp;&nbsp;&nbsp;&nbsp;&nbsp;&nbsp;&nbsp;&nbsp;&nbsp;&nbsp;&nbsp;&nbsp;&nbsp;&nbsp;&nbsp;&nbsp;&nbsp;&nbsp;&nbsp;&nbsp;&nbsp;&nbsp;&nbsp;&nbsp;&nbsp;&nbsp;&nbsp;&nbsp;&nbsp;&nbsp;&nbsp;&nbsp;&nbsp;&nbsp;&nbsp;&nbsp;&nbsp;&nbsp;&nbsp;&nbsp;&nbsp;&nbsp;&nbsp;&nbsp;&nbsp;&nbsp;&nbsp;&nbsp;&nbsp;&nbsp; <\/strong><br><strong>Sch\u00fclerinnen und Sch\u00fcler <\/strong><br><strong>und ihre Eltern <\/strong><\/p>\n\n\n\n<p>\u00a0<br>bei widrigen Wetterverh\u00e4ltnissen entscheiden die Eltern, ob sie den Schulweg f\u00fcr sicher halten und es verantworten k\u00f6nnen ihr Kind in die Schule zuschicken.<br> <br>Sollte Ihr Kind nicht in die Schule gehen, entschuldigen ihr Kind genau so, wie im Krankheitsfall (WebUntis). Die Entschuldigung ist obligatorisch.<\/p>\n\n\n\n<p>Der&nbsp; vers\u00e4umte&nbsp; Unterrichtsstoff&nbsp; muss&nbsp; selbstst\u00e4ndig nachgeholt werden. Die Abwesenheit z\u00e4hlt als entschuldigter Fehltag.<\/p>\n\n\n\n<p>___________________________________________________________________<\/p>\n\n\n\n<p><br>Bei Schneef\u00e4llen oder Eisgl\u00e4tte k\u00f6nnen Busse, bedingt durch ihre besonderen Fahreigenschaften, Steigungs- und Gef\u00e4llstrecken oft kaum bew\u00e4ltigen. Die betroffenen Entscheidungstr\u00e4ger werden jeweils mit der gebotenen Umsicht handeln und notfalls einen Linienverkehr zeitweise einstellen. <br> <br>F\u00fcr die Fahrg\u00e4ste, ist es an solchen Tagen vor allem wichtig, \u00fcber die ver\u00e4nderten Abl\u00e4ufe informiert zu sein. Die Busunternehmen werden deshalb alle Informationen schnellstm\u00f6glich im Internet verf\u00fcgbar machen und auch an die Medien weitergeben. <br> <br>Hinweise \u00fcber witterungsbedingte \u00c4nderungen im Linienverkehr sind auf der Webseite des VRN zu finden: <br><a href=\"https:\/\/www.vrn.de\/verkehrsinformationen\/index.html\" target=\"_blank\" rel=\"noreferrer noopener\">https:\/\/www.vrn.de\/verkehrsinformationen\/index.html<\/a> <br>Hier k\u00f6nnen die St\u00f6r- und Verkehrshinweise der Vorder-\/S\u00fcdpfalz gezielt abgerufen werden. <br> <br><\/p>\n","protected":false},"excerpt":{"rendered":"<p>An alle&nbsp;&nbsp;&nbsp;&nbsp;&nbsp;&nbsp;&nbsp;&nbsp;&nbsp;&nbsp;&nbsp;&nbsp;&nbsp;&nbsp;&nbsp;&nbsp;&nbsp;&nbsp;&nbsp;&nbsp;&nbsp;&nbsp;&nbsp;&nbsp;&nbsp;&nbsp;&nbsp;&nbsp;&nbsp;&nbsp;&nbsp;&nbsp;&nbsp;&nbsp;&nbsp;&nbsp;&nbsp;&nbsp;&nbsp;&nbsp;&nbsp;&nbsp;&nbsp;&nbsp;&nbsp;&nbsp;&nbsp;&nbsp;&nbsp;&nbsp;&nbsp;&nbsp;&nbsp;&nbsp;&nbsp;&nbsp;&nbsp;&nbsp;&nbsp;&nbsp;&nbsp;&nbsp; Sch\u00fclerinnen und Sch\u00fcler und ihre Eltern \u00a0bei widrigen Wetterverh\u00e4ltnissen entscheiden die Eltern, ob sie den Schulweg f\u00fcr sicher halten und es verantworten k\u00f6nnen ihr Kind in die Schule [&hellip;]<\/p>\n","protected":false},"author":1,"featured_media":0,"parent":803,"menu_order":1,"comment_status":"closed","ping_status":"closed","template":"","meta":{"_et_pb_use_builder":"off","_et_pb_old_content":"","_et_gb_content_width":"","footnotes":""},"class_list":["post-806","page","type-page","status-publish","hentry"],"_links":{"self":[{"href":"https:\/\/schulebza.de\/rsplus\/wp-json\/wp\/v2\/pages\/806","targetHints":{"allow":["GET"]}}],"collection":[{"href":"https:\/\/schulebza.de\/rsplus\/wp-json\/wp\/v2\/pages"}],"about":[{"href":"https:\/\/schulebza.de\/rsplus\/wp-json\/wp\/v2\/types\/page"}],"author":[{"embeddable":true,"href":"https:\/\/schulebza.de\/rsplus\/wp-json\/wp\/v2\/users\/1"}],"replies":[{"embeddable":true,"href":"https:\/\/schulebza.de\/rsplus\/wp-json\/wp\/v2\/comments?post=806"}],"version-history":[{"count":8,"href":"https:\/\/schulebza.de\/rsplus\/wp-json\/wp\/v2\/pages\/806\/revisions"}],"predecessor-version":[{"id":12037,"href":"https:\/\/schulebza.de\/rsplus\/wp-json\/wp\/v2\/pages\/806\/revisions\/12037"}],"up":[{"embeddable":true,"href":"https:\/\/schulebza.de\/rsplus\/wp-json\/wp\/v2\/pages\/803"}],"wp:attachment":[{"href":"https:\/\/schulebza.de\/rsplus\/wp-json\/wp\/v2\/media?parent=806"}],"curies":[{"name":"wp","href":"https:\/\/api.w.org\/{rel}","templated":true}]}}