{"id":785,"date":"2020-02-10T12:46:56","date_gmt":"2020-02-10T11:46:56","guid":{"rendered":"http:\/\/rsplusneu.schulebza.de\/?page_id=785"},"modified":"2020-12-18T09:22:55","modified_gmt":"2020-12-18T08:22:55","slug":"schulischer-teil","status":"publish","type":"page","link":"https:\/\/schulebza.de\/rsplus\/schulischer-teil\/","title":{"rendered":"Schulischer Teil"},"content":{"rendered":"\n<h2 class=\"wp-block-heading\"><strong>Der schulische Teil der FOS<\/strong><\/h2>\n\n\n\n<p><strong>Schultage in der FOS<\/strong><\/p>\n\n\n\n<p>In der Klassenstufe 11 besuchen die Sch\u00fclerinnen und Sch\u00fcler den Unterricht nur am Montag und Dienstag. Die \u00fcbrigen drei Tage der Woche sind sie im Praktikumsbetrieb.<\/p>\n\n\n\n<p>In Klasse 12 findet dann (wieder) an f\u00fcnf Tagen in der Woche Unterricht statt.<\/p>\n\n\n\n<p><strong>Schulbuchliste<\/strong><\/p>\n\n\n\n<p>Diese findet sich auf der Homepage der Realschule plus unter dem Punkt \u201eService\u201c.<\/p>\n\n\n\n<p><strong>Stundentafel FOS<\/strong><\/p>\n\n\n\n<p><a href=\"https:\/\/schulebza.de\/rsplus\/wp-content\/uploads\/2020\/02\/Stundentafel_FOS.pdf\" target=\"_blank\" rel=\"noreferrer noopener\" aria-label=\" (\u00f6ffnet in neuem Tab)\"> Stundentafel f\u00fcr beide Fachrichtungen<\/a><\/p>\n\n\n\n<p><strong>Abschlusspr\u00fcfung<\/strong><\/p>\n\n\n\n<p>Am Ende der Klassenstufe 12 findet eine Abschlusspr\u00fcfung statt. Diese besteht aus je einer schriftlichen Pr\u00fcfung in den F\u00e4chern Deutsch, Englisch, Mathematik sowie im fachrichtungsbezogenen Fach. Weiterhin k\u00f6nnen m\u00fcndliche Pr\u00fcfungen dazukommen. <\/p>\n\n\n\n<p><strong>Franz\u00f6sisch in der Fachoberschule<\/strong><\/p>\n\n\n\n<p>F\u00fcr den Abschluss der Fachhochschulreife ist keine zweite Fremdsprache erforderlich. Falls Sie sich jedoch die M\u00f6glichkeit erhalten m\u00f6chten, im Anschluss an die Fachhochschulreife noch die allgemeine Hochschulreife (auf der BOS II) zu erwerben und noch keine zweite Fremdsprache bzw. diese noch nicht hinreichend lange erlernt haben, so haben Sie die M\u00f6glichkeit w\u00e4hrend der beiden Schuljahre an der Fachoberschule eine Zusatzqualifikation in der zweiten Fremdsprache Franz\u00f6sisch zu erwerben. Dazu belegen Sie Franz\u00f6sisch mit zwei Stunden pro Woche in beiden Schuljahren im Rahmen des Nachmittagsunterrichts.<\/p>\n","protected":false},"excerpt":{"rendered":"<p>Der schulische Teil der FOS Schultage in der FOS In der Klassenstufe 11 besuchen die Sch\u00fclerinnen und Sch\u00fcler den Unterricht nur am Montag und Dienstag. Die \u00fcbrigen drei Tage der [&hellip;]<\/p>\n","protected":false},"author":1,"featured_media":0,"parent":0,"menu_order":5,"comment_status":"closed","ping_status":"closed","template":"","meta":{"_et_pb_use_builder":"off","_et_pb_old_content":"","_et_gb_content_width":"","footnotes":""},"class_list":["post-785","page","type-page","status-publish","hentry"],"_links":{"self":[{"href":"https:\/\/schulebza.de\/rsplus\/wp-json\/wp\/v2\/pages\/785","targetHints":{"allow":["GET"]}}],"collection":[{"href":"https:\/\/schulebza.de\/rsplus\/wp-json\/wp\/v2\/pages"}],"about":[{"href":"https:\/\/schulebza.de\/rsplus\/wp-json\/wp\/v2\/types\/page"}],"author":[{"embeddable":true,"href":"https:\/\/schulebza.de\/rsplus\/wp-json\/wp\/v2\/users\/1"}],"replies":[{"embeddable":true,"href":"https:\/\/schulebza.de\/rsplus\/wp-json\/wp\/v2\/comments?post=785"}],"version-history":[{"count":7,"href":"https:\/\/schulebza.de\/rsplus\/wp-json\/wp\/v2\/pages\/785\/revisions"}],"predecessor-version":[{"id":4542,"href":"https:\/\/schulebza.de\/rsplus\/wp-json\/wp\/v2\/pages\/785\/revisions\/4542"}],"wp:attachment":[{"href":"https:\/\/schulebza.de\/rsplus\/wp-json\/wp\/v2\/media?parent=785"}],"curies":[{"name":"wp","href":"https:\/\/api.w.org\/{rel}","templated":true}]}}