{"id":781,"date":"2020-04-06T09:46:00","date_gmt":"2020-04-06T07:46:00","guid":{"rendered":"http:\/\/rsplusneu.schulebza.de\/?page_id=781"},"modified":"2020-12-16T11:09:19","modified_gmt":"2020-12-16T10:09:19","slug":"praktikum","status":"publish","type":"page","link":"https:\/\/schulebza.de\/rsplus\/praktikum\/","title":{"rendered":"Praktikum"},"content":{"rendered":"\n<p class=\"has-luminous-vivid-amber-color has-text-color\" style=\"font-size:22px\"><strong>DAS PRAKTIKUM <\/strong><\/p>\n\n\n\n<p>Das FOS-Praktikum \nsoll einschl\u00e4gige Kenntnisse, Fertigkeiten und Erfahrungen der \nberuflichen Praxis vermitteln. Es erm\u00f6glicht den Sch\u00fclerinnen und \nSch\u00fclern einen Einblick in die Abl\u00e4ufe betrieblicher Prozesse sowie das \nKennenlernen von und die aktive Auseinandersetzung mit modernen \nTechniken und Verfahren.<\/p>\n\n\n\n<p><strong>Dauer und Umfang des Praktikums<\/strong><\/p>\n\n\n\n<p>Das 12-monatige \nPraktikum beginnt jeweils am 01. August und dauert bis zum 31. Juli des \nFolgejahres. Praktikumstage sind Mittwoch, Donnerstag und Freitag. F\u00fcr \nalle FOS-Praktikanten gelten unabh\u00e4ngig von ihrem Lebensalter die \nVorschriften des Jugendarbeitsschutzgesetzes. Die t\u00e4gliche Arbeitszeit \ndarf f\u00fcr FOS-Praktikanten nicht mehr als acht Stunden t\u00e4glich und (bei \ndrei Praktikumstagen) w\u00f6chentlich nicht mehr als 24 Stunden betragen. \nDie w\u00f6chentliche Mindestarbeitszeit sollte 21 Stunden betragen. (Alle \nZeitangaben gelten jeweils ohne Pausen).<\/p>\n\n\n\n<p>Den Praktikanten \nsteht im Betrieb ein Jahresurlaub von 18 Arbeitstagen (= 6 Wochen \u00e0 3 \nTage) zu. Sofern die Sch\u00fclerinnen und Sch\u00fcler keinen Urlaub nehmen, \narbeiten Sie auch w\u00e4hrend der Schulferien an den vereinbarten drei \nTagen. <br><\/p>\n\n\n\n<p><strong>Wie finde ich einen Praktikumsbetrieb?<\/strong><\/p>\n\n\n\n<p>Listen geeigneter und mit uns bisher kooperierender Betriebe finden Sie bei den jeweiligen Fachrichtungen. <\/p>\n\n\n\n<p>\u00dcberlegen Sie sich  zun\u00e4chst, welche Bereiche f\u00fcr Sie von Interesse sind und wo Sie gerne  tiefere Einblicke gewinnen m\u00f6chten. Bei dieser Entscheidungsfindung  k\u00f6nnen Gespr\u00e4che mit Eltern, Verwandten, Freunden und Lehrern helfen.  Aber selbstverst\u00e4ndlich stehen auch wir Ihnen unterst\u00fctzend zur Seite.<\/p>\n\n\n\n<p>Bedenken Sie bei der\n Auswahl Ihres Praktikumsbetriebes auch die Erreichbarkeit, insbesondere\n in den fr\u00fchen Morgenstunden. Die Entfernung des Betriebes zum \nSchulstandort sollte daher nicht mehr als 50 km bzw. 1,5 Stunden Fahrt- \nund Wartezeit betragen. Gegen geeignete Praktikumsstellen in \nbenachbarten Landkreisen, Bundesl\u00e4ndern oder auch in Frankreich ist \nnichts einzuwenden.<\/p>\n\n\n\n<p>Die Sch\u00fclerinnen und\n Sch\u00fcler bewerben sich bei den Betrieben direkt. Wir empfehlen, dass Sie\n zun\u00e4chst telefonisch mit den Betrieben in Kontakt treten, um \nherauszufinden, wie die Bewerbung erfolgen soll (per Post oder online) \nund wie das weitere Bewerbungsverfahren verl\u00e4uft.<\/p>\n\n\n\n<p><strong>Praktikumsvertrag<\/strong><\/p>\n\n\n\n<p>Sie schlie\u00dfen mit einem Praktikumsbetrieb einen Praktikumsvertrag ab, der der schulischen Zustimmung bedarf. Der vom Betrieb, der  Praktikantin\/dem Praktikanten und einem Sorgeberechtigten  unterschriebene Praktikumsvertrag (in dreifacher Ausf\u00fchrung) muss uns <strong>bis sp\u00e4testens 31. Mai<\/strong> vorliegen. Ohne Praktikumsvertrag kann keine  Aufnahme in die FOS erfolgen.<\/p>\n\n\n\n<p><strong>Wird das Praktikum verg\u00fctet?<\/strong><\/p>\n\n\n\n<p>Die Sch\u00fclerinnen und\n Sch\u00fcler d\u00fcrfen keine Verg\u00fctung verlangen, da das Praktikum Teil ihrer \nschulischen Ausbildung ist. Im Einzelfall steht es den Betrieben frei, \nihren Praktikantinnen und Praktikanten eine Anerkennungsverg\u00fctung zu \nzahlen. In diesen F\u00e4llen muss die Praktikantin oder der Praktikant bei \nder zust\u00e4ndigen Berufsgenossenschaft angemeldet werden.<\/p>\n\n\n\n<p><strong>Versicherungsschutz<\/strong><\/p>\n\n\n\n<p>Unfallversicherung:\n W\u00e4hrend des dreit\u00e4gigen Praktikums steht jede Fachobersch\u00fclerin\/ jeder \nFachobersch\u00fcler automatisch&nbsp; und&nbsp; ohne&nbsp; weiteres&nbsp; Zutun von&nbsp; Schule&nbsp; \noder Betrieb unter dem Schutz der gesetzlichen Unfallversicherung \n(Unfallkasse Rheinland-Pfalz&nbsp; in&nbsp; Andernach, www.ukrlp.de). Die&nbsp; \ngewerblichen Berufsgenossenschaften der Betriebe sind nur dann \nzust\u00e4ndig, wenn Betriebe entgegen der vorgesehenen&nbsp; Regelung&nbsp; ein \nEntgelt zahlen. In diesem Fall ist der Betrieb f\u00fcr eine ordnungsgem\u00e4\u00dfe \nAnmeldung bei der zust\u00e4ndigen Berufsgenossenschaft verantwortlich.<\/p>\n\n\n\n<p>Haftpflichtversicherung: Der&nbsp; Schultr\u00e4ger&nbsp; der&nbsp; Fachoberschule schlie\u00dft&nbsp; f\u00fcr&nbsp; alle Praktikanten eine Haftpflichtversicherung&nbsp; ab.<\/p>\n\n\n\n<p><strong>Gesundheitsuntersuchung <\/strong><\/p>\n\n\n\n<p>Gem\u00e4\u00df \u00a732 des Jugendarbeitsschutzgesetzes (JArbSchG) d\u00fcrfen Sch\u00fclerinnen und Sch\u00fcler der Fachoberschule, die noch nicht 18 Jahre alt sind,  von Praktikumsbetrieben nur besch\u00e4ftigt werden, wenn innerhalb der  letzten vierzehn Monate eine \u00e4rztliche Untersuchung stattfand  (Erstuntersuchung) und dem Praktikumsbetrieb eine von diesem Arzt  ausgestellte Bescheinigung vorliegt. <\/p>\n\n\n\n<p>Die Bescheinigung muss der Schule <strong>bis sp\u00e4testens am 15. Juni<\/strong> vorgelegt werden. <\/p>\n\n\n\n<figure class=\"wp-block-image size-large\"><a href=\"https:\/\/schulebza.de\/rsplus\/wp-content\/uploads\/2020\/02\/medizin-1.jpg\"><img loading=\"lazy\" decoding=\"async\" width=\"222\" height=\"179\" src=\"https:\/\/schulebza.de\/rsplus\/wp-content\/uploads\/2020\/02\/medizin-1.jpg\" alt=\"\" class=\"wp-image-2443\"\/><\/a><\/figure>\n\n\n\n<p><strong>Das Berichtsheft<\/strong><\/p>\n\n\n\n<p>\u00dcber den zeitlichen \nVerlauf und den Inhalt des Praktikums ist w\u00f6chentlich Bericht zu f\u00fchren.\n Die Praktikumsstelle pr\u00fcft und bescheinigt die sachliche Richtigkeit. \nDie Fachoberschule nimmt die Praktikumsberichte zur Kenntnis. Das \nordnungsgem\u00e4\u00df gef\u00fchrte Berichtsheft ist eine der \nZulassungsvoraussetzungen zur Versetzung in die Jahrgangsstufe 12.<\/p>\n\n\n\n<p>Zusammen mit dem Berichtsheft ist f\u00fcr jeden Monat ein Nachweis \u00fcber die Arbeits-, Urlaubs- und Fehltage vorzulegen.<\/p>\n\n\n\n<figure class=\"wp-block-image size-large\"><img loading=\"lazy\" decoding=\"async\" width=\"142\" height=\"178\" src=\"https:\/\/schulebza.de\/rsplus\/wp-content\/uploads\/2020\/02\/urkunde-1.jpg\" alt=\"\" class=\"wp-image-2451\"\/><\/figure>\n\n\n\n<p><strong>Praktikumszeugnis und Praktikumsbeurteilung <\/strong><\/p>\n\n\n\n<p>Nach Beendigung des Praktikums stellt die Praktikumsstelle der Praktikantin\/dem Praktikanten ein Zeugnis \u00fcber die ordnungsgem\u00e4\u00dfe Durchf\u00fchrung des Praktikums aus. Dieses Zeugnis  geht an die Schule und ist Grundlage f\u00fcr die Entscheidung \u00fcber die  Versetzung in Klasse 12.<\/p>\n\n\n\n<p>Wir empfehlen den Praktikanten in ihrem eigenen Interesse sich am Ende des Praktikums durch den Betrieb eine qualifizierte Praktikumsbeurteilung ausstellen zu lassen. Diese kann dann zuk\u00fcnftigen Bewerbungen beigelegt werden.<\/p>\n\n\n\n<p><strong>Erfolgreiches Praktikum als Versetzungsvoraussetzung<\/strong><\/p>\n\n\n\n<p>Nach der \nLandesverordnung f\u00fcr die Fachoberschule hat das Praktikum in Klasse 11 \nden gleichen Stellenwert wie der Unterricht. Somit kann bei nicht \nerfolgreich abgeschlossenem Praktikum auch keine Versetzung in Klasse 12\n erfolgen.<\/p>\n","protected":false},"excerpt":{"rendered":"<p>DAS PRAKTIKUM Das FOS-Praktikum soll einschl\u00e4gige Kenntnisse, Fertigkeiten und Erfahrungen der beruflichen Praxis vermitteln. Es erm\u00f6glicht den Sch\u00fclerinnen und Sch\u00fclern einen Einblick in die Abl\u00e4ufe betrieblicher Prozesse sowie das Kennenlernen [&hellip;]<\/p>\n","protected":false},"author":10,"featured_media":0,"parent":0,"menu_order":3,"comment_status":"closed","ping_status":"closed","template":"","meta":{"_et_pb_use_builder":"off","_et_pb_old_content":"<!-- wp:paragraph -->\n<p><strong>DAS PRAKTIKUM <\/strong><\/p>\n<!-- \/wp:paragraph -->\n\n<!-- wp:paragraph -->\n<p>Das FOS-Praktikum \nsoll einschl\u00e4gige Kenntnisse, Fertigkeiten und Erfahrungen der \nberuflichen Praxis vermitteln. Es erm\u00f6glicht den Sch\u00fclerinnen und \nSch\u00fclern einen Einblick in die Abl\u00e4ufe betrieblicher Prozesse sowie das \nKennenlernen von und die aktive Auseinandersetzung mit modernen \nTechniken und Verfahren.<\/p>\n<!-- \/wp:paragraph -->\n\n<!-- wp:paragraph -->\n<p><strong>Dauer und Umfang des Praktikums<\/strong><\/p>\n<!-- \/wp:paragraph -->\n\n<!-- wp:paragraph -->\n<p>Das 12-monatige \nPraktikum beginnt jeweils am 01. August und dauert bis zum 31. Juli des \nFolgejahres. Praktikumstage sind Mittwoch, Donnerstag und Freitag. F\u00fcr \nalle FOS-Praktikanten gelten unabh\u00e4ngig von ihrem Lebensalter die \nVorschriften des Jugendarbeitsschutzgesetzes. Die t\u00e4gliche Arbeitszeit \ndarf f\u00fcr FOS-Praktikanten nicht mehr als acht Stunden t\u00e4glich und (bei \ndrei Praktikumstagen) w\u00f6chentlich nicht mehr als 24 Stunden betragen. \nDie w\u00f6chentliche Mindestarbeitszeit sollte 21 Stunden betragen. (Alle \nZeitangaben gelten jeweils ohne Pausen).<\/p>\n<!-- \/wp:paragraph -->\n\n<!-- wp:paragraph -->\n<p>Den Praktikanten \nsteht im Betrieb ein Jahresurlaub von 18 Arbeitstagen (= 6 Wochen \u00e0 3 \nTage) zu. Sofern die Sch\u00fclerinnen und Sch\u00fcler keinen Urlaub nehmen, \narbeiten Sie auch w\u00e4hrend der Schulferien an den vereinbarten drei \nTagen. <br><\/p>\n<!-- \/wp:paragraph -->\n\n<!-- wp:paragraph -->\n<p><strong>Wie finde ich einen Praktikumsbetrieb?<\/strong><\/p>\n<!-- \/wp:paragraph -->\n\n<!-- wp:paragraph -->\n<p>\u00dcberlegen Sie sich \nzun\u00e4chst, welche Bereiche f\u00fcr Sie von Interesse sind und wo Sie gerne \ntiefere Einblicke gewinnen m\u00f6chten. Bei dieser Entscheidungsfindung \nk\u00f6nnen Gespr\u00e4che mit Eltern, Verwandten, Freunden und Lehrern helfen. \nAber selbstverst\u00e4ndlich stehen auch wir Ihnen unterst\u00fctzend zur Seite.<\/p>\n<!-- \/wp:paragraph -->\n\n<!-- wp:paragraph -->\n<p>Eine Liste geeigneter und mit uns bisher kooperierender Praktikumsbetriebe f\u00fcr die Fachrichtung <a href=\"http:\/\/www.schulebza.de\/rsplus\/images\/fos\/neu\/Kooperationspartner_Gesundheit_09_2019.pdf\" target=\"_blank\" rel=\"noreferrer noopener\">GESUNDHEIT<\/a> und f\u00fcr die Fachrichtung <a href=\"http:\/\/www.schulebza.de\/rsplus\/images\/fos\/neu\/Kooperationspartner_Gestaltung_11_2017.pdf\" target=\"_blank\" rel=\"noreferrer noopener\">GESTALTUNG<\/a> finden Sie hier.&nbsp;<\/p>\n<!-- \/wp:paragraph -->\n\n<!-- wp:paragraph -->\n<p>Bedenken Sie bei der\n Auswahl Ihres Praktikumsbetriebes auch die Erreichbarkeit, insbesondere\n in den fr\u00fchen Morgenstunden. Die Entfernung des Betriebes zum \nSchulstandort sollte daher nicht mehr als 50 km bzw. 1,5 Stunden Fahrt- \nund Wartezeit betragen. Gegen geeignete Praktikumsstellen in \nbenachbarten Landkreisen, Bundesl\u00e4ndern oder auch in Frankreich ist \nnichts einzuwenden.<\/p>\n<!-- \/wp:paragraph -->\n\n<!-- wp:paragraph -->\n<p>Die Sch\u00fclerinnen und\n Sch\u00fcler bewerben sich bei den Betrieben direkt. Wir empfehlen, dass Sie\n zun\u00e4chst telefonisch mit den Betrieben in Kontakt treten, um \nherauszufinden, wie die Bewerbung erfolgen soll (per Post oder online) \nund wie das weitere Bewerbungsverfahren verl\u00e4uft.<\/p>\n<!-- \/wp:paragraph -->\n\n<!-- wp:paragraph -->\n<p><strong>Praktikumsvertrag<\/strong><\/p>\n<!-- \/wp:paragraph -->\n\n<!-- wp:paragraph -->\n<p>Sie schlie\u00dfen mit einem Praktikumsbetrieb einen <a href=\"http:\/\/www.schulebza.de\/rsplus\/images\/fos\/neu\/_Praktikumsvertrag_GH_GS.pdf\" target=\"_blank\" rel=\"noreferrer noopener\">PRAKTIKUMSVERTRAG<\/a>\n ab, der der schulischen Zustimmung bedarf. Der vom Betrieb, der \nPraktikantin\/dem Praktikanten und einem Sorgeberechtigten \nunterschriebene Praktikumsvertrag (in dreifacher Ausf\u00fchrung) muss uns \nbis sp\u00e4testens 31. Mai vorliegen. Ohne Praktikumsvertrag kann keine \nAufnahme in die FOS erfolgen.<\/p>\n<!-- \/wp:paragraph -->\n\n<!-- wp:paragraph -->\n<p><strong>Neue Praktikumsbetriebe<\/strong><\/p>\n<!-- \/wp:paragraph -->\n\n<!-- wp:paragraph -->\n<p>Wir freuen uns immer \u00fcber neue Kooperationspartner. Diese w\u00fcrden wir bitten, uns nach Abschluss eines Praktikumsvertrages den <a href=\"http:\/\/www.schulebza.de\/rsplus\/images\/fos\/neu\/R\u00fcckmeldebogen_Betrieb_GH_GS.pdf\" target=\"_blank\" rel=\"noreferrer noopener\">R\u00dcCKMELDEBOGEN<\/a> ausgef\u00fcllt zukommen zu lassen. Dies erleichtert uns die Kommunikation.<\/p>\n<!-- \/wp:paragraph -->\n\n<!-- wp:paragraph -->\n<p><strong>Wird das Praktikum verg\u00fctet?<\/strong><\/p>\n<!-- \/wp:paragraph -->\n\n<!-- wp:paragraph -->\n<p>Die Sch\u00fclerinnen und\n Sch\u00fcler d\u00fcrfen keine Verg\u00fctung verlangen, da das Praktikum Teil ihrer \nschulischen Ausbildung ist. Im Einzelfall steht es den Betrieben frei, \nihren Praktikantinnen und Praktikanten eine Anerkennungsverg\u00fctung zu \nzahlen. In diesen F\u00e4llen muss die Praktikantin oder der Praktikant bei \nder zust\u00e4ndigen Berufsgenossenschaft angemeldet werden.<\/p>\n<!-- \/wp:paragraph -->\n\n<!-- wp:paragraph -->\n<p><strong>Versicherungsschutz<\/strong><\/p>\n<!-- \/wp:paragraph -->\n\n<!-- wp:paragraph -->\n<p>Unfallversicherung:\n W\u00e4hrend des dreit\u00e4gigen Praktikums steht jede Fachobersch\u00fclerin\/ jeder \nFachobersch\u00fcler automatisch&nbsp; und&nbsp; ohne&nbsp; weiteres&nbsp; Zutun von&nbsp; Schule&nbsp; \noder Betrieb unter dem Schutz der gesetzlichen Unfallversicherung \n(Unfallkasse Rheinland-Pfalz&nbsp; in&nbsp; Andernach, www.ukrlp.de). Die&nbsp; \ngewerblichen Berufsgenossenschaften der Betriebe sind nur dann \nzust\u00e4ndig, wenn Betriebe entgegen der vorgesehenen&nbsp; Regelung&nbsp; ein \nEntgelt zahlen. In diesem Fall ist der Betrieb f\u00fcr eine ordnungsgem\u00e4\u00dfe \nAnmeldung bei der zust\u00e4ndigen Berufsgenossenschaft verantwortlich.<\/p>\n<!-- \/wp:paragraph -->\n\n<!-- wp:paragraph -->\n<p>Haftpflichtversicherung: Der&nbsp; Schultr\u00e4ger&nbsp; der&nbsp; Fachoberschule schlie\u00dft&nbsp; f\u00fcr&nbsp; alle Praktikanten eine Haftpflichtversicherung&nbsp; ab.<\/p>\n<!-- \/wp:paragraph -->\n\n<!-- wp:paragraph -->\n<p><strong>Gesundheitsuntersuchung <\/strong><\/p>\n<!-- \/wp:paragraph -->\n\n<!-- wp:paragraph -->\n<p>Gem\u00e4\u00df \u00a732 des Jugendarbeitsschutzgesetzes (JArbSchG) d\u00fcrfen Sch\u00fclerinnen und Sch\u00fcler der Fachoberschule, die noch nicht 18 Jahre alt sind,\n von Praktikumsbetrieben nur besch\u00e4ftigt werden, wenn innerhalb der \nletzten vierzehn Monate eine \u00e4rztliche Untersuchung stattfand \n(Erstuntersuchung) und dem Praktikumsbetrieb eine von diesem Arzt \nausgestellte <a href=\"http:\/\/www.schulebza.de\/rsplus\/images\/fos\/neu\/_Bescheinigung_Erstuntersuchung_JArbSchG_Alle.pdf\" target=\"_blank\" rel=\"noreferrer noopener\">BESCHEINIGUNG<\/a> vorliegt. Die entsprechenden Paragraphen des <a href=\"http:\/\/www.schulebza.de\/rsplus\/images\/fos\/neu\/_JArbSchG_Gesundheitliche-Betreuung.pdf\" target=\"_blank\" rel=\"noreferrer noopener\">JUGENDARBEITSSCHUTZGESETZES<\/a> k\u00f6nnen Sie hier nachlesen.<\/p>\n<!-- \/wp:paragraph -->\n\n<!-- wp:paragraph -->\n<p>Die Bescheinigung muss der Schule <strong>bis sp\u00e4testens am 15. Juni<\/strong> vorgelegt werden. Beim Praktikumsbetrieb sollte sie sp\u00e4testens am ersten Praktikumstag abgegeben werden.<\/p>\n<!-- \/wp:paragraph -->\n\n<!-- wp:image -->\n<figure class=\"wp-block-image\"><img src=\"http:\/\/www.schulebza.de\/rsplus\/images\/fos\/neu\/medizin.jpg\" alt=\"\"\/><\/figure>\n<!-- \/wp:image -->\n\n<!-- wp:paragraph -->\n<p>Die Kosten der \nUntersuchung tr\u00e4gt gem\u00e4\u00df \u00a7 44 JArbSchG das Land. Das Einwohnermeldeamt \nam Wohnsitz der Sch\u00fclerin\/ des Sch\u00fclers stellt f\u00fcr die Abrechnung der \nUntersuchung einen \u201eUntersuchungsberechtigungsschein\u201c aus. Hierf\u00fcr muss \nder Personalausweis, Kinderausweis oder der Ausweis der Eltern vorgelegt\n werden. Die Ausstellung ist kostenfrei. Mit dem \nUntersuchungsberechtigungsschein kann die Sch\u00fclerin\/ der Sch\u00fcler zum \nHausarzt\/ Kinderarzt gehen. Dieser f\u00fchrt die Untersuchung durch, stellt \ndie Bescheinigung aus und rechnet die Untersuchung ab.<\/p>\n<!-- \/wp:paragraph -->\n\n<!-- wp:paragraph -->\n<p><strong>Impfung<\/strong><\/p>\n<!-- \/wp:paragraph -->\n\n<!-- wp:paragraph -->\n<p>F\u00fcr Praktika im Bereich Gesundheit und Pflege kann \u2013 in Abh\u00e4ngigkeit vom Einsatzbereich \u2013 zus\u00e4tzlich (und unabh\u00e4ngig vom Alter) eine <a href=\"http:\/\/www.schulebza.de\/rsplus\/images\/fos\/neu\/_Attest_mit_Impfstatus_Gesundheit.pdf\" target=\"_blank\" rel=\"noreferrer noopener\">IMPFBESCHEINIGUNG<\/a>\n erforderlich sein. Dies kann insbesondere eine Impfung gegen Hepatitis B\n betreffen. Bitte erkundigen Sie sich diesbez\u00fcglich bei Ihrem \nPraktikumsbetrieb. Die Kosten f\u00fcr diese Impfung werden bis zum 18. \nGeburtstag i.d.R. von den Krankenkassen \u00fcbernommen. Eine Impfung gegen \nHepatitis B muss mindestens 6 Wochen von Beginn des Praktikums begonnen \nwerden, da mindestens zwei Impfungen erforderlich sind. Die zweite \nImpfung muss sp\u00e4testens zwei Wochen vor Beginn des Praktikums erfolgt \nsein. Dieser Zeitraum ist erforderlich, damit ein ausreichender Schutz \naufgebaut werden kann.<\/p>\n<!-- \/wp:paragraph -->\n\n<!-- wp:paragraph -->\n<p><strong>Das Berichtsheft<\/strong><\/p>\n<!-- \/wp:paragraph -->\n\n<!-- wp:paragraph -->\n<p>\u00dcber den zeitlichen \nVerlauf und den Inhalt des Praktikums ist w\u00f6chentlich Bericht zu f\u00fchren.\n Die Praktikumsstelle pr\u00fcft und bescheinigt die sachliche Richtigkeit. \nDie Fachoberschule nimmt die Praktikumsberichte zur Kenntnis. Das \nordnungsgem\u00e4\u00df gef\u00fchrte Berichtsheft ist eine der \nZulassungsvoraussetzungen zur Versetzung in die Jahrgangsstufe 12.<\/p>\n<!-- \/wp:paragraph -->\n\n<!-- wp:paragraph -->\n<p>Hier finden Sie die Vorlage f\u00fcr das Berichtsheft:&nbsp; &nbsp;<\/p>\n<!-- \/wp:paragraph -->\n\n<!-- wp:paragraph -->\n<p><a href=\"http:\/\/www.schulebza.de\/rsplus\/images\/fos\/neu\/Berichtsheft-Vorlage.doc\" target=\"_blank\" rel=\"noreferrer noopener\">WORD <\/a>&nbsp;&nbsp;<a href=\"http:\/\/www.schulebza.de\/rsplus\/images\/fos\/neu\/Berichtsheft-Vorlage.pdf\" target=\"_blank\" rel=\"noreferrer noopener\">&nbsp;PDF<\/a>&nbsp;&nbsp;&nbsp;&nbsp; <a href=\"http:\/\/www.schulebza.de\/rsplus\/images\/fos\/neu\/Berichtsheft-Vorlage.odt\" target=\"_blank\" rel=\"noreferrer noopener\">ODT(LibreOffice\/OpenOffice)<\/a><\/p>\n<!-- \/wp:paragraph -->\n\n<!-- wp:paragraph -->\n<p>Zusammen mit dem Berichtsheft ist f\u00fcr jeden Monat ein <a href=\"http:\/\/www.schulebza.de\/rsplus\/images\/fos\/neu\/_Nachweis_Arbeitstage.pdf\" target=\"_blank\" rel=\"noreferrer noopener\">NACHWEIS \u00dcBER DIE ARBEITS-, URLAUBS- UND FEHLTAGE<\/a> vorzulegen.<\/p>\n<!-- \/wp:paragraph -->\n\n<!-- wp:image -->\n<figure class=\"wp-block-image\"><img src=\"http:\/\/www.schulebza.de\/rsplus\/images\/fos\/neu\/urkunde.jpg\" alt=\"\"\/><\/figure>\n<!-- \/wp:image -->\n\n<!-- wp:paragraph -->\n<p><strong>Praktikumszeugnis und Praktikumsbeurteilung <\/strong><\/p>\n<!-- \/wp:paragraph -->\n\n<!-- wp:paragraph -->\n<p>Nach Beendigung des Praktikums stellt die Praktikumsstelle der Praktikantin\/dem Praktikanten ein <a href=\"http:\/\/www.schulebza.de\/rsplus\/images\/fos\/neu\/_Praktikumszeugnis.pdf\" target=\"_blank\" rel=\"noreferrer noopener\">ZEUGNIS<\/a>\n \u00fcber die ordnungsgem\u00e4\u00dfe Durchf\u00fchrung des Praktikums aus. Dieses Zeugnis\n geht an die Schule und ist Grundlage f\u00fcr die Entscheidung \u00fcber die \nVersetzung in Klasse 12.<\/p>\n<!-- \/wp:paragraph -->\n\n<!-- wp:paragraph -->\n<p>Wir empfehlen den Praktikanten in ihrem eigenen Interesse sich am Ende des Praktikums durch den Betrieb eine qualifizierte <a href=\"http:\/\/www.schulebza.de\/rsplus\/images\/fos\/neu\/_Praktikumsbeurteilung.pdf\" target=\"_blank\" rel=\"noreferrer noopener\">PRAKTIKUSMBEURTEILUNG<\/a> (beispielsweise mit dieser Vorlage) ausstellen zu lassen. Diese kann dann zuk\u00fcnftigen Bewerbungen beigelegt werden.<\/p>\n<!-- \/wp:paragraph -->\n\n<!-- wp:paragraph -->\n<p><strong>Erfolgreiches Praktikum als Versetzungsvoraussetzung<\/strong><\/p>\n<!-- \/wp:paragraph -->\n\n<!-- wp:paragraph -->\n<p>Nach der \nLandesverordnung f\u00fcr die Fachoberschule hat das Praktikum in Klasse 11 \nden gleichen Stellenwert wie der Unterricht. Somit kann bei nicht \nerfolgreich abgeschlossenem Praktikum auch keine Versetzung in Klasse 12\n erfolgen.<\/p>\n<!-- \/wp:paragraph -->\n\n<!-- wp:paragraph -->\n<p><strong>Richtlinien f\u00fcr das Praktikum und Bildungsserver<\/strong><\/p>\n<!-- \/wp:paragraph -->\n\n<!-- wp:paragraph -->\n<p>Die Informationen zum Praktikum der Fachoberschule sind auch nochmals in den <a rel=\"noreferrer noopener\" href=\"http:\/\/www.schulebza.de\/rsplus\/images\/fos\/neu\/Richtlinien_fuer_das_Praktikum.pdf\" target=\"_blank\">RICHTLINIEN F\u00dcR DAS PRAKTIKUM<\/a> sowie auf dem <a rel=\"noreferrer noopener\" href=\"https:\/\/realschuleplus.bildung-rp.de\/fachoberschule.html\" target=\"_blank\">BILDUNGSSERVER<\/a> nachlesbar.<\/p>\n<!-- \/wp:paragraph -->\n\n<!-- wp:paragraph -->\n<p><strong>Die Handreichung f\u00fcr das Praktikum in der Fachoberschule<\/strong><\/p>\n<!-- \/wp:paragraph -->\n\n<!-- wp:paragraph -->\n<p>Alle Informationen zum Praktikum der Fachoberschule k\u00f6nnen hier nochmals nach-gelesen werden.<\/p>\n<!-- \/wp:paragraph -->\n\n<!-- wp:paragraph -->\n<p><a href=\"images\/fos\/Handreichung_FOS_Praktikum.pdf\" target=\"_blank\" rel=\"noreferrer noopener\"><strong>HANDREICHUNG<\/strong><\/a><\/p>\n<!-- \/wp:paragraph -->\n\n<!-- wp:paragraph -->\n<p>Im Kapitel 2.6.2 \u201eInhaltliche Planung des Praktikums\u201c finden Sie auf <strong>Seite 19<\/strong> <strong>Beispiele f\u00fcr m\u00f6gliche Praktikumsinhalte<\/strong>. Durch solche Inhalte sind die Anforderungen an die Praktikumsstelle, welche die Auseinandersetzung mit wesent-lichen Praxisbereichen im gesundheitlichen und pflegerischen Bereich erm\u00f6glichen soll, erf\u00fcllt.<\/p>\n<!-- \/wp:paragraph -->\n\n<!-- wp:paragraph -->\n<p><em>\u201eEs handelt sich bei der Auflistung um ein m\u00f6gliches Zeitraster, das lediglich zur Orientierung dienen soll. Je nach betrieblicher Struktur k\u00f6nnen Inhalte weggelassen bzw. erg\u00e4nzt werden. Auch die Zeitvorgaben richten sich nach den Erfordernissen des Praktikumsbetriebes. Einige Kompetenzen k\u00f6nnen auch \u00fcber die gesamte Dauer<\/em><\/p>\n<!-- \/wp:paragraph -->\n\n<!-- wp:paragraph -->\n<p><em>des Praktikums erworben werden (z. B. Qualifizierung f\u00fcr die berufliche und pers\u00f6nliche Entwicklung begr\u00fcnden\/branchenbezogene Ausbildungsm\u00f6glichkeiten ermitteln).\u201c<\/em><\/p>\n<!-- \/wp:paragraph -->","_et_gb_content_width":"","footnotes":""},"class_list":["post-781","page","type-page","status-publish","hentry"],"_links":{"self":[{"href":"https:\/\/schulebza.de\/rsplus\/wp-json\/wp\/v2\/pages\/781","targetHints":{"allow":["GET"]}}],"collection":[{"href":"https:\/\/schulebza.de\/rsplus\/wp-json\/wp\/v2\/pages"}],"about":[{"href":"https:\/\/schulebza.de\/rsplus\/wp-json\/wp\/v2\/types\/page"}],"author":[{"embeddable":true,"href":"https:\/\/schulebza.de\/rsplus\/wp-json\/wp\/v2\/users\/10"}],"replies":[{"embeddable":true,"href":"https:\/\/schulebza.de\/rsplus\/wp-json\/wp\/v2\/comments?post=781"}],"version-history":[{"count":44,"href":"https:\/\/schulebza.de\/rsplus\/wp-json\/wp\/v2\/pages\/781\/revisions"}],"predecessor-version":[{"id":4350,"href":"https:\/\/schulebza.de\/rsplus\/wp-json\/wp\/v2\/pages\/781\/revisions\/4350"}],"wp:attachment":[{"href":"https:\/\/schulebza.de\/rsplus\/wp-json\/wp\/v2\/media?parent=781"}],"curies":[{"name":"wp","href":"https:\/\/api.w.org\/{rel}","templated":true}]}}