{"id":7676,"date":"2023-04-27T09:11:32","date_gmt":"2023-04-27T07:11:32","guid":{"rendered":"https:\/\/schulebza.de\/rsplus\/?page_id=7676"},"modified":"2023-04-27T09:26:42","modified_gmt":"2023-04-27T07:26:42","slug":"das-schulsystem-in-rheilnand-pfalz-leicht-erklaert","status":"publish","type":"page","link":"https:\/\/schulebza.de\/rsplus\/das-schulsystem-in-rheilnand-pfalz-leicht-erklaert\/","title":{"rendered":"Das Schulsystem in Rheilnand-Pfalz leicht erkl\u00e4rt"},"content":{"rendered":"\n<figure class=\"wp-block-image aligncenter size-full\"><a href=\"https:\/\/migration.bildung-rp.de\/links-und-materialien\/das-schulsystem-in-rheinland-pfalz.html\"><img loading=\"lazy\" decoding=\"async\" width=\"774\" height=\"758\" src=\"https:\/\/schulebza.de\/rsplus\/wp-content\/uploads\/2023\/04\/Das-Schulsystem-leicht-erklaert.jpg\" alt=\"\" class=\"wp-image-7675\"\/><\/a><\/figure>\n\n\n\n<h2 class=\"has-text-align-center wp-block-heading\"><a href=\"https:\/\/migration.bildung-rp.de\/fileadmin\/user_upload\/migration.bildung-rp.de\/Broschueren__Lehrplaene\/Flyer_DIN4_Das_Schulsystem_Deutsch_August2022.pdf\"><strong>Deutsch<\/strong><\/a><\/h2>\n\n\n\n<p><\/p>\n\n\n\n<p><\/p>\n\n\n\n<h2 class=\"has-text-align-center wp-block-heading\"><strong><a href=\"https:\/\/migration.bildung-rp.de\/links-und-materialien\/das-schulsystem-in-rheinland-pfalz.html\">Weitere Sprachen &#8211; hier klicken: <\/a><\/strong><\/h2>\n\n\n\n<h2 class=\"has-text-align-center wp-block-heading\"><a href=\"https:\/\/migration.bildung-rp.de\/fileadmin\/user_upload\/migration.bildung-rp.de\/Broschueren__Lehrplaene\/Das_SchulsystemRLP_Ukrainisch_.pdf\"><strong>\u0443\u043a\u0440\u0430\u0457\u043d\u0441\u044c\u043a\u0438\u0439&nbsp;(Ukrainisch)<\/strong><\/a><\/h2>\n\n\n\n<h2 class=\"has-text-align-center wp-block-heading\"><a href=\"https:\/\/migration.bildung-rp.de\/fileadmin\/user_upload\/migration.bildung-rp.de\/Broschueren__Lehrplaene\/MFB056720_Ministerium_fuer_Bildung_MFB056720_Flyer_DIN4_Das_Schulsystem_Tuerkisch_RZ.pdf\"><strong>&nbsp;T\u00fcrk\u00e7e&nbsp;(T\u00fcrkisch)<\/strong><\/a><\/h2>\n\n\n\n<h2 class=\"has-text-align-center wp-block-heading\"><a href=\"https:\/\/migration.bildung-rp.de\/fileadmin\/user_upload\/migration.bildung-rp.de\/Broschueren__Lehrplaene\/MFB056720_Ministerium_fuer_Bildung_MFB056720_Flyer_DIN4_Das_Schulsystem_Arabisch_RZ.pdf\"><strong>\u0644\u0639\u0631\u0628\u064a\u0629 (Arabisch)<\/strong><\/a><\/h2>\n\n\n\n<p><\/p>\n\n\n\n<p><\/p>\n\n\n\n<h2 class=\"has-text-align-center wp-block-heading\"><a href=\"https:\/\/migration.bildung-rp.de\/links-und-materialien\/das-schulsystem-in-rheinland-pfalz.html\"><strong>weitere Sprachen <\/strong><\/a><\/h2>\n\n\n\n<p><\/p>\n\n\n\n<p><\/p>\n\n\n\n<h2 class=\"has-text-align-center wp-block-heading\"><a href=\"https:\/\/vimeopro.com\/plrlp\/schulsystem-rlp\/video\/801593889\"><strong>Film<\/strong><\/a><\/h2>\n\n\n\n<figure class=\"wp-block-image aligncenter size-full\"><a href=\"https:\/\/vimeopro.com\/plrlp\/schulsystem-rlp\/video\/801593889\"><img loading=\"lazy\" decoding=\"async\" width=\"666\" height=\"438\" src=\"https:\/\/schulebza.de\/rsplus\/wp-content\/uploads\/2023\/04\/Film-weiterfuehrende-Schulen.jpg\" alt=\"\" class=\"wp-image-7679\"\/><\/a><\/figure>\n","protected":false},"excerpt":{"rendered":"<p>Deutsch Weitere Sprachen &#8211; hier klicken: \u0443\u043a\u0440\u0430\u0457\u043d\u0441\u044c\u043a\u0438\u0439&nbsp;(Ukrainisch) &nbsp;T\u00fcrk\u00e7e&nbsp;(T\u00fcrkisch) \u0644\u0639\u0631\u0628\u064a\u0629 (Arabisch) weitere Sprachen Film<\/p>\n","protected":false},"author":10,"featured_media":0,"parent":0,"menu_order":0,"comment_status":"closed","ping_status":"closed","template":"","meta":{"_et_pb_use_builder":"off","_et_pb_old_content":"","_et_gb_content_width":"","footnotes":""},"class_list":["post-7676","page","type-page","status-publish","hentry"],"_links":{"self":[{"href":"https:\/\/schulebza.de\/rsplus\/wp-json\/wp\/v2\/pages\/7676","targetHints":{"allow":["GET"]}}],"collection":[{"href":"https:\/\/schulebza.de\/rsplus\/wp-json\/wp\/v2\/pages"}],"about":[{"href":"https:\/\/schulebza.de\/rsplus\/wp-json\/wp\/v2\/types\/page"}],"author":[{"embeddable":true,"href":"https:\/\/schulebza.de\/rsplus\/wp-json\/wp\/v2\/users\/10"}],"replies":[{"embeddable":true,"href":"https:\/\/schulebza.de\/rsplus\/wp-json\/wp\/v2\/comments?post=7676"}],"version-history":[{"count":9,"href":"https:\/\/schulebza.de\/rsplus\/wp-json\/wp\/v2\/pages\/7676\/revisions"}],"predecessor-version":[{"id":7691,"href":"https:\/\/schulebza.de\/rsplus\/wp-json\/wp\/v2\/pages\/7676\/revisions\/7691"}],"wp:attachment":[{"href":"https:\/\/schulebza.de\/rsplus\/wp-json\/wp\/v2\/media?parent=7676"}],"curies":[{"name":"wp","href":"https:\/\/api.w.org\/{rel}","templated":true}]}}