{"id":758,"date":"2020-02-10T12:40:39","date_gmt":"2020-02-10T11:40:39","guid":{"rendered":"http:\/\/rsplusneu.schulebza.de\/?page_id=758"},"modified":"2024-12-12T11:46:19","modified_gmt":"2024-12-12T10:46:19","slug":"projekt-blaeserklassen","status":"publish","type":"page","link":"https:\/\/schulebza.de\/rsplus\/profil\/projekt-blaeserklassen\/","title":{"rendered":"Projekt Bl\u00e4serklassen"},"content":{"rendered":"\n<div class=\"wp-block-columns is-layout-flex wp-container-core-columns-is-layout-9d6595d7 wp-block-columns-is-layout-flex\">\n<div class=\"wp-block-column is-layout-flow wp-block-column-is-layout-flow\">\n<figure class=\"wp-block-image\"><img decoding=\"async\" src=\"https:\/\/schulebza.de\/rsplus\/images\/wpf\/musik1.jpg\" alt=\"\"\/><\/figure>\n\n\n\n<figure class=\"wp-block-image size-large\"><img loading=\"lazy\" decoding=\"async\" width=\"194\" height=\"291\" src=\"https:\/\/schulebza.de\/rsplus\/wp-content\/uploads\/2020\/02\/musik2.jpg\" alt=\"\" class=\"wp-image-2693\"\/><\/figure>\n<\/div>\n\n\n\n<div class=\"wp-block-column is-layout-flow wp-block-column-is-layout-flow\">\n<figure class=\"wp-block-image\"><img decoding=\"async\" src=\"https:\/\/schulebza.de\/rsplus\/images\/wpf\/musik2.jpg\" alt=\"\"\/><\/figure>\n\n\n\n<figure class=\"wp-block-image size-large\"><img loading=\"lazy\" decoding=\"async\" width=\"600\" height=\"401\" src=\"https:\/\/schulebza.de\/rsplus\/wp-content\/uploads\/2020\/02\/musik4.jpg\" alt=\"\" class=\"wp-image-2695\"\/><\/figure>\n<\/div>\n\n\n\n<div class=\"wp-block-column is-layout-flow wp-block-column-is-layout-flow\">\n<figure class=\"wp-block-image\"><img decoding=\"async\" src=\"https:\/\/schulebza.de\/rsplus\/images\/wpf\/musik3.jpg\" alt=\"\"\/><\/figure>\n\n\n\n<figure class=\"wp-block-image size-large\"><img loading=\"lazy\" decoding=\"async\" width=\"300\" height=\"201\" src=\"https:\/\/schulebza.de\/rsplus\/wp-content\/uploads\/2020\/02\/musik5.jpg\" alt=\"\" class=\"wp-image-2696\"\/><\/figure>\n<\/div>\n<\/div>\n\n\n\n<p><strong>Bl\u00e4serklasse \u2026<\/strong><\/p>\n\n\n\n<p>&#8211; ist eine Unterrichtsform, in der jede Sch\u00fclerin und jeder Sch\u00fcler \nein Orchesterinstrument systematisch erlernt und dabei von Anfang an in \neiner Gemeinschaft musiziert;<\/p>\n\n\n\n<p>&#8211; wird als zweij\u00e4hriges Projekt im normalen Musikunterricht durchgef\u00fchrt;<\/p>\n\n\n\n<p>&#8211; ist Musizieren mit Orchesterblasinstrumenten nach dem Vorbild des \nsymphonischen Blasorchesters. F\u00fcr ein ausgewogenes, harmonisches \nKlangbild sorgt die ganze Palette der Orchesterinstrumente wie \nQuerfl\u00f6ten, Klarinetten, Trompeten, Posaunen bis hin zu H\u00f6rner, \nEuphonien und Tuben;<\/p>\n\n\n\n<figure class=\"wp-block-image\"><img decoding=\"async\" src=\"https:\/\/schulebza.de\/rsplus\/images\/wpf\/musik4.jpg\" alt=\"\"\/><\/figure>\n\n\n\n<p><strong>Erfolg in der Gemeinschaft<\/strong><\/p>\n\n\n\n<p>\u00b7&nbsp;&nbsp;&nbsp;&nbsp;&nbsp; Motivation und Erfolg als Gemeinschaftserlebnis ist vor allem auch ein sozialer Erfolg;<\/p>\n\n\n\n<figure class=\"wp-block-image\"><img decoding=\"async\" src=\"https:\/\/schulebza.de\/rsplus\/images\/wpf\/musik5.jpg\" alt=\"\"\/><\/figure>\n\n\n\n<p>\u00b7&nbsp;&nbsp;&nbsp;&nbsp;&nbsp; So sind das \u201eKlima\u201c das Miteinander und die Lernatmosph\u00e4re in \nden Bl\u00e4serklassen durch das gemeinsame Ziel sehr positiv und erstaunlich\n aggressionsfrei;<\/p>\n\n\n\n<p>\u00b7&nbsp;&nbsp;&nbsp;&nbsp;&nbsp; Teamf\u00e4higkeit wird als wichtige Schl\u00fcsselqualifikation \nspielerisch erworben, einander zuh\u00f6ren, R\u00fccksicht nehmen und sich \ngegenseitig unterst\u00fctzen sind bleibende und pr\u00e4gende Erfahrungen;<\/p>\n\n\n\n<p>\u00b7&nbsp;&nbsp;&nbsp;&nbsp;&nbsp; Letztlich ist dies auch Pr\u00e4vention von Gewalt und \nImmunisierung gegen Sinnleere. Bl\u00e4serklasse erf\u00fcllt damit einen \ndringenden gesellschaftlichen Auftrag!<\/p>\n\n\n\n<p><strong>Musik macht klug<\/strong><\/p>\n\n\n\n<p>\u00b7&nbsp;&nbsp;&nbsp;&nbsp;&nbsp; Seri\u00f6se Untersuchungen belegen immer mehr, dass Kinder, die \nein Instrument systematisch erlernen, auch in anderen Bereichen davon \nprofitieren.<\/p>\n\n\n\n<p>\u00b7&nbsp;&nbsp;&nbsp;&nbsp;&nbsp; So steigt die Konzentrationsf\u00e4higkeit, Ausdauer und Merkf\u00e4higkeit werden st\u00e4rker.<\/p>\n\n\n\n<figure class=\"wp-block-image size-large\"><img loading=\"lazy\" decoding=\"async\" width=\"300\" height=\"201\" src=\"https:\/\/schulebza.de\/rsplus\/wp-content\/uploads\/2020\/02\/musik6.jpg\" alt=\"\" class=\"wp-image-2697\"\/><\/figure>\n\n\n\n<p><strong>Viele Bl\u00e4serklassen \u2013 viel Erfahrung<br><br><\/strong><\/p>\n\n\n\n<p>Im Alfred-Grosser-Schulzentrum Bad Bergzabern gibt es Bl\u00e4serklassen \nseit dem Jahre 1992. Peter Kusenbach, der Initiator dieses Projektes, \norganisiert zus\u00e4tzlich als Fachberater f\u00fcr das Fach Musik bei der ADD \nNeustadt&nbsp; sogenannte Bl\u00e4serklassenfachtage. Hier lernen interessierte \nKolleginnen und Kollegen anderer Schulen durch Unterrichtshospitationen,\n Fachvortr\u00e4ge und Workshops das Konzept dieses Projektes kennen.<\/p>\n\n\n\n<p><strong>Folgende Arbeitsgemeinschaften resultieren sich aus den Bl\u00e4serklassen:<\/strong><\/p>\n\n\n\n<p><\/p>\n\n\n\n<p>\u00b7&nbsp;&nbsp;&nbsp;&nbsp;&nbsp; Junior-Big Band<\/p>\n\n\n\n<p>\u00b7&nbsp;&nbsp;&nbsp;&nbsp;&nbsp; Big Band Mittelstufe<\/p>\n\n\n\n<p>\u00b7&nbsp;&nbsp;&nbsp;&nbsp;&nbsp; Big Band de luxe<\/p>\n\n\n\n<p>\u00b7&nbsp;&nbsp;&nbsp;&nbsp;&nbsp; Symphonie-Jazz-Orchester<\/p>\n\n\n\n<p>\u00b7&nbsp;&nbsp;&nbsp;&nbsp;&nbsp; Jazz-Combo<\/p>\n\n\n\n<p>\u00b7&nbsp;&nbsp;&nbsp;&nbsp;&nbsp; Projektorchester<\/p>\n","protected":false},"excerpt":{"rendered":"<p>Bl\u00e4serklasse \u2026 &#8211; ist eine Unterrichtsform, in der jede Sch\u00fclerin und jeder Sch\u00fcler ein Orchesterinstrument systematisch erlernt und dabei von Anfang an in einer Gemeinschaft musiziert; &#8211; wird als zweij\u00e4hriges [&hellip;]<\/p>\n","protected":false},"author":1,"featured_media":0,"parent":736,"menu_order":11,"comment_status":"closed","ping_status":"closed","template":"","meta":{"_et_pb_use_builder":"off","_et_pb_old_content":"","_et_gb_content_width":"","footnotes":""},"class_list":["post-758","page","type-page","status-publish","hentry"],"_links":{"self":[{"href":"https:\/\/schulebza.de\/rsplus\/wp-json\/wp\/v2\/pages\/758","targetHints":{"allow":["GET"]}}],"collection":[{"href":"https:\/\/schulebza.de\/rsplus\/wp-json\/wp\/v2\/pages"}],"about":[{"href":"https:\/\/schulebza.de\/rsplus\/wp-json\/wp\/v2\/types\/page"}],"author":[{"embeddable":true,"href":"https:\/\/schulebza.de\/rsplus\/wp-json\/wp\/v2\/users\/1"}],"replies":[{"embeddable":true,"href":"https:\/\/schulebza.de\/rsplus\/wp-json\/wp\/v2\/comments?post=758"}],"version-history":[{"count":6,"href":"https:\/\/schulebza.de\/rsplus\/wp-json\/wp\/v2\/pages\/758\/revisions"}],"predecessor-version":[{"id":10270,"href":"https:\/\/schulebza.de\/rsplus\/wp-json\/wp\/v2\/pages\/758\/revisions\/10270"}],"up":[{"embeddable":true,"href":"https:\/\/schulebza.de\/rsplus\/wp-json\/wp\/v2\/pages\/736"}],"wp:attachment":[{"href":"https:\/\/schulebza.de\/rsplus\/wp-json\/wp\/v2\/media?parent=758"}],"curies":[{"name":"wp","href":"https:\/\/api.w.org\/{rel}","templated":true}]}}