{"id":750,"date":"2020-02-10T12:37:48","date_gmt":"2020-02-10T11:37:48","guid":{"rendered":"http:\/\/rsplusneu.schulebza.de\/?page_id=750"},"modified":"2020-04-13T19:30:48","modified_gmt":"2020-04-13T17:30:48","slug":"mofaausbildung","status":"publish","type":"page","link":"https:\/\/schulebza.de\/rsplus\/profil\/mofaausbildung\/","title":{"rendered":"Mofaausbildung"},"content":{"rendered":"\n<p>Mofa\/Roller-25 Arbeitsgemeinschaft<br>Am Alfred Grosser Schulzentrum kann im Rahmen einer AG die theoretische und praktische Ausbildung f\u00fcr den Erwerb der Mofa-Pr\u00fcfbescheinigung erfolgen (<a href=\"http:\/\/verkehrserziehung.bildung-rp.de\" target=\"_blank\" rel=\"noreferrer noopener\" aria-label=\"siehe http:\/\/verkehrserziehung.bildung-rp.de\/ (\u00f6ffnet in neuem Tab)\">siehe http:\/\/verkehrserziehung.bildung-rp.de\/<\/a>) die Abnahme der Pr\u00fcfung erfolgt beim T\u00dcV.<br>Herr Leidel leitet diese AG.<\/p>\n\n\n\n<figure class=\"wp-block-image size-large\"><a href=\"https:\/\/schulebza.de\/rsplus\/wp-content\/uploads\/2020\/02\/mofa1.jpg02\/images_projekte_mofa1.jpg\"><img loading=\"lazy\" decoding=\"async\" width=\"1024\" height=\"800\" src=\"https:\/\/schulebza.de\/rsplus\/wp-content\/uploads\/2020\/02\/mofa2-1024x800.jpg\" alt=\"\" class=\"wp-image-2567\"\/><\/a><\/figure>\n\n\n\n<p><br>Mit dieser Pr\u00fcfbescheinigung d\u00fcrfen Mofas und Roller mit einer H\u00f6chstgeschwindigkeit von 25 km\/h gefahren werden.<br>Durch den &#8222;F\u00fchrerschein mit 17&#8220; hat sich eine neue M\u00f6glichkeit zur Nutzung eines Rollers ergeben. Nachdem man den F\u00fchrerschein mit 17 erworben hat, darf man den Roller offen (H\u00f6chstgeschwindigkeit 45 km\/h) fahren.<br>Wir besitzen 4 Mofas. Der Kurs gliedert sich in einen praktischen und einen theoretischen Teil. <br>Teilnehmen d\u00fcrfen alle Sch\u00fclerinnen und Sch\u00fcler, die im laufenden Schuljahr 15 werden, oder schon \u00e4lter sind. Die Pl\u00e4tze sind jedoch begrenzt.<\/p>\n\n\n\n<figure class=\"wp-block-image alignnone size-large caption size-full wp-image-431\"><img loading=\"lazy\" decoding=\"async\" width=\"1024\" height=\"817\" src=\"https:\/\/schulebza.de\/rsplus\/wp-content\/uploads\/2020\/02\/mofa1-1024x817.jpg\" alt=\"\" class=\"wp-image-2566\"\/><figcaption>Mofaausbildung auf dem Verkehrs\u00fcbungsplatz<\/figcaption><\/figure>\n","protected":false},"excerpt":{"rendered":"<p>Mofa\/Roller-25 ArbeitsgemeinschaftAm Alfred Grosser Schulzentrum kann im Rahmen einer AG die theoretische und praktische Ausbildung f\u00fcr den Erwerb der Mofa-Pr\u00fcfbescheinigung erfolgen (siehe http:\/\/verkehrserziehung.bildung-rp.de\/) die Abnahme der Pr\u00fcfung erfolgt beim T\u00dcV.Herr [&hellip;]<\/p>\n","protected":false},"author":1,"featured_media":2566,"parent":736,"menu_order":7,"comment_status":"closed","ping_status":"closed","template":"","meta":{"_et_pb_use_builder":"off","_et_pb_old_content":"","_et_gb_content_width":"","footnotes":""},"class_list":["post-750","page","type-page","status-publish","has-post-thumbnail","hentry"],"_links":{"self":[{"href":"https:\/\/schulebza.de\/rsplus\/wp-json\/wp\/v2\/pages\/750","targetHints":{"allow":["GET"]}}],"collection":[{"href":"https:\/\/schulebza.de\/rsplus\/wp-json\/wp\/v2\/pages"}],"about":[{"href":"https:\/\/schulebza.de\/rsplus\/wp-json\/wp\/v2\/types\/page"}],"author":[{"embeddable":true,"href":"https:\/\/schulebza.de\/rsplus\/wp-json\/wp\/v2\/users\/1"}],"replies":[{"embeddable":true,"href":"https:\/\/schulebza.de\/rsplus\/wp-json\/wp\/v2\/comments?post=750"}],"version-history":[{"count":7,"href":"https:\/\/schulebza.de\/rsplus\/wp-json\/wp\/v2\/pages\/750\/revisions"}],"predecessor-version":[{"id":3159,"href":"https:\/\/schulebza.de\/rsplus\/wp-json\/wp\/v2\/pages\/750\/revisions\/3159"}],"up":[{"embeddable":true,"href":"https:\/\/schulebza.de\/rsplus\/wp-json\/wp\/v2\/pages\/736"}],"wp:featuredmedia":[{"embeddable":true,"href":"https:\/\/schulebza.de\/rsplus\/wp-json\/wp\/v2\/media\/2566"}],"wp:attachment":[{"href":"https:\/\/schulebza.de\/rsplus\/wp-json\/wp\/v2\/media?parent=750"}],"curies":[{"name":"wp","href":"https:\/\/api.w.org\/{rel}","templated":true}]}}