{"id":744,"date":"2020-02-10T12:36:29","date_gmt":"2020-02-10T11:36:29","guid":{"rendered":"http:\/\/rsplusneu.schulebza.de\/?page_id=744"},"modified":"2024-12-12T09:26:35","modified_gmt":"2024-12-12T08:26:35","slug":"keiner-ohne-abschluss","status":"publish","type":"page","link":"https:\/\/schulebza.de\/rsplus\/profil\/keiner-ohne-abschluss\/","title":{"rendered":"Keine(r) ohne Abschluss"},"content":{"rendered":"\n<p><strong>Projekt:&nbsp;&nbsp;&nbsp;&nbsp; Keine\/r ohne Abschluss:<\/strong><\/p>\n\n\n\n<figure class=\"wp-block-image alignleft size-large\"><a href=\"https:\/\/schulebza.de\/rsplus\/wp-content\/uploads\/2013\/06\/images_startseite_koa_logo.jpg\"><img decoding=\"async\" src=\"https:\/\/schulebza.de\/rsplus\/wp-content\/uploads\/2013\/06\/images_startseite_koa_logo.jpg\" alt=\"\"\/><\/a><\/figure>\n\n\n\n<p>Mit Schreiben vom 22.03.2010 hat die Bildungsministerin Doris Ahnen mitgeteilt, dass die Realschule plus Bad Bergzabern ab dem 1. August 2010 als eine der f\u00fcnf teilnehmenden Schulen f\u00fcr das Projekt&nbsp; <a href=\"http:\/\/koa.rlp.de\"> &#8222;Keine(r) ohne Abschluss&#8220;<\/a> ausgew\u00e4hlt wurde.<br>Die Entscheidung f\u00fcr unsere Schule wurde aufgrund der vorhandenen g\u00fcnstigen Voraussetzungen, z.B. Ma\u00dfnahmen zur Berufsorientierung, Bewerbertraining, Schulsozialarbeit, getroffen.<\/p>\n\n\n\n<p>Die teilnehmenden Sch\u00fclerinnen und Sch\u00fcler werden sowohl von Lehrkr\u00e4ften als auch von externen Kr\u00e4ften sowie der Bundesagentur f\u00fcr Arbeit intensiv betreut.<\/p>\n\n\n\n<p>Im Rahmen des Projekts wurden und werden in Bad Bergzabern interessante und praxisnahe Projekte durchgef\u00fchrt. Einen Bericht dar\u00fcber gibt es auf dem Bildungsserver. Einfach <a href=\"https:\/\/koa.rlp.de\/schulen\/bad-bergzabern.html\" target=\"_blank\" rel=\"noreferrer noopener\" aria-label=\" (\u00f6ffnet in neuem Tab)\">hier<\/a> klicken!<\/p>\n\n\n\n<figure class=\"wp-block-image\"><a href=\"http:\/\/koa.rlp.de\/schulen\/bad-bergzabern.html\" target=\"_blank\" rel=\"noreferrer noopener\"><img loading=\"lazy\" decoding=\"async\" width=\"164\" height=\"26\" src=\"\/\/schulebza.de\/rsplus\/wp-content\/uploads\/2020\/02\/images_startseite_bserver.jpg\" alt=\"\" class=\"wp-image-91\"\/><\/a><\/figure>\n\n\n\n<p><strong>Interessierte Eltern und Schulen k\u00f6nnen Kontakt aufnehmen \u00fcber:<\/strong><\/p>\n\n\n\n<ul class=\"wp-block-list\">\n<li><strong>E-Mail: rsplus@schulebza.de<\/strong><\/li>\n\n\n\n<li><strong>Tel.:\u00a0\u00a0\u00a0\u00a0 06343 &#8211; 98900<\/strong><\/li>\n<\/ul>\n\n\n\n<p>&nbsp;<strong>Ansprechpartner in der Schule sind Herr Bollinger und Herr Marinello.<\/strong><\/p>\n\n\n\n<p><strong>F\u00fcr weitere Informationen <a href=\"http:\/\/koa.rlp.de\/gehezu\/startseite.html\" target=\"_blank\" rel=\"noreferrer noopener\">hier<\/a> anklicken.<\/strong><\/p>\n\n\n\n<hr class=\"wp-block-separator has-css-opacity\"\/>\n\n\n\n<p><strong><br><\/strong><\/p>\n","protected":false},"excerpt":{"rendered":"<p>Projekt:&nbsp;&nbsp;&nbsp;&nbsp; Keine\/r ohne Abschluss: Mit Schreiben vom 22.03.2010 hat die Bildungsministerin Doris Ahnen mitgeteilt, dass die Realschule plus Bad Bergzabern ab dem 1. August 2010 als eine der f\u00fcnf teilnehmenden [&hellip;]<\/p>\n","protected":false},"author":1,"featured_media":0,"parent":736,"menu_order":4,"comment_status":"closed","ping_status":"closed","template":"","meta":{"_et_pb_use_builder":"off","_et_pb_old_content":"","_et_gb_content_width":"","footnotes":""},"class_list":["post-744","page","type-page","status-publish","hentry"],"_links":{"self":[{"href":"https:\/\/schulebza.de\/rsplus\/wp-json\/wp\/v2\/pages\/744","targetHints":{"allow":["GET"]}}],"collection":[{"href":"https:\/\/schulebza.de\/rsplus\/wp-json\/wp\/v2\/pages"}],"about":[{"href":"https:\/\/schulebza.de\/rsplus\/wp-json\/wp\/v2\/types\/page"}],"author":[{"embeddable":true,"href":"https:\/\/schulebza.de\/rsplus\/wp-json\/wp\/v2\/users\/1"}],"replies":[{"embeddable":true,"href":"https:\/\/schulebza.de\/rsplus\/wp-json\/wp\/v2\/comments?post=744"}],"version-history":[{"count":16,"href":"https:\/\/schulebza.de\/rsplus\/wp-json\/wp\/v2\/pages\/744\/revisions"}],"predecessor-version":[{"id":10264,"href":"https:\/\/schulebza.de\/rsplus\/wp-json\/wp\/v2\/pages\/744\/revisions\/10264"}],"up":[{"embeddable":true,"href":"https:\/\/schulebza.de\/rsplus\/wp-json\/wp\/v2\/pages\/736"}],"wp:attachment":[{"href":"https:\/\/schulebza.de\/rsplus\/wp-json\/wp\/v2\/media?parent=744"}],"curies":[{"name":"wp","href":"https:\/\/api.w.org\/{rel}","templated":true}]}}