{"id":693,"date":"2020-03-06T18:24:00","date_gmt":"2020-03-06T17:24:00","guid":{"rendered":"http:\/\/rsplusneu.schulebza.de\/?page_id=693"},"modified":"2025-09-05T11:57:47","modified_gmt":"2025-09-05T09:57:47","slug":"freiwillige-soziales-jahr","status":"publish","type":"page","link":"https:\/\/schulebza.de\/rsplus\/realschule-plus\/freiwillige-soziales-jahr\/","title":{"rendered":"Freiwilliges Soziales Jahr"},"content":{"rendered":"\n<p class=\"has-vivid-green-cyan-color has-text-color has-link-color wp-elements-f0f62aa510933aca1432fa7d6092f860\">Aussage eines FSJ-lers: <\/p>\n\n\n\n<p class=\"has-vivid-green-cyan-color has-text-color has-link-color wp-elements-f721c97f54bbf62aacf9254d7ebcc04c\">&#8222;Die Schule aus einer anderen Perspektive sehen? <\/p>\n\n\n\n<p class=\"has-vivid-green-cyan-color has-text-color has-link-color wp-elements-6a3e596bfc0aedce6220f767753a888d\">Wie f\u00fchlt man sich, wenn man den Unterricht nicht mehr aus der Sicht eines Sch\u00fclers betrachtet? <\/p>\n\n\n\n<p class=\"has-vivid-green-cyan-color has-text-color has-link-color wp-elements-b3d13060688c6bb727f03b4f1cacb956\">Existiert in p\u00e4dagogischen Berufen eine Zukunft f\u00fcr mich?&#8220;<\/p>\n\n\n\n<p>Das\n FSJ findet unter der Tr\u00e4gerschaft des Deutschen Roten Kreuzes statt. \nDieses veranstaltet \u00fcber das Jahr hinweg Bildungsseminare, die \nM\u00f6glichkeit dazu bieten, sich mit FSJ\u2018lern aus anderen Einsatzstellen \nauszutauschen und Sachwissen zu erlangen, das sich anschlie\u00dfend in der \nEinsatzstelle einsetzen l\u00e4sst.<\/p>\n\n\n\n<p>Die T\u00e4tigkeit in der Einsatzstelle ist  sehr vielf\u00e4ltig. Neben unterrichtsbegleitender Unterst\u00fctzung von  Fachlehrlehrern \u00fcber Hausmeisterdienste, B\u00fcroarbeit und Betreuung im  Ganztagsschulangebot in Projekten sowie in der Hausaufgabenhilfe bieten  sich zahlreiche M\u00f6glichkeiten eigene F\u00e4higkeiten einzubringen und  weiterzuentwickeln. Au\u00dferdem l\u00e4sst sich das Jahrzur Berufsorientierung nutzen, da sich sowohl durch die Seminare, wie auch durch die Arbeit in der Einsatzstelle, neue Perspektiven auftun.<\/p>\n","protected":false},"excerpt":{"rendered":"<p>Aussage eines FSJ-lers: &#8222;Die Schule aus einer anderen Perspektive sehen? Wie f\u00fchlt man sich, wenn man den Unterricht nicht mehr aus der Sicht eines Sch\u00fclers betrachtet? Existiert in p\u00e4dagogischen Berufen [&hellip;]<\/p>\n","protected":false},"author":10,"featured_media":0,"parent":677,"menu_order":8,"comment_status":"closed","ping_status":"closed","template":"","meta":{"_et_pb_use_builder":"off","_et_pb_old_content":"","_et_gb_content_width":"","footnotes":""},"class_list":["post-693","page","type-page","status-publish","hentry"],"_links":{"self":[{"href":"https:\/\/schulebza.de\/rsplus\/wp-json\/wp\/v2\/pages\/693","targetHints":{"allow":["GET"]}}],"collection":[{"href":"https:\/\/schulebza.de\/rsplus\/wp-json\/wp\/v2\/pages"}],"about":[{"href":"https:\/\/schulebza.de\/rsplus\/wp-json\/wp\/v2\/types\/page"}],"author":[{"embeddable":true,"href":"https:\/\/schulebza.de\/rsplus\/wp-json\/wp\/v2\/users\/10"}],"replies":[{"embeddable":true,"href":"https:\/\/schulebza.de\/rsplus\/wp-json\/wp\/v2\/comments?post=693"}],"version-history":[{"count":9,"href":"https:\/\/schulebza.de\/rsplus\/wp-json\/wp\/v2\/pages\/693\/revisions"}],"predecessor-version":[{"id":11408,"href":"https:\/\/schulebza.de\/rsplus\/wp-json\/wp\/v2\/pages\/693\/revisions\/11408"}],"up":[{"embeddable":true,"href":"https:\/\/schulebza.de\/rsplus\/wp-json\/wp\/v2\/pages\/677"}],"wp:attachment":[{"href":"https:\/\/schulebza.de\/rsplus\/wp-json\/wp\/v2\/media?parent=693"}],"curies":[{"name":"wp","href":"https:\/\/api.w.org\/{rel}","templated":true}]}}