{"id":6573,"date":"2022-07-04T13:32:31","date_gmt":"2022-07-04T11:32:31","guid":{"rendered":"https:\/\/schulebza.de\/rsplus\/?page_id=6573"},"modified":"2023-07-03T10:01:05","modified_gmt":"2023-07-03T08:01:05","slug":"rueckgabe-schulbuecher","status":"publish","type":"page","link":"https:\/\/schulebza.de\/rsplus\/rueckgabe-schulbuecher\/","title":{"rendered":"R\u00fcckgabe Schulb\u00fccher"},"content":{"rendered":"\n<p><a href=\"https:\/\/schulebza.de\/rsplus\/wp-content\/uploads\/2023\/06\/Zeitplan-Ruecknahme.docx\">Zeitplan Schulbuchr\u00fccknahme<\/a><\/p>\n\n\n\n<p><a href=\"https:\/\/schulebza.de\/rsplus\/wp-content\/uploads\/2023\/06\/Ruecknahme-der-Schulbuecher_IPads.docx\">R\u00fccknahme der Schulb\u00fccher \/ Ipads<\/a><\/p>\n\n\n\n<p><\/p>\n\n\n\n<p><\/p>\n","protected":false},"excerpt":{"rendered":"<p>Zeitplan Schulbuchr\u00fccknahme R\u00fccknahme der Schulb\u00fccher \/ Ipads<\/p>\n","protected":false},"author":10,"featured_media":0,"parent":0,"menu_order":0,"comment_status":"closed","ping_status":"closed","template":"","meta":{"_et_pb_use_builder":"off","_et_pb_old_content":"","_et_gb_content_width":"","footnotes":""},"class_list":["post-6573","page","type-page","status-publish","hentry"],"_links":{"self":[{"href":"https:\/\/schulebza.de\/rsplus\/wp-json\/wp\/v2\/pages\/6573","targetHints":{"allow":["GET"]}}],"collection":[{"href":"https:\/\/schulebza.de\/rsplus\/wp-json\/wp\/v2\/pages"}],"about":[{"href":"https:\/\/schulebza.de\/rsplus\/wp-json\/wp\/v2\/types\/page"}],"author":[{"embeddable":true,"href":"https:\/\/schulebza.de\/rsplus\/wp-json\/wp\/v2\/users\/10"}],"replies":[{"embeddable":true,"href":"https:\/\/schulebza.de\/rsplus\/wp-json\/wp\/v2\/comments?post=6573"}],"version-history":[{"count":7,"href":"https:\/\/schulebza.de\/rsplus\/wp-json\/wp\/v2\/pages\/6573\/revisions"}],"predecessor-version":[{"id":7805,"href":"https:\/\/schulebza.de\/rsplus\/wp-json\/wp\/v2\/pages\/6573\/revisions\/7805"}],"wp:attachment":[{"href":"https:\/\/schulebza.de\/rsplus\/wp-json\/wp\/v2\/media?parent=6573"}],"curies":[{"name":"wp","href":"https:\/\/api.w.org\/{rel}","templated":true}]}}