{"id":6538,"date":"2022-06-27T09:45:36","date_gmt":"2022-06-27T07:45:36","guid":{"rendered":"https:\/\/schulebza.de\/rsplus\/?page_id=6538"},"modified":"2024-12-12T11:48:54","modified_gmt":"2024-12-12T10:48:54","slug":"schulhund","status":"publish","type":"page","link":"https:\/\/schulebza.de\/rsplus\/schulhund\/","title":{"rendered":"Schulhund"},"content":{"rendered":"\n<figure class=\"wp-block-gallery has-nested-images columns-default is-cropped wp-block-gallery-1 is-layout-flex wp-block-gallery-is-layout-flex\">\n<figure class=\"wp-block-image size-large\"><img loading=\"lazy\" decoding=\"async\" width=\"766\" height=\"1024\" data-id=\"6542\" src=\"https:\/\/schulebza.de\/rsplus\/wp-content\/uploads\/2022\/06\/1656098136233-4-766x1024.jpg\" alt=\"\" class=\"wp-image-6542\"\/><\/figure>\n\n\n\n<figure class=\"wp-block-image size-large\"><img loading=\"lazy\" decoding=\"async\" width=\"1024\" height=\"766\" data-id=\"6543\" src=\"https:\/\/schulebza.de\/rsplus\/wp-content\/uploads\/2022\/06\/1656098136213-1-1024x766.jpg\" alt=\"\" class=\"wp-image-6543\"\/><\/figure>\n<\/figure>\n\n\n\n<h2 class=\"wp-block-heading\">Meldung: Luna, der Schulhund unserer Schule, hat am Samstag, 6. Mai die Pr\u00fcfung zur &#8222;Re &#8211; Zertifizierung als Schulhund&#8220; mit Bravour bestanden. Die Sch\u00fcler und Sch\u00fclerinnen d\u00fcrfen sich nun weiter \u00fcber Lunas Besuche im Unterricht freuen.&nbsp;<\/h2>\n\n\n\n<p>Es gibt an unserer Schule Luna, eine Bordercollie-Pudel H\u00fcndin. Luna ist 4 Jahre alt und absolvierte eine einj\u00e4hrige Ausbildung incl. Pr\u00fcfung zum Schulhund. Deswegen darf sie Frau Dittrich im Unterricht begleiten.\u00a0<\/p>\n\n\n\n<p>Wie gef\u00e4llt das unseren Sch\u00fclern und Sch\u00fclerinnen? Hier einige Kommentare:<\/p>\n\n\n\n<p>Luisa: &#8222;Luna ist total lieb und bellt nicht.&#8220;<\/p>\n\n\n\n<p>Tom: &#8222;Ich mag, dass wir im Unterricht sehr leise sind, wenn Luna hier ist.&#8220;<\/p>\n\n\n\n<p>Sophie: &#8222;Es ist sch\u00f6n, dass Luna an unseren Tisch kommt und sich streicheln l\u00e4sst. &#8222;<\/p>\n\n\n\n<p>Luna verbringt den Unterricht mit den Sch\u00fclern, geht mit ihnen spazieren und auf Ausfl\u00fcge. Sie motiviert und tr\u00e4gt zu einem positiven Klassenklima bei. Die Kinder lernen spielerisch den Umgang mit Tieren, \u00fcbernehmen Verantwortung, sammeln neue Erfahrungen und lernen R\u00fccksicht zu nehmen.<\/p>\n","protected":false},"excerpt":{"rendered":"<p>Meldung: Luna, der Schulhund unserer Schule, hat am Samstag, 6. Mai die Pr\u00fcfung zur &#8222;Re &#8211; Zertifizierung als Schulhund&#8220; mit Bravour bestanden. Die Sch\u00fcler und Sch\u00fclerinnen d\u00fcrfen sich nun weiter [&hellip;]<\/p>\n","protected":false},"author":10,"featured_media":0,"parent":0,"menu_order":0,"comment_status":"closed","ping_status":"closed","template":"","meta":{"_et_pb_use_builder":"","_et_pb_old_content":"","_et_gb_content_width":"","footnotes":""},"class_list":["post-6538","page","type-page","status-publish","hentry"],"_links":{"self":[{"href":"https:\/\/schulebza.de\/rsplus\/wp-json\/wp\/v2\/pages\/6538","targetHints":{"allow":["GET"]}}],"collection":[{"href":"https:\/\/schulebza.de\/rsplus\/wp-json\/wp\/v2\/pages"}],"about":[{"href":"https:\/\/schulebza.de\/rsplus\/wp-json\/wp\/v2\/types\/page"}],"author":[{"embeddable":true,"href":"https:\/\/schulebza.de\/rsplus\/wp-json\/wp\/v2\/users\/10"}],"replies":[{"embeddable":true,"href":"https:\/\/schulebza.de\/rsplus\/wp-json\/wp\/v2\/comments?post=6538"}],"version-history":[{"count":4,"href":"https:\/\/schulebza.de\/rsplus\/wp-json\/wp\/v2\/pages\/6538\/revisions"}],"predecessor-version":[{"id":10271,"href":"https:\/\/schulebza.de\/rsplus\/wp-json\/wp\/v2\/pages\/6538\/revisions\/10271"}],"wp:attachment":[{"href":"https:\/\/schulebza.de\/rsplus\/wp-json\/wp\/v2\/media?parent=6538"}],"curies":[{"name":"wp","href":"https:\/\/api.w.org\/{rel}","templated":true}]}}