{"id":6452,"date":"2022-06-02T09:34:00","date_gmt":"2022-06-02T07:34:00","guid":{"rendered":"https:\/\/schulebza.de\/rsplus\/?page_id=6452"},"modified":"2022-06-13T07:53:20","modified_gmt":"2022-06-13T05:53:20","slug":"bogenschiessen","status":"publish","type":"page","link":"https:\/\/schulebza.de\/rsplus\/bogenschiessen\/","title":{"rendered":"Bogenschie\u00dfen"},"content":{"rendered":"\n<figure class=\"wp-block-gallery columns-3 is-cropped wp-block-gallery-1 is-layout-flex wp-block-gallery-is-layout-flex\"><ul class=\"blocks-gallery-grid\"><li class=\"blocks-gallery-item\"><figure><img loading=\"lazy\" decoding=\"async\" width=\"640\" height=\"480\" src=\"https:\/\/schulebza.de\/rsplus\/wp-content\/uploads\/2022\/06\/K640_20220309_150501-1.jpg\" alt=\"\" data-id=\"6458\" data-full-url=\"https:\/\/schulebza.de\/rsplus\/wp-content\/uploads\/2022\/06\/K640_20220309_150501-1.jpg\" data-link=\"https:\/\/schulebza.de\/rsplus\/?attachment_id=6458\" class=\"wp-image-6458\"\/><\/figure><\/li><li class=\"blocks-gallery-item\"><figure><img loading=\"lazy\" decoding=\"async\" width=\"640\" height=\"480\" src=\"https:\/\/schulebza.de\/rsplus\/wp-content\/uploads\/2022\/06\/K640_20220511_145441-1.jpg\" alt=\"\" data-id=\"6460\" data-full-url=\"https:\/\/schulebza.de\/rsplus\/wp-content\/uploads\/2022\/06\/K640_20220511_145441-1.jpg\" data-link=\"https:\/\/schulebza.de\/rsplus\/?attachment_id=6460\" class=\"wp-image-6460\"\/><\/figure><\/li><li class=\"blocks-gallery-item\"><figure><img loading=\"lazy\" decoding=\"async\" width=\"640\" height=\"480\" src=\"https:\/\/schulebza.de\/rsplus\/wp-content\/uploads\/2022\/06\/K640_20220511_145450-1.jpg\" alt=\"\" data-id=\"6461\" data-full-url=\"https:\/\/schulebza.de\/rsplus\/wp-content\/uploads\/2022\/06\/K640_20220511_145450-1.jpg\" data-link=\"https:\/\/schulebza.de\/rsplus\/?attachment_id=6461\" class=\"wp-image-6461\"\/><\/figure><\/li><li class=\"blocks-gallery-item\"><figure><img loading=\"lazy\" decoding=\"async\" width=\"640\" height=\"480\" src=\"https:\/\/schulebza.de\/rsplus\/wp-content\/uploads\/2022\/06\/K640_20220511_143558-1.jpg\" alt=\"\" data-id=\"6459\" data-full-url=\"https:\/\/schulebza.de\/rsplus\/wp-content\/uploads\/2022\/06\/K640_20220511_143558-1.jpg\" data-link=\"https:\/\/schulebza.de\/rsplus\/?attachment_id=6459\" class=\"wp-image-6459\"\/><\/figure><\/li><\/ul><\/figure>\n\n\n\n<p><strong>Bogenschie\u00dfen<\/strong><\/p>\n\n\n\n<p>Die Ganztagsschule bietet ihren Sch\u00fclern:innen unter anderem auch eine Arbeitsgemeinschaft (AG) im Bogenschie\u00dfen an.<\/p>\n\n\n\n<p>Beim Bogenschie\u00dfen werden komplexe Abl\u00e4ufe trainiert, um diese idealerweise automatisiert zu beherrschen. Dadurch werden bei unseren Sch\u00fcler:innen Kompetenzen wie Konzentrationsf\u00e4higkeit, K\u00f6rpergef\u00fchl, k\u00f6rperliche Anspannung und Entspannung gef\u00f6rdert. Dar\u00fcber hinaus kommt auch der Spa\u00df nicht zu kurz.<\/p>\n\n\n\n<p>Die Bogensport AG findet in Kooperation mit der SGi Oberotterbach statt. Dietmar B\u00f6hm (Foto) ist einer ihrer Bogentrainer. Er verantwortet die w\u00f6chentliche Planung und Durchf\u00fchrung der AG. Als ausgebildeter Kommunikationstrainer achtet er \u00fcber den sportlichen Rahmen hinaus auch auf Themen wie Umgang, Werte und Teamf\u00e4higkeit.<\/p>\n\n\n\n<figure class=\"wp-block-image size-full is-resized\"><img loading=\"lazy\" decoding=\"async\" src=\"https:\/\/schulebza.de\/rsplus\/wp-content\/uploads\/2022\/06\/K800-Dietmar-Boehm-2.jpg\" alt=\"\" class=\"wp-image-6494\" width=\"284\" height=\"426\"\/><figcaption>Trainer Dietmar B\u00f6hm<\/figcaption><\/figure>\n","protected":false},"excerpt":{"rendered":"<p>Bogenschie\u00dfen Die Ganztagsschule bietet ihren Sch\u00fclern:innen unter anderem auch eine Arbeitsgemeinschaft (AG) im Bogenschie\u00dfen an. Beim Bogenschie\u00dfen werden komplexe Abl\u00e4ufe trainiert, um diese idealerweise automatisiert zu beherrschen. Dadurch werden bei [&hellip;]<\/p>\n","protected":false},"author":10,"featured_media":0,"parent":0,"menu_order":0,"comment_status":"closed","ping_status":"closed","template":"","meta":{"_et_pb_use_builder":"off","_et_pb_old_content":"","_et_gb_content_width":"","footnotes":""},"class_list":["post-6452","page","type-page","status-publish","hentry"],"_links":{"self":[{"href":"https:\/\/schulebza.de\/rsplus\/wp-json\/wp\/v2\/pages\/6452","targetHints":{"allow":["GET"]}}],"collection":[{"href":"https:\/\/schulebza.de\/rsplus\/wp-json\/wp\/v2\/pages"}],"about":[{"href":"https:\/\/schulebza.de\/rsplus\/wp-json\/wp\/v2\/types\/page"}],"author":[{"embeddable":true,"href":"https:\/\/schulebza.de\/rsplus\/wp-json\/wp\/v2\/users\/10"}],"replies":[{"embeddable":true,"href":"https:\/\/schulebza.de\/rsplus\/wp-json\/wp\/v2\/comments?post=6452"}],"version-history":[{"count":5,"href":"https:\/\/schulebza.de\/rsplus\/wp-json\/wp\/v2\/pages\/6452\/revisions"}],"predecessor-version":[{"id":6496,"href":"https:\/\/schulebza.de\/rsplus\/wp-json\/wp\/v2\/pages\/6452\/revisions\/6496"}],"wp:attachment":[{"href":"https:\/\/schulebza.de\/rsplus\/wp-json\/wp\/v2\/media?parent=6452"}],"curies":[{"name":"wp","href":"https:\/\/api.w.org\/{rel}","templated":true}]}}