{"id":6418,"date":"2022-05-05T13:28:18","date_gmt":"2022-05-05T11:28:18","guid":{"rendered":"https:\/\/schulebza.de\/rsplus\/?page_id=6418"},"modified":"2024-02-19T08:10:36","modified_gmt":"2024-02-19T07:10:36","slug":"schulsanitaetsdienst","status":"publish","type":"page","link":"https:\/\/schulebza.de\/rsplus\/schulsanitaetsdienst\/","title":{"rendered":"Schulsanit\u00e4tsdienst"},"content":{"rendered":"\n<p>Kollegium der RS plus frischt Erste-Hilfe-Kenntnisse auf&nbsp;<\/p>\n\n\n\n<p>Dass Erste-Hilfe-Schulung an unserer Schule gro\u00dfgeschrieben wird, zeigt sich schon daran, dass es den Schulsanit\u00e4tsdienst gibt, in dem Sch\u00fclerInnen und Sch\u00fcler zu aktiven Schulsanit\u00e4tern ausgebildet werden. Auch das Projekt \u201eRetten macht Schule\u201c, in dem die Jugendlichen in Erster Hilfe geschult werden, findet vom 7.-12. Schuljahr statt.&nbsp;<\/p>\n\n\n\n<p>In der letzten Woche war nun das gesamte Kollegium der RS plus an der Reihe, ihr Wissen in Erster Hilfe aufzufrischen.&nbsp;<\/p>\n\n\n\n<p>In dem 4,5 st\u00fcndigen Kurs, der f\u00fcr Lehrkr\u00e4fte alle zwei Jahre verpflichtend ist, wiederholten die Lehrerinnen und Lehrer alle Sofortma\u00dfnahmen bei Notf\u00e4llen. An einer Puppe \u00fcbte man schlie\u00dflich die Herz-Lungen-Wiederbelebung und die Beatmung. Die Kolleginnen und Kollegen durften sich gegenseitig Verb\u00e4nde verschiedenster Art zur Wundversorgung anlegen.&nbsp;<\/p>\n\n\n\n<p>Dass der Nachmittag sehr interessant und kurzweilig war, ist dem jungen Referenten David Spitzfaden von den Maltesern zu verdanken, der den Erste-Hilfe-Lehrgang souver\u00e4n und engagiert leitete.&nbsp;<\/p>\n\n\n\n<p>(LOR)&nbsp;&nbsp;<\/p>\n\n\n\n<figure class=\"wp-block-gallery has-nested-images columns-default is-cropped wp-block-gallery-1 is-layout-flex wp-block-gallery-is-layout-flex\">\n<figure class=\"wp-block-image size-large\"><img loading=\"lazy\" decoding=\"async\" width=\"968\" height=\"1024\" data-id=\"8519\" src=\"https:\/\/schulebza.de\/rsplus\/wp-content\/uploads\/2024\/02\/IMG_9038-968x1024.jpeg\" alt=\"\" class=\"wp-image-8519\"\/><\/figure>\n\n\n\n<figure class=\"wp-block-image size-large\"><img loading=\"lazy\" decoding=\"async\" width=\"1024\" height=\"870\" data-id=\"8518\" src=\"https:\/\/schulebza.de\/rsplus\/wp-content\/uploads\/2024\/02\/IMG_8997-1024x870.jpeg\" alt=\"\" class=\"wp-image-8518\"\/><\/figure>\n\n\n\n<figure class=\"wp-block-image size-large\"><img loading=\"lazy\" decoding=\"async\" width=\"929\" height=\"1024\" data-id=\"8517\" src=\"https:\/\/schulebza.de\/rsplus\/wp-content\/uploads\/2024\/02\/IMG_8993-929x1024.jpeg\" alt=\"\" class=\"wp-image-8517\"\/><\/figure>\n\n\n\n<figure class=\"wp-block-image size-large\"><img loading=\"lazy\" decoding=\"async\" width=\"1024\" height=\"768\" data-id=\"8516\" src=\"https:\/\/schulebza.de\/rsplus\/wp-content\/uploads\/2024\/02\/IMG_8995-1024x768.jpeg\" alt=\"\" class=\"wp-image-8516\"\/><\/figure>\n\n\n\n<figure class=\"wp-block-image size-large\"><img loading=\"lazy\" decoding=\"async\" width=\"1024\" height=\"768\" data-id=\"8515\" src=\"https:\/\/schulebza.de\/rsplus\/wp-content\/uploads\/2024\/02\/IMG_9005-1024x768.jpeg\" alt=\"\" class=\"wp-image-8515\"\/><\/figure>\n\n\n\n<figure class=\"wp-block-image size-large\"><img loading=\"lazy\" decoding=\"async\" width=\"1024\" height=\"444\" data-id=\"8514\" src=\"https:\/\/schulebza.de\/rsplus\/wp-content\/uploads\/2024\/02\/IMG_9020-1024x444.jpeg\" alt=\"\" class=\"wp-image-8514\"\/><\/figure>\n\n\n\n<figure class=\"wp-block-image size-large\"><img loading=\"lazy\" decoding=\"async\" width=\"1024\" height=\"768\" data-id=\"8513\" src=\"https:\/\/schulebza.de\/rsplus\/wp-content\/uploads\/2024\/02\/IMG_9002-1024x768.jpeg\" alt=\"\" class=\"wp-image-8513\"\/><\/figure>\n\n\n\n<figure class=\"wp-block-image size-large\"><img loading=\"lazy\" decoding=\"async\" width=\"637\" height=\"1024\" data-id=\"8512\" src=\"https:\/\/schulebza.de\/rsplus\/wp-content\/uploads\/2024\/02\/IMG_9012-637x1024.jpeg\" alt=\"\" class=\"wp-image-8512\"\/><\/figure>\n\n\n\n<figure class=\"wp-block-image size-large\"><img loading=\"lazy\" decoding=\"async\" width=\"884\" height=\"1024\" data-id=\"8511\" src=\"https:\/\/schulebza.de\/rsplus\/wp-content\/uploads\/2024\/02\/IMG_9011-884x1024.jpeg\" alt=\"\" class=\"wp-image-8511\"\/><\/figure>\n\n\n\n<figure class=\"wp-block-image size-large\"><img loading=\"lazy\" decoding=\"async\" width=\"768\" height=\"1024\" data-id=\"8510\" src=\"https:\/\/schulebza.de\/rsplus\/wp-content\/uploads\/2024\/02\/IMG_9008-768x1024.jpeg\" alt=\"\" class=\"wp-image-8510\"\/><\/figure>\n<\/figure>\n\n\n\n<p><\/p>\n\n\n\n<p><\/p>\n\n\n\n<p><\/p>\n\n\n\n<h2 class=\"wp-block-heading\">Unser Schulsanit\u00e4tsdienst<\/h2>\n\n\n\n<figure class=\"wp-block-gallery has-nested-images columns-default is-cropped wp-block-gallery-2 is-layout-flex wp-block-gallery-is-layout-flex\">\n<figure class=\"wp-block-image size-large\"><img loading=\"lazy\" decoding=\"async\" width=\"689\" height=\"1024\" data-id=\"6419\" src=\"https:\/\/schulebza.de\/rsplus\/wp-content\/uploads\/2022\/05\/IMG_3465-1-689x1024.jpg\" alt=\"\" class=\"wp-image-6419\"\/><\/figure>\n\n\n\n<figure class=\"wp-block-image size-large\"><img loading=\"lazy\" decoding=\"async\" width=\"768\" height=\"1024\" data-id=\"6421\" src=\"https:\/\/schulebza.de\/rsplus\/wp-content\/uploads\/2022\/05\/IMG_3476-1-768x1024.jpg\" alt=\"\" class=\"wp-image-6421\"\/><\/figure>\n\n\n\n<figure class=\"wp-block-image size-large\"><img loading=\"lazy\" decoding=\"async\" width=\"768\" height=\"1024\" data-id=\"6422\" src=\"https:\/\/schulebza.de\/rsplus\/wp-content\/uploads\/2022\/05\/IMG_3477-1-768x1024.jpg\" alt=\"\" class=\"wp-image-6422\"\/><\/figure>\n\n\n\n<figure class=\"wp-block-image size-large\"><img loading=\"lazy\" decoding=\"async\" width=\"732\" height=\"600\" data-id=\"6424\" src=\"https:\/\/schulebza.de\/rsplus\/wp-content\/uploads\/2022\/05\/Bild_2022-05-05_132606410.png\" alt=\"\" class=\"wp-image-6424\"\/><\/figure>\n\n\n\n<figure class=\"wp-block-image size-large\"><img decoding=\"async\" data-id=\"6423\" src=\"https:\/\/schulebza.de\/rsplus\/wp-content\/uploads\/2022\/05\/IMG_3487-1-1024x768.jpg\" alt=\"\" class=\"wp-image-6423\"\/><\/figure>\n\n\n\n<figure class=\"wp-block-image size-large\"><img loading=\"lazy\" decoding=\"async\" width=\"1024\" height=\"768\" data-id=\"6420\" src=\"https:\/\/schulebza.de\/rsplus\/wp-content\/uploads\/2022\/05\/IMG_3473-1-1024x768.jpg\" alt=\"\" class=\"wp-image-6420\"\/><\/figure>\n\n\n\n<figure class=\"wp-block-image size-large\"><img loading=\"lazy\" decoding=\"async\" width=\"1024\" height=\"768\" data-id=\"6425\" src=\"https:\/\/schulebza.de\/rsplus\/wp-content\/uploads\/2022\/05\/IMG_3487-2-1024x768.jpg\" alt=\"\" class=\"wp-image-6425\"\/><\/figure>\n<figcaption class=\"blocks-gallery-caption wp-element-caption\"><br>Schulsanit\u00e4tsdienst<br>&nbsp;<br>Sch\u00fcler helfen Sch\u00fclern,<br>&nbsp;<br>nach diesem Motto wurde der Schulsanit\u00e4tsdienst an unserem Schulstandort ausgerichtet. Wir m\u00f6chten dabei jungen Menschen das Thema \u201eHelfen\u201c n\u00e4herbringen. Dabei geht es vor allem um Anpacken, gesellschaftliche Verantwortung \u00fcbernehmen, Zivilcourage zeigen und vielleicht sogar Leben retten.<br>In Notf\u00e4llen k\u00fcmmern sich dann unserer Schulsanit\u00e4terInnen um das Wohlergehen ihrer Patienten und tragen Verantwortung f\u00fcr die ihnen zur Verf\u00fcgung stehenden R\u00e4ume, Ger\u00e4te und Materialien.<br>Nach einer erfolgreichen Ausbildung sowie einem regelm\u00e4\u00dfigen Besuch der AG, werden die Sch\u00fclerInnen in den Bereitschaftsdienst integriert, um so ihr Erlerntes in Notfallsituationen anwenden zu k\u00f6nnen.&nbsp;<\/figcaption><\/figure>\n","protected":false},"excerpt":{"rendered":"<p>Kollegium der RS plus frischt Erste-Hilfe-Kenntnisse auf&nbsp; Dass Erste-Hilfe-Schulung an unserer Schule gro\u00dfgeschrieben wird, zeigt sich schon daran, dass es den Schulsanit\u00e4tsdienst gibt, in dem Sch\u00fclerInnen und Sch\u00fcler zu aktiven [&hellip;]<\/p>\n","protected":false},"author":10,"featured_media":0,"parent":0,"menu_order":0,"comment_status":"closed","ping_status":"closed","template":"","meta":{"_et_pb_use_builder":"off","_et_pb_old_content":"","_et_gb_content_width":"","footnotes":""},"class_list":["post-6418","page","type-page","status-publish","hentry"],"_links":{"self":[{"href":"https:\/\/schulebza.de\/rsplus\/wp-json\/wp\/v2\/pages\/6418","targetHints":{"allow":["GET"]}}],"collection":[{"href":"https:\/\/schulebza.de\/rsplus\/wp-json\/wp\/v2\/pages"}],"about":[{"href":"https:\/\/schulebza.de\/rsplus\/wp-json\/wp\/v2\/types\/page"}],"author":[{"embeddable":true,"href":"https:\/\/schulebza.de\/rsplus\/wp-json\/wp\/v2\/users\/10"}],"replies":[{"embeddable":true,"href":"https:\/\/schulebza.de\/rsplus\/wp-json\/wp\/v2\/comments?post=6418"}],"version-history":[{"count":3,"href":"https:\/\/schulebza.de\/rsplus\/wp-json\/wp\/v2\/pages\/6418\/revisions"}],"predecessor-version":[{"id":8521,"href":"https:\/\/schulebza.de\/rsplus\/wp-json\/wp\/v2\/pages\/6418\/revisions\/8521"}],"wp:attachment":[{"href":"https:\/\/schulebza.de\/rsplus\/wp-json\/wp\/v2\/media?parent=6418"}],"curies":[{"name":"wp","href":"https:\/\/api.w.org\/{rel}","templated":true}]}}