{"id":5883,"date":"2021-11-30T12:12:51","date_gmt":"2021-11-30T11:12:51","guid":{"rendered":"https:\/\/schulebza.de\/rsplus\/?page_id=5883"},"modified":"2022-01-06T10:43:28","modified_gmt":"2022-01-06T09:43:28","slug":"schulcampus","status":"publish","type":"page","link":"https:\/\/schulebza.de\/rsplus\/schulcampus\/","title":{"rendered":"Schulcampus"},"content":{"rendered":"\n[et_pb_section fb_built=&#8220;1&#8243; _builder_version=&#8220;4.13.1&#8243; _module_preset=&#8220;default&#8220; global_colors_info=&#8220;{}&#8220; theme_builder_area=&#8220;post_content&#8220;][et_pb_row _builder_version=&#8220;4.13.1&#8243; _module_preset=&#8220;default&#8220; global_colors_info=&#8220;{}&#8220; theme_builder_area=&#8220;post_content&#8220;][et_pb_column type=&#8220;4_4&#8243; _builder_version=&#8220;4.13.1&#8243; _module_preset=&#8220;default&#8220; global_colors_info=&#8220;{}&#8220; theme_builder_area=&#8220;post_content&#8220;][et_pb_text _builder_version=&#8220;4.13.1&#8243; _module_preset=&#8220;default&#8220; global_colors_info=&#8220;{}&#8220; theme_builder_area=&#8220;post_content&#8220;]<p>Erkl\u00e4rvideos zum Schulcampus f\u00fcr Lehrkr\u00e4fte<\/p>\n<p>&nbsp;<\/p>[\/et_pb_text][\/et_pb_column][\/et_pb_row][\/et_pb_section][et_pb_section fb_built=&#8220;1&#8243; _builder_version=&#8220;4.13.1&#8243; _module_preset=&#8220;default&#8220; global_colors_info=&#8220;{}&#8220; theme_builder_area=&#8220;post_content&#8220;][et_pb_row column_structure=&#8220;1_2,1_2&#8243; _builder_version=&#8220;4.13.1&#8243; _module_preset=&#8220;default&#8220; global_colors_info=&#8220;{}&#8220; theme_builder_area=&#8220;post_content&#8220;][et_pb_column type=&#8220;1_2&#8243; _builder_version=&#8220;4.13.1&#8243; _module_preset=&#8220;default&#8220; global_colors_info=&#8220;{}&#8220; theme_builder_area=&#8220;post_content&#8220;][et_pb_image src=&#8220;https:\/\/schulebza.de\/rsplus\/wp-content\/uploads\/2021\/11\/Erklaervideo-LuL.jpg&#8220; title_text=&#8220;Erkl\u00e4rvideo LuL&#8220; url=&#8220;https:\/\/schulebza.de\/rsplus\/wp-content\/uploads\/2021\/11\/LuL-Erklaervideo-Aufgaben_in_Moodle_einstellen.mp4&#8243; _builder_version=&#8220;4.13.1&#8243; _module_preset=&#8220;default&#8220; global_colors_info=&#8220;{}&#8220; theme_builder_area=&#8220;post_content&#8220;][\/et_pb_image][\/et_pb_column][et_pb_column type=&#8220;1_2&#8243; _builder_version=&#8220;4.13.1&#8243; _module_preset=&#8220;default&#8220; global_colors_info=&#8220;{}&#8220; theme_builder_area=&#8220;post_content&#8220;][et_pb_image src=&#8220;https:\/\/schulebza.de\/rsplus\/wp-content\/uploads\/2021\/11\/Erklaervideo-kurz-LuL.jpg&#8220; title_text=&#8220;Erkl\u00e4rvideo kurz LuL&#8220; url=&#8220;https:\/\/schulebza.de\/rsplus\/wp-content\/uploads\/2021\/11\/LuL-Erklaervideo_AufgabenInMoodle_Kurz.mp4&#8243; _builder_version=&#8220;4.13.1&#8243; _module_preset=&#8220;default&#8220; global_colors_info=&#8220;{}&#8220; theme_builder_area=&#8220;post_content&#8220;][\/et_pb_image][\/et_pb_column][\/et_pb_row][\/et_pb_section]\n","protected":false},"excerpt":{"rendered":"<p>Erkl\u00e4rvideos zum Schulcampus f\u00fcr Lehrkr\u00e4fte &nbsp;<\/p>\n","protected":false},"author":10,"featured_media":0,"parent":0,"menu_order":0,"comment_status":"closed","ping_status":"closed","template":"","meta":{"_et_pb_use_builder":"on","_et_pb_old_content":"","_et_gb_content_width":"","footnotes":""},"class_list":["post-5883","page","type-page","status-publish","hentry"],"_links":{"self":[{"href":"https:\/\/schulebza.de\/rsplus\/wp-json\/wp\/v2\/pages\/5883","targetHints":{"allow":["GET"]}}],"collection":[{"href":"https:\/\/schulebza.de\/rsplus\/wp-json\/wp\/v2\/pages"}],"about":[{"href":"https:\/\/schulebza.de\/rsplus\/wp-json\/wp\/v2\/types\/page"}],"author":[{"embeddable":true,"href":"https:\/\/schulebza.de\/rsplus\/wp-json\/wp\/v2\/users\/10"}],"replies":[{"embeddable":true,"href":"https:\/\/schulebza.de\/rsplus\/wp-json\/wp\/v2\/comments?post=5883"}],"version-history":[{"count":8,"href":"https:\/\/schulebza.de\/rsplus\/wp-json\/wp\/v2\/pages\/5883\/revisions"}],"predecessor-version":[{"id":6050,"href":"https:\/\/schulebza.de\/rsplus\/wp-json\/wp\/v2\/pages\/5883\/revisions\/6050"}],"wp:attachment":[{"href":"https:\/\/schulebza.de\/rsplus\/wp-json\/wp\/v2\/media?parent=5883"}],"curies":[{"name":"wp","href":"https:\/\/api.w.org\/{rel}","templated":true}]}}