{"id":5552,"date":"2021-09-02T10:15:55","date_gmt":"2021-09-02T08:15:55","guid":{"rendered":"https:\/\/schulebza.de\/rsplus\/?page_id=5552"},"modified":"2025-01-09T11:19:51","modified_gmt":"2025-01-09T10:19:51","slug":"krankmeldung-entschuldigung","status":"publish","type":"page","link":"https:\/\/schulebza.de\/rsplus\/krankmeldung-entschuldigung\/","title":{"rendered":"Krankmeldung &#8211; Entschuldigung"},"content":{"rendered":"\n<p><\/p>\n\n\n\n<p class=\"has-text-align-center\"><a href=\"https:\/\/youtu.be\/ZcZQAsySHpo\">Onlinekrankmeldung mit WedbUntis &#8211; Anleitung<\/a><\/p>\n\n\n\n<p><\/p>\n\n\n\n<p class=\"has-text-align-center\"><a href=\"https:\/\/webuntis.com\/\">Link zu WebUntis<\/a><\/p>\n\n\n\n<p><\/p>\n\n\n\n<h2 class=\"wp-block-heading has-vivid-green-cyan-color has-text-color has-link-color wp-elements-5887705adfe0341d412c5c21727c09ca\">Die Onlinekrankmeldung wird als schriftliche Entschuldigung gewertet. Eine zus\u00e4tzliche schriftliche Krankmeldung ist nicht n\u00f6tig. <\/h2>\n\n\n\n<p><\/p>\n\n\n\n<h2 class=\"wp-block-heading\"><a href=\"https:\/\/youtube.com\/shorts\/gyJ5oGl-pbs?si=G5aGx02QWb2N9TkW\">Wie melde ich mein Kind \u00fcber WebUntis krank? Anleitung<\/a><\/h2>\n\n\n\n<p><\/p>\n\n\n\n<p><\/p>\n\n\n\n<p>Sollten Sie Ihr Kind nicht online krankmelden wollen, k\u00f6nnen Sie diesen Vordruck benutzen. <\/p>\n\n\n\n<figure class=\"wp-block-image size-large\"><img loading=\"lazy\" decoding=\"async\" width=\"724\" height=\"1024\" src=\"https:\/\/schulebza.de\/rsplus\/wp-content\/uploads\/2021\/11\/Entschuldigung-Schueler-pdf-724x1024.jpg\" alt=\"\" class=\"wp-image-5780\"\/><\/figure>\n\n\n\n<p><\/p>\n","protected":false},"excerpt":{"rendered":"<p>Onlinekrankmeldung mit WedbUntis &#8211; Anleitung Link zu WebUntis Die Onlinekrankmeldung wird als schriftliche Entschuldigung gewertet. Eine zus\u00e4tzliche schriftliche Krankmeldung ist nicht n\u00f6tig. Wie melde ich mein Kind \u00fcber WebUntis krank? [&hellip;]<\/p>\n","protected":false},"author":10,"featured_media":0,"parent":0,"menu_order":0,"comment_status":"closed","ping_status":"closed","template":"","meta":{"_et_pb_use_builder":"","_et_pb_old_content":"","_et_gb_content_width":"","footnotes":""},"class_list":["post-5552","page","type-page","status-publish","hentry"],"_links":{"self":[{"href":"https:\/\/schulebza.de\/rsplus\/wp-json\/wp\/v2\/pages\/5552","targetHints":{"allow":["GET"]}}],"collection":[{"href":"https:\/\/schulebza.de\/rsplus\/wp-json\/wp\/v2\/pages"}],"about":[{"href":"https:\/\/schulebza.de\/rsplus\/wp-json\/wp\/v2\/types\/page"}],"author":[{"embeddable":true,"href":"https:\/\/schulebza.de\/rsplus\/wp-json\/wp\/v2\/users\/10"}],"replies":[{"embeddable":true,"href":"https:\/\/schulebza.de\/rsplus\/wp-json\/wp\/v2\/comments?post=5552"}],"version-history":[{"count":5,"href":"https:\/\/schulebza.de\/rsplus\/wp-json\/wp\/v2\/pages\/5552\/revisions"}],"predecessor-version":[{"id":10362,"href":"https:\/\/schulebza.de\/rsplus\/wp-json\/wp\/v2\/pages\/5552\/revisions\/10362"}],"wp:attachment":[{"href":"https:\/\/schulebza.de\/rsplus\/wp-json\/wp\/v2\/media?parent=5552"}],"curies":[{"name":"wp","href":"https:\/\/api.w.org\/{rel}","templated":true}]}}