{"id":5217,"date":"2021-06-17T08:24:29","date_gmt":"2021-06-17T06:24:29","guid":{"rendered":"https:\/\/schulebza.de\/rsplus\/?page_id=5217"},"modified":"2022-11-11T12:34:24","modified_gmt":"2022-11-11T11:34:24","slug":"fachoberschule-bad-bergzabern-unterwegs-exkursion-der-12ga-in-den-herrenhof-mussbach-kunst-kultur-und-kulinarik","status":"publish","type":"page","link":"https:\/\/schulebza.de\/rsplus\/fachoberschule-bad-bergzabern-unterwegs-exkursion-der-12ga-in-den-herrenhof-mussbach-kunst-kultur-und-kulinarik\/","title":{"rendered":"Fachoberschule Bad Bergzabern unterwegs: Exkursion der 12GA in den Herrenhof Mu\u00dfbach &#8211; Kunst, Kultur und Kulinarik"},"content":{"rendered":"\n<p>Der Herrenhof Mu\u00dfbach, ein Jahrhundert altes St\u00fcck Kultur, welches durch die F\u00f6rdergemeinschaft Herrenhof Mu\u00dfbach e.V. restauriert und renoviert wurde, um als \u00e4ltestes Weingut der Pfalz der \u00d6ffentlichkeit zug\u00e4nglich gemacht zu werden.<\/p>\n\n\n\n<p>Der Herrenhof bildet den Mittelpunkt von Mu\u00dfbach bei Neustadt. Bekannt f\u00fcr den Weinbau, sind die Weinberge und das Kelterhaus noch teilweise erhalten. Auch ein leerstehender Getreidekasten erinnert an die damalige Zeit. Dies und weiteres durften wir, die Klasse 12 Gestaltung der Fachoberschule aus dem Alfred Grosser Schulzentrum Bad Bergzabern, am 10.06.2021 besichtigen. In einer privaten F\u00fchrung von unserem Fachlehrer und dort ehrenamtlich arbeitenden Kurator Michael Weisbrod, haben wir zu Beginn des Tages die derzeit stattfindende Glaskunst Ausstellung besucht. Bis zum 18. Juli kann man dort Werke von regionalen und \u00fcberregionalen K\u00fcnstlern, wie Wolfgang Helfferich oder Ingrid Conrad-Lindig, zum Thema \u201eStille\u201c betrachten. In unserem meist stressigen Alltag vergessen wir oft Zeit f\u00fcr uns zu nehmen, weshalb man sich einfach mal zur\u00fccklehnen sollte, um der Stille zu lauschen. Mit Erkl\u00e4rungen zu unterschiedlichen Werken der Ausstellung durch Michael Weisbrod, wurden uns die Geschichten dazu bewusst und wir konnten verstehen, wie sich die Werke zusammensetzen und warum die Technik oder die Komposition gew\u00e4hlt wurde. Jeder K\u00fcnstler hat seine eigene Handschrift, weshalb Techniken von Kaltglasbearbeitung zu Emaille \u00fcber Pate de Verre-Arbeiten bis hin zur Hei\u00dfglasbearbeitung vertreten sind.<\/p>\n\n\n\n<p>Nach umfangreicher F\u00fchrung durch die Ausstellung, referierte Markus Lichti, der Kulturmanager des Herrenhofs, im Festsaal \u00fcber seine Arbeit, die viel mehr Aspekte beinhaltet, als zuvor gedacht. Auch f\u00fchrte er uns in den Bereich des Neuromarketings ein. Das Ziel ist hier das Kreieren m\u00f6glichst effizienter Werbema\u00dfnahmen. Dabei muss alles genaustens durchdacht und aufeinander abgestimmt sein, um die gew\u00fcnschte Reaktion in der Zielperson hervorzurufen. Alles in allem war es ein sehr informativer Vortrag. Eine Besichtigung des Herrenhofs und das Erklimmen des Treppenturms durften nat\u00fcrlich auch nicht fehlen. Die angrenzende Villa war auch einen Besuch wert. Nach einem ereignisreichen Tag haben wir uns in der Parkanlage im Innenhof niedergelassen und gemeinsam gepicknickt. Mit viel Sonne, Lachen und neuen Eindr\u00fccken bleibt eins klar: Der Besuch im Herrenhof hat sich auf jeden Fall gelohnt!<\/p>\n\n\n\n<p>(Hanna Pleschke)<\/p>\n\n\n\n<figure class=\"wp-block-image size-large\"><img loading=\"lazy\" decoding=\"async\" width=\"893\" height=\"660\" src=\"https:\/\/schulebza.de\/rsplus\/wp-content\/uploads\/2021\/06\/Gruppenfoto.Herrenhof.jpg\" alt=\"\" class=\"wp-image-5222\"\/><\/figure>\n","protected":false},"excerpt":{"rendered":"<p>Der Herrenhof Mu\u00dfbach, ein Jahrhundert altes St\u00fcck Kultur, welches durch die F\u00f6rdergemeinschaft Herrenhof Mu\u00dfbach e.V. restauriert und renoviert wurde, um als \u00e4ltestes Weingut der Pfalz der \u00d6ffentlichkeit zug\u00e4nglich gemacht zu [&hellip;]<\/p>\n","protected":false},"author":10,"featured_media":0,"parent":0,"menu_order":0,"comment_status":"closed","ping_status":"closed","template":"","meta":{"_et_pb_use_builder":"off","_et_pb_old_content":"","_et_gb_content_width":"","footnotes":""},"class_list":["post-5217","page","type-page","status-publish","hentry"],"_links":{"self":[{"href":"https:\/\/schulebza.de\/rsplus\/wp-json\/wp\/v2\/pages\/5217","targetHints":{"allow":["GET"]}}],"collection":[{"href":"https:\/\/schulebza.de\/rsplus\/wp-json\/wp\/v2\/pages"}],"about":[{"href":"https:\/\/schulebza.de\/rsplus\/wp-json\/wp\/v2\/types\/page"}],"author":[{"embeddable":true,"href":"https:\/\/schulebza.de\/rsplus\/wp-json\/wp\/v2\/users\/10"}],"replies":[{"embeddable":true,"href":"https:\/\/schulebza.de\/rsplus\/wp-json\/wp\/v2\/comments?post=5217"}],"version-history":[{"count":2,"href":"https:\/\/schulebza.de\/rsplus\/wp-json\/wp\/v2\/pages\/5217\/revisions"}],"predecessor-version":[{"id":5224,"href":"https:\/\/schulebza.de\/rsplus\/wp-json\/wp\/v2\/pages\/5217\/revisions\/5224"}],"wp:attachment":[{"href":"https:\/\/schulebza.de\/rsplus\/wp-json\/wp\/v2\/media?parent=5217"}],"curies":[{"name":"wp","href":"https:\/\/api.w.org\/{rel}","templated":true}]}}