{"id":5068,"date":"2021-04-14T14:40:56","date_gmt":"2021-04-14T12:40:56","guid":{"rendered":"https:\/\/schulebza.de\/rsplus\/?page_id=5068"},"modified":"2021-04-14T15:15:08","modified_gmt":"2021-04-14T13:15:08","slug":"sechs-erste-landessieger","status":"publish","type":"page","link":"https:\/\/schulebza.de\/rsplus\/sechs-erste-landessieger\/","title":{"rendered":"Sechs erste Landessieger"},"content":{"rendered":"\n<p style=\"font-size:26px\">Sechs erste Landessieger beim Landesentscheid des Europ\u00e4ischen Wettbewerbs<\/p>\n\n\n\n<p>\u201eDigital EU \u2013 and You?\u201c lautete das Motto des diesj\u00e4hrigen Europ\u00e4ischen Wettbewerbs, der in diesem Jahr in die 68. Runde gegangen ist. Das aktuelle Thema des \u00e4ltesten Sch\u00fclerwettbewerbs Deutschlands, der das Ziel hat \u201eEuropa ins Klassenzimmer\u201c zu bringen, hat auch in diesem Jahr wieder eine Klasse der FOS Gestaltung aus Bad Bergzabern unter Leitung ihres Lehrers Michael Weisbrod motiviert, \u00fcber den Unterricht hinaus, sich kreativ zu bet\u00e4tigen und mit Europa auseinanderzusetzen. Und das mit gro\u00dfem Erfolg!<br>Im Bereich der Sekundarstufe II erhielten sechs Sch\u00fclerarbeiten der FOS Gestaltung Bad Bergzabern einen ersten Preis auf Landesebene und eine einen zweiten Preis.<\/p>\n\n\n\n<figure class=\"wp-block-gallery columns-2 is-cropped wp-block-gallery-1 is-layout-flex wp-block-gallery-is-layout-flex\"><ul class=\"blocks-gallery-grid\"><li class=\"blocks-gallery-item\"><figure><img loading=\"lazy\" decoding=\"async\" width=\"1024\" height=\"730\" src=\"https:\/\/schulebza.de\/rsplus\/wp-content\/uploads\/2021\/04\/IMG_7967-1-1024x730.jpg\" alt=\"\" data-id=\"5069\" data-full-url=\"https:\/\/schulebza.de\/rsplus\/wp-content\/uploads\/2021\/04\/IMG_7967-1.jpg\" data-link=\"https:\/\/schulebza.de\/rsplus\/?attachment_id=5069\" class=\"wp-image-5069\"\/><\/figure><\/li><li class=\"blocks-gallery-item\"><figure><img decoding=\"async\" src=\"https:\/\/schulebza.de\/rsplus\/wp-content\/uploads\/2021\/04\/IMG_20210106_083709-1-1024x770.jpg\" alt=\"\" data-id=\"5070\" data-full-url=\"https:\/\/schulebza.de\/rsplus\/wp-content\/uploads\/2021\/04\/IMG_20210106_083709-1-scaled.jpg\" data-link=\"https:\/\/schulebza.de\/rsplus\/?attachment_id=5070\" class=\"wp-image-5070\"\/><\/figure><\/li><\/ul><\/figure>\n\n\n\n<p><br>Dr. Klaus Sundermann, im Ministerium f\u00fcr Bildung unter anderem zust\u00e4ndig f\u00fcr alle Sch\u00fclerwettbewerbe und selbst Mitglied der Landesjury, hat mit zwei weiteren Juroren auch die Sch\u00fclerarbeiten der FOS Gestaltung bewertet und zeigte sich begeistert: \u201eDie Arbeiten der Sch\u00fclerinnen und Sch\u00fcler aus Bad Bergzabern haben nicht nur eine hohe k\u00fcnstlerische Qualit\u00e4t, sondern dokumentieren auch eine intensive und sehr individuell gestaltete Auseinandersetzung mit dem gew\u00e4hlten Teilthema. Die jungen K\u00fcnstlerinnen und K\u00fcnstler haben ihre pers\u00f6nlichen Gedanken dazu in ausf\u00fchrlichen Texten mitgeteilt und auch damit genau das geleistet, was wir mit diesem Wettbewerb erreichen wollen. Die mehrfache Auszeichnung dieser Lerngruppe ist hochverdient und spiegelt auch die wertvolle fachliche und p\u00e4dagogische Arbeit wider, die an der Realschule plus und FOS im Alfred-Grosser-Schulzentrum stattfindet.\u201c<br>W\u00e4hrend im 11. Schuljahr der berufliche Aspekt im Vordergrund stand und die Sch\u00fclerinnen und Sch\u00fcler im gesamten Schuljahr jede Woche drei Tage in einem gestalterischen Betrieb ein Praktikum absolvierten, steht nun im 12. Schuljahr der eher theoretische Teil und die Vorbereitung f\u00fcr das Fachabitur auf dem Programm. \u201eDie Erfahrungen, die die Sch\u00fclerinnen und Sch\u00fcler w\u00e4hrend des Praktikums sammeln durften, haben sie merklich reifen lassen und ihnen intensive Einblicke in das Berufsleben erlaubt\u201c, so Weisbrod. So gefestigt k\u00f6nnen sie sich seiner Meinung nach auch zielgerichtet auf die Pr\u00fcfungen vorbereiten, da sie nun ein Gesp\u00fcr daf\u00fcr bekommen haben, was f\u00fcr sie wichtig ist.<br>So erkl\u00e4rt sich wohl auch der Erfolg bei dem Sch\u00fclerwettbewerb \u201eDigital EU \u2013 and YOU?!\u201c. In der Sekundarstufe II gab es drei Themen zur Auswahl, in der sich die Sch\u00fclerinnen und Sch\u00fcler mit der \u00d6kobilanz in Korrelation mit der Digitalen Welt auseinandersetzen konnten, wie neue M\u00f6glichkeiten geschaffen werden, um Kunst in Europa zu vermitteln und inwieweit unser Lebensraum durch die Digitalisierung gestaltet werden kann.<br>Gegenseitig und selbst\u00e4ndig berieten sich die jungen K\u00fcnstlerinnen und K\u00fcnstler bei der Umsetzung und Gestaltung ihres gew\u00e4hlten Themas und gelangten auf unterschiedlichste Art und Weise zu ihren Ergebnissen.<br>Sofia Braunstein setzte sich mit der digitalen \u00dcberwachung zum Schutz der Luchse in Europa auseinander, Celine Cl\u00f6dy und Hanna Pleschke besch\u00e4ftigte der von uns produzierte Digitalschrott. Samira Weickl erfand eine digitale Bibliothek unserer europ\u00e4ischen Kultur und Kristina Lugonjic schuf eine Darstellung zum Schutz von Rehkitzen in der Landwirtschaft mittels Drohnen\u00fcberwachung. \uf020<br>Die Fachoberschule mit dem Bereich Gestaltung aus Bad Bergzabern hat es geschafft, in allen drei Aufgabenfeldern der Oberstufe den ersten Landespreis zu erzielen. Nun gehen diese Arbeiten auf Bundesebene nach Berlin und wir sind gespannt darauf, ob sich diese Erfolgsgeschichte der Sch\u00fclerinnen und Sch\u00fcler aus der S\u00fcdpfalz fortsetzen wird.<\/p>\n\n\n\n<p><\/p>\n","protected":false},"excerpt":{"rendered":"<p>Sechs erste Landessieger beim Landesentscheid des Europ\u00e4ischen Wettbewerbs \u201eDigital EU \u2013 and You?\u201c lautete das Motto des diesj\u00e4hrigen Europ\u00e4ischen Wettbewerbs, der in diesem Jahr in die 68. Runde gegangen ist. [&hellip;]<\/p>\n","protected":false},"author":10,"featured_media":0,"parent":0,"menu_order":0,"comment_status":"closed","ping_status":"closed","template":"","meta":{"_et_pb_use_builder":"","_et_pb_old_content":"","_et_gb_content_width":"","footnotes":""},"class_list":["post-5068","page","type-page","status-publish","hentry"],"_links":{"self":[{"href":"https:\/\/schulebza.de\/rsplus\/wp-json\/wp\/v2\/pages\/5068","targetHints":{"allow":["GET"]}}],"collection":[{"href":"https:\/\/schulebza.de\/rsplus\/wp-json\/wp\/v2\/pages"}],"about":[{"href":"https:\/\/schulebza.de\/rsplus\/wp-json\/wp\/v2\/types\/page"}],"author":[{"embeddable":true,"href":"https:\/\/schulebza.de\/rsplus\/wp-json\/wp\/v2\/users\/10"}],"replies":[{"embeddable":true,"href":"https:\/\/schulebza.de\/rsplus\/wp-json\/wp\/v2\/comments?post=5068"}],"version-history":[{"count":2,"href":"https:\/\/schulebza.de\/rsplus\/wp-json\/wp\/v2\/pages\/5068\/revisions"}],"predecessor-version":[{"id":5097,"href":"https:\/\/schulebza.de\/rsplus\/wp-json\/wp\/v2\/pages\/5068\/revisions\/5097"}],"wp:attachment":[{"href":"https:\/\/schulebza.de\/rsplus\/wp-json\/wp\/v2\/media?parent=5068"}],"curies":[{"name":"wp","href":"https:\/\/api.w.org\/{rel}","templated":true}]}}