{"id":5012,"date":"2021-03-24T16:59:08","date_gmt":"2021-03-24T15:59:08","guid":{"rendered":"https:\/\/schulebza.de\/rsplus\/?page_id=5012"},"modified":"2021-03-24T17:07:13","modified_gmt":"2021-03-24T16:07:13","slug":"unterstuetzungsmoeglichkeiten-zur-digitalen-tafel","status":"publish","type":"page","link":"https:\/\/schulebza.de\/rsplus\/unterstuetzungsmoeglichkeiten-zur-digitalen-tafel\/","title":{"rendered":"Unterst\u00fctzungsm\u00f6glichkeiten zur Digitalen Tafel"},"content":{"rendered":"\n<p>Eine erste kurze Einf\u00fchrung in die Bedienung des Displays und m\u00f6gliche Einstellungen, die Sie vornehmen k\u00f6nnen, k\u00f6nnen Sie sich in diesem Video ansehen.<\/p>\n\n\n\n<figure class=\"wp-block-embed is-type-video is-provider-youtube wp-block-embed-youtube wp-embed-aspect-16-9 wp-has-aspect-ratio\"><div class=\"wp-block-embed__wrapper\">\n<iframe loading=\"lazy\" title=\"Zum Start mit der Digitalen Tafel - Einf\u00fchrung mit Stefan Arenhardt\" width=\"1080\" height=\"608\" src=\"https:\/\/www.youtube.com\/embed\/9XlWBwa8vVk?feature=oembed\"  allow=\"accelerometer; autoplay; clipboard-write; encrypted-media; gyroscope; picture-in-picture\" allowfullscreen><\/iframe>\n<\/div><\/figure>\n\n\n\n<p>\u00dcber den folgenden Link gelangen Sie zu der Moderatorenseite von Herrn Arenhardt (Referent beim Studientag).<\/p>\n\n\n\n<p><a href=\"https:\/\/urano.clickmeeting.com\/\">https:\/\/urano.clickmeeting.com\/<\/a><\/p>\n\n\n\n<p>\u00dcber \u201aRegistrieren\u2018 k\u00f6nnen Sie sich f\u00fcr diese Webinare anmelden und somit erste kostenlose Schulungen besuchen.<\/p>\n\n\n\n<p>Damit Sie einen Eindruck von einem solchen Webinar bekommen, habe ich Ihnen \u00fcber den folgenden Link eine Aufzeichnung eines solchen Webinars freigegeben.<\/p>\n\n\n\n<p>Dieses Video beinhaltet eine komplette Einf\u00fchrung zu der Digitalen Tafel unseres Partners heinekingmedia. Sie k\u00f6nnen sich dieses Video nat\u00fcrlich auch zeitversetzt ansehen. Gerne k\u00f6nnen Sie diese Links auch direkt an Ihr Kollegium weiterleiten.<\/p>\n\n\n\n<p>\u00dcber den n\u00e4chsten Link gelangen Sie zu einer Playlist mit Video-Tutorials zur Digitalen Tafel. Diese Liste wird von mir regelm\u00e4\u00dfig erweitert.<\/p>\n\n\n\n<figure class=\"wp-block-embed is-type-video is-provider-youtube wp-block-embed-youtube wp-embed-aspect-16-9 wp-has-aspect-ratio\"><div class=\"wp-block-embed__wrapper\">\n<iframe loading=\"lazy\" title=\"Digitale Tafel - Tutorials\" width=\"1080\" height=\"608\" src=\"https:\/\/www.youtube.com\/embed\/videoseries?list=PLyY7WMuM9LACi80tb-Z1ibutJz0hSkb5n\"  allow=\"accelerometer; autoplay; clipboard-write; encrypted-media; gyroscope; picture-in-picture\" allowfullscreen><\/iframe>\n<\/div><\/figure>\n\n\n\n<p>In dieser Playlist ist unter anderem eine Einf\u00fchrung zum kabellosen Bildschirmteilen enthalten. Sie d\u00fcrfen diese Videos gerne verteilen und Ihrem Kollegium zur Verf\u00fcgung stellen.<\/p>\n\n\n\n<p>\u00dcber den letzten Link habe ich Ihnen alle wichtigen Inhalte zur Digitalen Tafel in einem Ordner zusammengestellt. Unter anderem finden Sie hier auch die gesammelten Apps zur Installation in der Anroid-Umgebung.<\/p>\n\n\n\n<p><a href=\"https:\/\/drive.google.com\/drive\/folders\/19XipMjWjv8cewdFzq0crJqjuZwExJV18?usp=sharing\">https:\/\/drive.google.com\/drive\/folders\/19XipMjWjv8cewdFzq0crJqjuZwExJV18?usp=sharing<\/a><\/p>\n\n\n\n<p><\/p>\n","protected":false},"excerpt":{"rendered":"<p>Eine erste kurze Einf\u00fchrung in die Bedienung des Displays und m\u00f6gliche Einstellungen, die Sie vornehmen k\u00f6nnen, k\u00f6nnen Sie sich in diesem Video ansehen. \u00dcber den folgenden Link gelangen Sie zu [&hellip;]<\/p>\n","protected":false},"author":10,"featured_media":0,"parent":0,"menu_order":0,"comment_status":"closed","ping_status":"closed","template":"","meta":{"_et_pb_use_builder":"off","_et_pb_old_content":"","_et_gb_content_width":"","footnotes":""},"class_list":["post-5012","page","type-page","status-publish","hentry"],"_links":{"self":[{"href":"https:\/\/schulebza.de\/rsplus\/wp-json\/wp\/v2\/pages\/5012","targetHints":{"allow":["GET"]}}],"collection":[{"href":"https:\/\/schulebza.de\/rsplus\/wp-json\/wp\/v2\/pages"}],"about":[{"href":"https:\/\/schulebza.de\/rsplus\/wp-json\/wp\/v2\/types\/page"}],"author":[{"embeddable":true,"href":"https:\/\/schulebza.de\/rsplus\/wp-json\/wp\/v2\/users\/10"}],"replies":[{"embeddable":true,"href":"https:\/\/schulebza.de\/rsplus\/wp-json\/wp\/v2\/comments?post=5012"}],"version-history":[{"count":3,"href":"https:\/\/schulebza.de\/rsplus\/wp-json\/wp\/v2\/pages\/5012\/revisions"}],"predecessor-version":[{"id":5018,"href":"https:\/\/schulebza.de\/rsplus\/wp-json\/wp\/v2\/pages\/5012\/revisions\/5018"}],"wp:attachment":[{"href":"https:\/\/schulebza.de\/rsplus\/wp-json\/wp\/v2\/media?parent=5012"}],"curies":[{"name":"wp","href":"https:\/\/api.w.org\/{rel}","templated":true}]}}