{"id":4418,"date":"2020-12-16T12:55:35","date_gmt":"2020-12-16T11:55:35","guid":{"rendered":"https:\/\/schulebza.de\/rsplus\/?page_id=4418"},"modified":"2022-03-24T10:17:44","modified_gmt":"2022-03-24T09:17:44","slug":"aktivitaeten-und-filme-gesundheit","status":"publish","type":"page","link":"https:\/\/schulebza.de\/rsplus\/aktivitaeten-und-filme-gesundheit\/","title":{"rendered":"Aktivit\u00e4ten und Filme &#8211; Gesundheit"},"content":{"rendered":"\n<p><strong>Filmbeitr\u00e4ge<\/strong><\/p>\n\n\n\n<ul class=\"wp-block-list\"><li><a rel=\"noreferrer noopener\" href=\"https:\/\/vimeo.com\/491597956\" target=\"_blank\">Moni Vogler (Nardini-Pflegeschule LD) und Marie Nauerth (FOS-Absolventin) zur FOS<\/a><\/li><\/ul>\n\n\n\n<figure class=\"wp-block-image size-large is-resized\"><a href=\"https:\/\/vimeo.com\/491597956\"><img loading=\"lazy\" decoding=\"async\" src=\"https:\/\/schulebza.de\/rsplus\/wp-content\/uploads\/2021\/07\/image-1.png\" alt=\"\" class=\"wp-image-5323\" width=\"206\" height=\"116\"\/><\/a><\/figure>\n\n\n\n<ul class=\"wp-block-list\"><li><a rel=\"noreferrer noopener\" href=\"https:\/\/youtu.be\/RgadHfMZ8v4\" target=\"_blank\">Film Infektionskrankheiten (Erkl\u00e4rung zum Film s.u. bei Projekt Infektionskrankheiten)<\/a><\/li><\/ul>\n\n\n\n<figure class=\"wp-block-image size-large is-resized\"><a href=\"https:\/\/youtu.be\/RgadHfMZ8v4\"><img loading=\"lazy\" decoding=\"async\" src=\"https:\/\/schulebza.de\/rsplus\/wp-content\/uploads\/2021\/07\/image.png\" alt=\"\" class=\"wp-image-5322\" width=\"208\" height=\"118\"\/><\/a><\/figure>\n\n\n\n<ul class=\"wp-block-list\"><li><a rel=\"noreferrer noopener\" href=\"https:\/\/youtu.be\/xkOIx6qLd04\" target=\"_blank\">Film &#8222;H\u00e4ndedesinfektion unterbricht Infektionskette&#8220;<\/a><\/li><\/ul>\n\n\n\n<figure class=\"wp-block-image size-large is-resized\"><a href=\"https:\/\/youtu.be\/xkOIx6qLd04\"><img loading=\"lazy\" decoding=\"async\" src=\"https:\/\/schulebza.de\/rsplus\/wp-content\/uploads\/2021\/07\/image-2.png\" alt=\"\" class=\"wp-image-5324\" width=\"208\" height=\"114\"\/><\/a><\/figure>\n\n\n\n<ul class=\"wp-block-list\"><li><a rel=\"noreferrer noopener\" href=\"https:\/\/vimeo.com\/manage\/videos\/491955591\" target=\"_blank\">Sch\u00fclerinnen berichten<\/a><\/li><\/ul>\n\n\n\n<figure class=\"wp-block-image size-large is-resized\"><a href=\"https:\/\/vimeo.com\/manage\/videos\/491955591\"><img loading=\"lazy\" decoding=\"async\" src=\"https:\/\/schulebza.de\/rsplus\/wp-content\/uploads\/2021\/07\/image-3.png\" alt=\"\" class=\"wp-image-5325\" width=\"199\" height=\"123\"\/><\/a><\/figure>\n\n\n\n<ul class=\"wp-block-list\"><li><a rel=\"noreferrer noopener\" href=\"https:\/\/youtu.be\/0EvGjbqT59w\" target=\"_blank\">Zwei ehemalige Sch\u00fclerinnen berichten \u00fcber ihre Erfahrungen <\/a><\/li><\/ul>\n\n\n\n<div class=\"wp-block-image\"><figure class=\"alignleft size-large is-resized\"><a href=\"https:\/\/youtu.be\/0EvGjbqT59w\"><img loading=\"lazy\" decoding=\"async\" src=\"https:\/\/schulebza.de\/rsplus\/wp-content\/uploads\/2021\/07\/Bild_2021-07-20_092446.png\" alt=\"\" class=\"wp-image-5320\" width=\"204\" height=\"116\"\/><\/a><\/figure><\/div>\n\n\n\n<p><\/p>\n\n\n\n<p><\/p>\n\n\n\n<p><\/p>\n\n\n\n<p><\/p>\n\n\n\n<p><\/p>\n\n\n\n<p><\/p>\n\n\n\n<p><\/p>\n\n\n\n<p class=\"has-text-align-left\"><strong>Aktivit\u00e4ten und Projekte<\/strong><\/p>\n\n\n\n<ul class=\"wp-block-list\"><li><a rel=\"noreferrer noopener\" href=\"https:\/\/schulebza.de\/rsplus\/praeventionstag-mit-der-barmer-am-04-03-2020\/\" target=\"_blank\">Pr\u00e4ventionstag mit der BARMER<\/a><\/li><li><a rel=\"noreferrer noopener\" href=\"https:\/\/schulebza.de\/rsplus\/fachoberschule-gesundheit-exkursion-in-die-bg-klinik\/\" target=\"_blank\">Exkursion in die BG-Unfallklinik<\/a><\/li><li><a rel=\"noreferrer noopener\" href=\"https:\/\/schulebza.de\/rsplus\/erfolgreiche-junge-autorin-alena-wagner-an-der-fachoberschule-bad-bergzabern\/\" target=\"_blank\">Erfolgreiche junge Autorin Alena Wagner<\/a><\/li><li><a rel=\"noreferrer noopener\" href=\"https:\/\/schulebza.de\/rsplus\/projekt-infektionskrankheiten-2020-2021\/\" target=\"_blank\">Projekt Infektionskrankheiten<\/a><\/li><li><a rel=\"noreferrer noopener\" href=\"https:\/\/schulebza.de\/rsplus\/wp-content\/uploads\/2021\/03\/Projektbeschreibung_Infektionen_2020_2021NEU.pdf\" target=\"_blank\">Projekt &#8222;Gemeinsam gegen Infektionen&#8220;: Projektbeschreibung<\/a><\/li><li><a href=\"https:\/\/schulebza.de\/rsplus\/wp-content\/uploads\/2021\/03\/Roll-Upskomprimiert.pdf\" target=\"_blank\" rel=\"noreferrer noopener\">Projekt &#8222;Gemeinsam gegen Infektionen&#8220;: Roll-Ups<\/a><\/li><\/ul>\n\n\n\n<p><\/p>\n","protected":false},"excerpt":{"rendered":"<p>Filmbeitr\u00e4ge Moni Vogler (Nardini-Pflegeschule LD) und Marie Nauerth (FOS-Absolventin) zur FOS Film Infektionskrankheiten (Erkl\u00e4rung zum Film s.u. bei Projekt Infektionskrankheiten) Film &#8222;H\u00e4ndedesinfektion unterbricht Infektionskette&#8220; Sch\u00fclerinnen berichten Zwei ehemalige Sch\u00fclerinnen berichten [&hellip;]<\/p>\n","protected":false},"author":10,"featured_media":0,"parent":0,"menu_order":0,"comment_status":"closed","ping_status":"closed","template":"","meta":{"_et_pb_use_builder":"off","_et_pb_old_content":"","_et_gb_content_width":"","footnotes":""},"class_list":["post-4418","page","type-page","status-publish","hentry"],"_links":{"self":[{"href":"https:\/\/schulebza.de\/rsplus\/wp-json\/wp\/v2\/pages\/4418","targetHints":{"allow":["GET"]}}],"collection":[{"href":"https:\/\/schulebza.de\/rsplus\/wp-json\/wp\/v2\/pages"}],"about":[{"href":"https:\/\/schulebza.de\/rsplus\/wp-json\/wp\/v2\/types\/page"}],"author":[{"embeddable":true,"href":"https:\/\/schulebza.de\/rsplus\/wp-json\/wp\/v2\/users\/10"}],"replies":[{"embeddable":true,"href":"https:\/\/schulebza.de\/rsplus\/wp-json\/wp\/v2\/comments?post=4418"}],"version-history":[{"count":25,"href":"https:\/\/schulebza.de\/rsplus\/wp-json\/wp\/v2\/pages\/4418\/revisions"}],"predecessor-version":[{"id":5331,"href":"https:\/\/schulebza.de\/rsplus\/wp-json\/wp\/v2\/pages\/4418\/revisions\/5331"}],"wp:attachment":[{"href":"https:\/\/schulebza.de\/rsplus\/wp-json\/wp\/v2\/media?parent=4418"}],"curies":[{"name":"wp","href":"https:\/\/api.w.org\/{rel}","templated":true}]}}