{"id":4368,"date":"2020-12-16T11:42:30","date_gmt":"2020-12-16T10:42:30","guid":{"rendered":"https:\/\/schulebza.de\/rsplus\/?page_id=4368"},"modified":"2025-07-03T14:31:53","modified_gmt":"2025-07-03T12:31:53","slug":"formulare-antraege-vertraege-etc","status":"publish","type":"page","link":"https:\/\/schulebza.de\/rsplus\/formulare-antraege-vertraege-etc\/","title":{"rendered":"Formulare, Antr\u00e4ge, Vertr\u00e4ge etc."},"content":{"rendered":"\n<p class=\"has-medium-font-size\"><strong>Formulare f\u00fcr Sch\u00fcler*innen:<\/strong><\/p>\n\n\n\n<p><strong>Anmeldung und Aufnahme:<\/strong><\/p>\n\n\n\n<ul class=\"wp-block-list\">\n<li><a href=\"https:\/\/schulebza.de\/rsplus\/wp-content\/uploads\/2025\/07\/Aufnahmeantrag_GA_GSneuer-Kopf.pdf\">Aufnahmeantrag FOS<\/a><\/li>\n\n\n\n<li><a rel=\"noreferrer noopener\" href=\"https:\/\/schulebza.de\/rsplus\/wp-content\/uploads\/2020\/12\/Masernschutz-Bescheinigung.pdf\" target=\"_blank\">Masernschutz-Bescheinigung<\/a><\/li>\n\n\n\n<li><a href=\"https:\/\/schulebza.de\/rsplus\/wp-content\/uploads\/2024\/12\/Bescheinigung_Erstuntersuchung_JArbSchG_Alle.pdf\" target=\"_blank\" rel=\"noreferrer noopener\">Bescheinigung Erstuntersuchung nach Jugendarbeitsschutzgesetz<\/a><\/li>\n\n\n\n<li><a href=\"https:\/\/schulebza.de\/rsplus\/wp-content\/uploads\/2024\/12\/Gesundheitsuntersuchung_Ablauf.pdf\">Gesundheitsuntersuchung und Impfung<\/a><\/li>\n\n\n\n<li><a href=\"https:\/\/schulebza.de\/rsplus\/wp-content\/uploads\/2020\/12\/Attest-mit-ImpfstatusFachrichtung-Gesundheit.pdf\" target=\"_blank\" rel=\"noreferrer noopener\">Attest mit Impfstatus (Fachrichtung Gesundheit)<\/a><br><\/li>\n<\/ul>\n\n\n\n<p><strong>Praktikum:<\/strong><\/p>\n\n\n\n<ul class=\"wp-block-list\">\n<li><a rel=\"noreferrer noopener\" href=\"https:\/\/schulebza.de\/rsplus\/wp-content\/uploads\/2020\/12\/Praktikumsvertrag-FOS.pdf\" target=\"_blank\">Praktikumsvertrag<\/a><\/li>\n\n\n\n<li><a rel=\"noreferrer noopener\" href=\"https:\/\/schulebza.de\/rsplus\/wp-content\/uploads\/2020\/12\/Nachweis-Arbeitstage.pdf\" target=\"_blank\">Nachweis Arbeitstage<\/a><\/li>\n\n\n\n<li><a href=\"https:\/\/schulebza.de\/rsplus\/wp-content\/uploads\/2024\/12\/Praktikumsberichte_Anleitungeinfach.pdf\">Anleitung Berichtsheftf\u00fchrung<\/a><\/li>\n\n\n\n<li><a href=\"https:\/\/schulebza.de\/rsplus\/wp-content\/uploads\/2024\/12\/Berichtsheft-Vorlageneuer-Kopf.pdf\" target=\"_blank\" rel=\"noreferrer noopener\">Berichtsheft-Vorlage (PDF)<\/a><\/li>\n\n\n\n<li><a href=\"https:\/\/schulebza.de\/rsplus\/wp-content\/uploads\/2024\/12\/Berichtsheft-Vorlageneuer-Kopf.docx\" target=\"_blank\" rel=\"noreferrer noopener\">Berichtsheft-Vorlage (Word)<\/a><\/li>\n\n\n\n<li><a href=\"https:\/\/schulebza.de\/rsplus\/wp-content\/uploads\/2024\/12\/Praktikumsbeurteilung_2023.pdf\" target=\"_blank\" rel=\"noreferrer noopener\">Praktikumsbeurteilung<\/a><\/li>\n<\/ul>\n\n\n\n<p><strong>Schule<\/strong>:<\/p>\n\n\n\n<ul class=\"wp-block-list\">\n<li><a rel=\"noreferrer noopener\" href=\"https:\/\/schulebza.de\/rsplus\/wp-content\/uploads\/2020\/12\/Entschuldigungsformular.pdf\" target=\"_blank\">Entschuldigungsformular<\/a><\/li>\n\n\n\n<li><a href=\"https:\/\/schulebza.de\/rsplus\/wp-content\/uploads\/2021\/04\/Attestvorlage_Pruefung.pdf\">Attestvorlage Fachhochschulreifepr\u00fcfung<\/a><\/li>\n\n\n\n<li><a href=\"https:\/\/schulebza.de\/rsplus\/wp-content\/uploads\/2024\/12\/Abmeldung-Vordruck-FOS.pdf\">Abmeldung von der FOS<\/a><\/li>\n<\/ul>\n\n\n\n<p class=\"has-medium-font-size\"><strong>Formulare f\u00fcr Betriebe:<\/strong><\/p>\n\n\n\n<ul class=\"wp-block-list\">\n<li><a rel=\"noreferrer noopener\" href=\"https:\/\/schulebza.de\/rsplus\/wp-content\/uploads\/2020\/12\/Praktikumsvertrag-FOS.pdf\" target=\"_blank\">Praktikumsvertrag<\/a><\/li>\n\n\n\n<li><a href=\"https:\/\/schulebza.de\/rsplus\/wp-content\/uploads\/2024\/12\/Praktikumszeugnis_2023.pdf\" target=\"_blank\" rel=\"noreferrer noopener\">Praktikumszeugnis<\/a><\/li>\n\n\n\n<li><a href=\"https:\/\/schulebza.de\/rsplus\/wp-content\/uploads\/2024\/12\/Praktikumsbeurteilung_2023.pdf\" target=\"_blank\" rel=\"noreferrer noopener\">Praktikumsbeurteilung<\/a><\/li>\n\n\n\n<li><a href=\"https:\/\/schulebza.de\/rsplus\/wp-content\/uploads\/2024\/12\/Rueckmeldebogen_Betriebe.pdf\" target=\"_blank\" rel=\"noreferrer noopener\">R\u00fcckmeldezettel Betriebe<\/a><\/li>\n<\/ul>\n\n\n\n<p><\/p>\n","protected":false},"excerpt":{"rendered":"<p>Formulare f\u00fcr Sch\u00fcler*innen: Anmeldung und Aufnahme: Praktikum: Schule: Formulare f\u00fcr Betriebe:<\/p>\n","protected":false},"author":1,"featured_media":0,"parent":0,"menu_order":0,"comment_status":"closed","ping_status":"closed","template":"","meta":{"_et_pb_use_builder":"off","_et_pb_old_content":"","_et_gb_content_width":"","footnotes":""},"class_list":["post-4368","page","type-page","status-publish","hentry"],"_links":{"self":[{"href":"https:\/\/schulebza.de\/rsplus\/wp-json\/wp\/v2\/pages\/4368","targetHints":{"allow":["GET"]}}],"collection":[{"href":"https:\/\/schulebza.de\/rsplus\/wp-json\/wp\/v2\/pages"}],"about":[{"href":"https:\/\/schulebza.de\/rsplus\/wp-json\/wp\/v2\/types\/page"}],"author":[{"embeddable":true,"href":"https:\/\/schulebza.de\/rsplus\/wp-json\/wp\/v2\/users\/1"}],"replies":[{"embeddable":true,"href":"https:\/\/schulebza.de\/rsplus\/wp-json\/wp\/v2\/comments?post=4368"}],"version-history":[{"count":41,"href":"https:\/\/schulebza.de\/rsplus\/wp-json\/wp\/v2\/pages\/4368\/revisions"}],"predecessor-version":[{"id":11325,"href":"https:\/\/schulebza.de\/rsplus\/wp-json\/wp\/v2\/pages\/4368\/revisions\/11325"}],"wp:attachment":[{"href":"https:\/\/schulebza.de\/rsplus\/wp-json\/wp\/v2\/media?parent=4368"}],"curies":[{"name":"wp","href":"https:\/\/api.w.org\/{rel}","templated":true}]}}