{"id":4355,"date":"2020-12-16T11:20:52","date_gmt":"2020-12-16T10:20:52","guid":{"rendered":"https:\/\/schulebza.de\/rsplus\/?page_id=4355"},"modified":"2024-04-19T12:53:12","modified_gmt":"2024-04-19T10:53:12","slug":"informationen-fuer-betriebe","status":"publish","type":"page","link":"https:\/\/schulebza.de\/rsplus\/informationen-fuer-betriebe\/","title":{"rendered":"Informationen f\u00fcr Betriebe"},"content":{"rendered":"\n<p>Wir danken den zahlreichen bereits langj\u00e4hrig mit uns kooperierenden Betrieben, die unseren Sch\u00fcler*innen die M\u00f6glichkeit eines einj\u00e4hrigen Praktikums in ihren Einrichtungen erm\u00f6glichen.<\/p>\n\n\n\n<p>Nat\u00fcrlich freuen wir uns auch \u00fcber neue Kooperationen mit Betrieben aus der Region in beiden Fachrichtungen. Bitte lassen Sie uns nach Abschluss eines Praktikumsvertrages den ausgef\u00fcllten <a href=\"https:\/\/schulebza.de\/rsplus\/wp-content\/uploads\/2020\/02\/R\u00fcckmeldebogen_Betrieb_GH_GS.pdf\" target=\"_blank\" rel=\"noreferrer noopener\">R\u00fcckmeldebogen<\/a> zukommen. Dies erleichtert uns die Kommunikation mit Ihnen.<\/p>\n\n\n\n<p>Das Praktikum an unserem Standort findet f\u00fcr beide Fachrichtungen von Mittwoch bis Freitag statt.<\/p>\n\n\n\n<p>Alle im Zusammenhang mit dem Praktikum an unserer FOS ben\u00f6tigten Unterlagen finden Sie unter der Rubrik \u201eFormulare, Antr\u00e4ge, Vertr\u00e4ge etc.\u201c.<\/p>\n\n\n\n<p>Unter der Rubrik \u201ePraktikum\u201c sowie auf dem Bildungsserver Rheinland-Pfalz sind die wichtigsten Punkte rund ums Praktikum nochmals zusammengefasst:<\/p>\n\n\n\n<p><a href=\"https:\/\/realschuleplus.bildung-rp.de\/fachoberschule\/informationen-fuer-praktikumsbetriebe.html\">https:\/\/realschuleplus.bildung-rp.de\/fachoberschule\/informationen-fuer-praktikumsbetriebe.html<\/a><\/p>\n\n\n\n<p>F\u00fcr Fragen und Anregungen stehen wir Ihnen gerne zur Verf\u00fcgung.<\/p>\n","protected":false},"excerpt":{"rendered":"<p>Wir danken den zahlreichen bereits langj\u00e4hrig mit uns kooperierenden Betrieben, die unseren Sch\u00fcler*innen die M\u00f6glichkeit eines einj\u00e4hrigen Praktikums in ihren Einrichtungen erm\u00f6glichen. Nat\u00fcrlich freuen wir uns auch \u00fcber neue Kooperationen [&hellip;]<\/p>\n","protected":false},"author":1,"featured_media":0,"parent":0,"menu_order":0,"comment_status":"closed","ping_status":"closed","template":"","meta":{"_et_pb_use_builder":"off","_et_pb_old_content":"","_et_gb_content_width":"","footnotes":""},"class_list":["post-4355","page","type-page","status-publish","hentry"],"_links":{"self":[{"href":"https:\/\/schulebza.de\/rsplus\/wp-json\/wp\/v2\/pages\/4355","targetHints":{"allow":["GET"]}}],"collection":[{"href":"https:\/\/schulebza.de\/rsplus\/wp-json\/wp\/v2\/pages"}],"about":[{"href":"https:\/\/schulebza.de\/rsplus\/wp-json\/wp\/v2\/types\/page"}],"author":[{"embeddable":true,"href":"https:\/\/schulebza.de\/rsplus\/wp-json\/wp\/v2\/users\/1"}],"replies":[{"embeddable":true,"href":"https:\/\/schulebza.de\/rsplus\/wp-json\/wp\/v2\/comments?post=4355"}],"version-history":[{"count":2,"href":"https:\/\/schulebza.de\/rsplus\/wp-json\/wp\/v2\/pages\/4355\/revisions"}],"predecessor-version":[{"id":4358,"href":"https:\/\/schulebza.de\/rsplus\/wp-json\/wp\/v2\/pages\/4355\/revisions\/4358"}],"wp:attachment":[{"href":"https:\/\/schulebza.de\/rsplus\/wp-json\/wp\/v2\/media?parent=4355"}],"curies":[{"name":"wp","href":"https:\/\/api.w.org\/{rel}","templated":true}]}}