{"id":4352,"date":"2020-12-16T11:18:37","date_gmt":"2020-12-16T10:18:37","guid":{"rendered":"https:\/\/schulebza.de\/rsplus\/?page_id=4352"},"modified":"2020-12-16T11:18:37","modified_gmt":"2020-12-16T10:18:37","slug":"gesundheitsuntersuchung-und-impfung","status":"publish","type":"page","link":"https:\/\/schulebza.de\/rsplus\/gesundheitsuntersuchung-und-impfung\/","title":{"rendered":"Gesundheitsuntersuchung und Impfung"},"content":{"rendered":"\n<p>Gem\u00e4\u00df \u00a732 des Jugendarbeitsschutzgesetzes (JArbSchG) d\u00fcrfen Sch\u00fclerinnen und Sch\u00fcler der Fachoberschule, die noch nicht 18 Jahre alt sind, von Praktikumsbetrieben nur besch\u00e4ftigt werden, wenn innerhalb der letzten vierzehn Monate eine \u00e4rztliche Untersuchung stattfand (Erstuntersuchung) und dem Praktikumsbetrieb eine von diesem Arzt ausgestellte Bescheinigung vorliegt. Die entsprechenden Paragraphen des <a href=\"https:\/\/schulebza.de\/rsplus\/wp-content\/uploads\/2020\/02\/JArbSchG_Gesundheitliche-Betreuung.pdf\" target=\"_blank\" rel=\"noreferrer noopener\">JUGENDARBEITSSCHUTZGESETZES<\/a> k\u00f6nnen Sie hier nachlesen.<\/p>\n\n\n\n<p>Die Bescheinigung muss der Schule <strong>bis sp\u00e4testens am 15. Juni<\/strong> vorgelegt werden. Beim Praktikumsbetrieb sollte sie sp\u00e4testens am ersten Praktikumstag abgegeben werden.<\/p>\n\n\n\n<p>Die Kosten der Untersuchung tr\u00e4gt gem\u00e4\u00df \u00a7 44 JArbSchG das Land. Das Einwohnermeldeamt am Wohnsitz der Sch\u00fclerin\/ des Sch\u00fclers stellt f\u00fcr die Abrechnung der Untersuchung einen \u201eUntersuchungsberechtigungsschein\u201c aus. Hierf\u00fcr muss der Personalausweis, Kinderausweis oder der Ausweis der Eltern vorgelegt werden. Die Ausstellung ist kostenfrei. Mit dem Untersuchungsberechtigungsschein kann die Sch\u00fclerin\/ der Sch\u00fcler zum Hausarzt\/ Kinderarzt gehen. Dieser f\u00fchrt die Untersuchung durch, stellt die Bescheinigung aus und rechnet die Untersuchung ab.<\/p>\n\n\n\n<figure class=\"wp-block-image size-large\"><img loading=\"lazy\" decoding=\"async\" width=\"222\" height=\"179\" src=\"https:\/\/schulebza.de\/rsplus\/wp-content\/uploads\/2020\/02\/medizin-1.jpg\" alt=\"\" class=\"wp-image-2443\"\/><\/figure>\n\n\n\n<p><strong>Masernimpfung<\/strong><\/p>\n\n\n\n<p>Seit 01.03.2020 gilt das Masernschutzgesetz. Alle neu in die Schule aufzunehmende Sch\u00fclerinnen und Sch\u00fcler m\u00fcssen einen ausreichenden Masernschutz nachweisen.<\/p>\n\n\n\n<p>Dieser Nachweis kann durch die Vorlage folgender Dokumente erbracht werden:&nbsp;<\/p>\n\n\n\n<ol class=\"wp-block-list\" type=\"1\"><li><strong>Impfpass <\/strong>(im Original)<strong>,<\/strong> aus dem sich 2 Masernimpfungen ergeben<\/li><li><strong>\u00c4rztliche Bescheinigung<br><\/strong>&#8211; \u00fcber 2 dokumentierte Masernimpfungen oder<br>&#8211; \u00fcber die nachgewiesene Immunit\u00e4t gegen Masern (Labornachweis)<\/li><\/ol>\n\n\n\n<p><strong>Weitere Impfungen im Bereich Gesundheit<\/strong><\/p>\n\n\n\n<p>F\u00fcr Praktika im Bereich Gesundheit und Pflege kann \u2013 in Abh\u00e4ngigkeit vom Einsatzbereich \u2013 zus\u00e4tzlich (und unabh\u00e4ngig vom Alter) eine Impfbescheinigung erforderlich sein. Dies kann insbesondere eine Impfung gegen Hepatitis B betreffen. Bitte erkundigen Sie sich diesbez\u00fcglich bei Ihrem Praktikumsbetrieb. Die Kosten f\u00fcr diese Impfung werden bis zum 18. Geburtstag i.d.R. von den Krankenkassen \u00fcbernommen. Eine Impfung gegen Hepatitis B muss mindestens 6 Wochen vor Beginn des Praktikums begonnen werden, da mindestens zwei Impfungen erforderlich sind. Die zweite Impfung muss sp\u00e4testens zwei Wochen vor Beginn des Praktikums erfolgt sein. Dieser Zeitraum ist erforderlich, damit ein ausreichender Schutz aufgebaut werden kann.<\/p>\n","protected":false},"excerpt":{"rendered":"<p>Gem\u00e4\u00df \u00a732 des Jugendarbeitsschutzgesetzes (JArbSchG) d\u00fcrfen Sch\u00fclerinnen und Sch\u00fcler der Fachoberschule, die noch nicht 18 Jahre alt sind, von Praktikumsbetrieben nur besch\u00e4ftigt werden, wenn innerhalb der letzten vierzehn Monate eine [&hellip;]<\/p>\n","protected":false},"author":1,"featured_media":0,"parent":0,"menu_order":0,"comment_status":"closed","ping_status":"closed","template":"","meta":{"_et_pb_use_builder":"off","_et_pb_old_content":"","_et_gb_content_width":"","footnotes":""},"class_list":["post-4352","page","type-page","status-publish","hentry"],"_links":{"self":[{"href":"https:\/\/schulebza.de\/rsplus\/wp-json\/wp\/v2\/pages\/4352","targetHints":{"allow":["GET"]}}],"collection":[{"href":"https:\/\/schulebza.de\/rsplus\/wp-json\/wp\/v2\/pages"}],"about":[{"href":"https:\/\/schulebza.de\/rsplus\/wp-json\/wp\/v2\/types\/page"}],"author":[{"embeddable":true,"href":"https:\/\/schulebza.de\/rsplus\/wp-json\/wp\/v2\/users\/1"}],"replies":[{"embeddable":true,"href":"https:\/\/schulebza.de\/rsplus\/wp-json\/wp\/v2\/comments?post=4352"}],"version-history":[{"count":1,"href":"https:\/\/schulebza.de\/rsplus\/wp-json\/wp\/v2\/pages\/4352\/revisions"}],"predecessor-version":[{"id":4354,"href":"https:\/\/schulebza.de\/rsplus\/wp-json\/wp\/v2\/pages\/4352\/revisions\/4354"}],"wp:attachment":[{"href":"https:\/\/schulebza.de\/rsplus\/wp-json\/wp\/v2\/media?parent=4352"}],"curies":[{"name":"wp","href":"https:\/\/api.w.org\/{rel}","templated":true}]}}