{"id":4195,"date":"2020-11-06T11:41:35","date_gmt":"2020-11-06T10:41:35","guid":{"rendered":"https:\/\/schulebza.de\/rsplus\/?page_id=4195"},"modified":"2020-11-06T11:47:07","modified_gmt":"2020-11-06T10:47:07","slug":"verhalten-bei-verdacht-einer-infektion-einer-schuelerin-bzw-eines-schuelers","status":"publish","type":"page","link":"https:\/\/schulebza.de\/rsplus\/verhalten-bei-verdacht-einer-infektion-einer-schuelerin-bzw-eines-schuelers\/","title":{"rendered":"Verhalten bei Verdacht einer Infektion einer Sch\u00fclerin bzw. eines Sch\u00fclers"},"content":{"rendered":"\n<p>Liebe Eltern und Sorgeberechtigten, liebe Sch\u00fclerinnen und Sch\u00fcler, liebe Kolleginnen und Kollegen.<\/p>\n\n\n\n<p>Grundlegend gilt, dass die Gesundheits\u00e4mter \u00fcber Quarant\u00e4nema\u00dfnahmen entscheiden. Konkrete Empfehlungen und Ma\u00dfnahmen durch die Schulen sind nicht vorgesehen. Dies ist Aufgabe von medizinischem Fachpersonal.<\/p>\n\n\n\n<p>Sollten sich Sch\u00fclerinnen und Sch\u00fcler ohne konkrete Anweisung in Quarant\u00e4ne begeben, dann wird dies als Entschuldigungsgrund von der Schule akzeptiert. Auch bei einer solchen Quarant\u00e4ne sollte jedoch <strong>unbedingt<\/strong> und <strong>zeitnah<\/strong> die Information an das Sekretariat (Tel.: 06343 98900) erfolgen.<\/p>\n","protected":false},"excerpt":{"rendered":"<p>Liebe Eltern und Sorgeberechtigten, liebe Sch\u00fclerinnen und Sch\u00fcler, liebe Kolleginnen und Kollegen. Grundlegend gilt, dass die Gesundheits\u00e4mter \u00fcber Quarant\u00e4nema\u00dfnahmen entscheiden. Konkrete Empfehlungen und Ma\u00dfnahmen durch die Schulen sind nicht vorgesehen. [&hellip;]<\/p>\n","protected":false},"author":10,"featured_media":0,"parent":0,"menu_order":0,"comment_status":"closed","ping_status":"closed","template":"","meta":{"_et_pb_use_builder":"off","_et_pb_old_content":"","_et_gb_content_width":"","footnotes":""},"class_list":["post-4195","page","type-page","status-publish","hentry"],"_links":{"self":[{"href":"https:\/\/schulebza.de\/rsplus\/wp-json\/wp\/v2\/pages\/4195","targetHints":{"allow":["GET"]}}],"collection":[{"href":"https:\/\/schulebza.de\/rsplus\/wp-json\/wp\/v2\/pages"}],"about":[{"href":"https:\/\/schulebza.de\/rsplus\/wp-json\/wp\/v2\/types\/page"}],"author":[{"embeddable":true,"href":"https:\/\/schulebza.de\/rsplus\/wp-json\/wp\/v2\/users\/10"}],"replies":[{"embeddable":true,"href":"https:\/\/schulebza.de\/rsplus\/wp-json\/wp\/v2\/comments?post=4195"}],"version-history":[{"count":3,"href":"https:\/\/schulebza.de\/rsplus\/wp-json\/wp\/v2\/pages\/4195\/revisions"}],"predecessor-version":[{"id":4201,"href":"https:\/\/schulebza.de\/rsplus\/wp-json\/wp\/v2\/pages\/4195\/revisions\/4201"}],"wp:attachment":[{"href":"https:\/\/schulebza.de\/rsplus\/wp-json\/wp\/v2\/media?parent=4195"}],"curies":[{"name":"wp","href":"https:\/\/api.w.org\/{rel}","templated":true}]}}