{"id":4063,"date":"2020-09-18T11:09:51","date_gmt":"2020-09-18T09:09:51","guid":{"rendered":"https:\/\/schulebza.de\/rsplus\/?page_id=4063"},"modified":"2020-09-18T11:41:51","modified_gmt":"2020-09-18T09:41:51","slug":"herbstschule","status":"publish","type":"page","link":"https:\/\/schulebza.de\/rsplus\/herbstschule\/","title":{"rendered":"Herbstschule"},"content":{"rendered":"\n<p>Liebe Eltern,<\/p>\n\n\n\n<p>wie Sie sicherlich der Presse entnehmen konnten, hat sich das Land Rheinland-Pfalz gemeinsam mit den kommunalen Spitzenverb\u00e4nden entschlossen, nach der erfolgreichenden Durchf\u00fchrung der Sommerschule in den beiden letzten Wochen der Sommerferien nun auch f\u00fcr die Herbstferien eine sog. Herbstschule anzubieten.<\/p>\n\n\n\n<p>Herr Landrat Seefeldt und Herr Teichmann, dem f\u00fcr die Schulen zust\u00e4ndigen Kreisbeigeordneten, haben  festgelegt, f\u00fcr die Sch\u00fclerinnen und Sch\u00fcler der weiterf\u00fchrenden Schulen (Klassen 5 bis 8) nur noch an zwei Standorten im Landkreis die Herbstschule anzubieten, eine Ma\u00dfnahme wird in der Realschule plus im Alfred-Grosser-Schulzentrum in Bad Bergzabern, Pestalozzistra\u00dfe18, und eine weitere Ma\u00dfnahme in der Paul-Gillet-Realschule plus in Edenkoben am Standort Luitpoldstra\u00dfe 74 durchgef\u00fchrt werden.<\/p>\n\n\n\n<p>Kernpunkte der Herbstschule:<\/p>\n\n\n\n<p>&#8211; &nbsp; &nbsp; &nbsp; Angebote in beiden Wochen der Ferien (12. bis 16. Oktober und 19. bis 23. Oktober 2020) f\u00fcr Sch\u00fclerinnen und Sch\u00fcler<\/p>\n\n\n\n<p>        der 1. bis 8. Klasse<\/p>\n\n\n\n<p>&#8211; &nbsp; &nbsp; &nbsp; drei Stunden pro Tag Nachhilfeunterricht in Deutsch und Mathematik<\/p>\n\n\n\n<p>&#8211; &nbsp; &nbsp; &nbsp; die Sch\u00fclerinnen und Sch\u00fcler nehmen eine Woche teil; zwei Wochen sind bei gen\u00fcgend Kapazit\u00e4t m\u00f6glich<\/p>\n\n\n\n<p>&#8211; &nbsp; &nbsp; &nbsp; kleine Gruppen: i.d.R. zehn Teilnehmende pro Kursleitung oder weniger<\/p>\n\n\n\n<p>&#8211; &nbsp; &nbsp; &nbsp; an jedem Standort kommen i.d.R. mindestens drei Freiwillige zum Einsatz<\/p>\n\n\n\n<p>Sch\u00fclerinnen und Sch\u00fcler der Klassen 5 bis 8 k\u00f6nnen Sie im Zeitraum vom 28.09.2020 bis zum 07.10.2020 in unserer Schule anmelden.<\/p>\n\n\n\n<p>Das <a href=\"https:\/\/schulebza.de\/rsplus\/wp-content\/uploads\/2020\/09\/Anmeldeformular-Herbstschule.pdf\">Anmeldeformular <\/a>bitte an das Sekretariat der Realschule plus im Alfred-Grosser-Schulzentrum Bad Bergzabern, Frau Schmitz weiterleiten ( rsplus@schulebza.de).<\/p>\n\n\n\n<p><\/p>\n\n\n\n<p><\/p>\n\n\n\n<p><\/p>\n\n\n\n<p><\/p>\n","protected":false},"excerpt":{"rendered":"<p>Liebe Eltern, wie Sie sicherlich der Presse entnehmen konnten, hat sich das Land Rheinland-Pfalz gemeinsam mit den kommunalen Spitzenverb\u00e4nden entschlossen, nach der erfolgreichenden Durchf\u00fchrung der Sommerschule in den beiden letzten [&hellip;]<\/p>\n","protected":false},"author":10,"featured_media":0,"parent":0,"menu_order":0,"comment_status":"closed","ping_status":"closed","template":"","meta":{"_et_pb_use_builder":"off","_et_pb_old_content":"","_et_gb_content_width":"","footnotes":""},"class_list":["post-4063","page","type-page","status-publish","hentry"],"_links":{"self":[{"href":"https:\/\/schulebza.de\/rsplus\/wp-json\/wp\/v2\/pages\/4063","targetHints":{"allow":["GET"]}}],"collection":[{"href":"https:\/\/schulebza.de\/rsplus\/wp-json\/wp\/v2\/pages"}],"about":[{"href":"https:\/\/schulebza.de\/rsplus\/wp-json\/wp\/v2\/types\/page"}],"author":[{"embeddable":true,"href":"https:\/\/schulebza.de\/rsplus\/wp-json\/wp\/v2\/users\/10"}],"replies":[{"embeddable":true,"href":"https:\/\/schulebza.de\/rsplus\/wp-json\/wp\/v2\/comments?post=4063"}],"version-history":[{"count":4,"href":"https:\/\/schulebza.de\/rsplus\/wp-json\/wp\/v2\/pages\/4063\/revisions"}],"predecessor-version":[{"id":4071,"href":"https:\/\/schulebza.de\/rsplus\/wp-json\/wp\/v2\/pages\/4063\/revisions\/4071"}],"wp:attachment":[{"href":"https:\/\/schulebza.de\/rsplus\/wp-json\/wp\/v2\/media?parent=4063"}],"curies":[{"name":"wp","href":"https:\/\/api.w.org\/{rel}","templated":true}]}}