{"id":3556,"date":"2020-05-25T11:00:22","date_gmt":"2020-05-25T09:00:22","guid":{"rendered":"https:\/\/schulebza.de\/rsplus\/?page_id=3556"},"modified":"2022-03-29T12:33:14","modified_gmt":"2022-03-29T10:33:14","slug":"mensabetrieb","status":"publish","type":"page","link":"https:\/\/schulebza.de\/rsplus\/mensabetrieb\/","title":{"rendered":"Mensabetrieb"},"content":{"rendered":"\n<p>Ab 02.06.2020 wird der Mensabetrieb in der Realschule plus wieder aufgenommen.<\/p>\n\n\n\n<p>Sch\u00fclerinnen und Sch\u00fcler, die an der Notbetreuung teilnehmen und zum Mittagessen angemeldet sind, k\u00f6nnen wie gewohnt ihr Essen buchen, sobald der Speiseplan vom Caterer im Portal ver\u00f6ffentlicht ist.<\/p>\n\n\n\n<p>Selbstverst\u00e4ndlich ist auch im Mensabereich de<a href=\"https:\/\/schulebza.de\/rsplus\/wp-content\/uploads\/2022\/03\/20220310-16.-Hygieneplan.pdf\">r Hygieneplan f\u00fcr Schulen<\/a> zu beachten.<\/p>\n","protected":false},"excerpt":{"rendered":"<p>Ab 02.06.2020 wird der Mensabetrieb in der Realschule plus wieder aufgenommen. Sch\u00fclerinnen und Sch\u00fcler, die an der Notbetreuung teilnehmen und zum Mittagessen angemeldet sind, k\u00f6nnen wie gewohnt ihr Essen buchen, [&hellip;]<\/p>\n","protected":false},"author":10,"featured_media":0,"parent":0,"menu_order":0,"comment_status":"closed","ping_status":"closed","template":"","meta":{"_et_pb_use_builder":"off","_et_pb_old_content":"","_et_gb_content_width":"","footnotes":""},"class_list":["post-3556","page","type-page","status-publish","hentry"],"_links":{"self":[{"href":"https:\/\/schulebza.de\/rsplus\/wp-json\/wp\/v2\/pages\/3556","targetHints":{"allow":["GET"]}}],"collection":[{"href":"https:\/\/schulebza.de\/rsplus\/wp-json\/wp\/v2\/pages"}],"about":[{"href":"https:\/\/schulebza.de\/rsplus\/wp-json\/wp\/v2\/types\/page"}],"author":[{"embeddable":true,"href":"https:\/\/schulebza.de\/rsplus\/wp-json\/wp\/v2\/users\/10"}],"replies":[{"embeddable":true,"href":"https:\/\/schulebza.de\/rsplus\/wp-json\/wp\/v2\/comments?post=3556"}],"version-history":[{"count":4,"href":"https:\/\/schulebza.de\/rsplus\/wp-json\/wp\/v2\/pages\/3556\/revisions"}],"predecessor-version":[{"id":6338,"href":"https:\/\/schulebza.de\/rsplus\/wp-json\/wp\/v2\/pages\/3556\/revisions\/6338"}],"wp:attachment":[{"href":"https:\/\/schulebza.de\/rsplus\/wp-json\/wp\/v2\/media?parent=3556"}],"curies":[{"name":"wp","href":"https:\/\/api.w.org\/{rel}","templated":true}]}}