{"id":3182,"date":"2020-04-16T14:10:24","date_gmt":"2020-04-16T12:10:24","guid":{"rendered":"https:\/\/schulebza.de\/rsplus\/?page_id=3182"},"modified":"2025-09-05T11:31:03","modified_gmt":"2025-09-05T09:31:03","slug":"organisation-der-gts","status":"publish","type":"page","link":"https:\/\/schulebza.de\/rsplus\/organisation-der-gts\/","title":{"rendered":"Organisation der GTS"},"content":{"rendered":"\n<figure class=\"wp-block-image size-large\"><img loading=\"lazy\" decoding=\"async\" width=\"190\" height=\"150\" src=\"https:\/\/schulebza.de\/rsplus\/wp-content\/uploads\/2020\/02\/ganztagsschule-logo.gif\" alt=\"\" class=\"wp-image-2621\"\/><\/figure>\n\n\n\n<p>Teilnahmem\u00f6glichkeit:<\/p>\n\n\n\n<p>\u2013 alle Sch\u00fclerinnen und Sch\u00fcler der Gemeinsamen Orientierungsstufe<br>\u2013 Sch\u00fclerinnen und Sch\u00fcler aller Klassenstufen in der Realschule plus und Fachoberschule<br>\u2013 verbindliche Anmeldung f\u00fcr mindestens ein Schuljahr (Neuaufnahmen im laufenden Schuljahr jeweils vierzehn Tage nach p\u00e4dagogischen Konferenzen bzw. der Zeugnisausgabe\/gilt nicht f\u00fcr Klassenstufe 6, hier nur zu Beginn des Schuljahres)<\/p>\n\n\n\n<p>Die Sch\u00fclerinnen und Sch\u00fcler werden in drei <strong>rhythmisierten Ganztagsklassen<\/strong> und im so genannten <strong>additiven System<\/strong> (d.h. klassen- und\/oder jahrgangs\u00fcbergreifend) betreut.<\/p>\n\n\n\n<p><strong>Unterrichtszeiten\/Organisation:<\/strong><\/p>\n\n\n\n<p>Die Ganztagsschule findet von <strong>Montag bis Donnerstag<\/strong> statt.<\/p>\n\n\n\n<p>Es besteht die M\u00f6glichkeit in unserer <strong>Mensa<\/strong> gemeinsam zu essen.<\/p>\n\n\n\n<p>Zum Essen buchen und f\u00fcr weitere Infos, <a href=\"https:\/\/schulebza.de\/rsplus\/gts\/mense\/\" target=\"_blank\" rel=\"noreferrer noopener\">bitte hier klicken.<\/a><\/p>\n\n\n\n<p>Die <strong>Kernzeiten<\/strong> f\u00fcr die Ganztagsschule liegen \u2013 je nach System \u2013 zwischen<\/p>\n\n\n\n<p><strong>12.15 Uhr und 15.30 Uhr<\/strong>. Bei entsprechendem Bedarf kann eine Betreuung bis 17.00 Uhr eingerichtet werden.<\/p>\n\n\n\n<hr class=\"wp-block-separator has-css-opacity\"\/>\n\n\n\n<figure class=\"wp-block-image size-full\"><img loading=\"lazy\" decoding=\"async\" width=\"542\" height=\"716\" src=\"https:\/\/schulebza.de\/rsplus\/wp-content\/uploads\/2024\/08\/image-21.png\" alt=\"\" class=\"wp-image-9740\"\/><\/figure>\n\n\n\n<p><strong>Mitglieder unseres GTS-Teams<\/strong><\/p>\n\n\n\n<p>Frau Schlosser<\/p>\n\n\n\n<p>\u2013 Mitarbeiterin in der Ganztagsschule al TVL-Kraft<br>\u2013 verantwortlich in der Mittagspause f\u00fcr die Spielothek und anschlie\u00dfend f\u00fcr die GTS-Sch\u00fcler der Mittelstufe (Klasse 7-9)<\/p>\n\n\n\n<p><\/p>\n\n\n\n<hr class=\"wp-block-separator has-css-opacity\"\/>\n\n\n\n<p>Neben den Lehrerinnen und Lehrern, von denen bis zu zehn an jedem Mittag eingesetzt sind, unterst\u00fctzen drei p\u00e4dagogische Fachkr\u00e4fte, zwei p\u00e4dagogische Mitarbeiterinnen die Arbeit am Nachmittag.<\/p>\n\n\n\n<p>Au\u00dferdem leisten zwei Mitarbeiter ihr Freiwilliges Soziales Jahr bei uns ab.<\/p>\n\n\n\n<p>Dar\u00fcber hinaus stehen tageweise \u00e4ltere Sch\u00fclerinnen und Sch\u00fcler, die die Arbeitsgemeinschaft SamS (Sch\u00fcler arbeiten mit Sch\u00fclern) besuchen, zur individuellen F\u00f6rderung zur Verf\u00fcgung.&nbsp;<\/p>\n","protected":false},"excerpt":{"rendered":"<p>Teilnahmem\u00f6glichkeit: \u2013 alle Sch\u00fclerinnen und Sch\u00fcler der Gemeinsamen Orientierungsstufe\u2013 Sch\u00fclerinnen und Sch\u00fcler aller Klassenstufen in der Realschule plus und Fachoberschule\u2013 verbindliche Anmeldung f\u00fcr mindestens ein Schuljahr (Neuaufnahmen im laufenden Schuljahr [&hellip;]<\/p>\n","protected":false},"author":10,"featured_media":0,"parent":0,"menu_order":0,"comment_status":"closed","ping_status":"closed","template":"","meta":{"_et_pb_use_builder":"off","_et_pb_old_content":"","_et_gb_content_width":"","footnotes":""},"class_list":["post-3182","page","type-page","status-publish","hentry"],"_links":{"self":[{"href":"https:\/\/schulebza.de\/rsplus\/wp-json\/wp\/v2\/pages\/3182","targetHints":{"allow":["GET"]}}],"collection":[{"href":"https:\/\/schulebza.de\/rsplus\/wp-json\/wp\/v2\/pages"}],"about":[{"href":"https:\/\/schulebza.de\/rsplus\/wp-json\/wp\/v2\/types\/page"}],"author":[{"embeddable":true,"href":"https:\/\/schulebza.de\/rsplus\/wp-json\/wp\/v2\/users\/10"}],"replies":[{"embeddable":true,"href":"https:\/\/schulebza.de\/rsplus\/wp-json\/wp\/v2\/comments?post=3182"}],"version-history":[{"count":5,"href":"https:\/\/schulebza.de\/rsplus\/wp-json\/wp\/v2\/pages\/3182\/revisions"}],"predecessor-version":[{"id":11401,"href":"https:\/\/schulebza.de\/rsplus\/wp-json\/wp\/v2\/pages\/3182\/revisions\/11401"}],"wp:attachment":[{"href":"https:\/\/schulebza.de\/rsplus\/wp-json\/wp\/v2\/media?parent=3182"}],"curies":[{"name":"wp","href":"https:\/\/api.w.org\/{rel}","templated":true}]}}