{"id":3090,"date":"2020-04-12T08:51:52","date_gmt":"2020-04-12T06:51:52","guid":{"rendered":"https:\/\/schulebza.de\/rsplus\/?page_id=3090"},"modified":"2020-12-16T10:45:48","modified_gmt":"2020-12-16T09:45:48","slug":"fos-kurz-erklaert","status":"publish","type":"page","link":"https:\/\/schulebza.de\/rsplus\/fos-kurz-erklaert\/","title":{"rendered":"FOS kurz erkl\u00e4rt"},"content":{"rendered":"\n<p><strong>Was zeichnet die FOS aus?<\/strong><\/p>\n\n\n\n<p>Die Fachoberschule \nist ein zweij\u00e4hriger Bildungsgang, der Theorie und Praxis eng verzahnt. \nDie Sch\u00fclerinnen und Sch\u00fcler absolvieren in der 11. Klasse an jeweils \ndrei Tagen in der Woche ein Praktikum in einer geeigneten Einrichtung, \npassend zur gew\u00e4hlten Fachrichtung. Die restlichen beiden Tage und das \ngesamte 12. Schuljahr besuchen sie den schulischen Unterricht.<\/p>\n\n\n\n<p><strong>Die Fachrichtung Gesundheit<\/strong><\/p>\n\n\n\n<p>Das Praktikum der \nFachrichtung Gesundheit soll den Sch\u00fclerinnen und Sch\u00fclern einen \nEinblick in den pflegerischen, therapeutischen oder beratenden \nGesundheitssektor geben. N\u00e4heres hierzu finden Sie unter dem Punkt \nPraktikum.<\/p>\n\n\n\n<p>Im \nfachrichtungsbezogenen Fach \u201eGesundheit und Pflege&#8220; werden u.a. Themen \naus den Bereichen Erste Hilfe, Ern\u00e4hrung, Pr\u00e4vention, Bewegung, \nImmunsystem, Wahrnehmung und Gesundheits-\/Sozialversicherungssystem \nbehandelt. Es handelt sich nicht um einen Pflegeunterricht, bei dem \npraktische Fertigkeiten wie beispielsweise K\u00f6rperpflege einge\u00fcbt werden.\n Solche Fachpraxis findet stattdessen im Rahmen des gelenkten Praktikums\n in Klasse 11 statt.<\/p>\n\n\n\n<p><strong>Die Fachrichtung Gestaltung <\/strong><\/p>\n\n\n\n<p>Das Praktikum der \nFachrichtung Gestaltung soll den Sch\u00fclerinnen und Sch\u00fclern einen \nEinblick in gestalterische Berufe geben. N\u00e4heres hierzu finden Sie unter\n dem Punkt Praktikum.<\/p>\n\n\n\n<p>Im  fachrichtungsbezogenen Fach \u201eGestaltung\u201c werden u.a. Themen aus den  Bereichen Gestaltungsgrundlagen, Gestaltungstechniken und visuelle  Kommunikation in Klassenstufe 11 vermittelt. In Klassenstufe 12 kommen  freie zwei- und dreidimensionale Gestaltungstechniken, Gestaltung von  Lebensr\u00e4umen, die Betrachtung und Beurteilung von Kunst, angewandtes  Design und BWL f\u00fcr Gestalter hinzu. <br><br><strong>Zu welchem Abschluss f\u00fchrt die FOS und was kommt danach?<\/strong><\/p>\n\n\n\n<p>Der Bildungsgang f\u00fchrt zur Allgemeinen Fachhochschulreife. Damit kann bundesweit an allen (Fach)Hochschulen in allen Fachrichtungen studiert werden \u2013 unabh\u00e4ngig von der gew\u00e4hlten Fachrichtung w\u00e4hrend der beiden Jahre in der FOS.<\/p>\n\n\n\n<p>Weiterhin gibt es \ndie M\u00f6glichkeit an die Berufsoberschule II (BOS II) zu wechseln und dort\n in einem weiteren Schuljahr die fachgebundene Hochschulreife (ohne \nzweite Fremdsprache) bzw. bei ausreichenden Kenntnissen in einer zweiten\n Fremdsprache die allgemeine Hochschulreife (Abitur) zu erwerben. In 13 \nJahren gelangt man so zum Abitur, welches dem des Gymnasiums entspricht \nund die Zugangsberechtigung zur Universit\u00e4t ist.&nbsp;<\/p>\n\n\n\n<p>Dar\u00fcber hinaus kann \nmit der Fachhochschulreife ein duales Studium oder nat\u00fcrlich auch eine \nqualifizierte Berufsausbildung aufgenommen werden. Im Rahmen des \nPraktikums in Klasse 11 werden bereits Kontakte zu Ausbildungsbetrieben \nbzw. m\u00f6glichen sp\u00e4teren Arbeitgebern oder dualen Studienpartnern \ngekn\u00fcpft. So bekommen FOS-Absolventen h\u00e4ufig schon sehr fr\u00fch von den \nBetrieben einen Ausbildungs-\/Studienplatz angeboten. &nbsp;<\/p>\n\n\n\n<p>Die FOS ist also ein \u201eT\u00fcr\u00f6ffner\u201c f\u00fcr viele Ausbildungs- und Studienm\u00f6glichkeiten.&nbsp;<\/p>\n\n\n\n<p><strong>Wo finde ich Informationen zu (Fach)Hochschulstudieng\u00e4ngen und Berufen?<\/strong><\/p>\n\n\n\n<p>Informationen zu den\n verschiedenen deutschlandweiten (Fach)Hochschulstudieng\u00e4ngen und den \ndamit verbundenen beruflichen M\u00f6glichkeiten finden Sie u.a. auf der \nPortal-Seite <a href=\"http:\/\/www.fachhochschule.de\" target=\"_blank\" rel=\"noreferrer noopener\">http:\/\/www.fachhochschule.de<\/a> . \u00dcber duale Studieng\u00e4nge informiert die Seite <a href=\"http:\/\/www.wegweiser-duales-studium.de\" target=\"_blank\" rel=\"noreferrer noopener\">http:\/\/www.wegweiser-duales-studium.de<\/a>\n . F\u00fcr allgemeine und zugleich ausf\u00fchrliche Berufsinformationen \n(T\u00e4tigkeit, Ausbildung, Abschluss etc.) lohnt sich ein Besuch der Seite <a href=\"http:\/\/berufenet.arbeitsagentur.de\/berufe\" target=\"_blank\" rel=\"noreferrer noopener\">http:\/\/berufenet.arbeitsagentur.de\/berufe<\/a>\n . Dort k\u00f6nnen im Suchfenster konkrete Berufsbezeichnungen oder aber \n\u00dcberbegriffe wie \u201eGesundheit\u201c oder \u201eGestaltung\u201c eingegeben werden. <\/p>\n","protected":false},"excerpt":{"rendered":"<p>Was zeichnet die FOS aus? Die Fachoberschule ist ein zweij\u00e4hriger Bildungsgang, der Theorie und Praxis eng verzahnt. Die Sch\u00fclerinnen und Sch\u00fcler absolvieren in der 11. Klasse an jeweils drei Tagen [&hellip;]<\/p>\n","protected":false},"author":10,"featured_media":0,"parent":0,"menu_order":1,"comment_status":"closed","ping_status":"closed","template":"","meta":{"_et_pb_use_builder":"off","_et_pb_old_content":"","_et_gb_content_width":"","footnotes":""},"class_list":["post-3090","page","type-page","status-publish","hentry"],"_links":{"self":[{"href":"https:\/\/schulebza.de\/rsplus\/wp-json\/wp\/v2\/pages\/3090","targetHints":{"allow":["GET"]}}],"collection":[{"href":"https:\/\/schulebza.de\/rsplus\/wp-json\/wp\/v2\/pages"}],"about":[{"href":"https:\/\/schulebza.de\/rsplus\/wp-json\/wp\/v2\/types\/page"}],"author":[{"embeddable":true,"href":"https:\/\/schulebza.de\/rsplus\/wp-json\/wp\/v2\/users\/10"}],"replies":[{"embeddable":true,"href":"https:\/\/schulebza.de\/rsplus\/wp-json\/wp\/v2\/comments?post=3090"}],"version-history":[{"count":5,"href":"https:\/\/schulebza.de\/rsplus\/wp-json\/wp\/v2\/pages\/3090\/revisions"}],"predecessor-version":[{"id":4346,"href":"https:\/\/schulebza.de\/rsplus\/wp-json\/wp\/v2\/pages\/3090\/revisions\/4346"}],"wp:attachment":[{"href":"https:\/\/schulebza.de\/rsplus\/wp-json\/wp\/v2\/media?parent=3090"}],"curies":[{"name":"wp","href":"https:\/\/api.w.org\/{rel}","templated":true}]}}