{"id":10595,"date":"2025-02-14T10:53:09","date_gmt":"2025-02-14T09:53:09","guid":{"rendered":"https:\/\/schulebza.de\/rsplus\/?page_id=10595"},"modified":"2025-02-14T11:02:10","modified_gmt":"2025-02-14T10:02:10","slug":"exkursion-der-fos-zur-badischen-landesbibliothek","status":"publish","type":"page","link":"https:\/\/schulebza.de\/rsplus\/exkursion-der-fos-zur-badischen-landesbibliothek\/","title":{"rendered":"Exkursion der FOS zur Badischen Landesbibliothek"},"content":{"rendered":"\n<h2 class=\"wp-block-heading\"><\/h2>\n\n\n\n<p>Am 11. Februar 2025 bot unsere Schule eine Exkursion zur Badischen Landesbibliothek Karlsruhe (BLB) f\u00fcr die 11. und 12. Klassen der FOS an.<br><br>Zum Angebot der BLB geh\u00f6ren ca. 29 Millionen B\u00e4nde Literatur und Medien aus allen Fachgebieten.<br>Das und noch viel mehr erfuhren unsere Sch\u00fcler*innen bei der Exkursion. Sie erlernten die Online-Recherche in den Datenbanken Brockhaus, Statista, im Katalog plus der BLB sowie die \u201eSternchenrecherche\u201c. Bei diesen \u00dcbungen wurde den Oberstufensch\u00fcler*innen nochmal verdeutlicht, dass Wikipedia keine wissenschaftlich anerkannte zitierf\u00e4hige Quelle ist.<\/p>\n\n\n\n<figure class=\"wp-block-gallery has-nested-images columns-default is-cropped wp-block-gallery-1 is-layout-flex wp-block-gallery-is-layout-flex\">\n<figure class=\"wp-block-image size-large\"><img loading=\"lazy\" decoding=\"async\" width=\"768\" height=\"1024\" data-id=\"10596\" src=\"https:\/\/schulebza.de\/rsplus\/wp-content\/uploads\/2025\/02\/IMG_0020-Kopie-768x1024.jpeg\" alt=\"\" class=\"wp-image-10596\"\/><\/figure>\n\n\n\n<figure class=\"wp-block-image size-large\"><img loading=\"lazy\" decoding=\"async\" width=\"768\" height=\"1024\" data-id=\"10597\" src=\"https:\/\/schulebza.de\/rsplus\/wp-content\/uploads\/2025\/02\/IMG_0028-Kopie-768x1024.jpeg\" alt=\"\" class=\"wp-image-10597\"\/><\/figure>\n\n\n\n<figure class=\"wp-block-image size-large\"><img loading=\"lazy\" decoding=\"async\" width=\"768\" height=\"1024\" data-id=\"10598\" src=\"https:\/\/schulebza.de\/rsplus\/wp-content\/uploads\/2025\/02\/IMG_0019-Kopie-768x1024.jpeg\" alt=\"\" class=\"wp-image-10598\"\/><\/figure>\n<\/figure>\n","protected":false},"excerpt":{"rendered":"<p>Am 11. Februar 2025 bot unsere Schule eine Exkursion zur Badischen Landesbibliothek Karlsruhe (BLB) f\u00fcr die 11. und 12. Klassen der FOS an. Zum Angebot der BLB geh\u00f6ren ca. 29 [&hellip;]<\/p>\n","protected":false},"author":10,"featured_media":10596,"parent":0,"menu_order":0,"comment_status":"closed","ping_status":"closed","template":"","meta":{"_et_pb_use_builder":"off","_et_pb_old_content":"","_et_gb_content_width":"","footnotes":""},"class_list":["post-10595","page","type-page","status-publish","has-post-thumbnail","hentry"],"_links":{"self":[{"href":"https:\/\/schulebza.de\/rsplus\/wp-json\/wp\/v2\/pages\/10595","targetHints":{"allow":["GET"]}}],"collection":[{"href":"https:\/\/schulebza.de\/rsplus\/wp-json\/wp\/v2\/pages"}],"about":[{"href":"https:\/\/schulebza.de\/rsplus\/wp-json\/wp\/v2\/types\/page"}],"author":[{"embeddable":true,"href":"https:\/\/schulebza.de\/rsplus\/wp-json\/wp\/v2\/users\/10"}],"replies":[{"embeddable":true,"href":"https:\/\/schulebza.de\/rsplus\/wp-json\/wp\/v2\/comments?post=10595"}],"version-history":[{"count":1,"href":"https:\/\/schulebza.de\/rsplus\/wp-json\/wp\/v2\/pages\/10595\/revisions"}],"predecessor-version":[{"id":10600,"href":"https:\/\/schulebza.de\/rsplus\/wp-json\/wp\/v2\/pages\/10595\/revisions\/10600"}],"wp:featuredmedia":[{"embeddable":true,"href":"https:\/\/schulebza.de\/rsplus\/wp-json\/wp\/v2\/media\/10596"}],"wp:attachment":[{"href":"https:\/\/schulebza.de\/rsplus\/wp-json\/wp\/v2\/media?parent=10595"}],"curies":[{"name":"wp","href":"https:\/\/api.w.org\/{rel}","templated":true}]}}