{"id":7852,"date":"2020-03-16T13:44:29","date_gmt":"2020-03-16T12:44:29","guid":{"rendered":"https:\/\/schulebza.de\/gymnasium\/?page_id=7852"},"modified":"2020-03-23T12:52:21","modified_gmt":"2020-03-23T11:52:21","slug":"schulbox","status":"publish","type":"page","link":"https:\/\/schulebza.de\/gymnasium\/schulbox\/","title":{"rendered":"Schulbox"},"content":{"rendered":"<p>Liebe Sch\u00fclerInnen,<\/p>\n<p>wir versuchen euch hier einige Anleitungen zusammenzustellen, damit ihr noch effektiver mit den Onlineaufgaben zurecht kommt.<\/p>\n<p>1) <strong>Wie arbeite ich mit der Schulbox?<\/strong> Hier kannst du die ausf\u00fchrliche <a href=\"https:\/\/schulebza.de\/gymnasium\/wp-content\/uploads\/2020\/03\/Anleitung_Sch\u00fcler.pdf\" target=\"_blank\" rel=\"noopener noreferrer\">Anleitung zur Nutzung der Schulbox<\/a> herunterladen, im unteren Teil dieser Seite findest du auch eine <a href=\"#video\">Videoanleitung<\/a>. In der Schulbox findest du die Materialien f\u00fcr die kommenden Wochen sowie die Links zum Upload der Ergebnisse.<\/p>\n<p>2) <strong>Wie \u00f6ffne ich diese .md-Dateien?<\/strong> Einfach anklicken, nicht herunterladen! Die Dateien \u00f6ffnen sich in der Schulbox als Text.<\/p>\n<p>3) <strong>Wie speichere ich Texte als PDF?<\/strong> Du kannst in OpenOffice Writer oder Microsoft Word fertig gestellte Dateien direkt als PDF speichern (Word: Speichern unter&#8230; dann unten als Format &#8222;PDF&#8220; w\u00e4hlen, bei Writer: Exportieren als PDF&#8230;).<\/p>\n<p>4) <strong>Wie kann ich gro\u00dfe Dateien vermeiden?<\/strong> Wenn du Ergebnisse per Foto mit deinem Smartphone abgibst, stelle deine Aufl\u00f6sung etwas geringer ein, bevor du ein Foto machst. Dann ist die Dateigr\u00f6\u00dfe automatisch verringert.<\/p>\n<p>5) <strong>Ich habe Fragen zu einer Aufgabe, wie erreiche ich meine Lehrerin\/meinen Lehrer?<\/strong> Alle Lehrkr\u00e4fte haben eine Mailadresse, diese findest du unter &#8222;Sch\u00fcler&#8220; &gt; &#8222;Lehrerliste&#8220; auf unserer Homepage.<\/p>\n<p>6) <strong>F\u00fcr mein Fach wurden keine Aufgaben eingetragen, was jetzt?<\/strong> Ist gar keine Aufgabe eingetragen oder steht in der .md-Datei &#8222;Aufgabe eintragen&#8220;, dann ist f\u00fcr diesen Tag in diesem Fach keine Aufgabe zu erledigen.<\/p>\n<p>7) <strong>Moodle oder Schulbox sind nicht erreichbar!<\/strong> Leider sind das Landesserver, die aktuell sehr stark beansprucht werden. Versuche es zu einem anderen Zeitpunkt noch einmal.<\/p>\n<p>8) <strong>Muss ich mehrmals am Tag pr\u00fcfen, ob es Aufgaben f\u00fcr heute gibt?<\/strong> Nein, die Aufgaben f\u00fcr den aktuellen Tag sollen bis 8:00 Uhr eingetragen sein.<\/p>\n<div class=\"su-heading su-heading-style-default su-heading-align-center\" id=\"\" style=\"font-size:13px;margin-bottom:20px\"><div class=\"su-heading-inner\"><strong>Link zur Schulbox des Gymnasiums<\/strong><\/div><\/div>\n<p style=\"text-align: center;\">Die Schulbox f\u00fcr das Gymnasium (inkl. GOS) findest du hier:<br \/>\n<div class=\"su-button-center\"><a href=\"https:\/\/gymbox.schulebza.de\" class=\"su-button su-button-style-default\" style=\"color:#ffffff;background-color:#a10000;border-color:#810000;border-radius:7px\" target=\"_self\"><span style=\"color:#ffffff;padding:7px 20px;font-size:16px;line-height:24px;border-color:#be4d4d;border-radius:7px;text-shadow:none\"><i class=\"sui sui-chevron-circle-right\" style=\"font-size:16px;color:#444444\"><\/i> Schulbox f\u00fcr das Gymnasium<\/span><\/a><\/div>\n<p>&nbsp;<\/p>\n<p style=\"text-align: center;\"><div class=\"su-heading su-heading-style-default su-heading-align-center\" id=\"\" style=\"font-size:13px;margin-bottom:20px\"><div class=\"su-heading-inner\"><strong>Videoanleitung zur Schulbox des Gymnasiums<\/strong><\/div><\/div><a id=\"video\"><\/a><\/p>\n<div class=\"wp-playlist wp-video-playlist wp-playlist-light\">\n\t\t<video controls=\"controls\" preload=\"none\" width=\"1118\"\n\t\t height=\"839\"\t><\/video>\n\t<div class=\"wp-playlist-next\"><\/div>\n\t<div class=\"wp-playlist-prev\"><\/div>\n\t<noscript>\n\t<ol>\n\t\t<li><a href='https:\/\/schulebza.de\/gymnasium\/wp-content\/uploads\/2020\/03\/Anleitung-Schulbox-Sch\u00fcler.mp4'>Anleitung Schulbox Sch\u00fcler<\/a><\/li>\t<\/ol>\n\t<\/noscript>\n\t<script type=\"application\/json\" class=\"wp-playlist-script\">{\"type\":\"video\",\"tracklist\":true,\"tracknumbers\":true,\"images\":true,\"artists\":true,\"tracks\":[{\"src\":\"https:\/\/schulebza.de\/gymnasium\/wp-content\/uploads\/2020\/03\/Anleitung-Schulbox-Sch\\u00fcler.mp4\",\"type\":\"video\/mp4\",\"title\":\"Anleitung Schulbox Sch\\u00fcler\",\"caption\":\"\",\"description\":\"\",\"meta\":{\"length_formatted\":\"1:48\"},\"dimensions\":{\"original\":{\"width\":1920,\"height\":1440},\"resized\":{\"width\":1118,\"height\":839}},\"image\":{\"src\":\"https:\/\/schulebza.de\/gymnasium\/wp-includes\/images\/media\/video.svg\",\"width\":48,\"height\":64},\"thumb\":{\"src\":\"https:\/\/schulebza.de\/gymnasium\/wp-includes\/images\/media\/video.svg\",\"width\":48,\"height\":64}}]}<\/script>\n<\/div>\n\t\n<p style=\"text-align: center;\">\n","protected":false},"excerpt":{"rendered":"<p>Liebe Sch\u00fclerInnen, wir versuchen euch hier einige Anleitungen zusammenzustellen, damit ihr noch effektiver mit den Onlineaufgaben zurecht kommt. 1) Wie arbeite ich mit der Schulbox? Hier kannst du die ausf\u00fchrliche Anleitung zur Nutzung der Schulbox herunterladen, im unteren Teil dieser Seite findest du auch eine Videoanleitung. In der Schulbox findest du die Materialien f\u00fcr die&#8230;<\/p>\n<p class=\"more-link\"><a href=\"https:\/\/schulebza.de\/gymnasium\/schulbox\/\" class=\"\"><span>Weiterlesen<\/span><i>&#43;<\/i><\/a><\/p>\n","protected":false},"author":1,"featured_media":0,"parent":0,"menu_order":0,"comment_status":"closed","ping_status":"closed","template":"","meta":{"footnotes":""},"categories":[],"tags":[],"class_list":["post-7852","page","type-page","status-publish","hentry"],"_links":{"self":[{"href":"https:\/\/schulebza.de\/gymnasium\/wp-json\/wp\/v2\/pages\/7852","targetHints":{"allow":["GET"]}}],"collection":[{"href":"https:\/\/schulebza.de\/gymnasium\/wp-json\/wp\/v2\/pages"}],"about":[{"href":"https:\/\/schulebza.de\/gymnasium\/wp-json\/wp\/v2\/types\/page"}],"author":[{"embeddable":true,"href":"https:\/\/schulebza.de\/gymnasium\/wp-json\/wp\/v2\/users\/1"}],"replies":[{"embeddable":true,"href":"https:\/\/schulebza.de\/gymnasium\/wp-json\/wp\/v2\/comments?post=7852"}],"version-history":[{"count":10,"href":"https:\/\/schulebza.de\/gymnasium\/wp-json\/wp\/v2\/pages\/7852\/revisions"}],"predecessor-version":[{"id":7996,"href":"https:\/\/schulebza.de\/gymnasium\/wp-json\/wp\/v2\/pages\/7852\/revisions\/7996"}],"wp:attachment":[{"href":"https:\/\/schulebza.de\/gymnasium\/wp-json\/wp\/v2\/media?parent=7852"}],"wp:term":[{"taxonomy":"category","embeddable":true,"href":"https:\/\/schulebza.de\/gymnasium\/wp-json\/wp\/v2\/categories?post=7852"},{"taxonomy":"post_tag","embeddable":true,"href":"https:\/\/schulebza.de\/gymnasium\/wp-json\/wp\/v2\/tags?post=7852"}],"curies":[{"name":"wp","href":"https:\/\/api.w.org\/{rel}","templated":true}]}}