{"id":6891,"date":"2019-12-16T23:09:40","date_gmt":"2019-12-16T22:09:40","guid":{"rendered":"http:\/\/schulebza.de\/gymnasium\/?page_id=6891"},"modified":"2020-01-05T15:08:23","modified_gmt":"2020-01-05T14:08:23","slug":"erfahrungsberichte-abibac","status":"publish","type":"page","link":"https:\/\/schulebza.de\/gymnasium\/erfahrungsberichte-abibac\/","title":{"rendered":"Erfahrungsberichte AbiBac"},"content":{"rendered":"<p style=\"text-align: justify;\"><img decoding=\"async\" class=\"wp-image-6776 alignright\" src=\"http:\/\/schulebza.de\/gymnasium\/wp-content\/uploads\/2019\/11\/logo_abibac_banniere-300x126.jpg\" alt=\"\" width=\"256\" height=\"101\" \/>Hier nun Ausz\u00fcge der Erfahrungsberichte von einigen Sch\u00fclerinnen und Sch\u00fclern, denen das AbiBac f\u00fcr ihren weiteren Weg T\u00fcren ge\u00f6ffnet hat. F\u00fcr die gesamte Textversion, bitte unten klicken.<\/p>\n<p>&nbsp;<\/p>\n<p><strong>Jan I., Abschluss 2019<\/strong><\/p>\n<p style=\"text-align: justify;\">\u201e[\u2026] Es war mir zum Beispiel m\u00f6glich, mich mit meinem Bac (welches einen besseren Schnitt hatte als mein Abitur) an Universit\u00e4ten zu bewerben, f\u00fcr die ich den N.C sonst nicht erf\u00fcllt h\u00e4tte. Auch nach Studienbeginn konnte ich dank meiner Franz\u00f6sischkenntnisse einen Job bekommen, den ich als Einsprachiger nicht erhalten h\u00e4tte. [\u2026]\u201c<\/p>\n<p>&nbsp;<\/p>\n<p><strong>Isabell M., Abschluss 2017<\/strong><\/p>\n<p style=\"text-align: justify;\">\u201e[\u2026] Ich habe erst k\u00fcrzlich die Zusage f\u00fcr das Medizinstudium bekommen und h\u00e4tte dieses h\u00f6chstwahrscheinlich ohne das Abibac, welches bei uns an der Schule angeboten wird, nicht direkt zum Wintersemester 2017\/2018 beginnen k\u00f6nnen. Das Abibac, also quasi das franz\u00f6sische Abitur, hat n\u00e4mlich meinen Abischnitt um 0,2 Kommastellen verbessert. Das ist enorm, wenn man sich vorstellt mit was f\u00fcr einem Arbeitsaufwand manche Sch\u00fcler um jeden Punkt k\u00e4mpfen. [\u2026]\n<p style=\"text-align: justify;\">In meinem Jahrgang waren wir neun Sch\u00fcler, die sich dazu entschieden haben Abibac zu machen, was dazu f\u00fchrte, dass sich unter den Sch\u00fclern und Lehrern ein sehr famili\u00e4res und angenehmes Klima entwickelte. Man merkte schnell, dass die Abibacler einen kleinen Vorteil im Franz\u00f6sisch LK hatten und sehr davon profitieren konnten. [\u2026]\u201c<\/p>\n<p>&nbsp;<\/p>\n<p><strong>Sinthuja S., Abschluss 2014<\/strong><\/p>\n<p>\u201e[&#8230;] Neben der Tatsache, dass ich durch die hohe Anzahl an Schulstunden auf Franz\u00f6sisch, stetig meine sprachlichen F\u00e4higkeiten verbessern konnte, bot die besondere Kombination aus Franz\u00f6sisch, Histoire und G\u00e9ographie einen besonderen Reiz: Diskussionen in Bezug auf franz\u00f6sische Literatur sowie Geschichts- und Erdkundeunterricht aus franz\u00f6sischer und deutscher Perspektive gaben uns die M\u00f6glichkeit schon fr\u00fch Kenntnisse und Methoden aus unterschiedlichen F\u00e4chern zu verbinden. So war es beispielsweise von erheblichem Vorteil mit dem Wortschatz der Franz\u00f6sischen Revolution vertraut zu sein, als wir \u00fcber franz\u00f6sische Literatur aus dem 18. Jahrhundert sprachen. Dies kann ich im Nachhinein in Bezug auf mein franz\u00f6sisches Rechtsstudium nur noch mehr betonen! [&#8230;]\u201c<\/p>\n<p>&nbsp;<\/p>\n<p><strong>Martin H., Abschluss 2012<\/strong><\/p>\n<p style=\"text-align: justify;\">\u201e[\u2026] Mir selbst hat in der Schule oft der Weitblick gefehlt, zu erkennen, wie besonders es wirklich ist, eine solche Chance bei einem wirklich minimalen Aufwand zu bekommen. Au\u00dferdem wird ein Auslands\u00adsemester heute praktisch von jedem erwartet; jeder kann Englisch, jeder hat sp\u00e4ter Probleme bei der Jobsuche &#8211; wer nicht &#8222;jeder&#8220; sein will, macht AbiBac und wird mit offenen Armen als &#8222;einer&#8220; mit gewissen Vorz\u00fcgen empfangen.\u201c<\/p>\n<p>&nbsp;<\/p>\n<p><strong>Katharina S., Abschluss 2012<\/strong><\/p>\n<p style=\"text-align: justify;\">\u201e[\u2026] R\u00fcckwirkend muss ich sagen, dass mir das AbiBac wirklich viel geholfen hat. Ich studiere zurzeit Medien- und Kommunikationswissenschaft im Hauptfach und Franz\u00f6sisch im Nebenfach an der Universit\u00e4t in Mannheim. Zu Beginn meines Studiums musste ich einen Orientierungstest machen, der zeigen sollte wie gut ich in Franz\u00f6sisch bin, der dank des AbiBacs kein Problem war. [\u2026]\u201c<\/p>\n<p>&nbsp;<\/p>\n<p><strong>Thomas G., Abschluss 2010<\/strong><\/p>\n<p style=\"text-align: justify;\">\u201e[\u2026] Meine Noten h\u00e4tten nicht unbedingt ausgereicht, andere Bewerber mit besserem Schnitt wurden abgelehnt. Obwohl ich keine offizielle Best\u00e4tigung daf\u00fcr habe, nehme ich an das AbiBac war meine Eintrittskarte. Da die H\u00e4lfte der angebotenen Kurse nur auf Franz\u00f6sisch angeboten wird, ist das Beherrschen der Fremdsprache absolute Voraussetzung. Auch wenn ich nach dem Bac vielleicht nicht unbedingt bilingual war, so haben mir die Franz\u00f6sischkenntnisse enorm geholfen. Nach einem halben Jahr hier in der Schweiz habe ich dann bereits m\u00fcndliche Pr\u00fcfungen auf Franz\u00f6sisch absolviert, kann mich problemlos unterhalten und habe daf\u00fcr keinen weiteren Sprachkurs ben\u00f6tigt. Und das habe ich ausschlie\u00dflich dem AbiBac und den damit verbundenen <em>Histoire-<\/em> und <em>G\u00e9o<\/em>-Kursen zu verdanken. [\u2026] Das kann manch einen Dienstweg enorm verk\u00fcrzen. Es hat mir unter anderem auch bei der Wohnungssuche geholfen.<\/p>\n<p style=\"text-align: justify;\">Kurzum, das im AbiBac gelernte Franz\u00f6sisch bereitet einen wirklich in einem guten Ma\u00df auf ein Studium\/Praktikum\/Auslandssemester in einer frankophonen Region vor, und hilft in vielerlei Hinsicht. Dar\u00fcber hinaus gibt es viele positive Nebeneffekte, und ich muss sagen, dass der in das AbiBac investierte Mehraufwand (der kleiner ist, als oft behauptet) hat sich f\u00fcr mich bereits vielfach ausgezahlt. Von daher empfehle ich wirklich, dieses tolle Angebot zu nutzen.\u201c<\/p>\n<p>&nbsp;<\/p>\n<p><strong>Kathrin W., Abschluss 2004<\/strong><\/p>\n<p style=\"text-align: justify;\">\u201e [&#8230;] Ich arbeite bei einem amerikanischen Unternehmen im Bereich Marketing, vor allem in den Bereichen Messe-Organisation, E-Mail-Marketing und Website. Unsere Website ist in 11 Sprachen \u00fcbersetzt und ich betreue die europ\u00e4ischen Seiten (Deutsch, Franz\u00f6sisch, Spanisch und europ\u00e4isches Englisch). Meine Fremdsprachen brauche ich in allen Bereichen t\u00e4glich, f\u00fcr \u00dcbersetzungen und Kommunikation mit Kollegen, Agenturen,&#8230; M\u00f6chte man in einem internationalen Unternehmen arbeiten ist Englisch keine besondere Leistung, sondern wird vorausgesetzt. Zus\u00e4tzliche Fremdsprachenkenntnisse sind meiner Meinung nach immer ein Pluspunkt. [\u2026]\n<p style=\"text-align: justify;\">Da wir auf dem franz\u00f6sischen Markt sehr aktiv sind und es f\u00fcr franz\u00f6sische Kunden sehr wichtig ist, dass man ihre Sprache spricht, wird gerade Franz\u00f6sisch stark gesucht, in unserer Sparte vor allem Ingenieure mit guten Fremdsprachen-Kenntnissen. [&#8230;]\u201c<\/p>\n<p>&nbsp;<\/p>\n<p><a href=\"http:\/\/schulebza.de\/gymnasium\/erfahrungsberichte-abibac-ausfuehrlich\/\"><u><strong>Hier<\/strong><\/u><\/a> geht es zu den vollst\u00e4ndigen Erfahrungsberichten unserer ehemaligen Sch\u00fcler.<\/p>\n","protected":false},"excerpt":{"rendered":"<p>Hier nun Ausz\u00fcge der Erfahrungsberichte von einigen Sch\u00fclerinnen und Sch\u00fclern, denen das AbiBac f\u00fcr ihren weiteren Weg T\u00fcren ge\u00f6ffnet hat. F\u00fcr die gesamte Textversion, bitte unten klicken. &nbsp; Jan I., Abschluss 2019 \u201e[\u2026] Es war mir zum Beispiel m\u00f6glich, mich mit meinem Bac (welches einen besseren Schnitt hatte als mein Abitur) an Universit\u00e4ten zu bewerben,&#8230;<\/p>\n<p class=\"more-link\"><a href=\"https:\/\/schulebza.de\/gymnasium\/erfahrungsberichte-abibac\/\" class=\"\"><span>Weiterlesen<\/span><i>&#43;<\/i><\/a><\/p>\n","protected":false},"author":3,"featured_media":0,"parent":0,"menu_order":0,"comment_status":"closed","ping_status":"closed","template":"","meta":{"footnotes":""},"categories":[],"tags":[],"class_list":["post-6891","page","type-page","status-publish","hentry"],"_links":{"self":[{"href":"https:\/\/schulebza.de\/gymnasium\/wp-json\/wp\/v2\/pages\/6891","targetHints":{"allow":["GET"]}}],"collection":[{"href":"https:\/\/schulebza.de\/gymnasium\/wp-json\/wp\/v2\/pages"}],"about":[{"href":"https:\/\/schulebza.de\/gymnasium\/wp-json\/wp\/v2\/types\/page"}],"author":[{"embeddable":true,"href":"https:\/\/schulebza.de\/gymnasium\/wp-json\/wp\/v2\/users\/3"}],"replies":[{"embeddable":true,"href":"https:\/\/schulebza.de\/gymnasium\/wp-json\/wp\/v2\/comments?post=6891"}],"version-history":[{"count":5,"href":"https:\/\/schulebza.de\/gymnasium\/wp-json\/wp\/v2\/pages\/6891\/revisions"}],"predecessor-version":[{"id":6921,"href":"https:\/\/schulebza.de\/gymnasium\/wp-json\/wp\/v2\/pages\/6891\/revisions\/6921"}],"wp:attachment":[{"href":"https:\/\/schulebza.de\/gymnasium\/wp-json\/wp\/v2\/media?parent=6891"}],"wp:term":[{"taxonomy":"category","embeddable":true,"href":"https:\/\/schulebza.de\/gymnasium\/wp-json\/wp\/v2\/categories?post=6891"},{"taxonomy":"post_tag","embeddable":true,"href":"https:\/\/schulebza.de\/gymnasium\/wp-json\/wp\/v2\/tags?post=6891"}],"curies":[{"name":"wp","href":"https:\/\/api.w.org\/{rel}","templated":true}]}}