{"id":6856,"date":"2019-12-11T22:16:35","date_gmt":"2019-12-11T21:16:35","guid":{"rendered":"http:\/\/schulebza.de\/gymnasium\/?page_id=6856"},"modified":"2020-05-12T10:21:57","modified_gmt":"2020-05-12T08:21:57","slug":"franzoesisch-abibac","status":"publish","type":"page","link":"https:\/\/schulebza.de\/gymnasium\/franzoesisch-abibac\/","title":{"rendered":"AbiBac"},"content":{"rendered":"<p><strong>AbiBac <\/strong><\/p>\n<p><img decoding=\"async\" class=\" wp-image-6776 aligncenter\" src=\"http:\/\/schulebza.de\/gymnasium\/wp-content\/uploads\/2019\/11\/logo_abibac_banniere-300x126.jpg\" alt=\"\" width=\"270\" height=\"114\" srcset=\"https:\/\/schulebza.de\/gymnasium\/wp-content\/uploads\/2019\/11\/logo_abibac_banniere-300x126.jpg 300w, https:\/\/schulebza.de\/gymnasium\/wp-content\/uploads\/2019\/11\/logo_abibac_banniere.jpg 760w\" sizes=\"(max-width: 270px) 100vw, 270px\" \/><\/p>\n<p style=\"text-align: center;\"><span style=\"font-size: 16px;\"><em><strong>Abitur + Baccalaur\u00e9at <\/strong><\/em><\/span><\/p>\n<p style=\"text-align: center;\"><span style=\"font-size: 16px;\"><em><strong>= zwei Diplome und viele M\u00f6glichkeiten!<\/strong><\/em><\/span><\/p>\n<p>In der Oberstufe wird, wie in der Orientierungsstufe und in der Mittelstufe <a href=\"http:\/\/schulebza.de\/gymnasium\/bilingualer-unterricht-ab-7-klasse\/\"><strong><u>bilingualer Unterricht<\/u><\/strong><\/a> angeboten. Jedes Jahr belegt eine Gruppe von Sch\u00fclerinnen und Sch\u00fclern zus\u00e4tzlich zum Leistungskurs Franz\u00f6sisch die Sachf\u00e4cher Geschichte und Erdkunde bilingual, mit dem Ziel das <strong>AbiBac<\/strong> zu erreichen.<\/p>\n<p><strong>Was ist das AbiBac?<\/strong><\/p>\n<ul>\n<li>Doppelabschluss: deutsches Abitur und franz\u00f6sisches <em>Baccalaur\u00e9at <\/em>(= Abitur in Frankreich)<\/li>\n<li>Unterricht in der Oberstufe im Franz\u00f6sisch-Leistungskurs und in den Sachf\u00e4chern Geschichte (<em>histoire<\/em>) und Erdkunde (<em>g\u00e9ographie<\/em>) auf Franz\u00f6sisch.<\/li>\n<li>Sprachausbildung hin zu ann\u00e4hernder Zweisprachigkeit<\/li>\n<li>Erwerb sozialer und interkultureller Kompetenzen durch vielf\u00e4ltige Aktivit\u00e4ten und Erlebnisse auch au\u00dferhalb des klassischen Unterrichts (Aufenthalt im Partnerland, Teilnahme an Europaprojekten etc.)<\/li>\n<\/ul>\n<p style=\"text-align: left;\"><strong>Wer kann den AbiBac Zweig in der MSS belegen?<\/strong><\/p>\n<ul>\n<li style=\"text-align: left;\">Sch\u00fclerinnen und Sch\u00fcler, die in der Mittelstufe bereits den bilingualen Zweig belegt haben<\/li>\n<li style=\"text-align: left;\">Quereinsteiger mit Franz\u00f6sisch 1. oder 2. Fremdsprache (nach Beratungsgespr\u00e4ch)<\/li>\n<\/ul>\n<p><strong>\u00a0<\/strong><strong>Wie sieht die Abiturpr\u00fcfung aus?<\/strong><\/p>\n<ul>\n<li>schriftliche und m\u00fcndliche Abiturpr\u00fcfung im Fach Franz\u00f6sisch<\/li>\n<li>schriftliche Pr\u00fcfung in franz\u00f6sischer Sprache in <em>histoire<\/em> oder <em>g\u00e9ographie<\/em>, diese Pr\u00fcfung kann einerseits eine schriftliche Abiturpr\u00fcfung in einem LK ersetzen (AbiBac), man kann sie aber auch als zus\u00e4tzliche Pr\u00fcfung absolvieren, die dann nur f\u00fcr das franz\u00f6sische Bac gewertet wird (Abi und Bac)<\/li>\n<li>Das franz\u00f6sische Bac wird nur erteilt, wenn auch das deutsche Abitur bestanden wurde. Umgekehrt ist das Bestehen des deutschen Abiturs ohne das franz\u00f6sische Bac m\u00f6glich.<\/li>\n<li>Bei erfolgreicher AbiBac-Pr\u00fcfung erhalten die Abiturienten das deutsche Abiturzeugnis und das franz\u00f6sische <em>baccalaur\u00e9at<\/em>-Diplom.<\/li>\n<li>Beim <strong>bilingualen Abitur<\/strong> entf\u00e4llt sowohl die m\u00fcndliche Abiturpr\u00fcfung im Fach Franz\u00f6sisch als auch die schriftliche in <em>histoire<\/em> oder <em>g\u00e9ographie<\/em>, daf\u00fcr findet in <em>histoire<\/em> oder <em>g\u00e9ographie<\/em> eine m\u00fcndliche Abiturpr\u00fcfung statt. Auf dem Abiturzeugnis wird bei erfolgreicher Pr\u00fcfung das bilinguale Abitur vermerkt.<\/li>\n<\/ul>\n<p><strong>Was bringt das AbiBac?<\/strong><\/p>\n<ul>\n<li>eine hohe F\u00e4higkeit, sich \u00fcber gesellschaftspolitische, geographische und historische Themen schriftlich und m\u00fcndlich auf Basis eines breiten Fachwortschatzes auf Franz\u00f6sisch zu verst\u00e4ndigen<\/li>\n<li>interkulturelle Handlungsf\u00e4higkeit<\/li>\n<li>eine Einstufung in das Sprachniveau C1 des Gemeinsamen Europ\u00e4ischen Referenzrahmens f\u00fcr Sprachen<\/li>\n<li>internationale Anerkennung des Abschlusses<\/li>\n<li>Dokumentation und Erlernen von Schl\u00fcsselkompetenzen: besonderes Engagement und Weltoffenheit, Leistungsbereitschaft<\/li>\n<li>Vorteile bei Bewerbungen (Universit\u00e4t, Ausbildung in einem Unternehmen, Einstellungschancen)<\/li>\n<\/ul>\n<p>Der doppelte Schulabschluss bietet beste Voraussetzungen f\u00fcr ein Studium an Universit\u00e4ten im deutsch- und franz\u00f6sischsprachigen Raum. Auch an den Eliteuniversit\u00e4ten Frankreichs, den <em>Grandes Ecoles<\/em>, sowie f\u00fcr die deutsch-franz\u00f6sischen oder Auslandsstudieng\u00e4nge, welche deutsche Universit\u00e4ten und Fachhochschulen z.B. in den Bereichen Jura, Wirtschaftswissenschaften, Ingenieurwesen anbieten, werden Bewerber mit dem AbiBac bevorzugt.<\/p>\n<p><a href=\"http:\/\/schulebza.de\/gymnasium\/erfahrungsberichte-abibac\/\"><strong><u>Hier<\/u><\/strong><\/a> finden Sie <strong>Erfahrungsberichte<\/strong> von Sch\u00fclerinnen und Sch\u00fclern, die das AbiBac bestanden haben und die dadurch Vorteile auf ihrem weiteren Weg hatten.<\/p>\n<p>Bei Belegung des AbiBac Zweigs und einer weiteren modernen Fremdsprache oder des bilingualen Sachfachs <em>histoire<\/em> in Kombination mit zwei modernen Fremdsprachen, besteht unter bestimmten Bedingungen die M\u00f6glichkeit, das Exzellenzlabel <a href=\"http:\/\/schulebza.de\/gymnasium\/certilingua\/\"><strong><u>Certilingua<\/u><\/strong><\/a> zu erlangen.<\/p>\n<p>&nbsp;<\/p>\n<p>Bei Fragen k\u00f6nnen Sie gerne eine Email schreiben an: bilingual@schulebza.de<\/p>\n","protected":false},"excerpt":{"rendered":"<p>AbiBac Abitur + Baccalaur\u00e9at = zwei Diplome und viele M\u00f6glichkeiten! In der Oberstufe wird, wie in der Orientierungsstufe und in der Mittelstufe bilingualer Unterricht angeboten. Jedes Jahr belegt eine Gruppe von Sch\u00fclerinnen und Sch\u00fclern zus\u00e4tzlich zum Leistungskurs Franz\u00f6sisch die Sachf\u00e4cher Geschichte und Erdkunde bilingual, mit dem Ziel das AbiBac zu erreichen. Was ist das AbiBac?&#8230;<\/p>\n<p class=\"more-link\"><a href=\"https:\/\/schulebza.de\/gymnasium\/franzoesisch-abibac\/\" class=\"\"><span>Weiterlesen<\/span><i>&#43;<\/i><\/a><\/p>\n","protected":false},"author":3,"featured_media":0,"parent":0,"menu_order":0,"comment_status":"closed","ping_status":"closed","template":"","meta":{"footnotes":""},"categories":[],"tags":[],"class_list":["post-6856","page","type-page","status-publish","hentry"],"_links":{"self":[{"href":"https:\/\/schulebza.de\/gymnasium\/wp-json\/wp\/v2\/pages\/6856","targetHints":{"allow":["GET"]}}],"collection":[{"href":"https:\/\/schulebza.de\/gymnasium\/wp-json\/wp\/v2\/pages"}],"about":[{"href":"https:\/\/schulebza.de\/gymnasium\/wp-json\/wp\/v2\/types\/page"}],"author":[{"embeddable":true,"href":"https:\/\/schulebza.de\/gymnasium\/wp-json\/wp\/v2\/users\/3"}],"replies":[{"embeddable":true,"href":"https:\/\/schulebza.de\/gymnasium\/wp-json\/wp\/v2\/comments?post=6856"}],"version-history":[{"count":10,"href":"https:\/\/schulebza.de\/gymnasium\/wp-json\/wp\/v2\/pages\/6856\/revisions"}],"predecessor-version":[{"id":8290,"href":"https:\/\/schulebza.de\/gymnasium\/wp-json\/wp\/v2\/pages\/6856\/revisions\/8290"}],"wp:attachment":[{"href":"https:\/\/schulebza.de\/gymnasium\/wp-json\/wp\/v2\/media?parent=6856"}],"wp:term":[{"taxonomy":"category","embeddable":true,"href":"https:\/\/schulebza.de\/gymnasium\/wp-json\/wp\/v2\/categories?post=6856"},{"taxonomy":"post_tag","embeddable":true,"href":"https:\/\/schulebza.de\/gymnasium\/wp-json\/wp\/v2\/tags?post=6856"}],"curies":[{"name":"wp","href":"https:\/\/api.w.org\/{rel}","templated":true}]}}