{"id":6319,"date":"2019-08-27T17:46:10","date_gmt":"2019-08-27T15:46:10","guid":{"rendered":"http:\/\/schulebza.de\/gymnasiumneu\/?page_id=6319"},"modified":"2025-05-23T09:50:51","modified_gmt":"2025-05-23T07:50:51","slug":"buecherlisten","status":"publish","type":"page","link":"https:\/\/schulebza.de\/gymnasium\/buecherlisten\/","title":{"rendered":"B\u00fccherlisten"},"content":{"rendered":"<p class=\"bodytext\" style=\"text-align: justify;\">Die Schulbuchausleihe ist in Rheinland-Pfalz f\u00fcr Sch\u00fclerinnen und Sch\u00fcler aller Klassenstufen der <b>Grundschulen, Hauptschulen, Realschulen, Realschulen plus, Gymnasien, Kollegs und Integrierten Gesamtschulen<\/b> m\u00f6glich. Ferner k\u00f6nnen alle Sch\u00fclerinnen und Sch\u00fcler teilnehmen, die ein <b>berufliches Gymnasium, eine Fachoberschule an der Realschule plus, die Berufsfachschule I oder II, die dreij\u00e4hrige Berufsfachschule, die h\u00f6here Berufsfachschule oder die Berufsoberschule I oder II<\/b> besuchen.<\/p>\n<p class=\"bodytext\" style=\"text-align: justify;\">Die Teilnahme an der Schulbuchausleihe ist freiwillig.<\/p>\n<p class=\"bodytext\" style=\"text-align: justify;\">Bei der Schulbuchausleihe erhalten Eltern oder vollj\u00e4hrige Sch\u00fclerinnen und Sch\u00fcler, deren Einkommen bestimmte Grenzen nicht \u00fcberschreitet, Schulb\u00fccher und erg\u00e4nzende Druckschriften wie zum Beispiel Arbeits- und \u00dcbungshefte auf Antrag kostenfrei.<\/p>\n<p class=\"bodytext\" style=\"text-align: justify;\">\u00dcbersteigt das Einkommen die Einkommensgrenzen, k\u00f6nnen Schulb\u00fccher gegen eine Geb\u00fchr ausgeliehen werden.<\/p>\n<p style=\"text-align: justify;\"><strong>Weitere Informationen zur Schulbuchausleihe finden Sie unter: <a href=\"http:\/\/lmf-online.rlp.de\/gehezu\/startseite.html\" target=\"_blank\" rel=\"noopener noreferrer\">http:\/\/lmf-online.rlp.de\/gehezu\/startseite.html<\/a><\/strong><\/p>\n<div class=\"su-box su-box-style-default\" id=\"\" style=\"border-color:#b8b8b8;border-radius:3px;max-width:none\"><div class=\"su-box-title\" style=\"background-color:#ebebeb;color:#000000;border-top-left-radius:1px;border-top-right-radius:1px\">Information zu den digitalen Schulb\u00fcchern<\/div><div class=\"su-box-content su-u-clearfix su-u-trim\" style=\"border-bottom-left-radius:1px;border-bottom-right-radius:1px\">Alle Informationen zu den digitalen Schulb\u00fcchern finden Sie in diesem Dokument: <a href=\"https:\/\/schulebza.de\/gymnasium\/buecherlisten\/elterninformation-digitale-schulbuecher\/\" rel=\"attachment wp-att-13216\">Elterninformation Digitale Schulbu\u0308cher<\/a>. Ansprechparter sind Herr Steinfurth und Herr Mohr.<\/div><\/div>\n<div class=\"su-heading su-heading-style-default su-heading-align-center\" id=\"\" style=\"font-size:13px;margin-bottom:20px\"><div class=\"su-heading-inner\"><strong>Schulbuchlisten 2025\/2026<\/strong><\/div><\/div>\n<div class='w3eden'><!-- WPDM Link Template: Default Template ( Compact ) -->\n\n<div class=\"link-template-default card mb-2\">\n    <div class=\"card-body\">\n        <div class=\"media\">\n            <div class=\"mr-3 img-48\"><img decoding=\"async\" class=\"wpdm_icon\" alt=\"Icon\" src=\"https:\/\/schulebza.de\/gymnasium\/wp-content\/plugins\/download-manager\/assets\/file-type-icons\/pdf.svg\" \/><\/div>\n            <div class=\"media-body\">\n                <h3 class=\"package-title\">Schulbuchliste Schuljahr 25\/26 Kl. 05<\/h3>\n                <div class=\"text-muted text-small\"><i class=\"fas fa-copy\"><\/i> 1 Datei(en) <i class=\"fas fa-hdd ml-3\"><\/i> 225.50 KB<\/div>\n            <\/div>\n            <div class=\"ml-3\">\n                <a class='wpdm-download-link btn btn-info btn-lg' rel='nofollow' href='https:\/\/schulebza.de\/gymnasium\/download\/schulbuchliste-schuljahr-22-23-kl-05\/?wpdmdl=11521&refresh=69e0910deae3a1776324877'>Download<\/a>\n            <\/div>\n        <\/div>\n    <\/div>\n<\/div>\n\n<\/div>\n<div class='w3eden'><!-- WPDM Link Template: Default Template ( Compact ) -->\n\n<div class=\"link-template-default card mb-2\">\n    <div class=\"card-body\">\n        <div class=\"media\">\n            <div class=\"mr-3 img-48\"><img decoding=\"async\" class=\"wpdm_icon\" alt=\"Icon\" src=\"https:\/\/schulebza.de\/gymnasium\/wp-content\/plugins\/download-manager\/assets\/file-type-icons\/pdf.svg\" \/><\/div>\n            <div class=\"media-body\">\n                <h3 class=\"package-title\">Schulbuchliste Schuljahr 25\/26 Kl. 06<\/h3>\n                <div class=\"text-muted text-small\"><i class=\"fas fa-copy\"><\/i> 1 Datei(en) <i class=\"fas fa-hdd ml-3\"><\/i> 198.24 KB<\/div>\n            <\/div>\n            <div class=\"ml-3\">\n                <a class='wpdm-download-link btn btn-info btn-lg' rel='nofollow' href='https:\/\/schulebza.de\/gymnasium\/download\/schulbuchliste-schuljahr-22-23-kl-06\/?wpdmdl=11522&refresh=69e0910dee59f1776324877'>Download<\/a>\n            <\/div>\n        <\/div>\n    <\/div>\n<\/div>\n\n<\/div>\n<div class='w3eden'><!-- WPDM Link Template: Default Template ( Compact ) -->\n\n<div class=\"link-template-default card mb-2\">\n    <div class=\"card-body\">\n        <div class=\"media\">\n            <div class=\"mr-3 img-48\"><img decoding=\"async\" class=\"wpdm_icon\" alt=\"Icon\" src=\"https:\/\/schulebza.de\/gymnasium\/wp-content\/plugins\/download-manager\/assets\/file-type-icons\/pdf.svg\" \/><\/div>\n            <div class=\"media-body\">\n                <h3 class=\"package-title\">Schulbuchliste Schuljahr 25\/26 Kl. 07<\/h3>\n                <div class=\"text-muted text-small\"><i class=\"fas fa-copy\"><\/i> 1 Datei(en) <i class=\"fas fa-hdd ml-3\"><\/i> 238.54 KB<\/div>\n            <\/div>\n            <div class=\"ml-3\">\n                <a class='wpdm-download-link btn btn-info btn-lg' rel='nofollow' href='https:\/\/schulebza.de\/gymnasium\/download\/schulbuchliste-schuljahr-22-23-kl-07\/?wpdmdl=11523&refresh=69e0910e0d8a31776324878'>Download<\/a>\n            <\/div>\n        <\/div>\n    <\/div>\n<\/div>\n\n<\/div>\n<div class='w3eden'><!-- WPDM Link Template: Default Template ( Compact ) -->\n\n<div class=\"link-template-default card mb-2\">\n    <div class=\"card-body\">\n        <div class=\"media\">\n            <div class=\"mr-3 img-48\"><img decoding=\"async\" class=\"wpdm_icon\" alt=\"Icon\" src=\"https:\/\/schulebza.de\/gymnasium\/wp-content\/plugins\/download-manager\/assets\/file-type-icons\/pdf.svg\" \/><\/div>\n            <div class=\"media-body\">\n                <h3 class=\"package-title\">Schulbuchliste Schuljahr 25\/26 Kl. 08<\/h3>\n                <div class=\"text-muted text-small\"><i class=\"fas fa-copy\"><\/i> 1 Datei(en) <i class=\"fas fa-hdd ml-3\"><\/i> 194.40 KB<\/div>\n            <\/div>\n            <div class=\"ml-3\">\n                <a class='wpdm-download-link btn btn-info btn-lg' rel='nofollow' href='https:\/\/schulebza.de\/gymnasium\/download\/schulbuchliste-schuljahr-22-23-kl-08\/?wpdmdl=11524&refresh=69e0910e0f5521776324878'>Download<\/a>\n            <\/div>\n        <\/div>\n    <\/div>\n<\/div>\n\n<\/div>\n<div class='w3eden'><!-- WPDM Link Template: Default Template ( Compact ) -->\n\n<div class=\"link-template-default card mb-2\">\n    <div class=\"card-body\">\n        <div class=\"media\">\n            <div class=\"mr-3 img-48\"><img decoding=\"async\" class=\"wpdm_icon\" alt=\"Icon\" src=\"https:\/\/schulebza.de\/gymnasium\/wp-content\/plugins\/download-manager\/assets\/file-type-icons\/pdf.svg\" \/><\/div>\n            <div class=\"media-body\">\n                <h3 class=\"package-title\">Schulbuchliste Schuljahr 25\/26 Kl. 09<\/h3>\n                <div class=\"text-muted text-small\"><i class=\"fas fa-copy\"><\/i> 1 Datei(en) <i class=\"fas fa-hdd ml-3\"><\/i> 201.45 KB<\/div>\n            <\/div>\n            <div class=\"ml-3\">\n                <a class='wpdm-download-link btn btn-info btn-lg' rel='nofollow' href='https:\/\/schulebza.de\/gymnasium\/download\/schulbuchliste-schuljahr-22-23-kl-09\/?wpdmdl=11525&refresh=69e0910e120801776324878'>Download<\/a>\n            <\/div>\n        <\/div>\n    <\/div>\n<\/div>\n\n<\/div>\n<div class='w3eden'><!-- WPDM Link Template: Default Template ( Compact ) -->\n\n<div class=\"link-template-default card mb-2\">\n    <div class=\"card-body\">\n        <div class=\"media\">\n            <div class=\"mr-3 img-48\"><img decoding=\"async\" class=\"wpdm_icon\" alt=\"Icon\" src=\"https:\/\/schulebza.de\/gymnasium\/wp-content\/plugins\/download-manager\/assets\/file-type-icons\/pdf.svg\" \/><\/div>\n            <div class=\"media-body\">\n                <h3 class=\"package-title\">Schulbuchliste Schuljahr 25\/26 Kl. 10<\/h3>\n                <div class=\"text-muted text-small\"><i class=\"fas fa-copy\"><\/i> 1 Datei(en) <i class=\"fas fa-hdd ml-3\"><\/i> 197.25 KB<\/div>\n            <\/div>\n            <div class=\"ml-3\">\n                <a class='wpdm-download-link btn btn-info btn-lg' rel='nofollow' href='https:\/\/schulebza.de\/gymnasium\/download\/schulbuchliste-schuljahr-22-23-kl-10\/?wpdmdl=11526&refresh=69e0910e14dd01776324878'>Download<\/a>\n            <\/div>\n        <\/div>\n    <\/div>\n<\/div>\n\n<\/div>\n<div class='w3eden'><!-- WPDM Link Template: Default Template ( Compact ) -->\n\n<div class=\"link-template-default card mb-2\">\n    <div class=\"card-body\">\n        <div class=\"media\">\n            <div class=\"mr-3 img-48\"><img decoding=\"async\" class=\"wpdm_icon\" alt=\"Icon\" src=\"https:\/\/schulebza.de\/gymnasium\/wp-content\/plugins\/download-manager\/assets\/file-type-icons\/pdf.svg\" \/><\/div>\n            <div class=\"media-body\">\n                <h3 class=\"package-title\">Schulbuchliste Schuljahr 25\/26 MSS 11-13<\/h3>\n                <div class=\"text-muted text-small\"><i class=\"fas fa-copy\"><\/i> 1 Datei(en) <i class=\"fas fa-hdd ml-3\"><\/i> 202.80 KB<\/div>\n            <\/div>\n            <div class=\"ml-3\">\n                <a class='wpdm-download-link btn btn-info btn-lg' rel='nofollow' href='https:\/\/schulebza.de\/gymnasium\/download\/schulbuchliste-schuljahr-22-23-mss-11-13\/?wpdmdl=11527&refresh=69e0910e174171776324878'>Download<\/a>\n            <\/div>\n        <\/div>\n    <\/div>\n<\/div>\n\n<\/div>\n","protected":false},"excerpt":{"rendered":"<p>Die Schulbuchausleihe ist in Rheinland-Pfalz f\u00fcr Sch\u00fclerinnen und Sch\u00fcler aller Klassenstufen der Grundschulen, Hauptschulen, Realschulen, Realschulen plus, Gymnasien, Kollegs und Integrierten Gesamtschulen m\u00f6glich. Ferner k\u00f6nnen alle Sch\u00fclerinnen und Sch\u00fcler teilnehmen, die ein berufliches Gymnasium, eine Fachoberschule an der Realschule plus, die Berufsfachschule I oder II, die dreij\u00e4hrige Berufsfachschule, die h\u00f6here Berufsfachschule oder die Berufsoberschule I&#8230;<\/p>\n<p class=\"more-link\"><a href=\"https:\/\/schulebza.de\/gymnasium\/buecherlisten\/\" class=\"\"><span>Weiterlesen<\/span><i>&#43;<\/i><\/a><\/p>\n","protected":false},"author":1,"featured_media":0,"parent":0,"menu_order":0,"comment_status":"closed","ping_status":"closed","template":"","meta":{"footnotes":""},"categories":[],"tags":[],"class_list":["post-6319","page","type-page","status-publish","hentry"],"_links":{"self":[{"href":"https:\/\/schulebza.de\/gymnasium\/wp-json\/wp\/v2\/pages\/6319","targetHints":{"allow":["GET"]}}],"collection":[{"href":"https:\/\/schulebza.de\/gymnasium\/wp-json\/wp\/v2\/pages"}],"about":[{"href":"https:\/\/schulebza.de\/gymnasium\/wp-json\/wp\/v2\/types\/page"}],"author":[{"embeddable":true,"href":"https:\/\/schulebza.de\/gymnasium\/wp-json\/wp\/v2\/users\/1"}],"replies":[{"embeddable":true,"href":"https:\/\/schulebza.de\/gymnasium\/wp-json\/wp\/v2\/comments?post=6319"}],"version-history":[{"count":10,"href":"https:\/\/schulebza.de\/gymnasium\/wp-json\/wp\/v2\/pages\/6319\/revisions"}],"predecessor-version":[{"id":13611,"href":"https:\/\/schulebza.de\/gymnasium\/wp-json\/wp\/v2\/pages\/6319\/revisions\/13611"}],"wp:attachment":[{"href":"https:\/\/schulebza.de\/gymnasium\/wp-json\/wp\/v2\/media?parent=6319"}],"wp:term":[{"taxonomy":"category","embeddable":true,"href":"https:\/\/schulebza.de\/gymnasium\/wp-json\/wp\/v2\/categories?post=6319"},{"taxonomy":"post_tag","embeddable":true,"href":"https:\/\/schulebza.de\/gymnasium\/wp-json\/wp\/v2\/tags?post=6319"}],"curies":[{"name":"wp","href":"https:\/\/api.w.org\/{rel}","templated":true}]}}