{"id":5154,"date":"2019-04-28T15:45:08","date_gmt":"2019-04-28T13:45:08","guid":{"rendered":"http:\/\/schulebza.de\/gymnasiumneu\/?page_id=5154"},"modified":"2024-11-04T19:15:48","modified_gmt":"2024-11-04T18:15:48","slug":"praeventionskonzept","status":"publish","type":"page","link":"https:\/\/schulebza.de\/gymnasium\/praeventionskonzept\/","title":{"rendered":"Pr\u00e4ventionskonzept"},"content":{"rendered":"<p><strong>2024: Diese Seite ist veraltet und wird \u00fcberarbeitet &#8211; wir bitten um Verst\u00e4ndnis.<\/strong><\/p>\n<p>Anbei finden Sie die Vorstellung des Pr\u00e4ventionskonzeptes der Schule.<\/p>\n<div class=\"su-document su-u-responsive-media-yes\"><iframe src=\"\/\/docs.google.com\/viewer?embedded=true&url=http:\/\/schulebza.de\/gymnasium\/wp-content\/uploads\/2019\/11\/Pr\u00e4sentationPr\u00e4ventionsKonzeptSekI.pdf\" width=\"600\" height=\"400\" class=\"su-document\" title=\"Pr\u00e4ventionskonzept\"><\/iframe><\/div>\n<a href=\"http:\/\/schulebza.de\/gymnasium\/wp-content\/uploads\/2019\/11\/Pr\u00e4sentationPr\u00e4ventionsKonzeptSekI.pdf\"><img decoding=\"async\" class=\"alignnone wp-image-6801\" src=\"http:\/\/schulebza.de\/gymnasium\/wp-content\/uploads\/2019\/11\/pdf-icon.png\" alt=\"\" width=\"32\" height=\"32\" srcset=\"https:\/\/schulebza.de\/gymnasium\/wp-content\/uploads\/2019\/11\/pdf-icon.png 256w, https:\/\/schulebza.de\/gymnasium\/wp-content\/uploads\/2019\/11\/pdf-icon-150x150.png 150w\" sizes=\"(max-width: 32px) 100vw, 32px\" \/>Download des Dokumentes<\/a><\/p>\n","protected":false},"excerpt":{"rendered":"<p>2024: Diese Seite ist veraltet und wird \u00fcberarbeitet &#8211; wir bitten um Verst\u00e4ndnis. Anbei finden Sie die Vorstellung des Pr\u00e4ventionskonzeptes der Schule. Download des Dokumentes<\/p>\n","protected":false},"author":1,"featured_media":0,"parent":0,"menu_order":0,"comment_status":"closed","ping_status":"closed","template":"","meta":{"footnotes":""},"categories":[],"tags":[],"class_list":["post-5154","page","type-page","status-publish","hentry"],"_links":{"self":[{"href":"https:\/\/schulebza.de\/gymnasium\/wp-json\/wp\/v2\/pages\/5154","targetHints":{"allow":["GET"]}}],"collection":[{"href":"https:\/\/schulebza.de\/gymnasium\/wp-json\/wp\/v2\/pages"}],"about":[{"href":"https:\/\/schulebza.de\/gymnasium\/wp-json\/wp\/v2\/types\/page"}],"author":[{"embeddable":true,"href":"https:\/\/schulebza.de\/gymnasium\/wp-json\/wp\/v2\/users\/1"}],"replies":[{"embeddable":true,"href":"https:\/\/schulebza.de\/gymnasium\/wp-json\/wp\/v2\/comments?post=5154"}],"version-history":[{"count":5,"href":"https:\/\/schulebza.de\/gymnasium\/wp-json\/wp\/v2\/pages\/5154\/revisions"}],"predecessor-version":[{"id":6807,"href":"https:\/\/schulebza.de\/gymnasium\/wp-json\/wp\/v2\/pages\/5154\/revisions\/6807"}],"wp:attachment":[{"href":"https:\/\/schulebza.de\/gymnasium\/wp-json\/wp\/v2\/media?parent=5154"}],"wp:term":[{"taxonomy":"category","embeddable":true,"href":"https:\/\/schulebza.de\/gymnasium\/wp-json\/wp\/v2\/categories?post=5154"},{"taxonomy":"post_tag","embeddable":true,"href":"https:\/\/schulebza.de\/gymnasium\/wp-json\/wp\/v2\/tags?post=5154"}],"curies":[{"name":"wp","href":"https:\/\/api.w.org\/{rel}","templated":true}]}}