{"id":5045,"date":"2019-04-27T13:12:14","date_gmt":"2019-04-27T11:12:14","guid":{"rendered":"http:\/\/schulebza.de\/gymnasiumneu\/?page_id=5045"},"modified":"2019-04-27T13:18:42","modified_gmt":"2019-04-27T11:18:42","slug":"verkehrserziehung","status":"publish","type":"page","link":"https:\/\/schulebza.de\/gymnasium\/verkehrserziehung\/","title":{"rendered":"Verkehrserziehung &#038; Busschule"},"content":{"rendered":"<div style=\"text-align: justify;\"><strong><div class=\"su-heading su-heading-style-default su-heading-align-center\" id=\"\" style=\"font-size:13px;margin-bottom:20px\"><div class=\"su-heading-inner\">Verkehrssicherheitstraining mit dem ADAC <\/div><\/div><\/strong><\/div>\n<div style=\"text-align: justify;\"><strong>\u00a0<\/strong><\/div>\n<div style=\"text-align: justify;\"><img decoding=\"async\" class=\"aligncenter size-full wp-image-5046\" src=\"http:\/\/schulebza.de\/gymnasiumneu\/wp-content\/uploads\/2019\/04\/Achtung_Auto_2013.jpg\" alt=\"\" width=\"640\" height=\"298\" srcset=\"https:\/\/schulebza.de\/gymnasium\/wp-content\/uploads\/2019\/04\/Achtung_Auto_2013.jpg 640w, https:\/\/schulebza.de\/gymnasium\/wp-content\/uploads\/2019\/04\/Achtung_Auto_2013-300x140.jpg 300w\" sizes=\"(max-width: 640px) 100vw, 640px\" \/><\/div>\n<div style=\"text-align: justify;\">\n<p>Die 5. Klassen der Gemeinsamen Orientierungsstufe des Alfred-Grosser-Schulzentrums absolvierten in der ersten Juniwoche in Zusammenarbeit mit dem ADAC ein Verkehrssicherheitstraining, das bundesweit unter dem Motto \u201eAchtung Auto\u201c l\u00e4uft. Die Aktion \u201eAchtung Auto\u201c wird mit Unterst\u00fctzung der Michelin Reifenwerke KG durchgef\u00fchrt. Die Aktionsautos werden von der Opel AG zur Verf\u00fcgung gestellt. Pro Jahr nehmen an diesem Programm bundesweit \u00fcber 180.000 Sch\u00fclerinnen und Sch\u00fcler teil.<\/p>\n<p>Unsere Kinder leben heute in einer mobilen Gesellschaft mit st\u00e4ndig zunehmendem Kraftverkehr. T\u00e4glich werden sie mit dem Stra\u00dfenverkehr konfrontiert und den damit verbundenen Gefahren ausgesetzt. Besonders j\u00fcngeren Kindern fehlt wegen ihrer geringeren K\u00f6rpergr\u00f6\u00dfe vielfach der \u00dcberblick im Stra\u00dfenverkehr. Ihnen ist nicht bewusst, dass bewegte Objekte, also auch Fahrzeuge, nicht so schnell anhalten k\u00f6nnen und jeder Mensch, egal ob Fu\u00dfg\u00e4nger, Radfahrer oder Autofahrer, einen Reaktionsweg hat, der das Anhalten noch verz\u00f6gert.<\/p>\n<p>F\u00fcr ein sicheres Verhalten im Stra\u00dfenverkehr spielen die richtige Einsch\u00e4tzung von Gefahrensituationen, ein gutes Reaktionsverm\u00f6gen und die Kenntnis grundlegender physikalischer Gesetze eine entscheidende Rolle. F\u00fcr Matthias B\u00f6ckel, den P\u00e4dagogischen Koordinator der Orientierungsstufe am Alfred-Grosser-Schulzentrum, tr\u00e4gt das Programm \u201eAchtung Auto\u201c wesentlich dazu bei, Sch\u00fclerinnen und Sch\u00fclern \u00a0kritische Situationen im allt\u00e4glichen Stra\u00dfenverkehr zu verdeutlichen, Unfallgefahren zu erkennen und durch vorausschauendes Handeln richtig zu reagieren. Deshalb soll die seit \u00fcber 10 Jahren erfolgreiche Zusammenarbeit mit dem ADAC auch in den n\u00e4chsten Jahren fortgesetzt werden.<\/p>\n<p>In jeweils zwei Schulstunden hatten die Sch\u00fclerinnen und Sch\u00fcler die Gelegenheit, mit Herrn Blesinger und Herrn Deininger, speziell ausgebildeten Moderatoren des ADAC Pfalz, reale Verkehrssituationen handlungsorientiert zu erleben. Die Kinder lernten vor allem durch praktische \u00dcbungen und Demonstrationen. Sie erkannten den Zusammenhang zwischen Geschwindigkeit, Reaktionszeit und Bremsweg, auch in Abh\u00e4ngigkeit von verschiedenen Fahrbahnzust\u00e4nden, und k\u00f6nnen nun den Anhalteweg von Fu\u00dfg\u00e4ngern und Fahrzeugen besser einsch\u00e4tzen. H\u00f6hepunkt der Verkehrsschulstunden: Als Mitfahrer im ADAC-Aktions-Auto lernten die Sch\u00fclerinnen und Sch\u00fcler bei einer Vollbremsung die lebensrettende Bedeutung der ordnungsgem\u00e4\u00dfen Gurt-Sicherung im Fahrzeug kennen.<\/p>\n<\/div>\n<div style=\"text-align: justify;\"><strong><div class=\"su-heading su-heading-style-default su-heading-align-center\" id=\"\" style=\"font-size:13px;margin-bottom:20px\"><div class=\"su-heading-inner\">Sicher mit dem Bus nach Bad Bergzabern<\/div><\/div><\/strong><br \/>\nSch\u00fclerinnen und Sch\u00fcler der 5. Klassen des Alfred-Grosser-Schulzentrums lernen in der Busschule sicher und clever mit dem Bus zu fahren. Die BusSchule Lehnhoff hat im Rahmen der Verkehrserziehung dankenswerter Weise auch in diesem Jahr unseren F\u00fcnftkl\u00e4ssern mit Hilfe von Rollenspielen und beeindruckenden Demonstrationen in sachkundiger, aktiver und kurzweiliger Art vermittelt, wie richtiges Einsteigen funktioniert und welche Gefahren sich in heranfahrenden Bussen bergen k\u00f6nnen. Die Sch\u00fclerinnen und Sch\u00fcler \u00fcben die Verhaltensregeln im Bus, beim Ein- und Aussteigen und an der Haltestelle ein. Zudem lernen sie das korrekte Verstauen von Gep\u00e4ckst\u00fccken wie Ranzen oder Instrumentenkoffer, so dass die besonderen Kr\u00e4fte eines Busses beim Fahren und Bremsen nicht zur Gefahr werden.<br \/>\nDie beiden Leiterinnen der Gemeinsamen Orientierungsstufe am Alfred-Grosser-Schulzentrum, Frau Bott und Frau Hafner bedanken sich herzlich bei der Firma Lehnhoff, insbesondere bei Frau Ferber, f\u00fcr die Unterst\u00fctzung mittels der Busschule den Schulweg unserer F\u00fcnftkl\u00e4sser ein St\u00fcck sicherer zu machen.<\/div>\n<div><img decoding=\"async\" class=\"aligncenter size-full wp-image-5049\" src=\"http:\/\/schulebza.de\/gymnasiumneu\/wp-content\/uploads\/2019\/04\/Busschule-2018.jpg\" alt=\"\" width=\"768\" height=\"1024\" srcset=\"https:\/\/schulebza.de\/gymnasium\/wp-content\/uploads\/2019\/04\/Busschule-2018.jpg 768w, https:\/\/schulebza.de\/gymnasium\/wp-content\/uploads\/2019\/04\/Busschule-2018-225x300.jpg 225w\" sizes=\"(max-width: 768px) 100vw, 768px\" \/><\/div>\n<div><\/div>\n<div><strong>Wir gratulieren!<\/strong><br \/>\nSarah Kreuter (6y) gewinnt den 2. Preis beim Mal- und Zeichenwettbewerb \u201eEinf\u00e4lle gegen Unf\u00e4lle\u201c der Unfallkasse Rheinland-Pfalz.<\/div>\n<div>\n<div id=\"su_carousel_69f067f329435\" class=\"su-carousel su-carousel-centered su-carousel-pages-no su-carousel-responsive-yes su-lightbox-gallery\" style=\"width:100%\" data-autoplay=\"3000\" data-speed=\"600\" data-mousewheel=\"true\" data-items=\"3\" data-scroll=\"1\"><div class=\"su-carousel-slides\"><div class=\"su-carousel-slide\"><a href=\"https:\/\/schulebza.de\/gymnasium\/wp-content\/uploads\/2019\/04\/Preisverleihung-1.jpg\" title=\"Preisverleihung 1\"><img decoding=\"async\" src=\"https:\/\/schulebza.de\/gymnasium\/wp-content\/uploads\/2019\/04\/Preisverleihung-1-182x100.jpg\" alt=\"Preisverleihung 1\" \/><span class=\"su-carousel-slide-title\">Preisverleihung 1<\/span><\/a><\/div><div class=\"su-carousel-slide\"><a href=\"https:\/\/schulebza.de\/gymnasium\/wp-content\/uploads\/2019\/04\/Preisverleihung-2.jpg\" title=\"Preisverleihung 2\"><img decoding=\"async\" src=\"https:\/\/schulebza.de\/gymnasium\/wp-content\/uploads\/2019\/04\/Preisverleihung-2-182x100.jpg\" alt=\"Preisverleihung 2\" \/><span class=\"su-carousel-slide-title\">Preisverleihung 2<\/span><\/a><\/div><div class=\"su-carousel-slide\"><a href=\"https:\/\/schulebza.de\/gymnasium\/wp-content\/uploads\/2019\/04\/Preisverleihung-3.jpg\" title=\"Preisverleihung 3\"><img decoding=\"async\" src=\"https:\/\/schulebza.de\/gymnasium\/wp-content\/uploads\/2019\/04\/Preisverleihung-3-182x100.jpg\" alt=\"Preisverleihung 3\" \/><span class=\"su-carousel-slide-title\">Preisverleihung 3<\/span><\/a><\/div><\/div><div class=\"su-carousel-nav\"><div class=\"su-carousel-direction\"><span class=\"su-carousel-prev\"><\/span><span class=\"su-carousel-next\"><\/span><\/div><div class=\"su-carousel-pagination\"><\/div><\/div><\/div>\nBei der feierlichen Preisverleihung, am 14.12.2018 in Andernach, pr\u00e4sentiert Sarah Kreuter ihre Zeichnung souver\u00e4n und sehr charmant vor dem geladenen Publikum. Neben ihren Eltern nehmen auch ihre Kunstlehrerin Frau Bellaire und Frau Hafner von der GOS-Leitung teil an der Preis\u00fcbergabe durch Klaudia Engels, stellvertretende Gesch\u00e4ftsf\u00fchrerin der Unfallkasse, und Bernhard Bremm vom Bildungsministerium.<\/p>\n<\/div>\n<div>\n<div class=\"su-spoiler su-spoiler-style-default su-spoiler-icon-folder-1 su-spoiler-closed\" data-scroll-offset=\"0\" data-anchor-in-url=\"no\"><div class=\"su-spoiler-title\" tabindex=\"0\" role=\"button\"><span class=\"su-spoiler-icon\"><\/span>Archiv: Busschule 2014<\/div><div class=\"su-spoiler-content su-u-clearfix su-u-trim\">\n<div>\n<p><strong>Sicher mit dem Schulbus nach Bad Bergzabern<\/strong><\/p>\n<p>Die Sch\u00fclerinnen und Sch\u00fcler des Alfred-Grosser-Schulzentrums Bad Bergzabern sind bei ihren Schul- und Freizeitwegen auf die Fahrt mit dem Bus angewiesen. Um den neuen Sch\u00fclerinnen und Sch\u00fclern Unsicherheit und \u00c4ngste zu nehmen und um die \u201eBusfahranf\u00e4nger\u201c mit den wichtigsten Verhaltensweisen im und am Bus vertraut zu machen, machte die Busschule unter dem Motto \u201eClever mit dem Bus fahren\u201c bei den 195 Sch\u00fclerinnen und Sch\u00fclern der neuen 5. Klassen des Alfred-Grosser-Schulzentrums traditionell in den ersten Schulwochen des Schuljahres wieder Station in Bad Bergzabern.<\/p>\n<\/div>\n<div>F\u00fcr die meisten Kinder bedeutet der Wechsel von der Grundschule zu den weiterf\u00fchrenden Schulen, dass sie den Schulweg mit dem Bus zur\u00fccklegen m\u00fcssen. Um abenteuerliche Fahrten mit dem Bus zu vermeiden, bietet das Alfred-Grosser-Schulzentrum Bad Bergzabern seit vielen Jahren in Zusammenarbeit mit dem regionalen Busunternehmen Glaser das Projekt &#8222;Busschule&#8220; an. Juniorchefin Eva Glaser, der das Projekt eine Herzensangelegenheit ist, stellt daf\u00fcr jeweils eine Woche lang Bus und Personal f\u00fcr die Schule zur Verf\u00fcgung.\u00a0Das Gesamtprojekt wird finanziell ma\u00dfgeblich vom VRN unterst\u00fctzt.<\/div>\n<div>\n<p>Die praktische Unterweisung im und am Bus diente dem Kennenlernen der Busausstattung und der Sicherheitseinrichtungen, wie z.B. Haltestangen, T\u00fcr\u00f6ffner, Nothammer und Bedeutung der Piktogramme. Das richtige Ein- und Aussteigen und wichtige Verhaltensregeln im Bus und an der Haltestelle wurden angesprochen und\u00a0 einge\u00fcbt. Ebenso lernten die Kinder zusammen mit der Puppe \u201eLisa\u201c, die als Demonstrationsobjekt herhalten musste, einiges \u00fcber den richtigen Sicherheitsabstand von der Bordsteinkante. Angesprochen wurde auch das h\u00f6fliche Verhalten gegen\u00fcber den Busfahrern, die sie sicher zur Schule und wieder nach Hause bringen wollen. Die Sch\u00fcler und Sch\u00fclerinnen waren beeindruckt davon, wie ein wenig mehr Aufmerksamkeit, R\u00fccksichtnahme und H\u00f6flichkeit zu viel mehr Sicherheit f\u00fchrt.<\/p>\n<p><img decoding=\"async\" class=\"aligncenter size-full wp-image-5054\" src=\"http:\/\/schulebza.de\/gymnasiumneu\/wp-content\/uploads\/2019\/04\/Busschule2014.jpg\" alt=\"\" width=\"640\" height=\"401\" srcset=\"https:\/\/schulebza.de\/gymnasium\/wp-content\/uploads\/2019\/04\/Busschule2014.jpg 640w, https:\/\/schulebza.de\/gymnasium\/wp-content\/uploads\/2019\/04\/Busschule2014-300x188.jpg 300w\" sizes=\"(max-width: 640px) 100vw, 640px\" \/><\/p>\n<\/div>\n<div>Die GOS-Leiter Matthias B\u00f6ckel und Christoph Mohr zeigten sich dankbar f\u00fcr die langj\u00e4hrige Zusammenarbeit mit Bus-Glaser. Die fachkundige, kompetente und sch\u00fclergerechte Beratung und Unterweisung habe sich in jahrelanger Zusammenarbeit bew\u00e4hrt und so weiterentwickelt, dass Schwierigkeiten oder gar bedauerliche Vorf\u00e4lle am Schulzentrum Bad Bergzabern absolute Ausnahmef\u00e4lle seien. Beide hoffen, dass Bus-Glaser und VRN auch im n\u00e4chsten Jahr wieder Station in Bad Bergzabern machen.<\/div>\n<\/div><\/div>\n<\/div>\n","protected":false},"excerpt":{"rendered":"<p>\u00a0 Die 5. Klassen der Gemeinsamen Orientierungsstufe des Alfred-Grosser-Schulzentrums absolvierten in der ersten Juniwoche in Zusammenarbeit mit dem ADAC ein Verkehrssicherheitstraining, das bundesweit unter dem Motto \u201eAchtung Auto\u201c l\u00e4uft. Die Aktion \u201eAchtung Auto\u201c wird mit Unterst\u00fctzung der Michelin Reifenwerke KG durchgef\u00fchrt. Die Aktionsautos werden von der Opel AG zur Verf\u00fcgung gestellt. Pro Jahr nehmen an&#8230;<\/p>\n<p class=\"more-link\"><a href=\"https:\/\/schulebza.de\/gymnasium\/verkehrserziehung\/\" class=\"\"><span>Weiterlesen<\/span><i>&#43;<\/i><\/a><\/p>\n","protected":false},"author":1,"featured_media":0,"parent":0,"menu_order":0,"comment_status":"closed","ping_status":"closed","template":"","meta":{"footnotes":""},"categories":[],"tags":[],"class_list":["post-5045","page","type-page","status-publish","hentry"],"_links":{"self":[{"href":"https:\/\/schulebza.de\/gymnasium\/wp-json\/wp\/v2\/pages\/5045","targetHints":{"allow":["GET"]}}],"collection":[{"href":"https:\/\/schulebza.de\/gymnasium\/wp-json\/wp\/v2\/pages"}],"about":[{"href":"https:\/\/schulebza.de\/gymnasium\/wp-json\/wp\/v2\/types\/page"}],"author":[{"embeddable":true,"href":"https:\/\/schulebza.de\/gymnasium\/wp-json\/wp\/v2\/users\/1"}],"replies":[{"embeddable":true,"href":"https:\/\/schulebza.de\/gymnasium\/wp-json\/wp\/v2\/comments?post=5045"}],"version-history":[{"count":5,"href":"https:\/\/schulebza.de\/gymnasium\/wp-json\/wp\/v2\/pages\/5045\/revisions"}],"predecessor-version":[{"id":5056,"href":"https:\/\/schulebza.de\/gymnasium\/wp-json\/wp\/v2\/pages\/5045\/revisions\/5056"}],"wp:attachment":[{"href":"https:\/\/schulebza.de\/gymnasium\/wp-json\/wp\/v2\/media?parent=5045"}],"wp:term":[{"taxonomy":"category","embeddable":true,"href":"https:\/\/schulebza.de\/gymnasium\/wp-json\/wp\/v2\/categories?post=5045"},{"taxonomy":"post_tag","embeddable":true,"href":"https:\/\/schulebza.de\/gymnasium\/wp-json\/wp\/v2\/tags?post=5045"}],"curies":[{"name":"wp","href":"https:\/\/api.w.org\/{rel}","templated":true}]}}