{"id":4964,"date":"2019-04-27T11:43:41","date_gmt":"2019-04-27T09:43:41","guid":{"rendered":"http:\/\/schulebza.de\/gymnasiumneu\/?page_id=4964"},"modified":"2025-09-03T14:55:53","modified_gmt":"2025-09-03T12:55:53","slug":"streicherklassen","status":"publish","type":"page","link":"https:\/\/schulebza.de\/gymnasium\/streicherklassen\/","title":{"rendered":"Streicherklassen"},"content":{"rendered":"<p data-start=\"62\" data-end=\"280\">Seit dem Schuljahr 2012\/2013 bestand an unserer Schule die M\u00f6glichkeit, im Rahmen des Musikunterrichtes ein Streichinstrument zu erlernen. Dies stand den Kindern unabh\u00e4ngig von der Wahl der ersten Fremdsprache offen.<\/p>\n<p data-start=\"282\" data-end=\"1046\">Der Unterricht wurde jeweils zweist\u00fcndig in der 5. und 6. Jahrgangsstufe erteilt. Schon w\u00e4hrend der gemeinsamen Orientierungsstufe hatten die Kinder die M\u00f6glichkeit, das GOS-Orchester zu besuchen, das jeweils montags in der 7. Unterrichtsstunde in A 207 stattfand, bzw. sp\u00e4ter das Orchester zu besuchen, das sich mittwochs zwischen 14.00 und 15.30 Uhr zum Proben traf. Basierend auf der Rolland-Methode waren immer zwei Lehrer pro Klasse eingesetzt, damit eine optimale Betreuung beim Erlernen des Instrumentes gew\u00e4hrleistet war. Die eingesetzten Lehrkr\u00e4fte waren Frau B\u00e4rbel Rohde, Violine, und Frau Ann-Kathrin Brenkert, Violoncello. Beide hatten eine Zusatzausbildung f\u00fcr den Unterricht von Streicherklassen absolviert.<\/p>\n<p>&nbsp;<\/p>\n<p><img decoding=\"async\" class=\"aligncenter wp-image-4958 size-full\" src=\"http:\/\/schulebza.de\/gymnasium\/wp-content\/uploads\/2019\/04\/DSC00687.jpg\" alt=\"\" width=\"480\" height=\"640\" srcset=\"https:\/\/schulebza.de\/gymnasium\/wp-content\/uploads\/2019\/04\/DSC00687.jpg 480w, https:\/\/schulebza.de\/gymnasium\/wp-content\/uploads\/2019\/04\/DSC00687-225x300.jpg 225w\" sizes=\"(max-width: 480px) 100vw, 480px\" \/><\/p>\n<p style=\"text-align: center;\">Frau Ann-Kathrin Brenkert beim Weihnachtskonzert am 21.12.2017<\/p>\n<p><img decoding=\"async\" class=\"aligncenter wp-image-4957 size-full\" src=\"http:\/\/schulebza.de\/gymnasium\/wp-content\/uploads\/2019\/04\/DSC00682.jpg\" alt=\"\" width=\"640\" height=\"480\" srcset=\"https:\/\/schulebza.de\/gymnasium\/wp-content\/uploads\/2019\/04\/DSC00682.jpg 640w, https:\/\/schulebza.de\/gymnasium\/wp-content\/uploads\/2019\/04\/DSC00682-300x225.jpg 300w, https:\/\/schulebza.de\/gymnasium\/wp-content\/uploads\/2019\/04\/DSC00682-380x285.jpg 380w, https:\/\/schulebza.de\/gymnasium\/wp-content\/uploads\/2019\/04\/DSC00682-285x214.jpg 285w\" sizes=\"(max-width: 640px) 100vw, 640px\" \/><\/p>\n<div style=\"text-align: center;\">Frau B\u00e4rbel Rohde ebenfalls beim letzten Weihnachtskonzert in der Marktkirche<\/div>\n<p style=\"text-align: justify;\">In den ersten Stunden wurde geschaut, welches Instrument den Kindern am besten gefallen k\u00f6nnte. Die Schule stellte dieses gegen einen geringen Streicherklassenbeitrag von viertelj\u00e4hrlich 25,- \u20ac zur Verf\u00fcgung, sodass f\u00fcr die ersten beiden Jahre kein eigenes Instrument angeschafft werden musste. Die Kinder sollten als Voraussetzung Lust und Freude an der Musik mitbringen, weitere Vorkenntnisse waren nicht erforderlich.<\/p>\n<div><img decoding=\"async\" class=\"aligncenter size-full wp-image-4959\" src=\"http:\/\/schulebza.de\/gymnasium\/wp-content\/uploads\/2019\/04\/P1000975.jpg\" alt=\"\" width=\"640\" height=\"480\" srcset=\"https:\/\/schulebza.de\/gymnasium\/wp-content\/uploads\/2019\/04\/P1000975.jpg 640w, https:\/\/schulebza.de\/gymnasium\/wp-content\/uploads\/2019\/04\/P1000975-300x225.jpg 300w, https:\/\/schulebza.de\/gymnasium\/wp-content\/uploads\/2019\/04\/P1000975-380x285.jpg 380w, https:\/\/schulebza.de\/gymnasium\/wp-content\/uploads\/2019\/04\/P1000975-285x214.jpg 285w\" sizes=\"(max-width: 640px) 100vw, 640px\" \/><\/div>\n<div style=\"text-align: center;\">\n<p>Begr\u00fc\u00dfung der neuen F\u00fcnftkl\u00e4ssler im Augunst 2015 durch die Streicherklasse der 6. Jahrgangsstufe<\/p>\n<\/div>\n<div style=\"text-align: justify;\">Jedes Jahr fuhren wir mit unseren neuen Streichern auf eine Streicherfreizeit in eine Jugendherberge in der Umgebung, um gemeinsam Spa\u00df zu haben und unseren ersten gemeinsamen Auftritt vorzubereiten. Beim Tag der Offenen T\u00fcr spielte traditionell unsere neue 5. Klasse f\u00fcr die k\u00fcnftigen 5. Klassen. Weitere Auftritte folgten w\u00e4hrend der Zeit in den Streicherklassen, z. B. bei den j\u00e4hrlichen Sommerkonzerten, bei der Er\u00f6ffnung von Vernissagen beispielsweise im Foyer des Alfred-Grosser-Gymnasiums und vielem mehr.<\/div>\n<p><img decoding=\"async\" class=\"aligncenter size-full wp-image-4960\" src=\"http:\/\/schulebza.de\/gymnasium\/wp-content\/uploads\/2019\/04\/DSC00779.jpg\" alt=\"\" width=\"640\" height=\"480\" srcset=\"https:\/\/schulebza.de\/gymnasium\/wp-content\/uploads\/2019\/04\/DSC00779.jpg 640w, https:\/\/schulebza.de\/gymnasium\/wp-content\/uploads\/2019\/04\/DSC00779-300x225.jpg 300w, https:\/\/schulebza.de\/gymnasium\/wp-content\/uploads\/2019\/04\/DSC00779-380x285.jpg 380w, https:\/\/schulebza.de\/gymnasium\/wp-content\/uploads\/2019\/04\/DSC00779-285x214.jpg 285w\" sizes=\"(max-width: 640px) 100vw, 640px\" \/><\/p>\n<div>\n<p style=\"text-align: center;\">Streicherfreizeit im Januar 2017 in Speyer<\/p>\n<\/div>\n<p style=\"text-align: justify;\">Wir erhielten sogar hohen Besuch, der uns sehr stolz gemacht hat und lange in unserem Ged\u00e4chtnis bleiben wird. Herr Prof. Grosser war besonders von dem Thema aus dem 4. Satz der 1. Sinfonie von Johannes Brahms angetan, das er leise mitsummte.<\/p>\n<p style=\"text-align: center;\"><img decoding=\"async\" class=\"aligncenter size-full wp-image-4961\" src=\"http:\/\/schulebza.de\/gymnasium\/wp-content\/uploads\/2019\/04\/DSC01004.jpg\" alt=\"\" width=\"640\" height=\"480\" srcset=\"https:\/\/schulebza.de\/gymnasium\/wp-content\/uploads\/2019\/04\/DSC01004.jpg 640w, https:\/\/schulebza.de\/gymnasium\/wp-content\/uploads\/2019\/04\/DSC01004-300x225.jpg 300w, https:\/\/schulebza.de\/gymnasium\/wp-content\/uploads\/2019\/04\/DSC01004-380x285.jpg 380w, https:\/\/schulebza.de\/gymnasium\/wp-content\/uploads\/2019\/04\/DSC01004-285x214.jpg 285w\" sizes=\"(max-width: 640px) 100vw, 640px\" \/><br \/>\nBesuch unseres Schulnamensgebers Herrn Prof. Alfred Grosser und unserer beiden Schulleiter Herr Pete Allmann und Herr Ludwin Michels am 24. Mai 2017<\/p>\n<p style=\"text-align: center;\"><img decoding=\"async\" class=\"aligncenter size-full wp-image-4962\" src=\"http:\/\/schulebza.de\/gymnasium\/wp-content\/uploads\/2019\/04\/DSC01019.jpg\" alt=\"\" width=\"640\" height=\"480\" srcset=\"https:\/\/schulebza.de\/gymnasium\/wp-content\/uploads\/2019\/04\/DSC01019.jpg 640w, https:\/\/schulebza.de\/gymnasium\/wp-content\/uploads\/2019\/04\/DSC01019-300x225.jpg 300w, https:\/\/schulebza.de\/gymnasium\/wp-content\/uploads\/2019\/04\/DSC01019-380x285.jpg 380w, https:\/\/schulebza.de\/gymnasium\/wp-content\/uploads\/2019\/04\/DSC01019-285x214.jpg 285w\" sizes=\"(max-width: 640px) 100vw, 640px\" \/><br \/>\nNeben etlichen anderen schaute auch Herr Alexander Schweitzer, unsere Bildungsministerin Stefanie Hubig und unsere ehemalige Landr\u00e4tin Theresia Riedmaier bei uns vorbei.<\/p>\n","protected":false},"excerpt":{"rendered":"<p>Seit dem Schuljahr 2012\/2013 bestand an unserer Schule die M\u00f6glichkeit, im Rahmen des Musikunterrichtes ein Streichinstrument zu erlernen. Dies stand den Kindern unabh\u00e4ngig von der Wahl der ersten Fremdsprache offen. Der Unterricht wurde jeweils zweist\u00fcndig in der 5. und 6. Jahrgangsstufe erteilt. Schon w\u00e4hrend der gemeinsamen Orientierungsstufe hatten die Kinder die M\u00f6glichkeit, das GOS-Orchester zu&#8230;<\/p>\n<p class=\"more-link\"><a href=\"https:\/\/schulebza.de\/gymnasium\/streicherklassen\/\" class=\"\"><span>Weiterlesen<\/span><i>&#43;<\/i><\/a><\/p>\n","protected":false},"author":1,"featured_media":0,"parent":0,"menu_order":0,"comment_status":"closed","ping_status":"closed","template":"","meta":{"footnotes":""},"categories":[],"tags":[],"class_list":["post-4964","page","type-page","status-publish","hentry"],"_links":{"self":[{"href":"https:\/\/schulebza.de\/gymnasium\/wp-json\/wp\/v2\/pages\/4964","targetHints":{"allow":["GET"]}}],"collection":[{"href":"https:\/\/schulebza.de\/gymnasium\/wp-json\/wp\/v2\/pages"}],"about":[{"href":"https:\/\/schulebza.de\/gymnasium\/wp-json\/wp\/v2\/types\/page"}],"author":[{"embeddable":true,"href":"https:\/\/schulebza.de\/gymnasium\/wp-json\/wp\/v2\/users\/1"}],"replies":[{"embeddable":true,"href":"https:\/\/schulebza.de\/gymnasium\/wp-json\/wp\/v2\/comments?post=4964"}],"version-history":[{"count":6,"href":"https:\/\/schulebza.de\/gymnasium\/wp-json\/wp\/v2\/pages\/4964\/revisions"}],"predecessor-version":[{"id":13766,"href":"https:\/\/schulebza.de\/gymnasium\/wp-json\/wp\/v2\/pages\/4964\/revisions\/13766"}],"wp:attachment":[{"href":"https:\/\/schulebza.de\/gymnasium\/wp-json\/wp\/v2\/media?parent=4964"}],"wp:term":[{"taxonomy":"category","embeddable":true,"href":"https:\/\/schulebza.de\/gymnasium\/wp-json\/wp\/v2\/categories?post=4964"},{"taxonomy":"post_tag","embeddable":true,"href":"https:\/\/schulebza.de\/gymnasium\/wp-json\/wp\/v2\/tags?post=4964"}],"curies":[{"name":"wp","href":"https:\/\/api.w.org\/{rel}","templated":true}]}}