{"id":4907,"date":"2019-04-27T10:31:50","date_gmt":"2019-04-27T08:31:50","guid":{"rendered":"http:\/\/schulebza.de\/gymnasiumneu\/?page_id=4907"},"modified":"2024-11-04T19:03:17","modified_gmt":"2024-11-04T18:03:17","slug":"digitalisierung","status":"publish","type":"page","link":"https:\/\/schulebza.de\/gymnasium\/digitalisierung\/","title":{"rendered":"Digitalisierung"},"content":{"rendered":"<p style=\"text-align: justify;\"><img decoding=\"async\" class=\"alignleft\" src=\"http:\/\/www.mobilecommercepress.com\/wp-content\/uploads\/2014\/10\/tablet-book-ipad.jpg\" width=\"193\" height=\"162\" \/>Bereits 2017 haben Herr Stass und Herr Vollstedt mit der Arbeit an einem umfangreichen, aktuellen Medienkonzept begonnen. Mit der Digitalisierungsoffensive der Bundesregierung und dem damit verbundenen <a href=\"https:\/\/digitalpakt.rlp.de\/de\/startseite\/\" target=\"_blank\" rel=\"noopener noreferrer\">DigitalPakt Schule<\/a> er\u00f6ffneten sich neue M\u00f6glichkeiten der Ausstattung unseres Gymnasiums auf Grundlage des Medienkonzeptes, nun &#8222;Medienentwicklungsplan&#8220; genannt. Unser Medienentwicklungsplan wurde von uns in enger Zusammenarbeit mit dem Schultr\u00e4ger entwickelt, sowohl dem Kreis als auch vielen Vertretern anderer Schulen des Landes bei der <a href=\"https:\/\/imedia.bildung-rp.de\/\" target=\"_blank\" rel=\"noopener noreferrer\">iMedia 2019<\/a> pr\u00e4sentiert und immer wieder von uns optimiert. Die auf den ersten Blick &#8222;ungew\u00f6hnlich simple&#8220; Hardwarekonzeption erweist sich nach intensiverer Auseinandersetzung mit dem Gesamtplan als optimale L\u00f6sung zur Verbesserung des Lehrens und Lernens an unserer Schule.<\/p>\n<div class=\"su-box su-box-style-default\" id=\"\" style=\"border-color:#b8b8b8;border-radius:3px;max-width:none\"><div class=\"su-box-title\" style=\"background-color:#ebebeb;color:#000000;border-top-left-radius:1px;border-top-right-radius:1px\">Aktuelles<\/div><div class=\"su-box-content su-u-clearfix su-u-trim\" style=\"border-bottom-left-radius:1px;border-bottom-right-radius:1px\">\n<p><strong>Creative Lab<\/strong><\/p>\n<p>In Raum A207 ist im Schuljahr 21\/22 das Creative Lab entstanden, ein Raum, in dem folgendes f\u00fcr den normalen Unterricht m\u00f6glich ist:<\/p>\n<ul>\n<li>Erstellung von Stop-Motion-Erkl\u00e4rvideos<\/li>\n<li>Filmen vor dem Greenscreen<\/li>\n<li>Videoediting mit professioneller Videoschnittsoftware<\/li>\n<li>Podcasting und Vertonung von Videos<\/li>\n<li>Recherche an fest installierten Recherchestationen und mobilen iPads<\/li>\n<li>Nutzung von Apple-Tools am iPad-Klassensatz<\/li>\n<li>\u00dcben von digital unterst\u00fctzten Pr\u00e4sentationen<\/li>\n<li>Videokonferenzen mit PiP-Videoaufbau<\/li>\n<li>Nutzung eines mobilen digitalen Panels<\/li>\n<li>Fotografieausr\u00fcstung f\u00fcr digitale Portraits sowie Nachbearbeitung<\/li>\n<li>Mobile Zeitungsredaktion mit Probedruckm\u00f6glichkeit im Farblaserdruck<\/li>\n<li>3D-Druck am professionellen 3D-Drucker<\/li>\n<li>Kleingruppenarbeit, Vortr\u00e4ge oder Konferenzen durch variable M\u00f6blierung des Raumes<\/li>\n<li>Gestaltung von Medien mit professionellen Softwarel\u00f6sungen<\/li>\n<\/ul>\n<p><strong>WLAN<\/strong><\/p>\n<p>Im Schuljahr 21\/22 konnten eine WLAN- und eine Serverinfrastruktur aufgebaut werden.<\/div><\/div>\n<p>Bei Fragen zur digitalen Bildung, zur Hardwareausstattung der Schule, zu den bevorstehenden Neuerungen und der Infrastruktur wenden Sie sich gerne jederzeit an das im Schuljahr 2022\/23 neu gegr\u00fcndete Team Digitalisierung.<\/p>\n","protected":false},"excerpt":{"rendered":"<p>Bereits 2017 haben Herr Stass und Herr Vollstedt mit der Arbeit an einem umfangreichen, aktuellen Medienkonzept begonnen. Mit der Digitalisierungsoffensive der Bundesregierung und dem damit verbundenen DigitalPakt Schule er\u00f6ffneten sich neue M\u00f6glichkeiten der Ausstattung unseres Gymnasiums auf Grundlage des Medienkonzeptes, nun &#8222;Medienentwicklungsplan&#8220; genannt. Unser Medienentwicklungsplan wurde von uns in enger Zusammenarbeit mit dem Schultr\u00e4ger entwickelt,&#8230;<\/p>\n<p class=\"more-link\"><a href=\"https:\/\/schulebza.de\/gymnasium\/digitalisierung\/\" class=\"\"><span>Weiterlesen<\/span><i>&#43;<\/i><\/a><\/p>\n","protected":false},"author":1,"featured_media":0,"parent":0,"menu_order":0,"comment_status":"closed","ping_status":"closed","template":"","meta":{"footnotes":""},"categories":[],"tags":[],"class_list":["post-4907","page","type-page","status-publish","hentry"],"_links":{"self":[{"href":"https:\/\/schulebza.de\/gymnasium\/wp-json\/wp\/v2\/pages\/4907","targetHints":{"allow":["GET"]}}],"collection":[{"href":"https:\/\/schulebza.de\/gymnasium\/wp-json\/wp\/v2\/pages"}],"about":[{"href":"https:\/\/schulebza.de\/gymnasium\/wp-json\/wp\/v2\/types\/page"}],"author":[{"embeddable":true,"href":"https:\/\/schulebza.de\/gymnasium\/wp-json\/wp\/v2\/users\/1"}],"replies":[{"embeddable":true,"href":"https:\/\/schulebza.de\/gymnasium\/wp-json\/wp\/v2\/comments?post=4907"}],"version-history":[{"count":10,"href":"https:\/\/schulebza.de\/gymnasium\/wp-json\/wp\/v2\/pages\/4907\/revisions"}],"predecessor-version":[{"id":13367,"href":"https:\/\/schulebza.de\/gymnasium\/wp-json\/wp\/v2\/pages\/4907\/revisions\/13367"}],"wp:attachment":[{"href":"https:\/\/schulebza.de\/gymnasium\/wp-json\/wp\/v2\/media?parent=4907"}],"wp:term":[{"taxonomy":"category","embeddable":true,"href":"https:\/\/schulebza.de\/gymnasium\/wp-json\/wp\/v2\/categories?post=4907"},{"taxonomy":"post_tag","embeddable":true,"href":"https:\/\/schulebza.de\/gymnasium\/wp-json\/wp\/v2\/tags?post=4907"}],"curies":[{"name":"wp","href":"https:\/\/api.w.org\/{rel}","templated":true}]}}