{"id":4898,"date":"2019-04-26T20:32:41","date_gmt":"2019-04-26T18:32:41","guid":{"rendered":"http:\/\/schulebza.de\/gymnasiumneu\/?page_id=4898"},"modified":"2025-01-24T19:40:33","modified_gmt":"2025-01-24T18:40:33","slug":"spanisch","status":"publish","type":"page","link":"https:\/\/schulebza.de\/gymnasium\/spanisch\/","title":{"rendered":"Spanisch"},"content":{"rendered":"<p><a href=\"https:\/\/schulebza.de\/gymnasium\/wp-content\/uploads\/2025\/01\/spanisch-scaled.jpeg\"><img decoding=\"async\" class=\"wp-image-13457 alignleft\" src=\"https:\/\/schulebza.de\/gymnasium\/wp-content\/uploads\/2025\/01\/spanisch-scaled.jpeg\" alt=\"\" width=\"250\" height=\"179\" srcset=\"https:\/\/schulebza.de\/gymnasium\/wp-content\/uploads\/2025\/01\/spanisch-scaled.jpeg 2560w, https:\/\/schulebza.de\/gymnasium\/wp-content\/uploads\/2025\/01\/spanisch-300x215.jpeg 300w, https:\/\/schulebza.de\/gymnasium\/wp-content\/uploads\/2025\/01\/spanisch-1024x733.jpeg 1024w, https:\/\/schulebza.de\/gymnasium\/wp-content\/uploads\/2025\/01\/spanisch-768x550.jpeg 768w, https:\/\/schulebza.de\/gymnasium\/wp-content\/uploads\/2025\/01\/spanisch-1536x1099.jpeg 1536w, https:\/\/schulebza.de\/gymnasium\/wp-content\/uploads\/2025\/01\/spanisch-2048x1466.jpeg 2048w\" sizes=\"(max-width: 250px) 100vw, 250px\" \/><\/a><\/p>\n<p style=\"text-align: justify;\"><strong>Spanisch lernen an unserer Schule<\/strong><\/p>\n<p style=\"text-align: justify;\">Spanisch kann in der 9. Klasse als dritte Fremdsprache gew\u00e4hlt werden. Der Wahlfachunterricht findet in der 9ten und 10ten Klasse 3-st\u00fcndig am Nachmittag statt. Das Fach kann danach in der MSS als Grundfach bis zur MSS 13 weitergef\u00fchrt werden, unter bestimmten Bedingungen auch im Pflichtbereich.<\/p>\n<p style=\"text-align: justify;\">Au\u00dferdem bietet unsere Schule Spanisch zus\u00e4tzlich als neueinsetzende zweite bzw. dritte Fremdsprache in der MSS 11 an. Hier werden ebenfalls f\u00fcnf bzw. drei Wochenstunden Spanisch unterrichtet. Der f\u00fcnfst\u00fcndige Kurs richtet sich an alle, die eine zweite Fremdsprache neu in der MSS 11 w\u00e4hlen m\u00fcssen, der dreist\u00fcndige kann von allen belegt werden, die neben Englisch, Franz\u00f6sisch und Latein eine weitere moderne Fremdsprache erlernen m\u00f6chten.<\/p>\n<p style=\"text-align: justify;\">Seit dem Schuljahr 2023\/24 k\u00f6nnen unsere Sch\u00fclerInnen der 9. und 10. Klassenstufe an einem Austausch mit Teneriffa teilnehmen und zu einem kulturellen Austausch zwischen den L\u00e4ndern beitragen.<\/p>\n<div class=\"su-document su-u-responsive-media-yes\"><iframe src=\"\/\/docs.google.com\/viewer?embedded=true&url=http:\/\/schulebza.de\/gymnasiumneu\/wp-content\/uploads\/2019\/08\/Spanisch_Flyer.pdf\" width=\"600\" height=\"400\" class=\"su-document\" title=\"Spanischflyer\"><\/iframe><\/div>\n","protected":false},"excerpt":{"rendered":"<p>Spanisch lernen an unserer Schule Spanisch kann in der 9. Klasse als dritte Fremdsprache gew\u00e4hlt werden. Der Wahlfachunterricht findet in der 9ten und 10ten Klasse 3-st\u00fcndig am Nachmittag statt. Das Fach kann danach in der MSS als Grundfach bis zur MSS 13 weitergef\u00fchrt werden, unter bestimmten Bedingungen auch im Pflichtbereich. Au\u00dferdem bietet unsere Schule Spanisch&#8230;<\/p>\n<p class=\"more-link\"><a href=\"https:\/\/schulebza.de\/gymnasium\/spanisch\/\" class=\"\"><span>Weiterlesen<\/span><i>&#43;<\/i><\/a><\/p>\n","protected":false},"author":1,"featured_media":0,"parent":0,"menu_order":0,"comment_status":"closed","ping_status":"closed","template":"","meta":{"footnotes":""},"categories":[],"tags":[],"class_list":["post-4898","page","type-page","status-publish","hentry"],"_links":{"self":[{"href":"https:\/\/schulebza.de\/gymnasium\/wp-json\/wp\/v2\/pages\/4898","targetHints":{"allow":["GET"]}}],"collection":[{"href":"https:\/\/schulebza.de\/gymnasium\/wp-json\/wp\/v2\/pages"}],"about":[{"href":"https:\/\/schulebza.de\/gymnasium\/wp-json\/wp\/v2\/types\/page"}],"author":[{"embeddable":true,"href":"https:\/\/schulebza.de\/gymnasium\/wp-json\/wp\/v2\/users\/1"}],"replies":[{"embeddable":true,"href":"https:\/\/schulebza.de\/gymnasium\/wp-json\/wp\/v2\/comments?post=4898"}],"version-history":[{"count":5,"href":"https:\/\/schulebza.de\/gymnasium\/wp-json\/wp\/v2\/pages\/4898\/revisions"}],"predecessor-version":[{"id":13458,"href":"https:\/\/schulebza.de\/gymnasium\/wp-json\/wp\/v2\/pages\/4898\/revisions\/13458"}],"wp:attachment":[{"href":"https:\/\/schulebza.de\/gymnasium\/wp-json\/wp\/v2\/media?parent=4898"}],"wp:term":[{"taxonomy":"category","embeddable":true,"href":"https:\/\/schulebza.de\/gymnasium\/wp-json\/wp\/v2\/categories?post=4898"},{"taxonomy":"post_tag","embeddable":true,"href":"https:\/\/schulebza.de\/gymnasium\/wp-json\/wp\/v2\/tags?post=4898"}],"curies":[{"name":"wp","href":"https:\/\/api.w.org\/{rel}","templated":true}]}}