{"id":4873,"date":"2019-04-26T20:27:15","date_gmt":"2019-04-26T18:27:15","guid":{"rendered":"http:\/\/schulebza.de\/gymnasiumneu\/?page_id=4873"},"modified":"2024-11-04T19:27:02","modified_gmt":"2024-11-04T18:27:02","slug":"englisch","status":"publish","type":"page","link":"https:\/\/schulebza.de\/gymnasium\/englisch\/","title":{"rendered":"Englisch"},"content":{"rendered":"<p style=\"text-align: justify;\">Von Actionfilm \u00fcber Date bis zum zoomen &#8211; das alles sind Worte, die wir fast t\u00e4glich verwenden und die als urspr\u00fcnglich englische W\u00f6rter in die deutsche Sprache \u00fcbernommen wurden. Die englische Sprache ist allgegenw\u00e4rtig. Wir begegnen ihr im Alltag, in der Musik, in den Medien oder im Sport. Doch ihre Bedeutung ist viel weitreichender: In unserer zunehmend globaliserten Welt ist Englisch die am meisten gesprochene Sprache der Welt und somit die lingua franca, die uns bei der Kommunikation mit anderssprachigen Personen hilft und uns das Tor zu anderen Welten \u00f6ffnet.<\/p>\n<p style=\"text-align: justify;\">Dies stellt ganz besondere Anforderungen an den modernen Englischunterricht, dem unsere Fachschaft durch einen kompetenzorientierten Unterricht Rechnung tr\u00e4gt, in dem unsere Sch\u00fclerinnen und Sch\u00fcler die auch in dem rheinland-pf\u00e4lzischen Lehrplan geforderten kommunikativen, interkulturellen und Methodenkompetenzen erwerben.<br \/>\nAm AGG k\u00f6nnen die Sch\u00fclerinnen und Sch\u00fcler Englisch als 1. Fremdsprache (ab der 5. Klasse) oder als 2. Fremdsprache (ab der 6. Klasse) erlernen. Der Unterricht in der Orientierungs- und Mittelstufe wird vor alle mit einem <a href=\"http:\/\/schulebza.de\/gymnasiumneu\/buecherlisten\/\">modernen, sch\u00fclerorientierten Lehrwerk<\/a> gestaltet. Es werden sowohl schriftliche als auch m\u00fcndliche Kompetenzen vermittelt und \u00fcberpr\u00fcft.<\/p>\n<p style=\"text-align: justify;\">In der Oberstufe wird der Umgang mit literarischen Texten geschult und sowohl landeskundliche als auch Sachthemen bearbeitet. Auch hier dient ein sch\u00fclerorientiertes Oberstufenlehrwerk als Grundlage f\u00fcr den Unterricht. Dar\u00fcberhinaus werden selbstverst\u00e4ndlich auch Lekt\u00fcren, Filme und moderne Medien eingesetzt oder englische Theaterst\u00fccke besucht.<br \/>\nAb Klasse 10 k\u00f6nnen unsere Sch\u00fclerinnen und Sch\u00fcler in einer AG ein Zertifikat der Londoner Industrie- und Handelskammer in Wirtschaftsenglisch (<a href=\"http:\/\/schulebza.de\/gymnasiumneu\/ags\/\">LCCI<\/a>) erwerben und dadurch ihre sp\u00e4teren Berufschancen verbessern.<br \/>\nBei der <a href=\"http:\/\/schulebza.de\/gymnasiumneu\/schulfahrten\/\">Englandfahrt in der 8. Klasse<\/a> und beim Austausch mit unserer Partnerschule in <a href=\"http:\/\/schulebza.de\/gymnasiumneu\/schulfahrten\/\">Upper Arlington (Ohio)<\/a> in der <a href=\"http:\/\/schulebza.de\/gymnasiumneu\/mss\/\">Oberstufe<\/a> k\u00f6nnen unsere Sch\u00fclerinnen und Sch\u00fcler den Alltag in einer englischsprachigen Kultur erleben und ihren Horizont erweitern.<\/p>\n","protected":false},"excerpt":{"rendered":"<p>Von Actionfilm \u00fcber Date bis zum zoomen &#8211; das alles sind Worte, die wir fast t\u00e4glich verwenden und die als urspr\u00fcnglich englische W\u00f6rter in die deutsche Sprache \u00fcbernommen wurden. Die englische Sprache ist allgegenw\u00e4rtig. Wir begegnen ihr im Alltag, in der Musik, in den Medien oder im Sport. Doch ihre Bedeutung ist viel weitreichender: In&#8230;<\/p>\n<p class=\"more-link\"><a href=\"https:\/\/schulebza.de\/gymnasium\/englisch\/\" class=\"\"><span>Weiterlesen<\/span><i>&#43;<\/i><\/a><\/p>\n","protected":false},"author":1,"featured_media":0,"parent":0,"menu_order":0,"comment_status":"closed","ping_status":"closed","template":"","meta":{"footnotes":""},"categories":[],"tags":[],"class_list":["post-4873","page","type-page","status-publish","hentry"],"_links":{"self":[{"href":"https:\/\/schulebza.de\/gymnasium\/wp-json\/wp\/v2\/pages\/4873","targetHints":{"allow":["GET"]}}],"collection":[{"href":"https:\/\/schulebza.de\/gymnasium\/wp-json\/wp\/v2\/pages"}],"about":[{"href":"https:\/\/schulebza.de\/gymnasium\/wp-json\/wp\/v2\/types\/page"}],"author":[{"embeddable":true,"href":"https:\/\/schulebza.de\/gymnasium\/wp-json\/wp\/v2\/users\/1"}],"replies":[{"embeddable":true,"href":"https:\/\/schulebza.de\/gymnasium\/wp-json\/wp\/v2\/comments?post=4873"}],"version-history":[{"count":5,"href":"https:\/\/schulebza.de\/gymnasium\/wp-json\/wp\/v2\/pages\/4873\/revisions"}],"predecessor-version":[{"id":13374,"href":"https:\/\/schulebza.de\/gymnasium\/wp-json\/wp\/v2\/pages\/4873\/revisions\/13374"}],"wp:attachment":[{"href":"https:\/\/schulebza.de\/gymnasium\/wp-json\/wp\/v2\/media?parent=4873"}],"wp:term":[{"taxonomy":"category","embeddable":true,"href":"https:\/\/schulebza.de\/gymnasium\/wp-json\/wp\/v2\/categories?post=4873"},{"taxonomy":"post_tag","embeddable":true,"href":"https:\/\/schulebza.de\/gymnasium\/wp-json\/wp\/v2\/tags?post=4873"}],"curies":[{"name":"wp","href":"https:\/\/api.w.org\/{rel}","templated":true}]}}