{"id":4850,"date":"2019-04-26T19:53:01","date_gmt":"2019-04-26T17:53:01","guid":{"rendered":"http:\/\/schulebza.de\/gymnasiumneu\/?page_id=4850"},"modified":"2019-08-29T19:02:07","modified_gmt":"2019-08-29T17:02:07","slug":"physik","status":"publish","type":"page","link":"https:\/\/schulebza.de\/gymnasium\/physik\/","title":{"rendered":"Physik"},"content":{"rendered":"<p style=\"text-align: justify;\">Physik wird in der Klassenstufe 7 eingef\u00fchrt, wobei Grundlagen bereits in NAWI-Unterricht in den Klassenstufen 5 und 6 gelegt werden.<\/p>\n<p style=\"text-align: justify;\">Im Physikunterricht steht selbstst\u00e4ndiges und entdeckendes Lernen im Zentrum. Da fl\u00e4chendeckend passende Sch\u00fcler-\u00fcbungsk\u00e4sten von Klassenstufe 7 bis 13 existieren, kann dies auch entsprechend umgesetzt werden.<\/p>\n<p style=\"text-align: justify;\">Unterst\u00fctzt wird der Physikunterricht au\u00dferdem durch moderne Technik, sodass computerunterst\u00fctzte Versuchsaus-wertungen z.B. mit Tabellenkalkulations- oder Videoanalyseprogrammen m\u00f6glich sind.<br \/>\nPhysik als allgemeinbildendes Fach wird beim fach\u00fcbergreifenden Unterricht mit anderen F\u00e4chern wie z.B. Englisch, Religion in Jahrgangsstufe 12 erfahrbar gemacht.<\/p>\n<p style=\"text-align: justify;\">Teilnahmen an Wettbewerben wie \u201eJugend forscht\u201c wird mit entsprechenden AG\u2019s gef\u00f6rdert. So war z.B. die Schule 2014 und 2015 die erfolgreichste Schule landesweit im \u201e<a href=\"http:\/\/wettbewerbe\">Landeswettbewerb Physik<\/a>\u201c und konnte 2018 wieder Erfolge bei diesem <a href=\"http:\/\/schulebza.de\/gymnasiumneu\/wettbewerbe\/\">Wettbewerb<\/a> feiern..<\/p>\n","protected":false},"excerpt":{"rendered":"<p>Physik wird in der Klassenstufe 7 eingef\u00fchrt, wobei Grundlagen bereits in NAWI-Unterricht in den Klassenstufen 5 und 6 gelegt werden. Im Physikunterricht steht selbstst\u00e4ndiges und entdeckendes Lernen im Zentrum. Da fl\u00e4chendeckend passende Sch\u00fcler-\u00fcbungsk\u00e4sten von Klassenstufe 7 bis 13 existieren, kann dies auch entsprechend umgesetzt werden. Unterst\u00fctzt wird der Physikunterricht au\u00dferdem durch moderne Technik, sodass computerunterst\u00fctzte&#8230;<\/p>\n<p class=\"more-link\"><a href=\"https:\/\/schulebza.de\/gymnasium\/physik\/\" class=\"\"><span>Weiterlesen<\/span><i>&#43;<\/i><\/a><\/p>\n","protected":false},"author":1,"featured_media":0,"parent":0,"menu_order":0,"comment_status":"closed","ping_status":"closed","template":"","meta":{"footnotes":""},"categories":[],"tags":[],"class_list":["post-4850","page","type-page","status-publish","hentry"],"_links":{"self":[{"href":"https:\/\/schulebza.de\/gymnasium\/wp-json\/wp\/v2\/pages\/4850","targetHints":{"allow":["GET"]}}],"collection":[{"href":"https:\/\/schulebza.de\/gymnasium\/wp-json\/wp\/v2\/pages"}],"about":[{"href":"https:\/\/schulebza.de\/gymnasium\/wp-json\/wp\/v2\/types\/page"}],"author":[{"embeddable":true,"href":"https:\/\/schulebza.de\/gymnasium\/wp-json\/wp\/v2\/users\/1"}],"replies":[{"embeddable":true,"href":"https:\/\/schulebza.de\/gymnasium\/wp-json\/wp\/v2\/comments?post=4850"}],"version-history":[{"count":6,"href":"https:\/\/schulebza.de\/gymnasium\/wp-json\/wp\/v2\/pages\/4850\/revisions"}],"predecessor-version":[{"id":6363,"href":"https:\/\/schulebza.de\/gymnasium\/wp-json\/wp\/v2\/pages\/4850\/revisions\/6363"}],"wp:attachment":[{"href":"https:\/\/schulebza.de\/gymnasium\/wp-json\/wp\/v2\/media?parent=4850"}],"wp:term":[{"taxonomy":"category","embeddable":true,"href":"https:\/\/schulebza.de\/gymnasium\/wp-json\/wp\/v2\/categories?post=4850"},{"taxonomy":"post_tag","embeddable":true,"href":"https:\/\/schulebza.de\/gymnasium\/wp-json\/wp\/v2\/tags?post=4850"}],"curies":[{"name":"wp","href":"https:\/\/api.w.org\/{rel}","templated":true}]}}