{"id":4834,"date":"2019-04-26T19:15:22","date_gmt":"2019-04-26T17:15:22","guid":{"rendered":"http:\/\/schulebza.de\/gymnasiumneu\/?page_id=4834"},"modified":"2019-04-26T19:15:22","modified_gmt":"2019-04-26T17:15:22","slug":"latein","status":"publish","type":"page","link":"https:\/\/schulebza.de\/gymnasium\/latein\/","title":{"rendered":"Latein"},"content":{"rendered":"<p style=\"text-align: justify;\"><img decoding=\"async\" class=\"size-medium wp-image-4835 alignleft\" src=\"http:\/\/schulebza.de\/gymnasiumneu\/wp-content\/uploads\/2019\/04\/alt-antik-architektur-615344-200x300.jpg\" alt=\"\" width=\"200\" height=\"300\" srcset=\"https:\/\/schulebza.de\/gymnasium\/wp-content\/uploads\/2019\/04\/alt-antik-architektur-615344-200x300.jpg 200w, https:\/\/schulebza.de\/gymnasium\/wp-content\/uploads\/2019\/04\/alt-antik-architektur-615344-768x1154.jpg 768w, https:\/\/schulebza.de\/gymnasium\/wp-content\/uploads\/2019\/04\/alt-antik-architektur-615344-681x1024.jpg 681w\" sizes=\"(max-width: 200px) 100vw, 200px\" \/>Die lateinische Sprache bietet dem Lernenden ein grammatisches System, das das Erlernen der Struktur anderer Sprachen erleichtert, und von lateinischen W\u00f6rtern lassen sich W\u00f6rter anderer Sprachen ableiten. In diesem Sinne leistet Latein einen wichtigen Beitrag zur Mehrsprachigkeit unserer Sch\u00fcler.<\/p>\n<p style=\"text-align: justify;\">Latein schult dar\u00fcber hinaus in besonderer Weise die F\u00e4higkeiten zur wissenschaftlich genauen Analyse, Abstraktion und Reflexion und fokussiert inhaltlich die Grundlagen europ\u00e4ischer Kultur und Geschichte.<\/p>\n<p style=\"text-align: justify;\">In der Auseinandersetzung mit den Texten lateinischer Autoren und vor dem Hintergrund einflussreicher Gedanken der Antike wird dem Lernenden zudem erkennend und kritisch reflektierend der eigene Standpunkt im Rahmen der Geistesgeschichte bewusst.<\/p>\n<p style=\"text-align: justify;\">Latein k\u00f6nnen die Sch\u00fclerinnen und Sch\u00fcler im Gymnasium des Alfred-Grosser-Schulzentrums nur ab der 9. Klasse als Wahlfach lernen. Wer Latein bis zur 13. Jahrgangsstufe beibeh\u00e4lt und wenigstens mit der Note ausreichend abschlie\u00dft, erwirbt das <u>Latinum<\/u> (<a href=\"https:\/\/rfb.bildung-rp.de\/latein\/materialien\/rechtsgrundlagen\/latinum.html\">https:\/\/rfb.bildung-rp.de\/latein\/materialien\/rechtsgrundlagen\/latinum.html<\/a>).<\/p>\n<p style=\"text-align: justify;\">Der Nachweis des Latinums kann Voraussetzung f\u00fcr die Zulassung zu Studieng\u00e4ngen sein (Unterschiede je nach Studienfach\/ Universit\u00e4t).<\/p>\n<p style=\"text-align: justify;\">F\u00fcr geeignete Sch\u00fclerinnen und Sch\u00fcler wird dar\u00fcber hinaus die Pr\u00fcfung zum <u>Gro\u00dfen Latinum<\/u> angeboten, das f\u00fcr bestimmte Studienf\u00e4cher\/an bestimmten Studienorten ebenfalls eine Studienvoraussetzung sein kann.<\/p>\n<p style=\"text-align: justify;\">Die M\u00f6glichkeit, Latein als zweite Fremdsprache zu erlernen, gibt es in Bad Bergzabern nicht.<\/p>\n","protected":false},"excerpt":{"rendered":"<p>Die lateinische Sprache bietet dem Lernenden ein grammatisches System, das das Erlernen der Struktur anderer Sprachen erleichtert, und von lateinischen W\u00f6rtern lassen sich W\u00f6rter anderer Sprachen ableiten. In diesem Sinne leistet Latein einen wichtigen Beitrag zur Mehrsprachigkeit unserer Sch\u00fcler. Latein schult dar\u00fcber hinaus in besonderer Weise die F\u00e4higkeiten zur wissenschaftlich genauen Analyse, Abstraktion und Reflexion&#8230;<\/p>\n<p class=\"more-link\"><a href=\"https:\/\/schulebza.de\/gymnasium\/latein\/\" class=\"\"><span>Weiterlesen<\/span><i>&#43;<\/i><\/a><\/p>\n","protected":false},"author":1,"featured_media":0,"parent":0,"menu_order":0,"comment_status":"closed","ping_status":"closed","template":"","meta":{"footnotes":""},"categories":[],"tags":[],"class_list":["post-4834","page","type-page","status-publish","hentry"],"_links":{"self":[{"href":"https:\/\/schulebza.de\/gymnasium\/wp-json\/wp\/v2\/pages\/4834","targetHints":{"allow":["GET"]}}],"collection":[{"href":"https:\/\/schulebza.de\/gymnasium\/wp-json\/wp\/v2\/pages"}],"about":[{"href":"https:\/\/schulebza.de\/gymnasium\/wp-json\/wp\/v2\/types\/page"}],"author":[{"embeddable":true,"href":"https:\/\/schulebza.de\/gymnasium\/wp-json\/wp\/v2\/users\/1"}],"replies":[{"embeddable":true,"href":"https:\/\/schulebza.de\/gymnasium\/wp-json\/wp\/v2\/comments?post=4834"}],"version-history":[{"count":3,"href":"https:\/\/schulebza.de\/gymnasium\/wp-json\/wp\/v2\/pages\/4834\/revisions"}],"predecessor-version":[{"id":4838,"href":"https:\/\/schulebza.de\/gymnasium\/wp-json\/wp\/v2\/pages\/4834\/revisions\/4838"}],"wp:attachment":[{"href":"https:\/\/schulebza.de\/gymnasium\/wp-json\/wp\/v2\/media?parent=4834"}],"wp:term":[{"taxonomy":"category","embeddable":true,"href":"https:\/\/schulebza.de\/gymnasium\/wp-json\/wp\/v2\/categories?post=4834"},{"taxonomy":"post_tag","embeddable":true,"href":"https:\/\/schulebza.de\/gymnasium\/wp-json\/wp\/v2\/tags?post=4834"}],"curies":[{"name":"wp","href":"https:\/\/api.w.org\/{rel}","templated":true}]}}