{"id":4819,"date":"2019-04-26T19:02:16","date_gmt":"2019-04-26T17:02:16","guid":{"rendered":"http:\/\/schulebza.de\/gymnasiumneu\/?page_id=4819"},"modified":"2024-11-04T19:14:30","modified_gmt":"2024-11-04T18:14:30","slug":"nawi-klasse","status":"publish","type":"page","link":"https:\/\/schulebza.de\/gymnasium\/nawi-klasse\/","title":{"rendered":"NaWi-Klasse"},"content":{"rendered":"<p>Mit dem Schuljahr 2015\/16 wurde das Angebot zur Schwerpunktsetzung in der <a href=\"http:\/\/schulebza.de\/gymnasiumneu\/gos\/\">GOS<\/a> um die \u201cNaWi-Klasse\u201c erweitert. Hier erhalten die Sch\u00fcler einen vertieften <a href=\"http:\/\/schulebza.de\/gymnasiumneu\/mint\/\">naturwissenschaftlichen Unterricht<\/a> durch \u2026<\/p>\n<ul>\n<li>zwei zus\u00e4tzliche Stunden am Nachmittag, in denen im Teamteaching mit einer zweiten Lehrkraft verst\u00e4rkt handlungs- und praxisorientiert an konkreten naturwissenschaftlichen Ph\u00e4nomenen oder langfristigen Projekten gearbeitet wird.<\/li>\n<li>eine mehrt\u00e4gige fachbezogene Klassenfahrt.<\/li>\n<\/ul>\n<div id=\"su_slider_69edef5cbf549\" class=\"su-slider su-slider-centered su-slider-pages-yes su-slider-responsive-yes\" style=\"width:100%\" data-autoplay=\"3000\" data-speed=\"600\" data-mousewheel=\"true\"><div class=\"su-slider-slides\"><div class=\"su-slider-slide\"><a><img decoding=\"async\" src=\"https:\/\/schulebza.de\/gymnasium\/wp-content\/uploads\/2019\/04\/otter2-600x300.jpg\" alt=\"Otterberg 2018\" \/><span class=\"su-slider-slide-title\">Otterberg 2018<\/span><\/a><\/div><div class=\"su-slider-slide\"><a><img decoding=\"async\" src=\"https:\/\/schulebza.de\/gymnasium\/wp-content\/uploads\/2019\/04\/otter1-600x300.jpg\" alt=\"Otterberg 2018\" \/><span class=\"su-slider-slide-title\">Otterberg 2018<\/span><\/a><\/div><\/div><div class=\"su-slider-nav\"><div class=\"su-slider-direction\"><span class=\"su-slider-prev\"><\/span><span class=\"su-slider-next\"><\/span><\/div><div class=\"su-slider-pagination\"><\/div><\/div><\/div>weitere Projekttage, Unterrichtg\u00e4nge oder Teilnahme an <a href=\"http:\/\/schulebza.de\/gymnasiumneu\/wettbewerbe\/\">Wettbewerben<\/a>, wie dem Informatikbiber <em>(<\/em><a href=\"https:\/\/bwinf.de\/biber\"><em>https:\/\/bwinf.de\/biber<\/em><\/a><em>)<\/em>.<\/p>\n<div id=\"su_slider_69edef5cbfca5\" class=\"su-slider su-slider-centered su-slider-pages-yes su-slider-responsive-yes\" style=\"width:100%\" data-autoplay=\"3000\" data-speed=\"600\" data-mousewheel=\"true\"><div class=\"su-slider-slides\"><div class=\"su-slider-slide\"><a><img decoding=\"async\" src=\"https:\/\/schulebza.de\/gymnasium\/wp-content\/uploads\/2019\/04\/kidslab2-600x300.jpg\" alt=\"2019 im Kids Lab der BASF\" \/><span class=\"su-slider-slide-title\">2019 im Kids Lab der BASF<\/span><\/a><\/div><div class=\"su-slider-slide\"><a><img decoding=\"async\" src=\"https:\/\/schulebza.de\/gymnasium\/wp-content\/uploads\/2019\/04\/kidslab1-600x300.jpg\" alt=\"2019 im Kids Lab der BASF\" \/><span class=\"su-slider-slide-title\">2019 im Kids Lab der BASF<\/span><\/a><\/div><\/div><div class=\"su-slider-nav\"><div class=\"su-slider-direction\"><span class=\"su-slider-prev\"><\/span><span class=\"su-slider-next\"><\/span><\/div><div class=\"su-slider-pagination\"><\/div><\/div><\/div>\n<p>Inhaltlich werden die Sch\u00fcler mit einem breiten Konzeptwissen und Fachwortschaft aus den naturwissenschaftlichen Teildisziplinen <a href=\"http:\/\/schulebza.de\/gymnasiumneu\/mint\/\">Biologie, Physik und Chemie<\/a> sowie den Geowissenschaften auf den weiterf\u00fchrenden Fachunterricht der Mittelstufe vorbereitet.<\/p>\n<p>Methodisch legt der NaWi-Unterricht den Schwerpunkt auf das Einf\u00fchren und \u00dcben naturwissenschaftlicher Arbeits- und Denkweisen, wie dem \u2026<\/p>\n<ul>\n<li>Hinterfragen nat\u00fcrlicher Ph\u00e4nomene,<\/li>\n<li>Entwickeln von Hypothesen auf Basis des erworbenen Fachwissens,<\/li>\n<li>Planen und Durchf\u00fchren von Versuchen und Experimenten,<\/li>\n<li>genauen Erfassen und Darstellen von Beobachtungen, z.B. durch exakte Messungen oder mikroskopische Zeichnungen,<\/li>\n<li>Arbeiten mit Modellen.<\/li>\n<\/ul>\n<p>Zentrales Element naturwissenschaftlichen Arbeitens ist das Erstellen eines Protokolls, welches den Erkenntnisgewinn dokumentiert. Durch das Vortragen und Pr\u00e4sentieren von Versuchsergebnissen, bei denen sich die Sch\u00fcler auch Fragen und Kritik der Mitsch\u00fcler stellen m\u00fcssen, gewinnen sie an Selbstvertrauen.<\/p>\n<p>Die folgende Bilderserie zeigt eine Auswahl der Projekte der letzten Jahre:<\/p>\n<div id=\"su_slider_69edef5cc022b\" class=\"su-slider su-slider-centered su-slider-pages-yes su-slider-responsive-yes\" style=\"width:100%\" data-autoplay=\"3000\" data-speed=\"600\" data-mousewheel=\"true\"><div class=\"su-slider-slides\"><div class=\"su-slider-slide\"><a><img decoding=\"async\" src=\"https:\/\/schulebza.de\/gymnasium\/wp-content\/uploads\/2019\/04\/Gartenarche-600x300.jpg\" alt=\"Bau einer Gartenarche 2016\/2018\" \/><span class=\"su-slider-slide-title\">Bau einer Gartenarche 2016\/2018<\/span><\/a><\/div><div class=\"su-slider-slide\"><a><img decoding=\"async\" src=\"https:\/\/schulebza.de\/gymnasium\/wp-content\/uploads\/2019\/04\/Streuobstwiese1-600x300.jpg\" alt=\"Die Streuobstwiese im Jahresverlauf 2017\/2019\" \/><span class=\"su-slider-slide-title\">Die Streuobstwiese im Jahresverlauf 2017\/2019<\/span><\/a><\/div><div class=\"su-slider-slide\"><a><img decoding=\"async\" src=\"https:\/\/schulebza.de\/gymnasium\/wp-content\/uploads\/2019\/04\/Streuobstwiese2-600x300.jpg\" alt=\"Die Streuobstwiese im Jahresverlauf 2017\/2019\" \/><span class=\"su-slider-slide-title\">Die Streuobstwiese im Jahresverlauf 2017\/2019<\/span><\/a><\/div><div class=\"su-slider-slide\"><a><img decoding=\"async\" src=\"https:\/\/schulebza.de\/gymnasium\/wp-content\/uploads\/2019\/04\/Winzer-600x300.jpg\" alt=\"Die Arbeit der Winzer 2016\" \/><span class=\"su-slider-slide-title\">Die Arbeit der Winzer 2016<\/span><\/a><\/div><\/div><div class=\"su-slider-nav\"><div class=\"su-slider-direction\"><span class=\"su-slider-prev\"><\/span><span class=\"su-slider-next\"><\/span><\/div><div class=\"su-slider-pagination\"><\/div><\/div><\/div>\n<p>&nbsp;<\/p>\n","protected":false},"excerpt":{"rendered":"<p>Mit dem Schuljahr 2015\/16 wurde das Angebot zur Schwerpunktsetzung in der GOS um die \u201cNaWi-Klasse\u201c erweitert. Hier erhalten die Sch\u00fcler einen vertieften naturwissenschaftlichen Unterricht durch \u2026 zwei zus\u00e4tzliche Stunden am Nachmittag, in denen im Teamteaching mit einer zweiten Lehrkraft verst\u00e4rkt handlungs- und praxisorientiert an konkreten naturwissenschaftlichen Ph\u00e4nomenen oder langfristigen Projekten gearbeitet wird. eine mehrt\u00e4gige fachbezogene&#8230;<\/p>\n<p class=\"more-link\"><a href=\"https:\/\/schulebza.de\/gymnasium\/nawi-klasse\/\" class=\"\"><span>Weiterlesen<\/span><i>&#43;<\/i><\/a><\/p>\n","protected":false},"author":1,"featured_media":0,"parent":0,"menu_order":0,"comment_status":"closed","ping_status":"closed","template":"","meta":{"footnotes":""},"categories":[],"tags":[],"class_list":["post-4819","page","type-page","status-publish","hentry"],"_links":{"self":[{"href":"https:\/\/schulebza.de\/gymnasium\/wp-json\/wp\/v2\/pages\/4819","targetHints":{"allow":["GET"]}}],"collection":[{"href":"https:\/\/schulebza.de\/gymnasium\/wp-json\/wp\/v2\/pages"}],"about":[{"href":"https:\/\/schulebza.de\/gymnasium\/wp-json\/wp\/v2\/types\/page"}],"author":[{"embeddable":true,"href":"https:\/\/schulebza.de\/gymnasium\/wp-json\/wp\/v2\/users\/1"}],"replies":[{"embeddable":true,"href":"https:\/\/schulebza.de\/gymnasium\/wp-json\/wp\/v2\/comments?post=4819"}],"version-history":[{"count":6,"href":"https:\/\/schulebza.de\/gymnasium\/wp-json\/wp\/v2\/pages\/4819\/revisions"}],"predecessor-version":[{"id":13369,"href":"https:\/\/schulebza.de\/gymnasium\/wp-json\/wp\/v2\/pages\/4819\/revisions\/13369"}],"wp:attachment":[{"href":"https:\/\/schulebza.de\/gymnasium\/wp-json\/wp\/v2\/media?parent=4819"}],"wp:term":[{"taxonomy":"category","embeddable":true,"href":"https:\/\/schulebza.de\/gymnasium\/wp-json\/wp\/v2\/categories?post=4819"},{"taxonomy":"post_tag","embeddable":true,"href":"https:\/\/schulebza.de\/gymnasium\/wp-json\/wp\/v2\/tags?post=4819"}],"curies":[{"name":"wp","href":"https:\/\/api.w.org\/{rel}","templated":true}]}}