{"id":4807,"date":"2019-04-26T18:45:54","date_gmt":"2019-04-26T16:45:54","guid":{"rendered":"http:\/\/schulebza.de\/gymnasiumneu\/?page_id=4807"},"modified":"2019-09-14T18:31:37","modified_gmt":"2019-09-14T16:31:37","slug":"francemobil","status":"publish","type":"page","link":"https:\/\/schulebza.de\/gymnasium\/francemobil\/","title":{"rendered":"FranceMobil"},"content":{"rendered":"<div id=\"su_slider_69e95cee8fed2\" class=\"su-slider su-slider-centered su-slider-pages-yes su-slider-responsive-yes\" style=\"width:100%\" data-autoplay=\"3000\" data-speed=\"600\" data-mousewheel=\"true\"><div class=\"su-slider-slides\"><div class=\"su-slider-slide\"><a><img decoding=\"async\" src=\"https:\/\/schulebza.de\/gymnasium\/wp-content\/uploads\/2019\/04\/FranceMolbil-600x300.jpg\" alt=\"FranceMobil\" \/><span class=\"su-slider-slide-title\">FranceMobil<\/span><\/a><\/div><div class=\"su-slider-slide\"><a><img decoding=\"async\" src=\"https:\/\/schulebza.de\/gymnasium\/wp-content\/uploads\/2019\/04\/FranceMobil2-600x300.jpg\" alt=\"FranceMobil\" \/><span class=\"su-slider-slide-title\">FranceMobil<\/span><\/a><\/div><div class=\"su-slider-slide\"><a><img decoding=\"async\" src=\"https:\/\/schulebza.de\/gymnasium\/wp-content\/uploads\/2019\/04\/FranceMobil1-600x300.jpg\" alt=\"FranceMobil\" \/><span class=\"su-slider-slide-title\">FranceMobil<\/span><\/a><\/div><\/div><div class=\"su-slider-nav\"><div class=\"su-slider-direction\"><span class=\"su-slider-prev\"><\/span><span class=\"su-slider-next\"><\/span><\/div><div class=\"su-slider-pagination\"><\/div><\/div><\/div>\n<p style=\"text-align: justify;\">FranceMobil ist ein kostenloses Programm des <a href=\"https:\/\/www.institutfrancais.de\/\" target=\"_blank\" rel=\"noopener noreferrer\">Institut fran\u00e7ais Deutschland<\/a> und des <a href=\"https:\/\/www.dfjw.org\/\" target=\"_blank\" rel=\"noopener noreferrer\">Deutsch-Franz\u00f6sischen Jugendwerk (DFJW)<\/a>, das 2002 von der Robert Bosch Stiftung und der Franz\u00f6sischen Botschaft in Berlin ins Leben gerufen wurde. Zw\u00f6lf franz\u00f6sische Lektorinnen und Lektoren, darunter die 25-j\u00e4hrige Franz\u00f6sin Marion Kieber, fahren mit ihren von Renault Deutschland AG bereitgestellten Kangoos ein Jahr lang durch Deutschland, um Sch\u00fclerinnen und Sch\u00fcler spielerisch f\u00fcr die <a href=\"http:\/\/schulebza.de\/gymnasiumneu\/franzoesisch\/\">franz\u00f6sische<\/a> Sprache und Kultur zu begeistern. Sie zeigen auch Lehrkr\u00e4ften und Eltern ein zeitgem\u00e4\u00dfes Frankreichbild und liefern Informationen zur Fremdsprachenwahl.<\/p>\n<p style=\"text-align: justify;\"><img decoding=\"async\" class=\"alignleft wp-image-4817\" src=\"http:\/\/schulebza.de\/gymnasiumneu\/wp-content\/uploads\/2019\/04\/fra_mob-300x178.png\" alt=\"\" width=\"233\" height=\"138\" srcset=\"https:\/\/schulebza.de\/gymnasium\/wp-content\/uploads\/2019\/04\/fra_mob-300x178.png 300w, https:\/\/schulebza.de\/gymnasium\/wp-content\/uploads\/2019\/04\/fra_mob-768x456.png 768w, https:\/\/schulebza.de\/gymnasium\/wp-content\/uploads\/2019\/04\/fra_mob.png 867w\" sizes=\"(max-width: 233px) 100vw, 233px\" \/>Als Marion Kieber am 28.09.2017 den Raum 204 der Realschule Plus vorbereitet, wird bereits deutlich, dass sich die gleich eintreffenden Sch\u00fcler der Orientierungsstufe wohl f\u00fchlen sollen und alles andere als normaler Franz\u00f6sischunterricht stattfinden wird. In einem gro\u00dfen Sitzkreis begr\u00fc\u00dft die aus Stra\u00dfburg stammende und in Mainz lebende Franz\u00f6sin die neugierigen Franz\u00f6sischanf\u00e4nger bereits spielerisch. Als sie vier verschiedene Begr\u00fc\u00dfungsformeln vorstellt, \u00fcberrascht sie die Sch\u00fcler vor allem mit der ihnen noch unbekannten Begr\u00fc\u00dfung <em>WESH.<\/em> Diese zelebriert sie mit mehreren Sch\u00fclern mit einem coolen Handschlag und erreicht damit sofort die volle Aufmerksamkeit der aus ca. 20 Sch\u00fclern bestehenden Sch\u00fclergruppe. 45 Minuten lang bringt die junge Lektorin Freude in das <em>FranceMobil<\/em> Klassenzimmer. Sie l\u00e4sst die Sch\u00fcler nicht nur erkennen, dass sie bereits ein breites Vokabelwissen in einer Fremdsprache mitbringen, sondern motiviert sie auch f\u00fcr neue W\u00f6rter mit abwechslungsreichen und zum Teil bewegungsintensiven Vokabelspielen. Darunter zum Beispiel das <em>t\u00e9l\u00e9phone arabe, <\/em>welches dem deutschen &#8222;Stille Post&#8220; gleichkommt. Au\u00dferdem schult sie in kleinen Teamwettk\u00e4mpfen und mit Musikh\u00f6rauftr\u00e4gen das H\u00f6rverstehen der aufmerksamen Sch\u00fcler. Die in <em>\u00e9quipes<\/em> gegeneinander antretenden <em>Croissants, Baguettes<\/em> und <em>Cr\u00eapes <\/em>setzen sich dabei aufgrund des Wettkampfcharakters gerne und intensiv mit den teilweise recht anspruchsvollen H\u00f6rauftr\u00e4gen auseinander.<\/p>\n<p style=\"text-align: justify;\">Am Ende jeder Animation wird Marion Kieber mit Applaus von den gut gelaunten Sch\u00fclern verabschiedet, die die junge Franz\u00f6sin nicht zuletzt auch wegen ihrer aufgeschlossenen und ungezwungenen Art in ihr Herz geschlossen haben. Es ist ihr gelungen, ihre Leidenschaft f\u00fcr franz\u00f6sische Kultur und Musik mit den deutschen Sch\u00fclern zu teilen.<\/p>\n<p style=\"text-align: justify;\">Danke an FranceMobil und an Marion Kieber f\u00fcr vier begeistert angenommene Animationsstunden, die den Sch\u00fclern gezeigt haben, dass Franz\u00f6sisch lernen richtig viel Spa\u00df machen kann!<\/p>\n<p style=\"text-align: justify;\">(WEB)<\/p>\n","protected":false},"excerpt":{"rendered":"<p>FranceMobil ist ein kostenloses Programm des Institut fran\u00e7ais Deutschland und des Deutsch-Franz\u00f6sischen Jugendwerk (DFJW), das 2002 von der Robert Bosch Stiftung und der Franz\u00f6sischen Botschaft in Berlin ins Leben gerufen wurde. Zw\u00f6lf franz\u00f6sische Lektorinnen und Lektoren, darunter die 25-j\u00e4hrige Franz\u00f6sin Marion Kieber, fahren mit ihren von Renault Deutschland AG bereitgestellten Kangoos ein Jahr lang durch&#8230;<\/p>\n<p class=\"more-link\"><a href=\"https:\/\/schulebza.de\/gymnasium\/francemobil\/\" class=\"\"><span>Weiterlesen<\/span><i>&#43;<\/i><\/a><\/p>\n","protected":false},"author":1,"featured_media":0,"parent":0,"menu_order":0,"comment_status":"closed","ping_status":"closed","template":"","meta":{"footnotes":""},"categories":[],"tags":[],"class_list":["post-4807","page","type-page","status-publish","hentry"],"_links":{"self":[{"href":"https:\/\/schulebza.de\/gymnasium\/wp-json\/wp\/v2\/pages\/4807","targetHints":{"allow":["GET"]}}],"collection":[{"href":"https:\/\/schulebza.de\/gymnasium\/wp-json\/wp\/v2\/pages"}],"about":[{"href":"https:\/\/schulebza.de\/gymnasium\/wp-json\/wp\/v2\/types\/page"}],"author":[{"embeddable":true,"href":"https:\/\/schulebza.de\/gymnasium\/wp-json\/wp\/v2\/users\/1"}],"replies":[{"embeddable":true,"href":"https:\/\/schulebza.de\/gymnasium\/wp-json\/wp\/v2\/comments?post=4807"}],"version-history":[{"count":5,"href":"https:\/\/schulebza.de\/gymnasium\/wp-json\/wp\/v2\/pages\/4807\/revisions"}],"predecessor-version":[{"id":6531,"href":"https:\/\/schulebza.de\/gymnasium\/wp-json\/wp\/v2\/pages\/4807\/revisions\/6531"}],"wp:attachment":[{"href":"https:\/\/schulebza.de\/gymnasium\/wp-json\/wp\/v2\/media?parent=4807"}],"wp:term":[{"taxonomy":"category","embeddable":true,"href":"https:\/\/schulebza.de\/gymnasium\/wp-json\/wp\/v2\/categories?post=4807"},{"taxonomy":"post_tag","embeddable":true,"href":"https:\/\/schulebza.de\/gymnasium\/wp-json\/wp\/v2\/tags?post=4807"}],"curies":[{"name":"wp","href":"https:\/\/api.w.org\/{rel}","templated":true}]}}