{"id":4802,"date":"2019-04-26T18:41:02","date_gmt":"2019-04-26T16:41:02","guid":{"rendered":"http:\/\/schulebza.de\/gymnasiumneu\/?page_id=4802"},"modified":"2025-04-01T14:23:04","modified_gmt":"2025-04-01T12:23:04","slug":"certilingua","status":"publish","type":"page","link":"https:\/\/schulebza.de\/gymnasium\/certilingua\/","title":{"rendered":"CertiLingua"},"content":{"rendered":"<p style=\"text-align: justify;\"><strong><a href=\"mailto:olivier.schaechter@schulebza.de\"><img decoding=\"async\" class=\"alignleft wp-image-6344 size-full\" src=\"https:\/\/schulebza.de\/gymnasium\/wp-content\/uploads\/2019\/08\/verti.jpg\" alt=\"\" width=\"136\" height=\"145\" \/><\/a>Was ist CertiLingua?<\/strong><\/p>\n<p style=\"text-align: justify;\">CertiLingua ist ein Exzellenzlabel, das vom <a href=\"https:\/\/www.certilingua.net\/\">Land NRW<\/a> gemeinsam mit weiteren Bundesl\u00e4ndern und mehreren europ\u00e4ischen Partnerl\u00e4ndern entwickelt wurde.<\/p>\n<p style=\"text-align: justify;\">Es richtet sich an Sch\u00fclerinnen und Sch\u00fcler mit guten bis sehr guten Leistungen in modernen Fremdsprachen (<a href=\"http:\/\/schulebza.de\/gymnasiumneu\/englisch\/\">Englisch<\/a>\/<a href=\"http:\/\/schulebza.de\/gymnasiumneu\/franzoesisch\/\">Franz\u00f6sisch<\/a>\/<a href=\"http:\/\/schulebza.de\/gymnasiumneu\/spanisch\/\">Spanisch<\/a>) und kann in der <a href=\"http:\/\/schulebza.de\/gymnasiumneu\/schulstufen\/\">Oberstufe<\/a> mit dem Abschluss des Abiturs erworben werden.<strong>\u00a0<\/strong><\/p>\n<p style=\"text-align: justify;\"><strong>Was bringt mir CertiLingua?<\/strong><\/p>\n<p style=\"text-align: justify;\">CertiLingua f\u00f6rdert Mehrsprachigkeit, interkulturelles Lernen und internationale Zusammenarbeit.<\/p>\n<p style=\"text-align: justify;\">Der Zugang zu internationalen Studieng\u00e4ngen und zur internationalen Arbeitswelt wird erleichtert, so kann das Zertifikat beispielsweise bei Bewerbungen (f\u00fcr Praktika, Stipendien etc.) beigelegt werden. Au\u00dferdem gewinnt der Sch\u00fcler\/die Sch\u00fclerin an internationaler Erfahrung und Kontakten.<\/p>\n<p style=\"text-align: justify;\"><strong>Was muss ich tun, um das Zertifikat zu erhalten?<\/strong><\/p>\n<p style=\"text-align: justify;\">Um das Exzellenzlabel zusammen mit dem Abitur zu erhalten, m\u00fcssen w\u00e4hrend der Oberstufenzeit drei Kompetenzen nachgewiesen werden:<\/p>\n<ul style=\"text-align: justify;\">\n<li><strong>Fremdsprachliche Kompetenz<\/strong><\/li>\n<\/ul>\n<p style=\"text-align: justify;\">Mindestens zwei fortgef\u00fchrte moderne Fremdsprachen (Englisch\/Franz\u00f6sisch\/Spanisch) m\u00fcssen bis zum Abitur belegt und in den Halbjahreszeugnissen der Oberstufe (11\/1-13) mit jeweils mindestens 10 MSS-Punkten dokumentiert werden. Die Belegung mindestens einer der Sprachen als Leistungskurs wird dringend empfohlen, da die Durchf\u00fchrung und schriftliche Fixierung der Projektarbeit im Niveau B2-C1 stattfinden muss.<\/p>\n<ul style=\"text-align: justify;\">\n<li><strong>Bilinguale Kompetenz<\/strong><\/li>\n<\/ul>\n<p style=\"text-align: justify;\">Das bilinguale Sachfach <em>histoire<\/em> bzw. <em>g\u00e9ographie<\/em> (oder die beiden bilingualen Sachf\u00e4cher <em>histoire<\/em> und <em>g\u00e9ographie<\/em> in Kombination mit Abibac) muss in der Oberstufe belegt und mit mindestens 10 MSS-Punkten in den Zeugnissen (11\/1-13) dokumentiert werden.<\/p>\n<ul style=\"text-align: justify;\">\n<li><strong>Europ\u00e4ische \/ internationale Kompetenz<\/strong><\/li>\n<\/ul>\n<p style=\"text-align: justify;\">Im Rahmen einer internationalen Begegnungssituation soll mit einer Kontaktperson aus einem anderen Land (sinnvollerweise im franz\u00f6sischen oder englischen Sprachraum) ein gemeinsames Projekt durchgef\u00fchrt werden. Dazu soll eine 10-12-seitige Projektdokumentation in der Fremdsprache (Englisch oder Franz\u00f6sisch) im sprachlichen Niveau B2-C1 verfasst werden. Zur selbstst\u00e4ndigen Planung und zum Verfassen sollte die Jahrgangsstufe 12 verwendet werden. Die Abgabe der Arbeit erfolgt am Anfang der Jahrgangstufe 13.<\/p>\n<p style=\"text-align: justify;\"><strong>Noch Fragen?<\/strong><\/p>\n<p style=\"text-align: justify;\">Beratungsgespr\u00e4che sind stets m\u00f6glich und \u00e4u\u00dferst wichtig. Die Projektideen m\u00fcssen gemeinsam besprochen werden. Wer das CertiLingua-Zertifikat erreichen m\u00f6chte, muss fr\u00fchzeitig initiativ werden.<\/p>\n<p style=\"text-align: justify;\"><strong>Ansprechpartner f\u00fcr CertiLingua: Herr Sch\u00e4chter (olivier.schaechter@schulebza.de)<br \/>\n<\/strong><\/p>\n","protected":false},"excerpt":{"rendered":"<p>Was ist CertiLingua? CertiLingua ist ein Exzellenzlabel, das vom Land NRW gemeinsam mit weiteren Bundesl\u00e4ndern und mehreren europ\u00e4ischen Partnerl\u00e4ndern entwickelt wurde. Es richtet sich an Sch\u00fclerinnen und Sch\u00fcler mit guten bis sehr guten Leistungen in modernen Fremdsprachen (Englisch\/Franz\u00f6sisch\/Spanisch) und kann in der Oberstufe mit dem Abschluss des Abiturs erworben werden.\u00a0 Was bringt mir CertiLingua? CertiLingua&#8230;<\/p>\n<p class=\"more-link\"><a href=\"https:\/\/schulebza.de\/gymnasium\/certilingua\/\" class=\"\"><span>Weiterlesen<\/span><i>&#43;<\/i><\/a><\/p>\n","protected":false},"author":1,"featured_media":0,"parent":0,"menu_order":0,"comment_status":"closed","ping_status":"closed","template":"","meta":{"footnotes":""},"categories":[],"tags":[],"class_list":["post-4802","page","type-page","status-publish","hentry"],"_links":{"self":[{"href":"https:\/\/schulebza.de\/gymnasium\/wp-json\/wp\/v2\/pages\/4802","targetHints":{"allow":["GET"]}}],"collection":[{"href":"https:\/\/schulebza.de\/gymnasium\/wp-json\/wp\/v2\/pages"}],"about":[{"href":"https:\/\/schulebza.de\/gymnasium\/wp-json\/wp\/v2\/types\/page"}],"author":[{"embeddable":true,"href":"https:\/\/schulebza.de\/gymnasium\/wp-json\/wp\/v2\/users\/1"}],"replies":[{"embeddable":true,"href":"https:\/\/schulebza.de\/gymnasium\/wp-json\/wp\/v2\/comments?post=4802"}],"version-history":[{"count":9,"href":"https:\/\/schulebza.de\/gymnasium\/wp-json\/wp\/v2\/pages\/4802\/revisions"}],"predecessor-version":[{"id":13541,"href":"https:\/\/schulebza.de\/gymnasium\/wp-json\/wp\/v2\/pages\/4802\/revisions\/13541"}],"wp:attachment":[{"href":"https:\/\/schulebza.de\/gymnasium\/wp-json\/wp\/v2\/media?parent=4802"}],"wp:term":[{"taxonomy":"category","embeddable":true,"href":"https:\/\/schulebza.de\/gymnasium\/wp-json\/wp\/v2\/categories?post=4802"},{"taxonomy":"post_tag","embeddable":true,"href":"https:\/\/schulebza.de\/gymnasium\/wp-json\/wp\/v2\/tags?post=4802"}],"curies":[{"name":"wp","href":"https:\/\/api.w.org\/{rel}","templated":true}]}}