{"id":4796,"date":"2019-04-26T18:33:23","date_gmt":"2019-04-26T16:33:23","guid":{"rendered":"http:\/\/schulebza.de\/gymnasiumneu\/?page_id=4796"},"modified":"2025-07-03T18:53:59","modified_gmt":"2025-07-03T16:53:59","slug":"europaschule","status":"publish","type":"page","link":"https:\/\/schulebza.de\/gymnasium\/europaschule\/","title":{"rendered":"Europa"},"content":{"rendered":"<p>Wir sind <strong>Europaschule<\/strong>! Europaschulen werden vom Land bevorzugt angesprochen, wenn es Angebote im Bereich des Austauschs und der politischen Bildung f\u00fcr Europa gibt. Sie nehmen an den j\u00e4hrlichen \u201cEuropawochen\u201d teil und erhalten daf\u00fcr gro\u00dfz\u00fcgige Unterst\u00fctzung des Landes. Im letzten Schuljahr haben wir gemeinsam mit der \u201cEuropaschule\u201d am Gymnasium im PAMINA-Schulzentrum Herxheim mehrere Aktivit\u00e4ten im Zusammenhang mit einer Gedenkst\u00e4tte am Germanshof durchgef\u00fchrt: Sch\u00fclerInnen beider Schulen sprachen mit einem Zeitzeugen, der 1950 an dem \u201cSturm auf den Germanshof f\u00fcr ein Vereintes Europa\u201d teilgenommen hatte. Daraufhin waren wir bei der \u00dcbergabe des Zollhauses an einen Verein dabei, der aus diesem Zollhaus ein internationales Begegnungszentrum machen m\u00f6chte. Die Nacht haben wir \u2013 wie unsere Vorl\u00e4ufer 1950 \u2013 im Zelt an der Grenze verbracht.<\/p>\n<p>Die Europaarbeit wird seit einigen Jahren als Arbeitsgemeinschaft &#8222;<strong>Europa AG<\/strong>&#8220; fortgef\u00fchrt, in der die <strong>Erasmus-Aktivit\u00e4ten<\/strong> unserer Schule m\u00fcnden. Engagierte Sch\u00fclerinnen und Sch\u00fcler sowie betreuende Lehrkr\u00e4fte verschiedener Fachschaften betreuen diese AG.<\/p>\n<p style=\"text-align: justify;\"><strong>AG EU-Botschafter <\/strong><\/p>\n<p style=\"text-align: justify;\">Im Schuljahr 2017\/2018:<\/p>\n<ul style=\"text-align: justify;\">\n<li style=\"text-align: justify;\">Teilnahme am &#8222;European Youth Event&#8220; \u00a0(eine Veranstaltung mit ca. 3000 Jugendlichen rund um die Europ\u00e4ischen Institutionen in Stra\u00dfburg)<\/li>\n<li style=\"text-align: justify;\">Aktivit\u00e4ten im Rahmen des<strong> Europatags zur Gedenkst\u00e4tte am Germanshof (Mai 2018)<\/strong><\/li>\n<\/ul>\n<p style=\"text-align: justify;\">Im Schuljahr 2017\/2018 erhielt unsere Schule den dritten Platz beim deutschen <strong>&#8222;eTwinning-Preis<\/strong>&#8220; f\u00fcr das Projekt &#8222;Scheibenhard trifft Scheibenhardt&#8220; und dann noch einmal den &#8222;Europapreis&#8220; des Landes Rheinland-Pfalz f\u00fcr das gleiche Projekt.<\/p>\n<p style=\"text-align: justify;\">In der Begr\u00fcndung f\u00fcr die <strong>eTwinning-Schule<\/strong> hei\u00dft es: &#8222;Die Auszeichnung &#8222;eTwinning-Schule&#8220; w\u00fcrdigt Einrichtungen, die eTwinning umfassend in ihrem Schulkonzept ber\u00fccksichtigen. Diese Schulen ergreifen beispielsweise umfassende Ma\u00dfnahmen zur Internetsicherheit, haben kooperative Lernmethoden verankert, nutzen innovative p\u00e4dagogische Ans\u00e4tze und f\u00f6rdern die kontinuierliche Weiterbildung von Lehrkr\u00e4ften. Mit dem Siegel wird das Engagement der Schule als Ganzes gew\u00fcrdigt. Die eTwinning-Schulen k\u00f6nnen damit eine Vorbildfunktion f\u00fcr andere Schulen einnehmen.&#8220;<\/p>\n<div class=\"su-spoiler su-spoiler-style-default su-spoiler-icon-folder-1 su-spoiler-closed\" data-scroll-offset=\"0\" data-anchor-in-url=\"no\"><div class=\"su-spoiler-title\" tabindex=\"0\" role=\"button\"><span class=\"su-spoiler-icon\"><\/span>\u00c4ltere Informationen<\/div><div class=\"su-spoiler-content su-u-clearfix su-u-trim\">In den Jahren 2015 bis 2017 gab es an unserer Schule unter Leitung von Frau Kliewer und Frau Beinghaus eine aktive Fl\u00fcchtlings-AG, die monatlich Treffen mit Fl\u00fcchtlingen organisierte, bei denen man zusammen kochte, spielte oder auch &#8222;Erste-Hilfe-Griffe&#8220; lernte. Frau Beinghaus, Frau Kliewer und Frau Morgenstern gaben auch ehrenamtlich Deutschunterricht f\u00fcr Fl\u00fcchtlinge an unserer Schule. Im Mai 2016 wurde von dieser AG ein Europatag zum Thema &#8222;Zusammenleben mit \u00a0Fl\u00fcchtlingen&#8220; organisiert:<\/p>\n<p>Asylopoly-Spiel: Planspiel aus der Perspektive eines Asylbewerbers<br \/>\nPodiumsdiskussion mit Ehrenamtlichen: Willkommenskultur? Und was kommt jetzt?<br \/>\nGespr\u00e4ch Sch\u00fcler\/Fl\u00fcchtlinge in kleinen Gruppen: Woher kommst du? Wieso bist du geflohen? Wie ist das Leben in Deutschland? M\u00f6chtest du wieder zur\u00fcckgehen?<br \/>\nImbiss in der Schulk\u00fcche Realschule<br \/>\nLesung mit der deutsch-iranischen Schriftstellerin Shida Bazyar (&#8222;Nachts ist es leise in Teheran&#8220; ) in der Schulbibliothek<br \/>\nSprachkurs<\/p>\n<p>Europatag zur Gedenkst\u00e4tte am Germanshof (Mai 2018)<br \/>\nSch\u00fclerInnen beider Schulen sprachen mit einem Zeitzeugen, der 1950 an dem &#8222;Sturm auf den Germanshof f\u00fcr ein Vereintes Europa&#8220; teilgenommen hatte. Daraufhin waren wir bei der \u00dcbergabe des Zollhauses an einen Verein dabei, der aus diesem Zollhaus ein internationales Begegnungszentrum machen m\u00f6chte. Die Nacht haben wir \u2013 wie unsere Vorl\u00e4ufer 1950 \u2013 im Zelt an der Grenze verbracht. Dem folgten Theaterworkshops mit der Theaterp\u00e4dagogin Dagmar Bade in Herxheim und schlie\u00dflich eine Auff\u00fchrung von Ausz\u00fcgen aus dem St\u00fcck &#8222;Eine Nacht im August&#8220; in unserer Schule, eingeleitet durch ein Gespr\u00e4ch mit der Europa-Abgeordneten Birgit Collin-Langen.<\/div><\/div>\n","protected":false},"excerpt":{"rendered":"<p>Wir sind Europaschule! Europaschulen werden vom Land bevorzugt angesprochen, wenn es Angebote im Bereich des Austauschs und der politischen Bildung f\u00fcr Europa gibt. Sie nehmen an den j\u00e4hrlichen \u201cEuropawochen\u201d teil und erhalten daf\u00fcr gro\u00dfz\u00fcgige Unterst\u00fctzung des Landes. Im letzten Schuljahr haben wir gemeinsam mit der \u201cEuropaschule\u201d am Gymnasium im PAMINA-Schulzentrum Herxheim mehrere Aktivit\u00e4ten im Zusammenhang&#8230;<\/p>\n<p class=\"more-link\"><a href=\"https:\/\/schulebza.de\/gymnasium\/europaschule\/\" class=\"\"><span>Weiterlesen<\/span><i>&#43;<\/i><\/a><\/p>\n","protected":false},"author":1,"featured_media":0,"parent":0,"menu_order":0,"comment_status":"closed","ping_status":"closed","template":"","meta":{"footnotes":""},"categories":[],"tags":[],"class_list":["post-4796","page","type-page","status-publish","hentry"],"_links":{"self":[{"href":"https:\/\/schulebza.de\/gymnasium\/wp-json\/wp\/v2\/pages\/4796","targetHints":{"allow":["GET"]}}],"collection":[{"href":"https:\/\/schulebza.de\/gymnasium\/wp-json\/wp\/v2\/pages"}],"about":[{"href":"https:\/\/schulebza.de\/gymnasium\/wp-json\/wp\/v2\/types\/page"}],"author":[{"embeddable":true,"href":"https:\/\/schulebza.de\/gymnasium\/wp-json\/wp\/v2\/users\/1"}],"replies":[{"embeddable":true,"href":"https:\/\/schulebza.de\/gymnasium\/wp-json\/wp\/v2\/comments?post=4796"}],"version-history":[{"count":6,"href":"https:\/\/schulebza.de\/gymnasium\/wp-json\/wp\/v2\/pages\/4796\/revisions"}],"predecessor-version":[{"id":13707,"href":"https:\/\/schulebza.de\/gymnasium\/wp-json\/wp\/v2\/pages\/4796\/revisions\/13707"}],"wp:attachment":[{"href":"https:\/\/schulebza.de\/gymnasium\/wp-json\/wp\/v2\/media?parent=4796"}],"wp:term":[{"taxonomy":"category","embeddable":true,"href":"https:\/\/schulebza.de\/gymnasium\/wp-json\/wp\/v2\/categories?post=4796"},{"taxonomy":"post_tag","embeddable":true,"href":"https:\/\/schulebza.de\/gymnasium\/wp-json\/wp\/v2\/tags?post=4796"}],"curies":[{"name":"wp","href":"https:\/\/api.w.org\/{rel}","templated":true}]}}