{"id":4787,"date":"2019-04-26T18:16:28","date_gmt":"2019-04-26T16:16:28","guid":{"rendered":"http:\/\/schulebza.de\/gymnasiumneu\/?page_id=4787"},"modified":"2019-10-31T18:34:27","modified_gmt":"2019-10-31T17:34:27","slug":"katholische-u-evangelische-religion","status":"publish","type":"page","link":"https:\/\/schulebza.de\/gymnasium\/katholische-u-evangelische-religion\/","title":{"rendered":"Katholische u. evangelische Religion"},"content":{"rendered":"<p style=\"text-align: justify;\">Die Achtung vor dem Menschen und vor der Sch\u00f6pfung sowie die Sorge um ihre Bewahrung sind Hauptinhalte des Religionsunterrichts an unserer Schule. Dabei tragen wir im unterrichtlichen Rahmen dazu bei \u00fcber ein soziales und christliches Miteinander in unserer Schulgemeinde nachzudenken und dieses zu praktizieren. Christliche \u00d6kumene aus ihrer jeweiligen konfessionellen Pr\u00e4gung heraus zu leben, ist ein weiteres Hauptziel des Religionsunterrichtes an unserer Schule. Die Fachschaften Religion tragen mit ihrem Unterricht au\u00dferdem dazu bei, ein wichtiges kulturelles Erbe, n\u00e4mlich das Wissen um biblische Inhalte und Geschichten, in unserer Gesellschaft wachzuhalten.<\/p>\n<p style=\"text-align: justify;\">Alle Religionslehrerinnen und Religionslehrer sind f\u00fcr die Sch\u00fclerinnen und Sch\u00fcler bei Problemen jederzeit ansprechbar.<\/p>\n<p><strong><div class=\"su-heading su-heading-style-default su-heading-align-center\" id=\"\" style=\"font-size:13px;margin-bottom:20px\"><div class=\"su-heading-inner\">Projekt: Schulgottesdienste <\/div><\/div><\/strong><\/p>\n<p style=\"text-align: justify;\">Die Fachschaften katholische und evangelische Religion planen und feiern mit unterschiedlichen Sch\u00fclergruppen in jedem Jahr drei <strong>\u00f6kumenische <\/strong>Gottesdienste:<\/p>\n<p style=\"text-align: justify;\">Zu Beginn des Schuljahres feiern wir zusammen mit den entsprechenden Fachschaften der Realschule plus einen <strong>Schulanf\u00e4ngergottesdienst<\/strong> f\u00fcr die F\u00fcnftkl\u00e4ssler, die neu in unser Schulzentrum kommen.<\/p>\n<p style=\"text-align: justify;\">Mit zwei Kursen aus der elften Jahrgangsstufe wird in jedem Jahr die <strong>Passionsandacht<\/strong> am letzten Schultag vor den Osterferien f\u00fcr die Sch\u00fcler und Sch\u00fclerinnen des Gymnasiums (Kl. 7-12) vorbereitet und durchgef\u00fchrt.<\/p>\n<p style=\"text-align: justify;\">Von den Abiturienten finden sich in jedem Jahr einige zusammen, um zum Abschluss ihrer Schulzeit mit Mitsch\u00fclern, Eltern, Verwandten und Lehrern bei einem <strong>Abigottesdienst<\/strong> innezuhalten.<\/p>\n<p><strong><div class=\"su-heading su-heading-style-default su-heading-align-center\" id=\"\" style=\"font-size:13px;margin-bottom:20px\"><div class=\"su-heading-inner\">Projekt: Eine-Welt-Woche<\/div><\/div><\/strong><\/p>\n<p style=\"text-align: justify;\">In jedem Jahr widmen sich alle Sch\u00fclerinnen und Sch\u00fcler der 8. Klassen einem Thema, das die Probleme der \u00c4rmsten dieser Welt in den Blick r\u00fcckt. Dazu wird oftmals ein externer Referent eingeladen, der ein Projekt in einem Entwicklungsland vorstellt. In den Klassen wird dann in den jeweiligen Religionsgruppen inhaltlich zum Thema weitergearbeitet und in der Regel eine Pr\u00e4sentation erstellt. Diese wird dann w\u00e4hrend der Spendensammelaktionen (Kuchenverkauf f\u00fcr die Sch\u00fcler und bei der Stunde Null) \u00f6ffentlich gemacht, sodass die gesamte Schulgemeinschaft \u00fcber die Thematik informiert wird und wei\u00df, wohin ihre Spenden geschickt werden.<\/p>\n<p><strong><div class=\"su-heading su-heading-style-default su-heading-align-center\" id=\"\" style=\"font-size:13px;margin-bottom:20px\"><div class=\"su-heading-inner\">Schulseelsorge<\/div><\/div><\/strong><\/p>\n<p style=\"text-align: justify;\">Als Christ*innen haben wir jederzeit ein offenes Ohr f\u00fcr Probleme oder Sorgen von Sch\u00fcler*innen, Kolleg*innen und Eltern, die den Schulalltag vielleicht nicht ganz so unmittelbar betreffen. Prinzipiell stellen sich alle Religionslehrer*innen als Ansprechpartner zur Verf\u00fcgung. Besonders qualifiziert sind Frau Hust-Korspeter als \u00a0ausgebildete Schulseelsorgerin und Pfarrer Mei\u00dfner als allgemeiner Seelsorger. Wir verstehen uns als Erg\u00e4nzung zu den Vertrauenslehrer*innen und unser Ziel ist es, den Menschen unserer Schule eine weitere Anlaufstelle in Problemlagen anzubieten.<\/p>\n<p><strong><div class=\"su-heading su-heading-style-default su-heading-align-center\" id=\"\" style=\"font-size:13px;margin-bottom:20px\"><div class=\"su-heading-inner\">Unterrichtsgang \u201eJ\u00fcdisches Leben in Ingenheim bis 1938\u201c<\/div><\/div><\/strong><\/p>\n<p style=\"text-align: justify;\">Die 7. Klassen machen im zweiten Halbjahr eine Exkursion ins nahe gelegene Ingenheim. Da das Judentum im Religionsunterricht beider Konfessionen im Unterricht thematisiert wird, bietet sich ein Unterrichtsgang nach Ingenheim an, wo der gut erhaltene J\u00fcdische Friedhof zu besichtigen ist und man noch viele Geb\u00e4ude im Ort ausmachen kann, die vor der Reichspogromnacht das Heim und die Arbeitsst\u00e4tte j\u00fcdischer Mitb\u00fcrger waren.<\/p>\n<p style=\"text-align: justify;\">Auch die Ethiksch\u00fcler*innen nehmen an diesem Projekt unserer Schule teil. Die Fachschaften Religion und Ethik sehen das als ihren Beitrag zu den Bem\u00fchungen unserer Schule an, den Titel \u201eSchule ohne Rassismus \u2013 Schule mit Courage\u201c zu tragen.<\/p>\n<p><img decoding=\"async\" class=\"alignnone wp-image-6740 size-large\" src=\"http:\/\/schulebza.de\/gymnasium\/wp-content\/uploads\/2019\/10\/ingenheim-1024x768.jpg\" alt=\"\" width=\"1024\" height=\"768\" srcset=\"https:\/\/schulebza.de\/gymnasium\/wp-content\/uploads\/2019\/10\/ingenheim-1024x768.jpg 1024w, https:\/\/schulebza.de\/gymnasium\/wp-content\/uploads\/2019\/10\/ingenheim-300x225.jpg 300w, https:\/\/schulebza.de\/gymnasium\/wp-content\/uploads\/2019\/10\/ingenheim-768x576.jpg 768w, https:\/\/schulebza.de\/gymnasium\/wp-content\/uploads\/2019\/10\/ingenheim-380x285.jpg 380w, https:\/\/schulebza.de\/gymnasium\/wp-content\/uploads\/2019\/10\/ingenheim-285x214.jpg 285w\" sizes=\"(max-width: 1024px) 100vw, 1024px\" \/><\/p>\n","protected":false},"excerpt":{"rendered":"<p>Die Achtung vor dem Menschen und vor der Sch\u00f6pfung sowie die Sorge um ihre Bewahrung sind Hauptinhalte des Religionsunterrichts an unserer Schule. Dabei tragen wir im unterrichtlichen Rahmen dazu bei \u00fcber ein soziales und christliches Miteinander in unserer Schulgemeinde nachzudenken und dieses zu praktizieren. Christliche \u00d6kumene aus ihrer jeweiligen konfessionellen Pr\u00e4gung heraus zu leben, ist&#8230;<\/p>\n<p class=\"more-link\"><a href=\"https:\/\/schulebza.de\/gymnasium\/katholische-u-evangelische-religion\/\" class=\"\"><span>Weiterlesen<\/span><i>&#43;<\/i><\/a><\/p>\n","protected":false},"author":1,"featured_media":0,"parent":0,"menu_order":0,"comment_status":"closed","ping_status":"closed","template":"","meta":{"footnotes":""},"categories":[],"tags":[],"class_list":["post-4787","page","type-page","status-publish","hentry"],"_links":{"self":[{"href":"https:\/\/schulebza.de\/gymnasium\/wp-json\/wp\/v2\/pages\/4787","targetHints":{"allow":["GET"]}}],"collection":[{"href":"https:\/\/schulebza.de\/gymnasium\/wp-json\/wp\/v2\/pages"}],"about":[{"href":"https:\/\/schulebza.de\/gymnasium\/wp-json\/wp\/v2\/types\/page"}],"author":[{"embeddable":true,"href":"https:\/\/schulebza.de\/gymnasium\/wp-json\/wp\/v2\/users\/1"}],"replies":[{"embeddable":true,"href":"https:\/\/schulebza.de\/gymnasium\/wp-json\/wp\/v2\/comments?post=4787"}],"version-history":[{"count":3,"href":"https:\/\/schulebza.de\/gymnasium\/wp-json\/wp\/v2\/pages\/4787\/revisions"}],"predecessor-version":[{"id":6741,"href":"https:\/\/schulebza.de\/gymnasium\/wp-json\/wp\/v2\/pages\/4787\/revisions\/6741"}],"wp:attachment":[{"href":"https:\/\/schulebza.de\/gymnasium\/wp-json\/wp\/v2\/media?parent=4787"}],"wp:term":[{"taxonomy":"category","embeddable":true,"href":"https:\/\/schulebza.de\/gymnasium\/wp-json\/wp\/v2\/categories?post=4787"},{"taxonomy":"post_tag","embeddable":true,"href":"https:\/\/schulebza.de\/gymnasium\/wp-json\/wp\/v2\/tags?post=4787"}],"curies":[{"name":"wp","href":"https:\/\/api.w.org\/{rel}","templated":true}]}}